{"id":30447,"date":"2022-04-01T02:09:13","date_gmt":"2022-03-31T23:09:13","guid":{"rendered":"https:\/\/creativityshop.eu\/?post_type=product&#038;p=30447"},"modified":"2024-06-16T10:35:13","modified_gmt":"2024-06-16T07:35:13","slug":"beading-thread-toho-one-g-250-yard-spool-black-pt-250-2","status":"publish","type":"product","link":"https:\/\/creativityshop.eu\/pl\/product\/beading-thread-toho-one-g-250-yard-spool-black-pt-250-2\/","title":{"rendered":"Beading Thread TOHO One-G, 250 Yard Spool, Black, PT-250-2"},"content":{"rendered":"<p>100% Nylon beading thread with a coating that helps prevent fraying and making threading easier. This thread is stronger than\u00a0other threads\u00a0but not stiff, so work is still soft and\u00a0pliable. Because it is coated it does not require waxing. Developed by TOHO for bead professionals.<\/p>\n<p>Product images are for illustrative purposes only and may differ from the actual product. Due to differences in monitors and lightening, colours of products may also appear different to those shown on the site.<\/p>\n","protected":false},"excerpt":{"rendered":"<p><strong>Beading thread Toho One-G PT-250-2<\/strong><\/p>\n<p>Material: 100% Nylon<br \/>\nHank length: 250 yards (app. 228 m)<br \/>\nColor: Black<br \/>\nMade in Japan<\/p>\n","protected":false},"featured_media":30237,"template":"","meta":{"_acf_changed":false,"_exactmetrics_skip_tracking":false,"_exactmetrics_sitenote_active":false,"_exactmetrics_sitenote_note":"","_exactmetrics_sitenote_category":0},"product_brand":[],"product_cat":[378],"product_tag":[],"class_list":{"0":"post-30447","1":"product","2":"type-product","3":"status-publish","4":"has-post-thumbnail","6":"product_cat-beading-thread","8":"first","9":"instock","10":"taxable","11":"shipping-taxable","12":"purchasable","13":"product-type-simple","14":"add-to-wishlist-after_add_to_cart"},"acf":[],"yoast_head":"<!-- This site is optimized with the Yoast SEO Premium plugin v27.0 (Yoast SEO v27.0) - https:\/\/yoast.com\/product\/yoast-seo-premium-wordpress\/ -->\n<title>Beading Thread TOHO One-G, 250 Yard Spool, Black, PT-250-2 - CreativityShopEU<\/title>\n<meta name=\"robots\" content=\"noindex, follow\" \/>\n<meta property=\"og:locale\" content=\"pl_PL\" \/>\n<meta property=\"og:type\" content=\"article\" \/>\n<meta property=\"og:title\" content=\"Beading Thread TOHO One-G, 250 Yard Spool, Black, PT-250-2\" \/>\n<meta property=\"og:description\" content=\"Beading thread Toho One-G PT-250-2  Material: 100% Nylon Hank length: 250 yards (app. 228 m) Color: Black Made in Japan\" \/>\n<meta property=\"og:url\" content=\"https:\/\/creativityshop.eu\/pl\/product\/beading-thread-toho-one-g-250-yard-spool-black-pt-250-2\/\" \/>\n<meta property=\"og:site_name\" content=\"CreativityShopEU\" \/>\n<meta property=\"article:modified_time\" content=\"2024-06-16T07:35:13+00:00\" \/>\n<meta property=\"og:image\" content=\"https:\/\/creativityshop.eu\/wp-content\/uploads\/2022\/03\/pt-250-2-toho-one-g-thread-250-yard-spool-black.jpg\" \/>\n\t<meta property=\"og:image:width\" content=\"768\" \/>\n\t<meta property=\"og:image:height\" content=\"768\" \/>\n\t<meta property=\"og:image:type\" content=\"image\/jpeg\" \/>\n<meta name=\"twitter:card\" content=\"summary_large_image\" \/>\n<meta name=\"twitter:label1\" content=\"Cena\" \/>\n\t<meta name=\"twitter:data1\" content=\"&euro;11.57\" \/>\n\t<meta name=\"twitter:label2\" content=\"Dost\u0119pno\u015b\u0107\" \/>\n\t<meta name=\"twitter:data2\" content=\"Dost\u0119pny\" \/>\n<script type=\"application\/ld+json\" class=\"yoast-schema-graph\">{\"@context\":\"https:\/\/schema.org\",\"@graph\":[{\"@type\":\"WebPage\",\"@id\":\"https:\/\/creativityshop.eu\/pl\/product\/beading-thread-toho-one-g-250-yard-spool-black-pt-250-2\/\",\"url\":\"https:\/\/creativityshop.eu\/pl\/product\/beading-thread-toho-one-g-250-yard-spool-black-pt-250-2\/\",\"name\":\"Beading Thread TOHO One-G, 250 Yard Spool, Black, PT-250-2 - CreativityShopEU\",\"isPartOf\":{\"@id\":\"https:\/\/creativityshop.eu\/pl\/#website\"},\"primaryImageOfPage\":{\"@id\":\"https:\/\/creativityshop.eu\/pl\/product\/beading-thread-toho-one-g-250-yard-spool-black-pt-250-2\/#primaryimage\"},\"image\":{\"@id\":\"https:\/\/creativityshop.eu\/pl\/product\/beading-thread-toho-one-g-250-yard-spool-black-pt-250-2\/#primaryimage\"},\"thumbnailUrl\":\"https:\/\/creativityshop.eu\/wp-content\/uploads\/2022\/03\/pt-250-2-toho-one-g-thread-250-yard-spool-black.jpg\",\"datePublished\":\"2022-03-31T23:09:13+00:00\",\"dateModified\":\"2024-06-16T07:35:13+00:00\",\"breadcrumb\":{\"@id\":\"https:\/\/creativityshop.eu\/pl\/product\/beading-thread-toho-one-g-250-yard-spool-black-pt-250-2\/#breadcrumb\"},\"inLanguage\":\"pl-PL\",\"potentialAction\":[{\"@type\":\"ReadAction\",\"target\":[\"https:\/\/creativityshop.eu\/pl\/product\/beading-thread-toho-one-g-250-yard-spool-black-pt-250-2\/\"]}]},{\"@type\":\"ImageObject\",\"inLanguage\":\"pl-PL\",\"@id\":\"https:\/\/creativityshop.eu\/pl\/product\/beading-thread-toho-one-g-250-yard-spool-black-pt-250-2\/#primaryimage\",\"url\":\"https:\/\/creativityshop.eu\/wp-content\/uploads\/2022\/03\/pt-250-2-toho-one-g-thread-250-yard-spool-black.jpg\",\"contentUrl\":\"https:\/\/creativityshop.eu\/wp-content\/uploads\/2022\/03\/pt-250-2-toho-one-g-thread-250-yard-spool-black.jpg\",\"width\":768,\"height\":768,\"caption\":\"PT-250-2 TOHO One-G Thread 250 Yard Spool Black\"},{\"@type\":\"BreadcrumbList\",\"@id\":\"https:\/\/creativityshop.eu\/pl\/product\/beading-thread-toho-one-g-250-yard-spool-black-pt-250-2\/#breadcrumb\",\"itemListElement\":[{\"@type\":\"ListItem\",\"position\":1,\"name\":\"Home\",\"item\":\"https:\/\/creativityshop.eu\/pl\/\"},{\"@type\":\"ListItem\",\"position\":2,\"name\":\"Shop\",\"item\":\"https:\/\/creativityshop.eu\/shop\/\"},{\"@type\":\"ListItem\",\"position\":3,\"name\":\"Beading Thread TOHO One-G, 250 Yard Spool, Black, PT-250-2\"}]},{\"@type\":\"WebSite\",\"@id\":\"https:\/\/creativityshop.eu\/pl\/#website\",\"url\":\"https:\/\/creativityshop.eu\/pl\/\",\"name\":\"CreativityShopEU\",\"description\":\"Embroidery and jewelry components\",\"publisher\":{\"@id\":\"https:\/\/creativityshop.eu\/pl\/#organization\"},\"potentialAction\":[{\"@type\":\"SearchAction\",\"target\":{\"@type\":\"EntryPoint\",\"urlTemplate\":\"https:\/\/creativityshop.eu\/pl\/?s={search_term_string}\"},\"query-input\":{\"@type\":\"PropertyValueSpecification\",\"valueRequired\":true,\"valueName\":\"search_term_string\"}}],\"inLanguage\":\"pl-PL\"},{\"@type\":\"Organization\",\"@id\":\"https:\/\/creativityshop.eu\/pl\/#organization\",\"name\":\"Creativity Shop OU\",\"url\":\"https:\/\/creativityshop.eu\/pl\/\",\"logo\":{\"@type\":\"ImageObject\",\"inLanguage\":\"pl-PL\",\"@id\":\"https:\/\/creativityshop.eu\/pl\/#\/schema\/logo\/image\/\",\"url\":\"https:\/\/creativityshop.eu\/wp-content\/uploads\/2018\/11\/creativity_shop_logosite2.png\",\"contentUrl\":\"https:\/\/creativityshop.eu\/wp-content\/uploads\/2018\/11\/creativity_shop_logosite2.png\",\"width\":2871,\"height\":1100,\"caption\":\"Creativity Shop OU\"},\"image\":{\"@id\":\"https:\/\/creativityshop.eu\/pl\/#\/schema\/logo\/image\/\"}}]}<\/script>\n<meta property=\"product:price:amount\" content=\"11.57\" \/>\n<meta property=\"product:price:currency\" content=\"EUR\" \/>\n<meta property=\"og:availability\" content=\"instock\" \/>\n<meta property=\"product:availability\" content=\"instock\" \/>\n<meta property=\"product:retailer_item_id\" content=\"PT-250-2\" \/>\n<meta property=\"product:condition\" content=\"new\" \/>\n<!-- \/ Yoast SEO Premium plugin. -->","yoast_head_json":{"title":"Beading Thread TOHO One-G, 250 Yard Spool, Black, PT-250-2 - CreativityShopEU","robots":{"index":"noindex","follow":"follow"},"og_locale":"pl_PL","og_type":"article","og_title":"Beading Thread TOHO One-G, 250 Yard Spool, Black, PT-250-2","og_description":"Beading thread Toho One-G PT-250-2  Material: 100% Nylon Hank length: 250 yards (app. 228 m) Color: Black Made in Japan","og_url":"https:\/\/creativityshop.eu\/pl\/product\/beading-thread-toho-one-g-250-yard-spool-black-pt-250-2\/","og_site_name":"CreativityShopEU","article_modified_time":"2024-06-16T07:35:13+00:00","og_image":[{"width":768,"height":768,"url":"https:\/\/creativityshop.eu\/wp-content\/uploads\/2022\/03\/pt-250-2-toho-one-g-thread-250-yard-spool-black.jpg","type":"image\/jpeg"}],"twitter_card":"summary_large_image","twitter_misc":{"Cena":"&euro;11.57","Dost\u0119pno\u015b\u0107":"Dost\u0119pny"},"schema":{"@context":"https:\/\/schema.org","@graph":[{"@type":"WebPage","@id":"https:\/\/creativityshop.eu\/pl\/product\/beading-thread-toho-one-g-250-yard-spool-black-pt-250-2\/","url":"https:\/\/creativityshop.eu\/pl\/product\/beading-thread-toho-one-g-250-yard-spool-black-pt-250-2\/","name":"Beading Thread TOHO One-G, 250 Yard Spool, Black, PT-250-2 - CreativityShopEU","isPartOf":{"@id":"https:\/\/creativityshop.eu\/pl\/#website"},"primaryImageOfPage":{"@id":"https:\/\/creativityshop.eu\/pl\/product\/beading-thread-toho-one-g-250-yard-spool-black-pt-250-2\/#primaryimage"},"image":{"@id":"https:\/\/creativityshop.eu\/pl\/product\/beading-thread-toho-one-g-250-yard-spool-black-pt-250-2\/#primaryimage"},"thumbnailUrl":"https:\/\/creativityshop.eu\/wp-content\/uploads\/2022\/03\/pt-250-2-toho-one-g-thread-250-yard-spool-black.jpg","datePublished":"2022-03-31T23:09:13+00:00","dateModified":"2024-06-16T07:35:13+00:00","breadcrumb":{"@id":"https:\/\/creativityshop.eu\/pl\/product\/beading-thread-toho-one-g-250-yard-spool-black-pt-250-2\/#breadcrumb"},"inLanguage":"pl-PL","potentialAction":[{"@type":"ReadAction","target":["https:\/\/creativityshop.eu\/pl\/product\/beading-thread-toho-one-g-250-yard-spool-black-pt-250-2\/"]}]},{"@type":"ImageObject","inLanguage":"pl-PL","@id":"https:\/\/creativityshop.eu\/pl\/product\/beading-thread-toho-one-g-250-yard-spool-black-pt-250-2\/#primaryimage","url":"https:\/\/creativityshop.eu\/wp-content\/uploads\/2022\/03\/pt-250-2-toho-one-g-thread-250-yard-spool-black.jpg","contentUrl":"https:\/\/creativityshop.eu\/wp-content\/uploads\/2022\/03\/pt-250-2-toho-one-g-thread-250-yard-spool-black.jpg","width":768,"height":768,"caption":"PT-250-2 TOHO One-G Thread 250 Yard Spool Black"},{"@type":"BreadcrumbList","@id":"https:\/\/creativityshop.eu\/pl\/product\/beading-thread-toho-one-g-250-yard-spool-black-pt-250-2\/#breadcrumb","itemListElement":[{"@type":"ListItem","position":1,"name":"Home","item":"https:\/\/creativityshop.eu\/pl\/"},{"@type":"ListItem","position":2,"name":"Shop","item":"https:\/\/creativityshop.eu\/shop\/"},{"@type":"ListItem","position":3,"name":"Beading Thread TOHO One-G, 250 Yard Spool, Black, PT-250-2"}]},{"@type":"WebSite","@id":"https:\/\/creativityshop.eu\/pl\/#website","url":"https:\/\/creativityshop.eu\/pl\/","name":"CreativityShopEU","description":"Embroidery and jewelry components","publisher":{"@id":"https:\/\/creativityshop.eu\/pl\/#organization"},"potentialAction":[{"@type":"SearchAction","target":{"@type":"EntryPoint","urlTemplate":"https:\/\/creativityshop.eu\/pl\/?s={search_term_string}"},"query-input":{"@type":"PropertyValueSpecification","valueRequired":true,"valueName":"search_term_string"}}],"inLanguage":"pl-PL"},{"@type":"Organization","@id":"https:\/\/creativityshop.eu\/pl\/#organization","name":"Creativity Shop OU","url":"https:\/\/creativityshop.eu\/pl\/","logo":{"@type":"ImageObject","inLanguage":"pl-PL","@id":"https:\/\/creativityshop.eu\/pl\/#\/schema\/logo\/image\/","url":"https:\/\/creativityshop.eu\/wp-content\/uploads\/2018\/11\/creativity_shop_logosite2.png","contentUrl":"https:\/\/creativityshop.eu\/wp-content\/uploads\/2018\/11\/creativity_shop_logosite2.png","width":2871,"height":1100,"caption":"Creativity Shop OU"},"image":{"@id":"https:\/\/creativityshop.eu\/pl\/#\/schema\/logo\/image\/"}}]},"product_price_amount":"11.57","product_price_currency":"EUR","og_availability":"instock","product_availability":"instock","product_retailer_item_id":"PT-250-2","product_condition":"new"},"_links":{"self":[{"href":"https:\/\/creativityshop.eu\/pl\/wp-json\/wp\/v2\/product\/30447","targetHints":{"allow":["GET"]}}],"collection":[{"href":"https:\/\/creativityshop.eu\/pl\/wp-json\/wp\/v2\/product"}],"about":[{"href":"https:\/\/creativityshop.eu\/pl\/wp-json\/wp\/v2\/types\/product"}],"wp:featuredmedia":[{"embeddable":true,"href":"https:\/\/creativityshop.eu\/pl\/wp-json\/wp\/v2\/media\/30237"}],"wp:attachment":[{"href":"https:\/\/creativityshop.eu\/pl\/wp-json\/wp\/v2\/media?parent=30447"}],"wp:term":[{"taxonomy":"product_brand","embeddable":true,"href":"https:\/\/creativityshop.eu\/pl\/wp-json\/wp\/v2\/product_brand?post=30447"},{"taxonomy":"product_cat","embeddable":true,"href":"https:\/\/creativityshop.eu\/pl\/wp-json\/wp\/v2\/product_cat?post=30447"},{"taxonomy":"product_tag","embeddable":true,"href":"https:\/\/creativityshop.eu\/pl\/wp-json\/wp\/v2\/product_tag?post=30447"}],"curies":[{"name":"wp","href":"https:\/\/api.w.org\/{rel}","templated":true}]}}