{"id":30393,"date":"2022-03-28T00:50:46","date_gmt":"2022-03-27T21:50:46","guid":{"rendered":"https:\/\/creativityshop.eu\/?post_type=product&#038;p=30393"},"modified":"2024-02-13T21:40:45","modified_gmt":"2024-02-13T18:40:45","slug":"dmc-magic-paper-water-soluble-canva-pre-printed-needlework-designs-cactus","status":"publish","type":"product","link":"https:\/\/creativityshop.eu\/pl\/product\/dmc-magic-paper-water-soluble-canva-pre-printed-needlework-designs-cactus\/","title":{"rendered":"DMC Magic Paper (Water Soluble Canva) Pre-Printed Needlework Designs &#8211; Cactus"},"content":{"rendered":"<h4>DMC Water Soluble Canvas, Magic Paper<\/h4>\n<p>Fabric type: Water Soluble Paper<br \/>\nFabric color: Transparent<br \/>\nPrint: Cactus<br \/>\nFabric material: 100% polyvinylalcohol<br \/>\nFabric size: 14.8cm x 21cm (A5)<br \/>\nManufacturer: DMC<\/p>\n<p>Our DMC Magic sheets have been designed to allow you to cross-stitch\/embroider on any surface easily.<\/p>\n<p>All you have to do is fix the paper to the area you want to embroider\/cross-stitch, whether a T-shirt, pajamas, or a tablecloth! Use the holes as a guide to keeping your stitches neat and regular, before washing in water (40-50\u00b0C) once finished dissolve the guide.<\/p>\n","protected":false},"excerpt":{"rendered":"<h4>DMC Pre-printed Water Soluble Canvas, Magic Paper<\/h4>\n<p>Fabric type: Water Soluble Paper<br \/>\nFabric color: Transparent<br \/>\nPrint: Cactus<br \/>\nFabric material: 100% polyvinylalcohol<br \/>\nFabric size: 14.8cm x 21cm (A5).<br \/>\nManufacturer: DMC<\/p>\n<p>Our DMC Magic sheets have been designed to allow you to cross-stitch\/embroider on any surface easily.<\/p>\n","protected":false},"featured_media":40869,"template":"","meta":{"_acf_changed":false,"_exactmetrics_skip_tracking":false,"_exactmetrics_sitenote_active":false,"_exactmetrics_sitenote_note":"","_exactmetrics_sitenote_category":0},"product_brand":[],"product_cat":[1016,351],"product_tag":[],"class_list":{"0":"post-30393","1":"product","2":"type-product","3":"status-publish","4":"has-post-thumbnail","6":"product_cat-canvas","7":"product_cat-embroidery-backing","9":"first","10":"instock","11":"taxable","12":"shipping-taxable","13":"purchasable","14":"product-type-simple","15":"add-to-wishlist-after_add_to_cart"},"acf":[],"yoast_head":"<!-- This site is optimized with the Yoast SEO Premium plugin v27.0 (Yoast SEO v27.0) - https:\/\/yoast.com\/product\/yoast-seo-premium-wordpress\/ -->\n<title>DMC Magic Paper (Water Soluble Canva) Pre-Printed Needlework Designs - Cactus - CreativityShopEU<\/title>\n<meta name=\"robots\" content=\"noindex, follow\" \/>\n<meta property=\"og:locale\" content=\"pl_PL\" \/>\n<meta property=\"og:type\" content=\"article\" \/>\n<meta property=\"og:title\" content=\"DMC Magic Paper (Water Soluble Canva) Pre-Printed Needlework Designs - Cactus\" \/>\n<meta property=\"og:description\" content=\"DMC Pre-printed Water Soluble Canvas, Magic Paper Fabric type: Water Soluble Paper Fabric color: Transparent Print: Cactus Fabric material: 100% polyvinylalcohol Fabric size: 14.8cm x 21cm (A5). Manufacturer: DMC  Our DMC Magic sheets have been designed to allow you to cross-stitch\/embroider on any surface easily.\" \/>\n<meta property=\"og:url\" content=\"https:\/\/creativityshop.eu\/pl\/product\/dmc-magic-paper-water-soluble-canva-pre-printed-needlework-designs-cactus\/\" \/>\n<meta property=\"og:site_name\" content=\"CreativityShopEU\" \/>\n<meta property=\"article:modified_time\" content=\"2024-02-13T18:40:45+00:00\" \/>\n<meta property=\"og:image\" content=\"https:\/\/creativityshop.eu\/wp-content\/uploads\/2022\/03\/dizajn-bez-nazvanija-46.jpg\" \/>\n\t<meta property=\"og:image:width\" content=\"768\" \/>\n\t<meta property=\"og:image:height\" content=\"768\" \/>\n\t<meta property=\"og:image:type\" content=\"image\/jpeg\" \/>\n<meta name=\"twitter:card\" content=\"summary_large_image\" \/>\n<meta name=\"twitter:label1\" content=\"Cena\" \/>\n\t<meta name=\"twitter:data1\" content=\"&euro;3.20\" \/>\n\t<meta name=\"twitter:label2\" content=\"Dost\u0119pno\u015b\u0107\" \/>\n\t<meta name=\"twitter:data2\" content=\"Dost\u0119pny\" \/>\n<script type=\"application\/ld+json\" class=\"yoast-schema-graph\">{\"@context\":\"https:\/\/schema.org\",\"@graph\":[{\"@type\":\"WebPage\",\"@id\":\"https:\/\/creativityshop.eu\/pl\/product\/dmc-magic-paper-water-soluble-canva-pre-printed-needlework-designs-cactus\/\",\"url\":\"https:\/\/creativityshop.eu\/pl\/product\/dmc-magic-paper-water-soluble-canva-pre-printed-needlework-designs-cactus\/\",\"name\":\"DMC Magic Paper (Water Soluble Canva) Pre-Printed Needlework Designs - Cactus - CreativityShopEU\",\"isPartOf\":{\"@id\":\"https:\/\/creativityshop.eu\/pl\/#website\"},\"primaryImageOfPage\":{\"@id\":\"https:\/\/creativityshop.eu\/pl\/product\/dmc-magic-paper-water-soluble-canva-pre-printed-needlework-designs-cactus\/#primaryimage\"},\"image\":{\"@id\":\"https:\/\/creativityshop.eu\/pl\/product\/dmc-magic-paper-water-soluble-canva-pre-printed-needlework-designs-cactus\/#primaryimage\"},\"thumbnailUrl\":\"https:\/\/creativityshop.eu\/wp-content\/uploads\/2022\/03\/dizajn-bez-nazvanija-46.jpg\",\"datePublished\":\"2022-03-27T21:50:46+00:00\",\"dateModified\":\"2024-02-13T18:40:45+00:00\",\"breadcrumb\":{\"@id\":\"https:\/\/creativityshop.eu\/pl\/product\/dmc-magic-paper-water-soluble-canva-pre-printed-needlework-designs-cactus\/#breadcrumb\"},\"inLanguage\":\"pl-PL\",\"potentialAction\":[{\"@type\":\"ReadAction\",\"target\":[\"https:\/\/creativityshop.eu\/pl\/product\/dmc-magic-paper-water-soluble-canva-pre-printed-needlework-designs-cactus\/\"]}]},{\"@type\":\"ImageObject\",\"inLanguage\":\"pl-PL\",\"@id\":\"https:\/\/creativityshop.eu\/pl\/product\/dmc-magic-paper-water-soluble-canva-pre-printed-needlework-designs-cactus\/#primaryimage\",\"url\":\"https:\/\/creativityshop.eu\/wp-content\/uploads\/2022\/03\/dizajn-bez-nazvanija-46.jpg\",\"contentUrl\":\"https:\/\/creativityshop.eu\/wp-content\/uploads\/2022\/03\/dizajn-bez-nazvanija-46.jpg\",\"width\":768,\"height\":768,\"caption\":\"DMC Magic Paper (Water Soluble Canva) Pre-Printed Needlework Designs - Cactus\"},{\"@type\":\"BreadcrumbList\",\"@id\":\"https:\/\/creativityshop.eu\/pl\/product\/dmc-magic-paper-water-soluble-canva-pre-printed-needlework-designs-cactus\/#breadcrumb\",\"itemListElement\":[{\"@type\":\"ListItem\",\"position\":1,\"name\":\"Home\",\"item\":\"https:\/\/creativityshop.eu\/pl\/\"},{\"@type\":\"ListItem\",\"position\":2,\"name\":\"Shop\",\"item\":\"https:\/\/creativityshop.eu\/shop\/\"},{\"@type\":\"ListItem\",\"position\":3,\"name\":\"DMC Magic Paper (Water Soluble Canva) Pre-Printed Needlework Designs &#8211; Cactus\"}]},{\"@type\":\"WebSite\",\"@id\":\"https:\/\/creativityshop.eu\/pl\/#website\",\"url\":\"https:\/\/creativityshop.eu\/pl\/\",\"name\":\"CreativityShopEU\",\"description\":\"Embroidery and jewelry components\",\"publisher\":{\"@id\":\"https:\/\/creativityshop.eu\/pl\/#organization\"},\"potentialAction\":[{\"@type\":\"SearchAction\",\"target\":{\"@type\":\"EntryPoint\",\"urlTemplate\":\"https:\/\/creativityshop.eu\/pl\/?s={search_term_string}\"},\"query-input\":{\"@type\":\"PropertyValueSpecification\",\"valueRequired\":true,\"valueName\":\"search_term_string\"}}],\"inLanguage\":\"pl-PL\"},{\"@type\":\"Organization\",\"@id\":\"https:\/\/creativityshop.eu\/pl\/#organization\",\"name\":\"Creativity Shop OU\",\"url\":\"https:\/\/creativityshop.eu\/pl\/\",\"logo\":{\"@type\":\"ImageObject\",\"inLanguage\":\"pl-PL\",\"@id\":\"https:\/\/creativityshop.eu\/pl\/#\/schema\/logo\/image\/\",\"url\":\"https:\/\/creativityshop.eu\/wp-content\/uploads\/2018\/11\/creativity_shop_logosite2.png\",\"contentUrl\":\"https:\/\/creativityshop.eu\/wp-content\/uploads\/2018\/11\/creativity_shop_logosite2.png\",\"width\":2871,\"height\":1100,\"caption\":\"Creativity Shop OU\"},\"image\":{\"@id\":\"https:\/\/creativityshop.eu\/pl\/#\/schema\/logo\/image\/\"}}]}<\/script>\n<meta property=\"product:price:amount\" content=\"3.20\" \/>\n<meta property=\"product:price:currency\" content=\"EUR\" \/>\n<meta property=\"og:availability\" content=\"instock\" \/>\n<meta property=\"product:availability\" content=\"instock\" \/>\n<meta property=\"product:retailer_item_id\" content=\"FC100\" \/>\n<meta property=\"product:condition\" content=\"new\" \/>\n<!-- \/ Yoast SEO Premium plugin. -->","yoast_head_json":{"title":"DMC Magic Paper (Water Soluble Canva) Pre-Printed Needlework Designs - Cactus - CreativityShopEU","robots":{"index":"noindex","follow":"follow"},"og_locale":"pl_PL","og_type":"article","og_title":"DMC Magic Paper (Water Soluble Canva) Pre-Printed Needlework Designs - Cactus","og_description":"DMC Pre-printed Water Soluble Canvas, Magic Paper Fabric type: Water Soluble Paper Fabric color: Transparent Print: Cactus Fabric material: 100% polyvinylalcohol Fabric size: 14.8cm x 21cm (A5). Manufacturer: DMC  Our DMC Magic sheets have been designed to allow you to cross-stitch\/embroider on any surface easily.","og_url":"https:\/\/creativityshop.eu\/pl\/product\/dmc-magic-paper-water-soluble-canva-pre-printed-needlework-designs-cactus\/","og_site_name":"CreativityShopEU","article_modified_time":"2024-02-13T18:40:45+00:00","og_image":[{"width":768,"height":768,"url":"https:\/\/creativityshop.eu\/wp-content\/uploads\/2022\/03\/dizajn-bez-nazvanija-46.jpg","type":"image\/jpeg"}],"twitter_card":"summary_large_image","twitter_misc":{"Cena":"&euro;3.20","Dost\u0119pno\u015b\u0107":"Dost\u0119pny"},"schema":{"@context":"https:\/\/schema.org","@graph":[{"@type":"WebPage","@id":"https:\/\/creativityshop.eu\/pl\/product\/dmc-magic-paper-water-soluble-canva-pre-printed-needlework-designs-cactus\/","url":"https:\/\/creativityshop.eu\/pl\/product\/dmc-magic-paper-water-soluble-canva-pre-printed-needlework-designs-cactus\/","name":"DMC Magic Paper (Water Soluble Canva) Pre-Printed Needlework Designs - Cactus - CreativityShopEU","isPartOf":{"@id":"https:\/\/creativityshop.eu\/pl\/#website"},"primaryImageOfPage":{"@id":"https:\/\/creativityshop.eu\/pl\/product\/dmc-magic-paper-water-soluble-canva-pre-printed-needlework-designs-cactus\/#primaryimage"},"image":{"@id":"https:\/\/creativityshop.eu\/pl\/product\/dmc-magic-paper-water-soluble-canva-pre-printed-needlework-designs-cactus\/#primaryimage"},"thumbnailUrl":"https:\/\/creativityshop.eu\/wp-content\/uploads\/2022\/03\/dizajn-bez-nazvanija-46.jpg","datePublished":"2022-03-27T21:50:46+00:00","dateModified":"2024-02-13T18:40:45+00:00","breadcrumb":{"@id":"https:\/\/creativityshop.eu\/pl\/product\/dmc-magic-paper-water-soluble-canva-pre-printed-needlework-designs-cactus\/#breadcrumb"},"inLanguage":"pl-PL","potentialAction":[{"@type":"ReadAction","target":["https:\/\/creativityshop.eu\/pl\/product\/dmc-magic-paper-water-soluble-canva-pre-printed-needlework-designs-cactus\/"]}]},{"@type":"ImageObject","inLanguage":"pl-PL","@id":"https:\/\/creativityshop.eu\/pl\/product\/dmc-magic-paper-water-soluble-canva-pre-printed-needlework-designs-cactus\/#primaryimage","url":"https:\/\/creativityshop.eu\/wp-content\/uploads\/2022\/03\/dizajn-bez-nazvanija-46.jpg","contentUrl":"https:\/\/creativityshop.eu\/wp-content\/uploads\/2022\/03\/dizajn-bez-nazvanija-46.jpg","width":768,"height":768,"caption":"DMC Magic Paper (Water Soluble Canva) Pre-Printed Needlework Designs - Cactus"},{"@type":"BreadcrumbList","@id":"https:\/\/creativityshop.eu\/pl\/product\/dmc-magic-paper-water-soluble-canva-pre-printed-needlework-designs-cactus\/#breadcrumb","itemListElement":[{"@type":"ListItem","position":1,"name":"Home","item":"https:\/\/creativityshop.eu\/pl\/"},{"@type":"ListItem","position":2,"name":"Shop","item":"https:\/\/creativityshop.eu\/shop\/"},{"@type":"ListItem","position":3,"name":"DMC Magic Paper (Water Soluble Canva) Pre-Printed Needlework Designs &#8211; Cactus"}]},{"@type":"WebSite","@id":"https:\/\/creativityshop.eu\/pl\/#website","url":"https:\/\/creativityshop.eu\/pl\/","name":"CreativityShopEU","description":"Embroidery and jewelry components","publisher":{"@id":"https:\/\/creativityshop.eu\/pl\/#organization"},"potentialAction":[{"@type":"SearchAction","target":{"@type":"EntryPoint","urlTemplate":"https:\/\/creativityshop.eu\/pl\/?s={search_term_string}"},"query-input":{"@type":"PropertyValueSpecification","valueRequired":true,"valueName":"search_term_string"}}],"inLanguage":"pl-PL"},{"@type":"Organization","@id":"https:\/\/creativityshop.eu\/pl\/#organization","name":"Creativity Shop OU","url":"https:\/\/creativityshop.eu\/pl\/","logo":{"@type":"ImageObject","inLanguage":"pl-PL","@id":"https:\/\/creativityshop.eu\/pl\/#\/schema\/logo\/image\/","url":"https:\/\/creativityshop.eu\/wp-content\/uploads\/2018\/11\/creativity_shop_logosite2.png","contentUrl":"https:\/\/creativityshop.eu\/wp-content\/uploads\/2018\/11\/creativity_shop_logosite2.png","width":2871,"height":1100,"caption":"Creativity Shop OU"},"image":{"@id":"https:\/\/creativityshop.eu\/pl\/#\/schema\/logo\/image\/"}}]},"product_price_amount":"3.20","product_price_currency":"EUR","og_availability":"instock","product_availability":"instock","product_retailer_item_id":"FC100","product_condition":"new"},"_links":{"self":[{"href":"https:\/\/creativityshop.eu\/pl\/wp-json\/wp\/v2\/product\/30393","targetHints":{"allow":["GET"]}}],"collection":[{"href":"https:\/\/creativityshop.eu\/pl\/wp-json\/wp\/v2\/product"}],"about":[{"href":"https:\/\/creativityshop.eu\/pl\/wp-json\/wp\/v2\/types\/product"}],"wp:featuredmedia":[{"embeddable":true,"href":"https:\/\/creativityshop.eu\/pl\/wp-json\/wp\/v2\/media\/40869"}],"wp:attachment":[{"href":"https:\/\/creativityshop.eu\/pl\/wp-json\/wp\/v2\/media?parent=30393"}],"wp:term":[{"taxonomy":"product_brand","embeddable":true,"href":"https:\/\/creativityshop.eu\/pl\/wp-json\/wp\/v2\/product_brand?post=30393"},{"taxonomy":"product_cat","embeddable":true,"href":"https:\/\/creativityshop.eu\/pl\/wp-json\/wp\/v2\/product_cat?post=30393"},{"taxonomy":"product_tag","embeddable":true,"href":"https:\/\/creativityshop.eu\/pl\/wp-json\/wp\/v2\/product_tag?post=30393"}],"curies":[{"name":"wp","href":"https:\/\/api.w.org\/{rel}","templated":true}]}}