{"id":30118,"date":"2022-02-20T14:29:51","date_gmt":"2022-02-20T11:29:51","guid":{"rendered":"https:\/\/creativityshop.eu\/?post_type=product&#038;p=30118"},"modified":"2024-06-07T22:55:17","modified_gmt":"2024-06-07T19:55:17","slug":"rto-pre-cut-needlework-fabric-aida-16-light-ecru-aida16-101","status":"publish","type":"product","link":"https:\/\/creativityshop.eu\/pl\/product\/rto-pre-cut-needlework-fabric-aida-16-light-ecru-aida16-101\/","title":{"rendered":"RTO Pre-cut Needlework Fabric Aida 16, Light Ecru, AIDA16-101"},"content":{"rendered":"<h4><strong>RTO Pre-cut Needlework Fabric Aida 16, AIDA16-101<\/strong><\/h4>\n<p>Fabric type: Aida 16<br \/>\nFabric color: Light Ecru<br \/>\nFabric material: 100% cotton<br \/>\nFabric size: 39&#215;45 cm<br \/>\nCount: 64 cross stitches per 10 cm<br \/>\nManufacturer: RTO<\/p>\n<p>Product images are for illustrative purposes only and may differ from the actual product. Due to differences in monitors and lighting, the colors of products may also appear different from those shown on the site.<\/p>\n","protected":false},"excerpt":{"rendered":"<p><strong>RTO Pre-cut Needlework Fabric Aida 16, AIDA16-101<\/strong><\/p>\n<p>Fabric type: Aida 16<br \/>\nFabric color: Light Ecru<br \/>\nFabric material: 100% cotton<br \/>\nFabric size: 39&#215;45 cm<br \/>\nCount: 64 cross stitches per 10 cm<br \/>\nManufacturer: RTO<\/p>\n","protected":false},"featured_media":30303,"template":"","meta":{"_acf_changed":false,"_exactmetrics_skip_tracking":false,"_exactmetrics_sitenote_active":false,"_exactmetrics_sitenote_note":"","_exactmetrics_sitenote_category":0},"product_brand":[],"product_cat":[1016,351],"product_tag":[],"class_list":{"0":"post-30118","1":"product","2":"type-product","3":"status-publish","4":"has-post-thumbnail","6":"product_cat-canvas","7":"product_cat-embroidery-backing","9":"first","10":"instock","11":"taxable","12":"shipping-taxable","13":"purchasable","14":"product-type-simple","15":"add-to-wishlist-after_add_to_cart"},"acf":[],"yoast_head":"<!-- This site is optimized with the Yoast SEO Premium plugin v27.0 (Yoast SEO v27.0) - https:\/\/yoast.com\/product\/yoast-seo-premium-wordpress\/ -->\n<title>RTO Pre-cut Needlework Fabric Aida 16, Light Ecru, AIDA16-101 - CreativityShopEU<\/title>\n<meta name=\"robots\" content=\"noindex, follow\" \/>\n<meta property=\"og:locale\" content=\"pl_PL\" \/>\n<meta property=\"og:type\" content=\"article\" \/>\n<meta property=\"og:title\" content=\"RTO Pre-cut Needlework Fabric Aida 16, Light Ecru, AIDA16-101\" \/>\n<meta property=\"og:description\" content=\"RTO Pre-cut Needlework Fabric Aida 16, AIDA16-101  Fabric type: Aida 16 Fabric color: Light Ecru Fabric material: 100% cotton Fabric size: 39x45 cm Count: 64 cross stitches per 10 cm Manufacturer: RTO\" \/>\n<meta property=\"og:url\" content=\"https:\/\/creativityshop.eu\/pl\/product\/rto-pre-cut-needlework-fabric-aida-16-light-ecru-aida16-101\/\" \/>\n<meta property=\"og:site_name\" content=\"CreativityShopEU\" \/>\n<meta property=\"article:modified_time\" content=\"2024-06-07T19:55:17+00:00\" \/>\n<meta property=\"og:image\" content=\"https:\/\/creativityshop.eu\/wp-content\/uploads\/2022\/03\/aida16-264-aida-embroidery-canva-ecru-rto.jpg\" \/>\n\t<meta property=\"og:image:width\" content=\"768\" \/>\n\t<meta property=\"og:image:height\" content=\"768\" \/>\n\t<meta property=\"og:image:type\" content=\"image\/jpeg\" \/>\n<meta name=\"twitter:card\" content=\"summary_large_image\" \/>\n<meta name=\"twitter:label1\" content=\"Cena\" \/>\n\t<meta name=\"twitter:data1\" content=\"&euro;3.73\" \/>\n\t<meta name=\"twitter:label2\" content=\"Dost\u0119pno\u015b\u0107\" \/>\n\t<meta name=\"twitter:data2\" content=\"Dost\u0119pny\" \/>\n<script type=\"application\/ld+json\" class=\"yoast-schema-graph\">{\"@context\":\"https:\/\/schema.org\",\"@graph\":[{\"@type\":\"WebPage\",\"@id\":\"https:\/\/creativityshop.eu\/pl\/product\/rto-pre-cut-needlework-fabric-aida-16-light-ecru-aida16-101\/\",\"url\":\"https:\/\/creativityshop.eu\/pl\/product\/rto-pre-cut-needlework-fabric-aida-16-light-ecru-aida16-101\/\",\"name\":\"RTO Pre-cut Needlework Fabric Aida 16, Light Ecru, AIDA16-101 - CreativityShopEU\",\"isPartOf\":{\"@id\":\"https:\/\/creativityshop.eu\/pl\/#website\"},\"primaryImageOfPage\":{\"@id\":\"https:\/\/creativityshop.eu\/pl\/product\/rto-pre-cut-needlework-fabric-aida-16-light-ecru-aida16-101\/#primaryimage\"},\"image\":{\"@id\":\"https:\/\/creativityshop.eu\/pl\/product\/rto-pre-cut-needlework-fabric-aida-16-light-ecru-aida16-101\/#primaryimage\"},\"thumbnailUrl\":\"https:\/\/creativityshop.eu\/wp-content\/uploads\/2022\/03\/aida16-264-aida-embroidery-canva-ecru-rto.jpg\",\"datePublished\":\"2022-02-20T11:29:51+00:00\",\"dateModified\":\"2024-06-07T19:55:17+00:00\",\"breadcrumb\":{\"@id\":\"https:\/\/creativityshop.eu\/pl\/product\/rto-pre-cut-needlework-fabric-aida-16-light-ecru-aida16-101\/#breadcrumb\"},\"inLanguage\":\"pl-PL\",\"potentialAction\":[{\"@type\":\"ReadAction\",\"target\":[\"https:\/\/creativityshop.eu\/pl\/product\/rto-pre-cut-needlework-fabric-aida-16-light-ecru-aida16-101\/\"]}]},{\"@type\":\"ImageObject\",\"inLanguage\":\"pl-PL\",\"@id\":\"https:\/\/creativityshop.eu\/pl\/product\/rto-pre-cut-needlework-fabric-aida-16-light-ecru-aida16-101\/#primaryimage\",\"url\":\"https:\/\/creativityshop.eu\/wp-content\/uploads\/2022\/03\/aida16-264-aida-embroidery-canva-ecru-rto.jpg\",\"contentUrl\":\"https:\/\/creativityshop.eu\/wp-content\/uploads\/2022\/03\/aida16-264-aida-embroidery-canva-ecru-rto.jpg\",\"width\":768,\"height\":768,\"caption\":\"AIDA16-264 AIDA Embroidery Canva, Ecru, RTO\"},{\"@type\":\"BreadcrumbList\",\"@id\":\"https:\/\/creativityshop.eu\/pl\/product\/rto-pre-cut-needlework-fabric-aida-16-light-ecru-aida16-101\/#breadcrumb\",\"itemListElement\":[{\"@type\":\"ListItem\",\"position\":1,\"name\":\"Home\",\"item\":\"https:\/\/creativityshop.eu\/pl\/\"},{\"@type\":\"ListItem\",\"position\":2,\"name\":\"Shop\",\"item\":\"https:\/\/creativityshop.eu\/shop\/\"},{\"@type\":\"ListItem\",\"position\":3,\"name\":\"RTO Pre-cut Needlework Fabric Aida 16, Light Ecru, AIDA16-101\"}]},{\"@type\":\"WebSite\",\"@id\":\"https:\/\/creativityshop.eu\/pl\/#website\",\"url\":\"https:\/\/creativityshop.eu\/pl\/\",\"name\":\"CreativityShopEU\",\"description\":\"Embroidery and jewelry components\",\"publisher\":{\"@id\":\"https:\/\/creativityshop.eu\/pl\/#organization\"},\"potentialAction\":[{\"@type\":\"SearchAction\",\"target\":{\"@type\":\"EntryPoint\",\"urlTemplate\":\"https:\/\/creativityshop.eu\/pl\/?s={search_term_string}\"},\"query-input\":{\"@type\":\"PropertyValueSpecification\",\"valueRequired\":true,\"valueName\":\"search_term_string\"}}],\"inLanguage\":\"pl-PL\"},{\"@type\":\"Organization\",\"@id\":\"https:\/\/creativityshop.eu\/pl\/#organization\",\"name\":\"Creativity Shop OU\",\"url\":\"https:\/\/creativityshop.eu\/pl\/\",\"logo\":{\"@type\":\"ImageObject\",\"inLanguage\":\"pl-PL\",\"@id\":\"https:\/\/creativityshop.eu\/pl\/#\/schema\/logo\/image\/\",\"url\":\"https:\/\/creativityshop.eu\/wp-content\/uploads\/2018\/11\/creativity_shop_logosite2.png\",\"contentUrl\":\"https:\/\/creativityshop.eu\/wp-content\/uploads\/2018\/11\/creativity_shop_logosite2.png\",\"width\":2871,\"height\":1100,\"caption\":\"Creativity Shop OU\"},\"image\":{\"@id\":\"https:\/\/creativityshop.eu\/pl\/#\/schema\/logo\/image\/\"}}]}<\/script>\n<meta property=\"product:price:amount\" content=\"3.73\" \/>\n<meta property=\"product:price:currency\" content=\"EUR\" \/>\n<meta property=\"og:availability\" content=\"instock\" \/>\n<meta property=\"product:availability\" content=\"instock\" \/>\n<meta property=\"product:retailer_item_id\" content=\"AIDA16-101\" \/>\n<meta property=\"product:condition\" content=\"new\" \/>\n<!-- \/ Yoast SEO Premium plugin. -->","yoast_head_json":{"title":"RTO Pre-cut Needlework Fabric Aida 16, Light Ecru, AIDA16-101 - CreativityShopEU","robots":{"index":"noindex","follow":"follow"},"og_locale":"pl_PL","og_type":"article","og_title":"RTO Pre-cut Needlework Fabric Aida 16, Light Ecru, AIDA16-101","og_description":"RTO Pre-cut Needlework Fabric Aida 16, AIDA16-101  Fabric type: Aida 16 Fabric color: Light Ecru Fabric material: 100% cotton Fabric size: 39x45 cm Count: 64 cross stitches per 10 cm Manufacturer: RTO","og_url":"https:\/\/creativityshop.eu\/pl\/product\/rto-pre-cut-needlework-fabric-aida-16-light-ecru-aida16-101\/","og_site_name":"CreativityShopEU","article_modified_time":"2024-06-07T19:55:17+00:00","og_image":[{"width":768,"height":768,"url":"https:\/\/creativityshop.eu\/wp-content\/uploads\/2022\/03\/aida16-264-aida-embroidery-canva-ecru-rto.jpg","type":"image\/jpeg"}],"twitter_card":"summary_large_image","twitter_misc":{"Cena":"&euro;3.73","Dost\u0119pno\u015b\u0107":"Dost\u0119pny"},"schema":{"@context":"https:\/\/schema.org","@graph":[{"@type":"WebPage","@id":"https:\/\/creativityshop.eu\/pl\/product\/rto-pre-cut-needlework-fabric-aida-16-light-ecru-aida16-101\/","url":"https:\/\/creativityshop.eu\/pl\/product\/rto-pre-cut-needlework-fabric-aida-16-light-ecru-aida16-101\/","name":"RTO Pre-cut Needlework Fabric Aida 16, Light Ecru, AIDA16-101 - CreativityShopEU","isPartOf":{"@id":"https:\/\/creativityshop.eu\/pl\/#website"},"primaryImageOfPage":{"@id":"https:\/\/creativityshop.eu\/pl\/product\/rto-pre-cut-needlework-fabric-aida-16-light-ecru-aida16-101\/#primaryimage"},"image":{"@id":"https:\/\/creativityshop.eu\/pl\/product\/rto-pre-cut-needlework-fabric-aida-16-light-ecru-aida16-101\/#primaryimage"},"thumbnailUrl":"https:\/\/creativityshop.eu\/wp-content\/uploads\/2022\/03\/aida16-264-aida-embroidery-canva-ecru-rto.jpg","datePublished":"2022-02-20T11:29:51+00:00","dateModified":"2024-06-07T19:55:17+00:00","breadcrumb":{"@id":"https:\/\/creativityshop.eu\/pl\/product\/rto-pre-cut-needlework-fabric-aida-16-light-ecru-aida16-101\/#breadcrumb"},"inLanguage":"pl-PL","potentialAction":[{"@type":"ReadAction","target":["https:\/\/creativityshop.eu\/pl\/product\/rto-pre-cut-needlework-fabric-aida-16-light-ecru-aida16-101\/"]}]},{"@type":"ImageObject","inLanguage":"pl-PL","@id":"https:\/\/creativityshop.eu\/pl\/product\/rto-pre-cut-needlework-fabric-aida-16-light-ecru-aida16-101\/#primaryimage","url":"https:\/\/creativityshop.eu\/wp-content\/uploads\/2022\/03\/aida16-264-aida-embroidery-canva-ecru-rto.jpg","contentUrl":"https:\/\/creativityshop.eu\/wp-content\/uploads\/2022\/03\/aida16-264-aida-embroidery-canva-ecru-rto.jpg","width":768,"height":768,"caption":"AIDA16-264 AIDA Embroidery Canva, Ecru, RTO"},{"@type":"BreadcrumbList","@id":"https:\/\/creativityshop.eu\/pl\/product\/rto-pre-cut-needlework-fabric-aida-16-light-ecru-aida16-101\/#breadcrumb","itemListElement":[{"@type":"ListItem","position":1,"name":"Home","item":"https:\/\/creativityshop.eu\/pl\/"},{"@type":"ListItem","position":2,"name":"Shop","item":"https:\/\/creativityshop.eu\/shop\/"},{"@type":"ListItem","position":3,"name":"RTO Pre-cut Needlework Fabric Aida 16, Light Ecru, AIDA16-101"}]},{"@type":"WebSite","@id":"https:\/\/creativityshop.eu\/pl\/#website","url":"https:\/\/creativityshop.eu\/pl\/","name":"CreativityShopEU","description":"Embroidery and jewelry components","publisher":{"@id":"https:\/\/creativityshop.eu\/pl\/#organization"},"potentialAction":[{"@type":"SearchAction","target":{"@type":"EntryPoint","urlTemplate":"https:\/\/creativityshop.eu\/pl\/?s={search_term_string}"},"query-input":{"@type":"PropertyValueSpecification","valueRequired":true,"valueName":"search_term_string"}}],"inLanguage":"pl-PL"},{"@type":"Organization","@id":"https:\/\/creativityshop.eu\/pl\/#organization","name":"Creativity Shop OU","url":"https:\/\/creativityshop.eu\/pl\/","logo":{"@type":"ImageObject","inLanguage":"pl-PL","@id":"https:\/\/creativityshop.eu\/pl\/#\/schema\/logo\/image\/","url":"https:\/\/creativityshop.eu\/wp-content\/uploads\/2018\/11\/creativity_shop_logosite2.png","contentUrl":"https:\/\/creativityshop.eu\/wp-content\/uploads\/2018\/11\/creativity_shop_logosite2.png","width":2871,"height":1100,"caption":"Creativity Shop OU"},"image":{"@id":"https:\/\/creativityshop.eu\/pl\/#\/schema\/logo\/image\/"}}]},"product_price_amount":"3.73","product_price_currency":"EUR","og_availability":"instock","product_availability":"instock","product_retailer_item_id":"AIDA16-101","product_condition":"new"},"_links":{"self":[{"href":"https:\/\/creativityshop.eu\/pl\/wp-json\/wp\/v2\/product\/30118","targetHints":{"allow":["GET"]}}],"collection":[{"href":"https:\/\/creativityshop.eu\/pl\/wp-json\/wp\/v2\/product"}],"about":[{"href":"https:\/\/creativityshop.eu\/pl\/wp-json\/wp\/v2\/types\/product"}],"wp:featuredmedia":[{"embeddable":true,"href":"https:\/\/creativityshop.eu\/pl\/wp-json\/wp\/v2\/media\/30303"}],"wp:attachment":[{"href":"https:\/\/creativityshop.eu\/pl\/wp-json\/wp\/v2\/media?parent=30118"}],"wp:term":[{"taxonomy":"product_brand","embeddable":true,"href":"https:\/\/creativityshop.eu\/pl\/wp-json\/wp\/v2\/product_brand?post=30118"},{"taxonomy":"product_cat","embeddable":true,"href":"https:\/\/creativityshop.eu\/pl\/wp-json\/wp\/v2\/product_cat?post=30118"},{"taxonomy":"product_tag","embeddable":true,"href":"https:\/\/creativityshop.eu\/pl\/wp-json\/wp\/v2\/product_tag?post=30118"}],"curies":[{"name":"wp","href":"https:\/\/api.w.org\/{rel}","templated":true}]}}