{"id":30031,"date":"2022-01-30T15:36:43","date_gmt":"2022-01-30T12:36:43","guid":{"rendered":"https:\/\/creativityshop.eu\/?post_type=product&#038;p=30031"},"modified":"2024-03-29T12:21:18","modified_gmt":"2024-03-29T09:21:18","slug":"dmc-plastic-floss-bobbins-with-metal-ring","status":"publish","type":"product","link":"https:\/\/creativityshop.eu\/pl\/product\/dmc-plastic-floss-bobbins-with-metal-ring\/","title":{"rendered":"DMC Plastic Floss Bobbins with Metal Ring, 28 pcs"},"content":{"rendered":"<p>Organize your DMC embroidery floss on these Plastic Floss Bobbins. The 2.5&#8243; (6,35 cm) metal ring will keep your floss bobbins organized by project or color. The package includes 28 plastic bobbins.<\/p>\n<p>Product images are for illustrative purposes only and may differ from the actual product. Due to differences in monitors and lighting, the colors of products may also appear different from those shown on the site.<\/p>\n","protected":false},"excerpt":{"rendered":"<p><strong>DMC Plastic Floss Bobbins with Metal Ring, 28 pcs<\/strong><\/p>\n<p>Organize your DMC embroidery floss on these Plastic Floss Bobbins. The 2.5&#8243; (6,35 cm) metal ring will keep your floss bobbins organize by project or color. Package includes 28 plastic bobbins.<\/p>\n","protected":false},"featured_media":30270,"template":"","meta":{"_acf_changed":false,"_exactmetrics_skip_tracking":false,"_exactmetrics_sitenote_active":false,"_exactmetrics_sitenote_note":"","_exactmetrics_sitenote_category":0},"product_brand":[],"product_cat":[404,852],"product_tag":[],"class_list":{"0":"post-30031","1":"product","2":"type-product","3":"status-publish","4":"has-post-thumbnail","6":"product_cat-tools","7":"product_cat-storage-boxes-organisers","9":"first","10":"instock","11":"taxable","12":"shipping-taxable","13":"purchasable","14":"product-type-simple","15":"add-to-wishlist-after_add_to_cart"},"acf":[],"yoast_head":"<!-- This site is optimized with the Yoast SEO Premium plugin v27.0 (Yoast SEO v27.0) - https:\/\/yoast.com\/product\/yoast-seo-premium-wordpress\/ -->\n<title>DMC Plastic Floss Bobbins with Metal Ring, 28 pcs - CreativityShopEU<\/title>\n<meta name=\"robots\" content=\"noindex, follow\" \/>\n<meta property=\"og:locale\" content=\"pl_PL\" \/>\n<meta property=\"og:type\" content=\"article\" \/>\n<meta property=\"og:title\" content=\"DMC Plastic Floss Bobbins with Metal Ring, 28 pcs\" \/>\n<meta property=\"og:description\" content=\"DMC Plastic Floss Bobbins with Metal Ring, 28 pcs  Organize your DMC embroidery floss on these Plastic Floss Bobbins. The 2.5&quot; (6,35 cm) metal ring will keep your floss bobbins organize by project or color. Package includes 28 plastic bobbins.\" \/>\n<meta property=\"og:url\" content=\"https:\/\/creativityshop.eu\/pl\/product\/dmc-plastic-floss-bobbins-with-metal-ring\/\" \/>\n<meta property=\"og:site_name\" content=\"CreativityShopEU\" \/>\n<meta property=\"article:modified_time\" content=\"2024-03-29T09:21:18+00:00\" \/>\n<meta property=\"og:image\" content=\"https:\/\/creativityshop.eu\/wp-content\/uploads\/2022\/03\/6105-12-plastikpoolid-28-tk.-metallrongaga-25-dmc-2.jpg\" \/>\n\t<meta property=\"og:image:width\" content=\"768\" \/>\n\t<meta property=\"og:image:height\" content=\"768\" \/>\n\t<meta property=\"og:image:type\" content=\"image\/jpeg\" \/>\n<meta name=\"twitter:card\" content=\"summary_large_image\" \/>\n<meta name=\"twitter:label1\" content=\"Cena\" \/>\n\t<meta name=\"twitter:data1\" content=\"&euro;2.39\" \/>\n\t<meta name=\"twitter:label2\" content=\"Dost\u0119pno\u015b\u0107\" \/>\n\t<meta name=\"twitter:data2\" content=\"Dost\u0119pny\" \/>\n<script type=\"application\/ld+json\" class=\"yoast-schema-graph\">{\"@context\":\"https:\/\/schema.org\",\"@graph\":[{\"@type\":\"WebPage\",\"@id\":\"https:\/\/creativityshop.eu\/pl\/product\/dmc-plastic-floss-bobbins-with-metal-ring\/\",\"url\":\"https:\/\/creativityshop.eu\/pl\/product\/dmc-plastic-floss-bobbins-with-metal-ring\/\",\"name\":\"DMC Plastic Floss Bobbins with Metal Ring, 28 pcs - CreativityShopEU\",\"isPartOf\":{\"@id\":\"https:\/\/creativityshop.eu\/pl\/#website\"},\"primaryImageOfPage\":{\"@id\":\"https:\/\/creativityshop.eu\/pl\/product\/dmc-plastic-floss-bobbins-with-metal-ring\/#primaryimage\"},\"image\":{\"@id\":\"https:\/\/creativityshop.eu\/pl\/product\/dmc-plastic-floss-bobbins-with-metal-ring\/#primaryimage\"},\"thumbnailUrl\":\"https:\/\/creativityshop.eu\/wp-content\/uploads\/2022\/03\/6105-12-plastikpoolid-28-tk.-metallrongaga-25-dmc-2.jpg\",\"datePublished\":\"2022-01-30T12:36:43+00:00\",\"dateModified\":\"2024-03-29T09:21:18+00:00\",\"breadcrumb\":{\"@id\":\"https:\/\/creativityshop.eu\/pl\/product\/dmc-plastic-floss-bobbins-with-metal-ring\/#breadcrumb\"},\"inLanguage\":\"pl-PL\",\"potentialAction\":[{\"@type\":\"ReadAction\",\"target\":[\"https:\/\/creativityshop.eu\/pl\/product\/dmc-plastic-floss-bobbins-with-metal-ring\/\"]}]},{\"@type\":\"ImageObject\",\"inLanguage\":\"pl-PL\",\"@id\":\"https:\/\/creativityshop.eu\/pl\/product\/dmc-plastic-floss-bobbins-with-metal-ring\/#primaryimage\",\"url\":\"https:\/\/creativityshop.eu\/wp-content\/uploads\/2022\/03\/6105-12-plastikpoolid-28-tk.-metallrongaga-25-dmc-2.jpg\",\"contentUrl\":\"https:\/\/creativityshop.eu\/wp-content\/uploads\/2022\/03\/6105-12-plastikpoolid-28-tk.-metallrongaga-25-dmc-2.jpg\",\"width\":768,\"height\":768,\"caption\":\"6105\/12 Plastikpoolid 28 tk. metallr\u00f5ngaga 25, DMC (2)\"},{\"@type\":\"BreadcrumbList\",\"@id\":\"https:\/\/creativityshop.eu\/pl\/product\/dmc-plastic-floss-bobbins-with-metal-ring\/#breadcrumb\",\"itemListElement\":[{\"@type\":\"ListItem\",\"position\":1,\"name\":\"Home\",\"item\":\"https:\/\/creativityshop.eu\/pl\/\"},{\"@type\":\"ListItem\",\"position\":2,\"name\":\"Shop\",\"item\":\"https:\/\/creativityshop.eu\/shop\/\"},{\"@type\":\"ListItem\",\"position\":3,\"name\":\"DMC Plastic Floss Bobbins with Metal Ring, 28 pcs\"}]},{\"@type\":\"WebSite\",\"@id\":\"https:\/\/creativityshop.eu\/pl\/#website\",\"url\":\"https:\/\/creativityshop.eu\/pl\/\",\"name\":\"CreativityShopEU\",\"description\":\"Embroidery and jewelry components\",\"publisher\":{\"@id\":\"https:\/\/creativityshop.eu\/pl\/#organization\"},\"potentialAction\":[{\"@type\":\"SearchAction\",\"target\":{\"@type\":\"EntryPoint\",\"urlTemplate\":\"https:\/\/creativityshop.eu\/pl\/?s={search_term_string}\"},\"query-input\":{\"@type\":\"PropertyValueSpecification\",\"valueRequired\":true,\"valueName\":\"search_term_string\"}}],\"inLanguage\":\"pl-PL\"},{\"@type\":\"Organization\",\"@id\":\"https:\/\/creativityshop.eu\/pl\/#organization\",\"name\":\"Creativity Shop OU\",\"url\":\"https:\/\/creativityshop.eu\/pl\/\",\"logo\":{\"@type\":\"ImageObject\",\"inLanguage\":\"pl-PL\",\"@id\":\"https:\/\/creativityshop.eu\/pl\/#\/schema\/logo\/image\/\",\"url\":\"https:\/\/creativityshop.eu\/wp-content\/uploads\/2018\/11\/creativity_shop_logosite2.png\",\"contentUrl\":\"https:\/\/creativityshop.eu\/wp-content\/uploads\/2018\/11\/creativity_shop_logosite2.png\",\"width\":2871,\"height\":1100,\"caption\":\"Creativity Shop OU\"},\"image\":{\"@id\":\"https:\/\/creativityshop.eu\/pl\/#\/schema\/logo\/image\/\"}}]}<\/script>\n<meta property=\"product:price:amount\" content=\"2.39\" \/>\n<meta property=\"product:price:currency\" content=\"EUR\" \/>\n<meta property=\"og:availability\" content=\"instock\" \/>\n<meta property=\"product:availability\" content=\"instock\" \/>\n<meta property=\"product:retailer_item_id\" content=\"6105\/12\" \/>\n<meta property=\"product:condition\" content=\"new\" \/>\n<!-- \/ Yoast SEO Premium plugin. -->","yoast_head_json":{"title":"DMC Plastic Floss Bobbins with Metal Ring, 28 pcs - CreativityShopEU","robots":{"index":"noindex","follow":"follow"},"og_locale":"pl_PL","og_type":"article","og_title":"DMC Plastic Floss Bobbins with Metal Ring, 28 pcs","og_description":"DMC Plastic Floss Bobbins with Metal Ring, 28 pcs  Organize your DMC embroidery floss on these Plastic Floss Bobbins. The 2.5\" (6,35 cm) metal ring will keep your floss bobbins organize by project or color. Package includes 28 plastic bobbins.","og_url":"https:\/\/creativityshop.eu\/pl\/product\/dmc-plastic-floss-bobbins-with-metal-ring\/","og_site_name":"CreativityShopEU","article_modified_time":"2024-03-29T09:21:18+00:00","og_image":[{"width":768,"height":768,"url":"https:\/\/creativityshop.eu\/wp-content\/uploads\/2022\/03\/6105-12-plastikpoolid-28-tk.-metallrongaga-25-dmc-2.jpg","type":"image\/jpeg"}],"twitter_card":"summary_large_image","twitter_misc":{"Cena":"&euro;2.39","Dost\u0119pno\u015b\u0107":"Dost\u0119pny"},"schema":{"@context":"https:\/\/schema.org","@graph":[{"@type":"WebPage","@id":"https:\/\/creativityshop.eu\/pl\/product\/dmc-plastic-floss-bobbins-with-metal-ring\/","url":"https:\/\/creativityshop.eu\/pl\/product\/dmc-plastic-floss-bobbins-with-metal-ring\/","name":"DMC Plastic Floss Bobbins with Metal Ring, 28 pcs - CreativityShopEU","isPartOf":{"@id":"https:\/\/creativityshop.eu\/pl\/#website"},"primaryImageOfPage":{"@id":"https:\/\/creativityshop.eu\/pl\/product\/dmc-plastic-floss-bobbins-with-metal-ring\/#primaryimage"},"image":{"@id":"https:\/\/creativityshop.eu\/pl\/product\/dmc-plastic-floss-bobbins-with-metal-ring\/#primaryimage"},"thumbnailUrl":"https:\/\/creativityshop.eu\/wp-content\/uploads\/2022\/03\/6105-12-plastikpoolid-28-tk.-metallrongaga-25-dmc-2.jpg","datePublished":"2022-01-30T12:36:43+00:00","dateModified":"2024-03-29T09:21:18+00:00","breadcrumb":{"@id":"https:\/\/creativityshop.eu\/pl\/product\/dmc-plastic-floss-bobbins-with-metal-ring\/#breadcrumb"},"inLanguage":"pl-PL","potentialAction":[{"@type":"ReadAction","target":["https:\/\/creativityshop.eu\/pl\/product\/dmc-plastic-floss-bobbins-with-metal-ring\/"]}]},{"@type":"ImageObject","inLanguage":"pl-PL","@id":"https:\/\/creativityshop.eu\/pl\/product\/dmc-plastic-floss-bobbins-with-metal-ring\/#primaryimage","url":"https:\/\/creativityshop.eu\/wp-content\/uploads\/2022\/03\/6105-12-plastikpoolid-28-tk.-metallrongaga-25-dmc-2.jpg","contentUrl":"https:\/\/creativityshop.eu\/wp-content\/uploads\/2022\/03\/6105-12-plastikpoolid-28-tk.-metallrongaga-25-dmc-2.jpg","width":768,"height":768,"caption":"6105\/12 Plastikpoolid 28 tk. metallr\u00f5ngaga 25, DMC (2)"},{"@type":"BreadcrumbList","@id":"https:\/\/creativityshop.eu\/pl\/product\/dmc-plastic-floss-bobbins-with-metal-ring\/#breadcrumb","itemListElement":[{"@type":"ListItem","position":1,"name":"Home","item":"https:\/\/creativityshop.eu\/pl\/"},{"@type":"ListItem","position":2,"name":"Shop","item":"https:\/\/creativityshop.eu\/shop\/"},{"@type":"ListItem","position":3,"name":"DMC Plastic Floss Bobbins with Metal Ring, 28 pcs"}]},{"@type":"WebSite","@id":"https:\/\/creativityshop.eu\/pl\/#website","url":"https:\/\/creativityshop.eu\/pl\/","name":"CreativityShopEU","description":"Embroidery and jewelry components","publisher":{"@id":"https:\/\/creativityshop.eu\/pl\/#organization"},"potentialAction":[{"@type":"SearchAction","target":{"@type":"EntryPoint","urlTemplate":"https:\/\/creativityshop.eu\/pl\/?s={search_term_string}"},"query-input":{"@type":"PropertyValueSpecification","valueRequired":true,"valueName":"search_term_string"}}],"inLanguage":"pl-PL"},{"@type":"Organization","@id":"https:\/\/creativityshop.eu\/pl\/#organization","name":"Creativity Shop OU","url":"https:\/\/creativityshop.eu\/pl\/","logo":{"@type":"ImageObject","inLanguage":"pl-PL","@id":"https:\/\/creativityshop.eu\/pl\/#\/schema\/logo\/image\/","url":"https:\/\/creativityshop.eu\/wp-content\/uploads\/2018\/11\/creativity_shop_logosite2.png","contentUrl":"https:\/\/creativityshop.eu\/wp-content\/uploads\/2018\/11\/creativity_shop_logosite2.png","width":2871,"height":1100,"caption":"Creativity Shop OU"},"image":{"@id":"https:\/\/creativityshop.eu\/pl\/#\/schema\/logo\/image\/"}}]},"product_price_amount":"2.39","product_price_currency":"EUR","og_availability":"instock","product_availability":"instock","product_retailer_item_id":"6105\/12","product_condition":"new"},"_links":{"self":[{"href":"https:\/\/creativityshop.eu\/pl\/wp-json\/wp\/v2\/product\/30031","targetHints":{"allow":["GET"]}}],"collection":[{"href":"https:\/\/creativityshop.eu\/pl\/wp-json\/wp\/v2\/product"}],"about":[{"href":"https:\/\/creativityshop.eu\/pl\/wp-json\/wp\/v2\/types\/product"}],"wp:featuredmedia":[{"embeddable":true,"href":"https:\/\/creativityshop.eu\/pl\/wp-json\/wp\/v2\/media\/30270"}],"wp:attachment":[{"href":"https:\/\/creativityshop.eu\/pl\/wp-json\/wp\/v2\/media?parent=30031"}],"wp:term":[{"taxonomy":"product_brand","embeddable":true,"href":"https:\/\/creativityshop.eu\/pl\/wp-json\/wp\/v2\/product_brand?post=30031"},{"taxonomy":"product_cat","embeddable":true,"href":"https:\/\/creativityshop.eu\/pl\/wp-json\/wp\/v2\/product_cat?post=30031"},{"taxonomy":"product_tag","embeddable":true,"href":"https:\/\/creativityshop.eu\/pl\/wp-json\/wp\/v2\/product_tag?post=30031"}],"curies":[{"name":"wp","href":"https:\/\/api.w.org\/{rel}","templated":true}]}}