{"id":28730,"date":"2021-11-10T10:29:35","date_gmt":"2021-11-10T07:29:35","guid":{"rendered":"https:\/\/creativityshop.eu\/product\/dmc-floss-mouline-cross-stitch-embroidery-cotton-thread-117mc-996\/"},"modified":"2024-02-13T21:30:32","modified_gmt":"2024-02-13T18:30:32","slug":"dmc-floss-mouline-cross-stitch-embroidery-cotton-thread-117mc-996","status":"publish","type":"product","link":"https:\/\/creativityshop.eu\/pl\/product\/dmc-floss-mouline-cross-stitch-embroidery-cotton-thread-117mc-996\/","title":{"rendered":"DMC Floss\/Mouline, Cross Stitch &#038; Embroidery Cotton Thread, #117MC-996"},"content":{"rendered":"<h4>DMC Floss (Mouline) &#8211; the world&#8217;s most famous and popular cross stitch and embroidery thread.<\/h4>\n<p>Color No: 996<br \/>\nLength: 8 meters (8.7 yards)\/6 strands<br \/>\nMaterial: 100% cotton<br \/>\nOrigin: France<br \/>\nPrice for 1 skein<\/p>\n<p>Why DMC Stranded cotton?<br \/>\nThanks to highly resistant and colorfast dyes your embroidery won&#8217;t fade as a result of washing or exposure to light.<\/p>\n<p>CARE &amp; WASHING<br \/>\nColors are washable and fade resistant. Please take into account the fabric onto which you have embroidered. We recommend washing with a mild soap. After washing, wrap your embroidery in a towel to remove excess water, then dry flat. Place your embroidery on a clean cloth, preferably while still damp, and iron on the reverse side, at the temperature setting recommended for the fabric.<\/p>\n<p>DMC Stranded Cotton is The World&#8217;s Favourite Embroidery Thread. We use the world&#8217;s finest long staple cotton and mercerise it twice to give your embroidery exceptional sheen. Our 6 easily divisible strands allow you to vary the weight of your stitches to add depth to your project.<\/p>\n","protected":false},"excerpt":{"rendered":"<p><strong>DMC Floss (Mouline) &#8211; the world&#8217;s most famous and popular cross stitch and embroidery thread.<\/strong><\/p>\n<p>Color No: 996<br \/>\nLength: 8 meters (8.7 yards)\/6 strands<br \/>\nMaterial: 100% cotton<br \/>\nOrigin: France<br \/>\nPrice for 1 skein<\/p>\n","protected":false},"featured_media":27792,"template":"","meta":{"_acf_changed":false,"_exactmetrics_skip_tracking":false,"_exactmetrics_sitenote_active":false,"_exactmetrics_sitenote_note":"","_exactmetrics_sitenote_category":0},"product_brand":[],"product_cat":[971,969,379],"product_tag":[990,998,988,986],"class_list":{"0":"post-28730","1":"product","2":"type-product","3":"status-publish","4":"has-post-thumbnail","6":"product_cat-dmc-floss-cotton-117","7":"product_cat-dmc-floss-mouline","8":"product_cat-threads-cords","9":"product_tag-dmc-cotton-floss","10":"product_tag-dmc-cross-stitch-floss","11":"product_tag-dmc-thread","12":"product_tag-embroidery-thread","14":"first","15":"instock","16":"taxable","17":"shipping-taxable","18":"purchasable","19":"product-type-simple","20":"add-to-wishlist-after_add_to_cart"},"acf":[],"yoast_head":"<!-- This site is optimized with the Yoast SEO Premium plugin v27.0 (Yoast SEO v27.0) - https:\/\/yoast.com\/product\/yoast-seo-premium-wordpress\/ -->\n<title>DMC Floss\/Mouline, Cross Stitch &amp; Embroidery Cotton Thread, #117MC-996 - CreativityShopEU<\/title>\n<meta name=\"robots\" content=\"noindex, follow\" \/>\n<meta property=\"og:locale\" content=\"pl_PL\" \/>\n<meta property=\"og:type\" content=\"article\" \/>\n<meta property=\"og:title\" content=\"DMC Floss\/Mouline, Cross Stitch &amp; Embroidery Cotton Thread, #117MC-996\" \/>\n<meta property=\"og:description\" content=\"DMC Floss (Mouline) - the world&#039;s most famous and popular cross stitch and embroidery thread. Color No: 996 Length: 8 meters (8.7 yards)\/6 strands Material: 100% cotton Origin: France Price for 1 skein\" \/>\n<meta property=\"og:url\" content=\"https:\/\/creativityshop.eu\/pl\/product\/dmc-floss-mouline-cross-stitch-embroidery-cotton-thread-117mc-996\/\" \/>\n<meta property=\"og:site_name\" content=\"CreativityShopEU\" \/>\n<meta property=\"article:modified_time\" content=\"2024-02-13T18:30:32+00:00\" \/>\n<meta property=\"og:image\" content=\"https:\/\/creativityshop.eu\/wp-content\/uploads\/2021\/11\/dmc-floss-mouline-117mc-e-996.jpg\" \/>\n\t<meta property=\"og:image:width\" content=\"768\" \/>\n\t<meta property=\"og:image:height\" content=\"768\" \/>\n\t<meta property=\"og:image:type\" content=\"image\/jpeg\" \/>\n<meta name=\"twitter:card\" content=\"summary_large_image\" \/>\n<meta name=\"twitter:label1\" content=\"Cena\" \/>\n\t<meta name=\"twitter:data1\" content=\"&euro;0.98\" \/>\n\t<meta name=\"twitter:label2\" content=\"Dost\u0119pno\u015b\u0107\" \/>\n\t<meta name=\"twitter:data2\" content=\"Dost\u0119pny\" \/>\n<script type=\"application\/ld+json\" class=\"yoast-schema-graph\">{\"@context\":\"https:\/\/schema.org\",\"@graph\":[{\"@type\":\"WebPage\",\"@id\":\"https:\/\/creativityshop.eu\/pl\/product\/dmc-floss-mouline-cross-stitch-embroidery-cotton-thread-117mc-996\/\",\"url\":\"https:\/\/creativityshop.eu\/pl\/product\/dmc-floss-mouline-cross-stitch-embroidery-cotton-thread-117mc-996\/\",\"name\":\"DMC Floss\/Mouline, Cross Stitch & Embroidery Cotton Thread, #117MC-996 - CreativityShopEU\",\"isPartOf\":{\"@id\":\"https:\/\/creativityshop.eu\/pl\/#website\"},\"primaryImageOfPage\":{\"@id\":\"https:\/\/creativityshop.eu\/pl\/product\/dmc-floss-mouline-cross-stitch-embroidery-cotton-thread-117mc-996\/#primaryimage\"},\"image\":{\"@id\":\"https:\/\/creativityshop.eu\/pl\/product\/dmc-floss-mouline-cross-stitch-embroidery-cotton-thread-117mc-996\/#primaryimage\"},\"thumbnailUrl\":\"https:\/\/creativityshop.eu\/wp-content\/uploads\/2021\/11\/dmc-floss-mouline-117mc-e-996.jpg\",\"datePublished\":\"2021-11-10T07:29:35+00:00\",\"dateModified\":\"2024-02-13T18:30:32+00:00\",\"breadcrumb\":{\"@id\":\"https:\/\/creativityshop.eu\/pl\/product\/dmc-floss-mouline-cross-stitch-embroidery-cotton-thread-117mc-996\/#breadcrumb\"},\"inLanguage\":\"pl-PL\",\"potentialAction\":[{\"@type\":\"ReadAction\",\"target\":[\"https:\/\/creativityshop.eu\/pl\/product\/dmc-floss-mouline-cross-stitch-embroidery-cotton-thread-117mc-996\/\"]}]},{\"@type\":\"ImageObject\",\"inLanguage\":\"pl-PL\",\"@id\":\"https:\/\/creativityshop.eu\/pl\/product\/dmc-floss-mouline-cross-stitch-embroidery-cotton-thread-117mc-996\/#primaryimage\",\"url\":\"https:\/\/creativityshop.eu\/wp-content\/uploads\/2021\/11\/dmc-floss-mouline-117mc-e-996.jpg\",\"contentUrl\":\"https:\/\/creativityshop.eu\/wp-content\/uploads\/2021\/11\/dmc-floss-mouline-117mc-e-996.jpg\",\"width\":768,\"height\":768,\"caption\":\"DMC Floss Mouline 117MC-996\"},{\"@type\":\"BreadcrumbList\",\"@id\":\"https:\/\/creativityshop.eu\/pl\/product\/dmc-floss-mouline-cross-stitch-embroidery-cotton-thread-117mc-996\/#breadcrumb\",\"itemListElement\":[{\"@type\":\"ListItem\",\"position\":1,\"name\":\"Home\",\"item\":\"https:\/\/creativityshop.eu\/pl\/\"},{\"@type\":\"ListItem\",\"position\":2,\"name\":\"Shop\",\"item\":\"https:\/\/creativityshop.eu\/shop\/\"},{\"@type\":\"ListItem\",\"position\":3,\"name\":\"DMC Floss\/Mouline, Cross Stitch &#038; Embroidery Cotton Thread, #117MC-996\"}]},{\"@type\":\"WebSite\",\"@id\":\"https:\/\/creativityshop.eu\/pl\/#website\",\"url\":\"https:\/\/creativityshop.eu\/pl\/\",\"name\":\"CreativityShopEU\",\"description\":\"Embroidery and jewelry components\",\"publisher\":{\"@id\":\"https:\/\/creativityshop.eu\/pl\/#organization\"},\"potentialAction\":[{\"@type\":\"SearchAction\",\"target\":{\"@type\":\"EntryPoint\",\"urlTemplate\":\"https:\/\/creativityshop.eu\/pl\/?s={search_term_string}\"},\"query-input\":{\"@type\":\"PropertyValueSpecification\",\"valueRequired\":true,\"valueName\":\"search_term_string\"}}],\"inLanguage\":\"pl-PL\"},{\"@type\":\"Organization\",\"@id\":\"https:\/\/creativityshop.eu\/pl\/#organization\",\"name\":\"Creativity Shop OU\",\"url\":\"https:\/\/creativityshop.eu\/pl\/\",\"logo\":{\"@type\":\"ImageObject\",\"inLanguage\":\"pl-PL\",\"@id\":\"https:\/\/creativityshop.eu\/pl\/#\/schema\/logo\/image\/\",\"url\":\"https:\/\/creativityshop.eu\/wp-content\/uploads\/2018\/11\/creativity_shop_logosite2.png\",\"contentUrl\":\"https:\/\/creativityshop.eu\/wp-content\/uploads\/2018\/11\/creativity_shop_logosite2.png\",\"width\":2871,\"height\":1100,\"caption\":\"Creativity Shop OU\"},\"image\":{\"@id\":\"https:\/\/creativityshop.eu\/pl\/#\/schema\/logo\/image\/\"}}]}<\/script>\n<meta property=\"product:price:amount\" content=\"0.98\" \/>\n<meta property=\"product:price:currency\" content=\"EUR\" \/>\n<meta property=\"og:availability\" content=\"instock\" \/>\n<meta property=\"product:availability\" content=\"instock\" \/>\n<meta property=\"product:retailer_item_id\" content=\"117MC-996\" \/>\n<meta property=\"product:condition\" content=\"new\" \/>\n<!-- \/ Yoast SEO Premium plugin. -->","yoast_head_json":{"title":"DMC Floss\/Mouline, Cross Stitch & Embroidery Cotton Thread, #117MC-996 - CreativityShopEU","robots":{"index":"noindex","follow":"follow"},"og_locale":"pl_PL","og_type":"article","og_title":"DMC Floss\/Mouline, Cross Stitch & Embroidery Cotton Thread, #117MC-996","og_description":"DMC Floss (Mouline) - the world's most famous and popular cross stitch and embroidery thread. Color No: 996 Length: 8 meters (8.7 yards)\/6 strands Material: 100% cotton Origin: France Price for 1 skein","og_url":"https:\/\/creativityshop.eu\/pl\/product\/dmc-floss-mouline-cross-stitch-embroidery-cotton-thread-117mc-996\/","og_site_name":"CreativityShopEU","article_modified_time":"2024-02-13T18:30:32+00:00","og_image":[{"width":768,"height":768,"url":"https:\/\/creativityshop.eu\/wp-content\/uploads\/2021\/11\/dmc-floss-mouline-117mc-e-996.jpg","type":"image\/jpeg"}],"twitter_card":"summary_large_image","twitter_misc":{"Cena":"&euro;0.98","Dost\u0119pno\u015b\u0107":"Dost\u0119pny"},"schema":{"@context":"https:\/\/schema.org","@graph":[{"@type":"WebPage","@id":"https:\/\/creativityshop.eu\/pl\/product\/dmc-floss-mouline-cross-stitch-embroidery-cotton-thread-117mc-996\/","url":"https:\/\/creativityshop.eu\/pl\/product\/dmc-floss-mouline-cross-stitch-embroidery-cotton-thread-117mc-996\/","name":"DMC Floss\/Mouline, Cross Stitch & Embroidery Cotton Thread, #117MC-996 - CreativityShopEU","isPartOf":{"@id":"https:\/\/creativityshop.eu\/pl\/#website"},"primaryImageOfPage":{"@id":"https:\/\/creativityshop.eu\/pl\/product\/dmc-floss-mouline-cross-stitch-embroidery-cotton-thread-117mc-996\/#primaryimage"},"image":{"@id":"https:\/\/creativityshop.eu\/pl\/product\/dmc-floss-mouline-cross-stitch-embroidery-cotton-thread-117mc-996\/#primaryimage"},"thumbnailUrl":"https:\/\/creativityshop.eu\/wp-content\/uploads\/2021\/11\/dmc-floss-mouline-117mc-e-996.jpg","datePublished":"2021-11-10T07:29:35+00:00","dateModified":"2024-02-13T18:30:32+00:00","breadcrumb":{"@id":"https:\/\/creativityshop.eu\/pl\/product\/dmc-floss-mouline-cross-stitch-embroidery-cotton-thread-117mc-996\/#breadcrumb"},"inLanguage":"pl-PL","potentialAction":[{"@type":"ReadAction","target":["https:\/\/creativityshop.eu\/pl\/product\/dmc-floss-mouline-cross-stitch-embroidery-cotton-thread-117mc-996\/"]}]},{"@type":"ImageObject","inLanguage":"pl-PL","@id":"https:\/\/creativityshop.eu\/pl\/product\/dmc-floss-mouline-cross-stitch-embroidery-cotton-thread-117mc-996\/#primaryimage","url":"https:\/\/creativityshop.eu\/wp-content\/uploads\/2021\/11\/dmc-floss-mouline-117mc-e-996.jpg","contentUrl":"https:\/\/creativityshop.eu\/wp-content\/uploads\/2021\/11\/dmc-floss-mouline-117mc-e-996.jpg","width":768,"height":768,"caption":"DMC Floss Mouline 117MC-996"},{"@type":"BreadcrumbList","@id":"https:\/\/creativityshop.eu\/pl\/product\/dmc-floss-mouline-cross-stitch-embroidery-cotton-thread-117mc-996\/#breadcrumb","itemListElement":[{"@type":"ListItem","position":1,"name":"Home","item":"https:\/\/creativityshop.eu\/pl\/"},{"@type":"ListItem","position":2,"name":"Shop","item":"https:\/\/creativityshop.eu\/shop\/"},{"@type":"ListItem","position":3,"name":"DMC Floss\/Mouline, Cross Stitch &#038; Embroidery Cotton Thread, #117MC-996"}]},{"@type":"WebSite","@id":"https:\/\/creativityshop.eu\/pl\/#website","url":"https:\/\/creativityshop.eu\/pl\/","name":"CreativityShopEU","description":"Embroidery and jewelry components","publisher":{"@id":"https:\/\/creativityshop.eu\/pl\/#organization"},"potentialAction":[{"@type":"SearchAction","target":{"@type":"EntryPoint","urlTemplate":"https:\/\/creativityshop.eu\/pl\/?s={search_term_string}"},"query-input":{"@type":"PropertyValueSpecification","valueRequired":true,"valueName":"search_term_string"}}],"inLanguage":"pl-PL"},{"@type":"Organization","@id":"https:\/\/creativityshop.eu\/pl\/#organization","name":"Creativity Shop OU","url":"https:\/\/creativityshop.eu\/pl\/","logo":{"@type":"ImageObject","inLanguage":"pl-PL","@id":"https:\/\/creativityshop.eu\/pl\/#\/schema\/logo\/image\/","url":"https:\/\/creativityshop.eu\/wp-content\/uploads\/2018\/11\/creativity_shop_logosite2.png","contentUrl":"https:\/\/creativityshop.eu\/wp-content\/uploads\/2018\/11\/creativity_shop_logosite2.png","width":2871,"height":1100,"caption":"Creativity Shop OU"},"image":{"@id":"https:\/\/creativityshop.eu\/pl\/#\/schema\/logo\/image\/"}}]},"product_price_amount":"0.98","product_price_currency":"EUR","og_availability":"instock","product_availability":"instock","product_retailer_item_id":"117MC-996","product_condition":"new"},"_links":{"self":[{"href":"https:\/\/creativityshop.eu\/pl\/wp-json\/wp\/v2\/product\/28730","targetHints":{"allow":["GET"]}}],"collection":[{"href":"https:\/\/creativityshop.eu\/pl\/wp-json\/wp\/v2\/product"}],"about":[{"href":"https:\/\/creativityshop.eu\/pl\/wp-json\/wp\/v2\/types\/product"}],"wp:featuredmedia":[{"embeddable":true,"href":"https:\/\/creativityshop.eu\/pl\/wp-json\/wp\/v2\/media\/27792"}],"wp:attachment":[{"href":"https:\/\/creativityshop.eu\/pl\/wp-json\/wp\/v2\/media?parent=28730"}],"wp:term":[{"taxonomy":"product_brand","embeddable":true,"href":"https:\/\/creativityshop.eu\/pl\/wp-json\/wp\/v2\/product_brand?post=28730"},{"taxonomy":"product_cat","embeddable":true,"href":"https:\/\/creativityshop.eu\/pl\/wp-json\/wp\/v2\/product_cat?post=28730"},{"taxonomy":"product_tag","embeddable":true,"href":"https:\/\/creativityshop.eu\/pl\/wp-json\/wp\/v2\/product_tag?post=28730"}],"curies":[{"name":"wp","href":"https:\/\/api.w.org\/{rel}","templated":true}]}}