{"id":26598,"date":"2021-10-19T18:39:48","date_gmt":"2021-10-19T15:39:48","guid":{"rendered":"https:\/\/creativityshop.eu\/?post_type=product&#038;p=26598"},"modified":"2024-03-10T22:32:24","modified_gmt":"2024-03-10T19:32:24","slug":"toho-round-seed-beads-11-0-silver-lined-milky-light-jonquil-tr-11-2125","status":"publish","type":"product","link":"https:\/\/creativityshop.eu\/pl\/product\/toho-round-seed-beads-11-0-silver-lined-milky-light-jonquil-tr-11-2125\/","title":{"rendered":"TOHO Round Seed Beads 11\/0 Silver-Lined Milky Light Jonquil TR-11-2125"},"content":{"rendered":"<p>TOHO Round 11\/0 are high-quality Japanese seed beads with perfectly regular shapes and larger hole diameters. They would be best strung on NYMO beading thread. Their precise shape makes TOHO seed beads ideal for bead weaving and bezeling cabochons or rivoli.<\/p>\n<p>Product images are for illustrative purposes only and may differ from the actual product. Due to differences in monitors and lighting, the colors of products may also appear different from those shown on the site.<\/p>\n","protected":false},"excerpt":{"rendered":"<p><strong>TOHO round seed beads TR-11-2125<\/strong><br \/>\nColor: Silver-Lined Milky Light Jonquil<br \/>\nSize: 11\/0<br \/>\nHole size: 0.8 mm<br \/>\nMade in: Japan<br \/>\nPrice for 10 g<\/p>\n","protected":false},"featured_media":26535,"template":"","meta":{"_acf_changed":false,"_exactmetrics_skip_tracking":false,"_exactmetrics_sitenote_active":false,"_exactmetrics_sitenote_note":"","_exactmetrics_sitenote_category":0},"product_brand":[],"product_cat":[244,247],"product_tag":[],"class_list":{"0":"post-26598","1":"product","2":"type-product","3":"status-publish","4":"has-post-thumbnail","6":"product_cat-toho-beads","7":"product_cat-toho-round-seed-beads-11-0","9":"first","10":"instock","11":"taxable","12":"shipping-taxable","13":"purchasable","14":"product-type-simple","15":"add-to-wishlist-after_add_to_cart"},"acf":[],"yoast_head":"<!-- This site is optimized with the Yoast SEO Premium plugin v27.0 (Yoast SEO v27.0) - https:\/\/yoast.com\/product\/yoast-seo-premium-wordpress\/ -->\n<title>TOHO Round Seed Beads 11\/0 Silver-Lined Milky Light Jonquil TR-11-2125 - CreativityShopEU<\/title>\n<meta name=\"robots\" content=\"noindex, follow\" \/>\n<meta property=\"og:locale\" content=\"pl_PL\" \/>\n<meta property=\"og:type\" content=\"article\" \/>\n<meta property=\"og:title\" content=\"TOHO Round Seed Beads 11\/0 Silver-Lined Milky Light Jonquil TR-11-2125\" \/>\n<meta property=\"og:description\" content=\"TOHO round seed beads TR-11-2125 Color: Silver-Lined Milky Light Jonquil Size: 11\/0 Hole size: 0.8 mm Made in: Japan Price for 10 g\" \/>\n<meta property=\"og:url\" content=\"https:\/\/creativityshop.eu\/pl\/product\/toho-round-seed-beads-11-0-silver-lined-milky-light-jonquil-tr-11-2125\/\" \/>\n<meta property=\"og:site_name\" content=\"CreativityShopEU\" \/>\n<meta property=\"article:modified_time\" content=\"2024-03-10T19:32:24+00:00\" \/>\n<meta property=\"og:image\" content=\"https:\/\/creativityshop.eu\/wp-content\/uploads\/2021\/10\/toho-seed-beads-tr-11-2125.jpg\" \/>\n\t<meta property=\"og:image:width\" content=\"768\" \/>\n\t<meta property=\"og:image:height\" content=\"768\" \/>\n\t<meta property=\"og:image:type\" content=\"image\/jpeg\" \/>\n<meta name=\"twitter:card\" content=\"summary_large_image\" \/>\n<meta name=\"twitter:label1\" content=\"Cena\" \/>\n\t<meta name=\"twitter:data1\" content=\"&euro;0.97\" \/>\n\t<meta name=\"twitter:label2\" content=\"Dost\u0119pno\u015b\u0107\" \/>\n\t<meta name=\"twitter:data2\" content=\"Dost\u0119pny\" \/>\n<script type=\"application\/ld+json\" class=\"yoast-schema-graph\">{\"@context\":\"https:\/\/schema.org\",\"@graph\":[{\"@type\":\"WebPage\",\"@id\":\"https:\/\/creativityshop.eu\/pl\/product\/toho-round-seed-beads-11-0-silver-lined-milky-light-jonquil-tr-11-2125\/\",\"url\":\"https:\/\/creativityshop.eu\/pl\/product\/toho-round-seed-beads-11-0-silver-lined-milky-light-jonquil-tr-11-2125\/\",\"name\":\"TOHO Round Seed Beads 11\/0 Silver-Lined Milky Light Jonquil TR-11-2125 - CreativityShopEU\",\"isPartOf\":{\"@id\":\"https:\/\/creativityshop.eu\/pl\/#website\"},\"primaryImageOfPage\":{\"@id\":\"https:\/\/creativityshop.eu\/pl\/product\/toho-round-seed-beads-11-0-silver-lined-milky-light-jonquil-tr-11-2125\/#primaryimage\"},\"image\":{\"@id\":\"https:\/\/creativityshop.eu\/pl\/product\/toho-round-seed-beads-11-0-silver-lined-milky-light-jonquil-tr-11-2125\/#primaryimage\"},\"thumbnailUrl\":\"https:\/\/creativityshop.eu\/wp-content\/uploads\/2021\/10\/toho-seed-beads-tr-11-2125.jpg\",\"datePublished\":\"2021-10-19T15:39:48+00:00\",\"dateModified\":\"2024-03-10T19:32:24+00:00\",\"breadcrumb\":{\"@id\":\"https:\/\/creativityshop.eu\/pl\/product\/toho-round-seed-beads-11-0-silver-lined-milky-light-jonquil-tr-11-2125\/#breadcrumb\"},\"inLanguage\":\"pl-PL\",\"potentialAction\":[{\"@type\":\"ReadAction\",\"target\":[\"https:\/\/creativityshop.eu\/pl\/product\/toho-round-seed-beads-11-0-silver-lined-milky-light-jonquil-tr-11-2125\/\"]}]},{\"@type\":\"ImageObject\",\"inLanguage\":\"pl-PL\",\"@id\":\"https:\/\/creativityshop.eu\/pl\/product\/toho-round-seed-beads-11-0-silver-lined-milky-light-jonquil-tr-11-2125\/#primaryimage\",\"url\":\"https:\/\/creativityshop.eu\/wp-content\/uploads\/2021\/10\/toho-seed-beads-tr-11-2125.jpg\",\"contentUrl\":\"https:\/\/creativityshop.eu\/wp-content\/uploads\/2021\/10\/toho-seed-beads-tr-11-2125.jpg\",\"width\":768,\"height\":768,\"caption\":\"Toho seed beads : Silver-Lined Milky Lt Jonquil TR-11-2125\"},{\"@type\":\"BreadcrumbList\",\"@id\":\"https:\/\/creativityshop.eu\/pl\/product\/toho-round-seed-beads-11-0-silver-lined-milky-light-jonquil-tr-11-2125\/#breadcrumb\",\"itemListElement\":[{\"@type\":\"ListItem\",\"position\":1,\"name\":\"Home\",\"item\":\"https:\/\/creativityshop.eu\/pl\/\"},{\"@type\":\"ListItem\",\"position\":2,\"name\":\"Shop\",\"item\":\"https:\/\/creativityshop.eu\/shop\/\"},{\"@type\":\"ListItem\",\"position\":3,\"name\":\"TOHO Round Seed Beads 11\/0 Silver-Lined Milky Light Jonquil TR-11-2125\"}]},{\"@type\":\"WebSite\",\"@id\":\"https:\/\/creativityshop.eu\/pl\/#website\",\"url\":\"https:\/\/creativityshop.eu\/pl\/\",\"name\":\"CreativityShopEU\",\"description\":\"Embroidery and jewelry components\",\"publisher\":{\"@id\":\"https:\/\/creativityshop.eu\/pl\/#organization\"},\"potentialAction\":[{\"@type\":\"SearchAction\",\"target\":{\"@type\":\"EntryPoint\",\"urlTemplate\":\"https:\/\/creativityshop.eu\/pl\/?s={search_term_string}\"},\"query-input\":{\"@type\":\"PropertyValueSpecification\",\"valueRequired\":true,\"valueName\":\"search_term_string\"}}],\"inLanguage\":\"pl-PL\"},{\"@type\":\"Organization\",\"@id\":\"https:\/\/creativityshop.eu\/pl\/#organization\",\"name\":\"Creativity Shop OU\",\"url\":\"https:\/\/creativityshop.eu\/pl\/\",\"logo\":{\"@type\":\"ImageObject\",\"inLanguage\":\"pl-PL\",\"@id\":\"https:\/\/creativityshop.eu\/pl\/#\/schema\/logo\/image\/\",\"url\":\"https:\/\/creativityshop.eu\/wp-content\/uploads\/2018\/11\/creativity_shop_logosite2.png\",\"contentUrl\":\"https:\/\/creativityshop.eu\/wp-content\/uploads\/2018\/11\/creativity_shop_logosite2.png\",\"width\":2871,\"height\":1100,\"caption\":\"Creativity Shop OU\"},\"image\":{\"@id\":\"https:\/\/creativityshop.eu\/pl\/#\/schema\/logo\/image\/\"}}]}<\/script>\n<meta property=\"product:price:amount\" content=\"0.97\" \/>\n<meta property=\"product:price:currency\" content=\"EUR\" \/>\n<meta property=\"og:availability\" content=\"instock\" \/>\n<meta property=\"product:availability\" content=\"instock\" \/>\n<meta property=\"product:retailer_item_id\" content=\"TR-11-2125\" \/>\n<meta property=\"product:condition\" content=\"new\" \/>\n<!-- \/ Yoast SEO Premium plugin. -->","yoast_head_json":{"title":"TOHO Round Seed Beads 11\/0 Silver-Lined Milky Light Jonquil TR-11-2125 - CreativityShopEU","robots":{"index":"noindex","follow":"follow"},"og_locale":"pl_PL","og_type":"article","og_title":"TOHO Round Seed Beads 11\/0 Silver-Lined Milky Light Jonquil TR-11-2125","og_description":"TOHO round seed beads TR-11-2125 Color: Silver-Lined Milky Light Jonquil Size: 11\/0 Hole size: 0.8 mm Made in: Japan Price for 10 g","og_url":"https:\/\/creativityshop.eu\/pl\/product\/toho-round-seed-beads-11-0-silver-lined-milky-light-jonquil-tr-11-2125\/","og_site_name":"CreativityShopEU","article_modified_time":"2024-03-10T19:32:24+00:00","og_image":[{"width":768,"height":768,"url":"https:\/\/creativityshop.eu\/wp-content\/uploads\/2021\/10\/toho-seed-beads-tr-11-2125.jpg","type":"image\/jpeg"}],"twitter_card":"summary_large_image","twitter_misc":{"Cena":"&euro;0.97","Dost\u0119pno\u015b\u0107":"Dost\u0119pny"},"schema":{"@context":"https:\/\/schema.org","@graph":[{"@type":"WebPage","@id":"https:\/\/creativityshop.eu\/pl\/product\/toho-round-seed-beads-11-0-silver-lined-milky-light-jonquil-tr-11-2125\/","url":"https:\/\/creativityshop.eu\/pl\/product\/toho-round-seed-beads-11-0-silver-lined-milky-light-jonquil-tr-11-2125\/","name":"TOHO Round Seed Beads 11\/0 Silver-Lined Milky Light Jonquil TR-11-2125 - CreativityShopEU","isPartOf":{"@id":"https:\/\/creativityshop.eu\/pl\/#website"},"primaryImageOfPage":{"@id":"https:\/\/creativityshop.eu\/pl\/product\/toho-round-seed-beads-11-0-silver-lined-milky-light-jonquil-tr-11-2125\/#primaryimage"},"image":{"@id":"https:\/\/creativityshop.eu\/pl\/product\/toho-round-seed-beads-11-0-silver-lined-milky-light-jonquil-tr-11-2125\/#primaryimage"},"thumbnailUrl":"https:\/\/creativityshop.eu\/wp-content\/uploads\/2021\/10\/toho-seed-beads-tr-11-2125.jpg","datePublished":"2021-10-19T15:39:48+00:00","dateModified":"2024-03-10T19:32:24+00:00","breadcrumb":{"@id":"https:\/\/creativityshop.eu\/pl\/product\/toho-round-seed-beads-11-0-silver-lined-milky-light-jonquil-tr-11-2125\/#breadcrumb"},"inLanguage":"pl-PL","potentialAction":[{"@type":"ReadAction","target":["https:\/\/creativityshop.eu\/pl\/product\/toho-round-seed-beads-11-0-silver-lined-milky-light-jonquil-tr-11-2125\/"]}]},{"@type":"ImageObject","inLanguage":"pl-PL","@id":"https:\/\/creativityshop.eu\/pl\/product\/toho-round-seed-beads-11-0-silver-lined-milky-light-jonquil-tr-11-2125\/#primaryimage","url":"https:\/\/creativityshop.eu\/wp-content\/uploads\/2021\/10\/toho-seed-beads-tr-11-2125.jpg","contentUrl":"https:\/\/creativityshop.eu\/wp-content\/uploads\/2021\/10\/toho-seed-beads-tr-11-2125.jpg","width":768,"height":768,"caption":"Toho seed beads : Silver-Lined Milky Lt Jonquil TR-11-2125"},{"@type":"BreadcrumbList","@id":"https:\/\/creativityshop.eu\/pl\/product\/toho-round-seed-beads-11-0-silver-lined-milky-light-jonquil-tr-11-2125\/#breadcrumb","itemListElement":[{"@type":"ListItem","position":1,"name":"Home","item":"https:\/\/creativityshop.eu\/pl\/"},{"@type":"ListItem","position":2,"name":"Shop","item":"https:\/\/creativityshop.eu\/shop\/"},{"@type":"ListItem","position":3,"name":"TOHO Round Seed Beads 11\/0 Silver-Lined Milky Light Jonquil TR-11-2125"}]},{"@type":"WebSite","@id":"https:\/\/creativityshop.eu\/pl\/#website","url":"https:\/\/creativityshop.eu\/pl\/","name":"CreativityShopEU","description":"Embroidery and jewelry components","publisher":{"@id":"https:\/\/creativityshop.eu\/pl\/#organization"},"potentialAction":[{"@type":"SearchAction","target":{"@type":"EntryPoint","urlTemplate":"https:\/\/creativityshop.eu\/pl\/?s={search_term_string}"},"query-input":{"@type":"PropertyValueSpecification","valueRequired":true,"valueName":"search_term_string"}}],"inLanguage":"pl-PL"},{"@type":"Organization","@id":"https:\/\/creativityshop.eu\/pl\/#organization","name":"Creativity Shop OU","url":"https:\/\/creativityshop.eu\/pl\/","logo":{"@type":"ImageObject","inLanguage":"pl-PL","@id":"https:\/\/creativityshop.eu\/pl\/#\/schema\/logo\/image\/","url":"https:\/\/creativityshop.eu\/wp-content\/uploads\/2018\/11\/creativity_shop_logosite2.png","contentUrl":"https:\/\/creativityshop.eu\/wp-content\/uploads\/2018\/11\/creativity_shop_logosite2.png","width":2871,"height":1100,"caption":"Creativity Shop OU"},"image":{"@id":"https:\/\/creativityshop.eu\/pl\/#\/schema\/logo\/image\/"}}]},"product_price_amount":"0.97","product_price_currency":"EUR","og_availability":"instock","product_availability":"instock","product_retailer_item_id":"TR-11-2125","product_condition":"new"},"_links":{"self":[{"href":"https:\/\/creativityshop.eu\/pl\/wp-json\/wp\/v2\/product\/26598","targetHints":{"allow":["GET"]}}],"collection":[{"href":"https:\/\/creativityshop.eu\/pl\/wp-json\/wp\/v2\/product"}],"about":[{"href":"https:\/\/creativityshop.eu\/pl\/wp-json\/wp\/v2\/types\/product"}],"wp:featuredmedia":[{"embeddable":true,"href":"https:\/\/creativityshop.eu\/pl\/wp-json\/wp\/v2\/media\/26535"}],"wp:attachment":[{"href":"https:\/\/creativityshop.eu\/pl\/wp-json\/wp\/v2\/media?parent=26598"}],"wp:term":[{"taxonomy":"product_brand","embeddable":true,"href":"https:\/\/creativityshop.eu\/pl\/wp-json\/wp\/v2\/product_brand?post=26598"},{"taxonomy":"product_cat","embeddable":true,"href":"https:\/\/creativityshop.eu\/pl\/wp-json\/wp\/v2\/product_cat?post=26598"},{"taxonomy":"product_tag","embeddable":true,"href":"https:\/\/creativityshop.eu\/pl\/wp-json\/wp\/v2\/product_tag?post=26598"}],"curies":[{"name":"wp","href":"https:\/\/api.w.org\/{rel}","templated":true}]}}