{"id":26140,"date":"2021-09-12T19:25:35","date_gmt":"2021-09-12T16:25:35","guid":{"rendered":"https:\/\/creativityshop.eu\/?post_type=product&#038;p=26140"},"modified":"2024-05-14T00:00:30","modified_gmt":"2024-05-13T21:00:30","slug":"matubo-miniduo-beads-opaque-turquoise-4x2-5mm-pb307-0204-63130","status":"publish","type":"product","link":"https:\/\/creativityshop.eu\/pl\/product\/matubo-miniduo-beads-opaque-turquoise-4x2-5mm-pb307-0204-63130\/","title":{"rendered":"Matubo MiniDuo Beads, Opaque Turquoise, 4&#215;2.5mm, PB307-0204-63130"},"content":{"rendered":"<p><strong>Matubo MiniDuo Beads PB307-0204-63130<\/strong><br \/>\nColor: Opaque Turquoise<br \/>\nSize: 4&#215;2.5mm<br \/>\nHoles size: 0.6mm<br \/>\nMade in: Czech Republic<br \/>\nPrice for 5 grams (app. 105 pcs)<\/p>\n<p>The size and positioning of Czech MiniDuo beads&#8217; holes means that MiniDuo beads can be used in many different beadwork designs and beading patterns. Use MiniDuo beads to descale bracelet and necklace patterns to your taste. Use them in woven seed bead designs, floral motifs, bead embroidery, and more. Choose from the range of colors of Matubo MiniDuo beads on www.creativityshop.eu<\/p>\n<p>Product images are for illustrative purposes only and may differ from the actual product. Due to differences in monitors and lightening, colors of products may also appear different to those shown on the site.<\/p>\n","protected":false},"excerpt":{"rendered":"<p><strong>Matubo MiniDuo Beads PB307-0204-63130<\/strong><br \/>\nColor: Opaque Turquoise<br \/>\nSize: 4&#215;2.5mm<br \/>\nHoles size: 0.6mm<br \/>\nMade in: Czech Republic<br \/>\nPrice for 5 grams (app. 105 pcs)<\/p>\n","protected":false},"featured_media":25969,"template":"","meta":{"_acf_changed":false,"_exactmetrics_skip_tracking":false,"_exactmetrics_sitenote_active":false,"_exactmetrics_sitenote_note":"","_exactmetrics_sitenote_category":0},"product_brand":[],"product_cat":[420,957],"product_tag":[],"class_list":{"0":"post-26140","1":"product","2":"type-product","3":"status-publish","4":"has-post-thumbnail","6":"product_cat-beads","7":"product_cat-matubo-miniduo","9":"first","10":"instock","11":"taxable","12":"shipping-taxable","13":"purchasable","14":"product-type-simple","15":"add-to-wishlist-after_add_to_cart"},"acf":[],"yoast_head":"<!-- This site is optimized with the Yoast SEO Premium plugin v27.0 (Yoast SEO v27.0) - https:\/\/yoast.com\/product\/yoast-seo-premium-wordpress\/ -->\n<title>Matubo MiniDuo Beads, Opaque Turquoise, 4x2.5mm, PB307-0204-63130 - CreativityShopEU<\/title>\n<meta name=\"robots\" content=\"noindex, follow\" \/>\n<meta property=\"og:locale\" content=\"pl_PL\" \/>\n<meta property=\"og:type\" content=\"article\" \/>\n<meta property=\"og:title\" content=\"Matubo MiniDuo Beads, Opaque Turquoise, 4x2.5mm, PB307-0204-63130\" \/>\n<meta property=\"og:description\" content=\"Matubo MiniDuo Beads PB307-0204-63130 Color: Opaque Turquoise Size: 4x2.5mm Holes size: 0.6mm Made in: Czech Republic Price for 5 grams (app. 105 pcs)\" \/>\n<meta property=\"og:url\" content=\"https:\/\/creativityshop.eu\/pl\/product\/matubo-miniduo-beads-opaque-turquoise-4x2-5mm-pb307-0204-63130\/\" \/>\n<meta property=\"og:site_name\" content=\"CreativityShopEU\" \/>\n<meta property=\"article:modified_time\" content=\"2024-05-13T21:00:30+00:00\" \/>\n<meta property=\"og:image\" content=\"https:\/\/creativityshop.eu\/wp-content\/uploads\/2021\/09\/pb307-0204-63130-miniduo-4-x-2.5mm-loose-opaque-turquoise-2.jpg\" \/>\n\t<meta property=\"og:image:width\" content=\"768\" \/>\n\t<meta property=\"og:image:height\" content=\"768\" \/>\n\t<meta property=\"og:image:type\" content=\"image\/jpeg\" \/>\n<meta name=\"twitter:card\" content=\"summary_large_image\" \/>\n<meta name=\"twitter:label1\" content=\"Cena\" \/>\n\t<meta name=\"twitter:data1\" content=\"&euro;1.11\" \/>\n\t<meta name=\"twitter:label2\" content=\"Dost\u0119pno\u015b\u0107\" \/>\n\t<meta name=\"twitter:data2\" content=\"Dost\u0119pny\" \/>\n<script type=\"application\/ld+json\" class=\"yoast-schema-graph\">{\"@context\":\"https:\/\/schema.org\",\"@graph\":[{\"@type\":\"WebPage\",\"@id\":\"https:\/\/creativityshop.eu\/pl\/product\/matubo-miniduo-beads-opaque-turquoise-4x2-5mm-pb307-0204-63130\/\",\"url\":\"https:\/\/creativityshop.eu\/pl\/product\/matubo-miniduo-beads-opaque-turquoise-4x2-5mm-pb307-0204-63130\/\",\"name\":\"Matubo MiniDuo Beads, Opaque Turquoise, 4x2.5mm, PB307-0204-63130 - CreativityShopEU\",\"isPartOf\":{\"@id\":\"https:\/\/creativityshop.eu\/pl\/#website\"},\"primaryImageOfPage\":{\"@id\":\"https:\/\/creativityshop.eu\/pl\/product\/matubo-miniduo-beads-opaque-turquoise-4x2-5mm-pb307-0204-63130\/#primaryimage\"},\"image\":{\"@id\":\"https:\/\/creativityshop.eu\/pl\/product\/matubo-miniduo-beads-opaque-turquoise-4x2-5mm-pb307-0204-63130\/#primaryimage\"},\"thumbnailUrl\":\"https:\/\/creativityshop.eu\/wp-content\/uploads\/2021\/09\/pb307-0204-63130-miniduo-4-x-2.5mm-loose-opaque-turquoise-2.jpg\",\"datePublished\":\"2021-09-12T16:25:35+00:00\",\"dateModified\":\"2024-05-13T21:00:30+00:00\",\"breadcrumb\":{\"@id\":\"https:\/\/creativityshop.eu\/pl\/product\/matubo-miniduo-beads-opaque-turquoise-4x2-5mm-pb307-0204-63130\/#breadcrumb\"},\"inLanguage\":\"pl-PL\",\"potentialAction\":[{\"@type\":\"ReadAction\",\"target\":[\"https:\/\/creativityshop.eu\/pl\/product\/matubo-miniduo-beads-opaque-turquoise-4x2-5mm-pb307-0204-63130\/\"]}]},{\"@type\":\"ImageObject\",\"inLanguage\":\"pl-PL\",\"@id\":\"https:\/\/creativityshop.eu\/pl\/product\/matubo-miniduo-beads-opaque-turquoise-4x2-5mm-pb307-0204-63130\/#primaryimage\",\"url\":\"https:\/\/creativityshop.eu\/wp-content\/uploads\/2021\/09\/pb307-0204-63130-miniduo-4-x-2.5mm-loose-opaque-turquoise-2.jpg\",\"contentUrl\":\"https:\/\/creativityshop.eu\/wp-content\/uploads\/2021\/09\/pb307-0204-63130-miniduo-4-x-2.5mm-loose-opaque-turquoise-2.jpg\",\"width\":768,\"height\":768,\"caption\":\"PB307-0204-63130 MiniDuo 4 x 2.5mm (loose) Opaque Turquoise\"},{\"@type\":\"BreadcrumbList\",\"@id\":\"https:\/\/creativityshop.eu\/pl\/product\/matubo-miniduo-beads-opaque-turquoise-4x2-5mm-pb307-0204-63130\/#breadcrumb\",\"itemListElement\":[{\"@type\":\"ListItem\",\"position\":1,\"name\":\"Home\",\"item\":\"https:\/\/creativityshop.eu\/pl\/\"},{\"@type\":\"ListItem\",\"position\":2,\"name\":\"Shop\",\"item\":\"https:\/\/creativityshop.eu\/shop\/\"},{\"@type\":\"ListItem\",\"position\":3,\"name\":\"Matubo MiniDuo Beads, Opaque Turquoise, 4&#215;2.5mm, PB307-0204-63130\"}]},{\"@type\":\"WebSite\",\"@id\":\"https:\/\/creativityshop.eu\/pl\/#website\",\"url\":\"https:\/\/creativityshop.eu\/pl\/\",\"name\":\"CreativityShopEU\",\"description\":\"Embroidery and jewelry components\",\"publisher\":{\"@id\":\"https:\/\/creativityshop.eu\/pl\/#organization\"},\"potentialAction\":[{\"@type\":\"SearchAction\",\"target\":{\"@type\":\"EntryPoint\",\"urlTemplate\":\"https:\/\/creativityshop.eu\/pl\/?s={search_term_string}\"},\"query-input\":{\"@type\":\"PropertyValueSpecification\",\"valueRequired\":true,\"valueName\":\"search_term_string\"}}],\"inLanguage\":\"pl-PL\"},{\"@type\":\"Organization\",\"@id\":\"https:\/\/creativityshop.eu\/pl\/#organization\",\"name\":\"Creativity Shop OU\",\"url\":\"https:\/\/creativityshop.eu\/pl\/\",\"logo\":{\"@type\":\"ImageObject\",\"inLanguage\":\"pl-PL\",\"@id\":\"https:\/\/creativityshop.eu\/pl\/#\/schema\/logo\/image\/\",\"url\":\"https:\/\/creativityshop.eu\/wp-content\/uploads\/2018\/11\/creativity_shop_logosite2.png\",\"contentUrl\":\"https:\/\/creativityshop.eu\/wp-content\/uploads\/2018\/11\/creativity_shop_logosite2.png\",\"width\":2871,\"height\":1100,\"caption\":\"Creativity Shop OU\"},\"image\":{\"@id\":\"https:\/\/creativityshop.eu\/pl\/#\/schema\/logo\/image\/\"}}]}<\/script>\n<meta property=\"product:price:amount\" content=\"1.11\" \/>\n<meta property=\"product:price:currency\" content=\"EUR\" \/>\n<meta property=\"og:availability\" content=\"instock\" \/>\n<meta property=\"product:availability\" content=\"instock\" \/>\n<meta property=\"product:retailer_item_id\" content=\"PB307-0204-63130\" \/>\n<meta property=\"product:condition\" content=\"new\" \/>\n<!-- \/ Yoast SEO Premium plugin. -->","yoast_head_json":{"title":"Matubo MiniDuo Beads, Opaque Turquoise, 4x2.5mm, PB307-0204-63130 - CreativityShopEU","robots":{"index":"noindex","follow":"follow"},"og_locale":"pl_PL","og_type":"article","og_title":"Matubo MiniDuo Beads, Opaque Turquoise, 4x2.5mm, PB307-0204-63130","og_description":"Matubo MiniDuo Beads PB307-0204-63130 Color: Opaque Turquoise Size: 4x2.5mm Holes size: 0.6mm Made in: Czech Republic Price for 5 grams (app. 105 pcs)","og_url":"https:\/\/creativityshop.eu\/pl\/product\/matubo-miniduo-beads-opaque-turquoise-4x2-5mm-pb307-0204-63130\/","og_site_name":"CreativityShopEU","article_modified_time":"2024-05-13T21:00:30+00:00","og_image":[{"width":768,"height":768,"url":"https:\/\/creativityshop.eu\/wp-content\/uploads\/2021\/09\/pb307-0204-63130-miniduo-4-x-2.5mm-loose-opaque-turquoise-2.jpg","type":"image\/jpeg"}],"twitter_card":"summary_large_image","twitter_misc":{"Cena":"&euro;1.11","Dost\u0119pno\u015b\u0107":"Dost\u0119pny"},"schema":{"@context":"https:\/\/schema.org","@graph":[{"@type":"WebPage","@id":"https:\/\/creativityshop.eu\/pl\/product\/matubo-miniduo-beads-opaque-turquoise-4x2-5mm-pb307-0204-63130\/","url":"https:\/\/creativityshop.eu\/pl\/product\/matubo-miniduo-beads-opaque-turquoise-4x2-5mm-pb307-0204-63130\/","name":"Matubo MiniDuo Beads, Opaque Turquoise, 4x2.5mm, PB307-0204-63130 - CreativityShopEU","isPartOf":{"@id":"https:\/\/creativityshop.eu\/pl\/#website"},"primaryImageOfPage":{"@id":"https:\/\/creativityshop.eu\/pl\/product\/matubo-miniduo-beads-opaque-turquoise-4x2-5mm-pb307-0204-63130\/#primaryimage"},"image":{"@id":"https:\/\/creativityshop.eu\/pl\/product\/matubo-miniduo-beads-opaque-turquoise-4x2-5mm-pb307-0204-63130\/#primaryimage"},"thumbnailUrl":"https:\/\/creativityshop.eu\/wp-content\/uploads\/2021\/09\/pb307-0204-63130-miniduo-4-x-2.5mm-loose-opaque-turquoise-2.jpg","datePublished":"2021-09-12T16:25:35+00:00","dateModified":"2024-05-13T21:00:30+00:00","breadcrumb":{"@id":"https:\/\/creativityshop.eu\/pl\/product\/matubo-miniduo-beads-opaque-turquoise-4x2-5mm-pb307-0204-63130\/#breadcrumb"},"inLanguage":"pl-PL","potentialAction":[{"@type":"ReadAction","target":["https:\/\/creativityshop.eu\/pl\/product\/matubo-miniduo-beads-opaque-turquoise-4x2-5mm-pb307-0204-63130\/"]}]},{"@type":"ImageObject","inLanguage":"pl-PL","@id":"https:\/\/creativityshop.eu\/pl\/product\/matubo-miniduo-beads-opaque-turquoise-4x2-5mm-pb307-0204-63130\/#primaryimage","url":"https:\/\/creativityshop.eu\/wp-content\/uploads\/2021\/09\/pb307-0204-63130-miniduo-4-x-2.5mm-loose-opaque-turquoise-2.jpg","contentUrl":"https:\/\/creativityshop.eu\/wp-content\/uploads\/2021\/09\/pb307-0204-63130-miniduo-4-x-2.5mm-loose-opaque-turquoise-2.jpg","width":768,"height":768,"caption":"PB307-0204-63130 MiniDuo 4 x 2.5mm (loose) Opaque Turquoise"},{"@type":"BreadcrumbList","@id":"https:\/\/creativityshop.eu\/pl\/product\/matubo-miniduo-beads-opaque-turquoise-4x2-5mm-pb307-0204-63130\/#breadcrumb","itemListElement":[{"@type":"ListItem","position":1,"name":"Home","item":"https:\/\/creativityshop.eu\/pl\/"},{"@type":"ListItem","position":2,"name":"Shop","item":"https:\/\/creativityshop.eu\/shop\/"},{"@type":"ListItem","position":3,"name":"Matubo MiniDuo Beads, Opaque Turquoise, 4&#215;2.5mm, PB307-0204-63130"}]},{"@type":"WebSite","@id":"https:\/\/creativityshop.eu\/pl\/#website","url":"https:\/\/creativityshop.eu\/pl\/","name":"CreativityShopEU","description":"Embroidery and jewelry components","publisher":{"@id":"https:\/\/creativityshop.eu\/pl\/#organization"},"potentialAction":[{"@type":"SearchAction","target":{"@type":"EntryPoint","urlTemplate":"https:\/\/creativityshop.eu\/pl\/?s={search_term_string}"},"query-input":{"@type":"PropertyValueSpecification","valueRequired":true,"valueName":"search_term_string"}}],"inLanguage":"pl-PL"},{"@type":"Organization","@id":"https:\/\/creativityshop.eu\/pl\/#organization","name":"Creativity Shop OU","url":"https:\/\/creativityshop.eu\/pl\/","logo":{"@type":"ImageObject","inLanguage":"pl-PL","@id":"https:\/\/creativityshop.eu\/pl\/#\/schema\/logo\/image\/","url":"https:\/\/creativityshop.eu\/wp-content\/uploads\/2018\/11\/creativity_shop_logosite2.png","contentUrl":"https:\/\/creativityshop.eu\/wp-content\/uploads\/2018\/11\/creativity_shop_logosite2.png","width":2871,"height":1100,"caption":"Creativity Shop OU"},"image":{"@id":"https:\/\/creativityshop.eu\/pl\/#\/schema\/logo\/image\/"}}]},"product_price_amount":"1.11","product_price_currency":"EUR","og_availability":"instock","product_availability":"instock","product_retailer_item_id":"PB307-0204-63130","product_condition":"new"},"_links":{"self":[{"href":"https:\/\/creativityshop.eu\/pl\/wp-json\/wp\/v2\/product\/26140","targetHints":{"allow":["GET"]}}],"collection":[{"href":"https:\/\/creativityshop.eu\/pl\/wp-json\/wp\/v2\/product"}],"about":[{"href":"https:\/\/creativityshop.eu\/pl\/wp-json\/wp\/v2\/types\/product"}],"wp:featuredmedia":[{"embeddable":true,"href":"https:\/\/creativityshop.eu\/pl\/wp-json\/wp\/v2\/media\/25969"}],"wp:attachment":[{"href":"https:\/\/creativityshop.eu\/pl\/wp-json\/wp\/v2\/media?parent=26140"}],"wp:term":[{"taxonomy":"product_brand","embeddable":true,"href":"https:\/\/creativityshop.eu\/pl\/wp-json\/wp\/v2\/product_brand?post=26140"},{"taxonomy":"product_cat","embeddable":true,"href":"https:\/\/creativityshop.eu\/pl\/wp-json\/wp\/v2\/product_cat?post=26140"},{"taxonomy":"product_tag","embeddable":true,"href":"https:\/\/creativityshop.eu\/pl\/wp-json\/wp\/v2\/product_tag?post=26140"}],"curies":[{"name":"wp","href":"https:\/\/api.w.org\/{rel}","templated":true}]}}