{"id":25512,"date":"2021-08-09T10:48:09","date_gmt":"2021-08-09T07:48:09","guid":{"rendered":"https:\/\/creativityshop.eu\/?post_type=product&#038;p=25512"},"modified":"2024-02-14T00:33:47","modified_gmt":"2024-02-13T21:33:47","slug":"jump-rings-silver-7mm-deluxe-pack-of-10","status":"publish","type":"product","link":"https:\/\/creativityshop.eu\/pl\/product\/jump-rings-silver-7mm-deluxe-pack-of-10\/","title":{"rendered":"Jump Rings: Silver, 7mm, Deluxe, Pack of 10"},"content":{"rendered":"<p>Silver-colored\/plated brass jump rings from the Trimits range of jewelry findings include the most popular items in various finishes.<\/p>\n<p>Product images are for illustrative purposes only and may differ from the actual product. Due to differences in monitors and lighting, the colors of products may also appear different from those shown on the site.<\/p>\n","protected":false},"excerpt":{"rendered":"<p><strong>High-Quality Jump Rings, pack of 10 pcs<\/strong><\/p>\n<p>Plating Color: Silver<br \/>\nMaterial: Brass<br \/>\nSize: 7mm<br \/>\nBrand: Trimits<br \/>\nPrice for 1 pack (10 pcs)<\/p>\n","protected":false},"featured_media":25472,"template":"","meta":{"_acf_changed":false,"_exactmetrics_skip_tracking":false,"_exactmetrics_sitenote_active":false,"_exactmetrics_sitenote_note":"","_exactmetrics_sitenote_category":0},"product_brand":[],"product_cat":[43,417],"product_tag":[],"class_list":{"0":"post-25512","1":"product","2":"type-product","3":"status-publish","4":"has-post-thumbnail","6":"product_cat-jewelry-components","7":"product_cat-jump-amp-split-rings","9":"first","10":"instock","11":"taxable","12":"shipping-taxable","13":"purchasable","14":"product-type-simple","15":"add-to-wishlist-after_add_to_cart"},"acf":[],"yoast_head":"<!-- This site is optimized with the Yoast SEO Premium plugin v27.0 (Yoast SEO v27.0) - https:\/\/yoast.com\/product\/yoast-seo-premium-wordpress\/ -->\n<title>Jump Rings: Silver, 7mm, Deluxe, Pack of 10 - CreativityShopEU<\/title>\n<meta name=\"robots\" content=\"noindex, follow\" \/>\n<meta property=\"og:locale\" content=\"pl_PL\" \/>\n<meta property=\"og:type\" content=\"article\" \/>\n<meta property=\"og:title\" content=\"Jump Rings: Silver, 7mm, Deluxe, Pack of 10\" \/>\n<meta property=\"og:description\" content=\"High-Quality Jump Rings, pack of 10 pcs  Plating Color: Silver Material: Brass Size: 7mm Brand: Trimits Price for 1 pack (10 pcs)\" \/>\n<meta property=\"og:url\" content=\"https:\/\/creativityshop.eu\/pl\/product\/jump-rings-silver-7mm-deluxe-pack-of-10\/\" \/>\n<meta property=\"og:site_name\" content=\"CreativityShopEU\" \/>\n<meta property=\"article:modified_time\" content=\"2024-02-13T21:33:47+00:00\" \/>\n<meta property=\"og:image\" content=\"https:\/\/creativityshop.eu\/wp-content\/uploads\/2021\/08\/tdf14-deluxe-jump-rings-silver-plated-7mm-3-packs-of-20.jpg\" \/>\n\t<meta property=\"og:image:width\" content=\"768\" \/>\n\t<meta property=\"og:image:height\" content=\"768\" \/>\n\t<meta property=\"og:image:type\" content=\"image\/jpeg\" \/>\n<meta name=\"twitter:card\" content=\"summary_large_image\" \/>\n<meta name=\"twitter:label1\" content=\"Cena\" \/>\n\t<meta name=\"twitter:data1\" content=\"&euro;1.07\" \/>\n\t<meta name=\"twitter:label2\" content=\"Dost\u0119pno\u015b\u0107\" \/>\n\t<meta name=\"twitter:data2\" content=\"Dost\u0119pny\" \/>\n<script type=\"application\/ld+json\" class=\"yoast-schema-graph\">{\"@context\":\"https:\/\/schema.org\",\"@graph\":[{\"@type\":\"WebPage\",\"@id\":\"https:\/\/creativityshop.eu\/pl\/product\/jump-rings-silver-7mm-deluxe-pack-of-10\/\",\"url\":\"https:\/\/creativityshop.eu\/pl\/product\/jump-rings-silver-7mm-deluxe-pack-of-10\/\",\"name\":\"Jump Rings: Silver, 7mm, Deluxe, Pack of 10 - CreativityShopEU\",\"isPartOf\":{\"@id\":\"https:\/\/creativityshop.eu\/pl\/#website\"},\"primaryImageOfPage\":{\"@id\":\"https:\/\/creativityshop.eu\/pl\/product\/jump-rings-silver-7mm-deluxe-pack-of-10\/#primaryimage\"},\"image\":{\"@id\":\"https:\/\/creativityshop.eu\/pl\/product\/jump-rings-silver-7mm-deluxe-pack-of-10\/#primaryimage\"},\"thumbnailUrl\":\"https:\/\/creativityshop.eu\/wp-content\/uploads\/2021\/08\/tdf14-deluxe-jump-rings-silver-plated-7mm-3-packs-of-20.jpg\",\"datePublished\":\"2021-08-09T07:48:09+00:00\",\"dateModified\":\"2024-02-13T21:33:47+00:00\",\"breadcrumb\":{\"@id\":\"https:\/\/creativityshop.eu\/pl\/product\/jump-rings-silver-7mm-deluxe-pack-of-10\/#breadcrumb\"},\"inLanguage\":\"pl-PL\",\"potentialAction\":[{\"@type\":\"ReadAction\",\"target\":[\"https:\/\/creativityshop.eu\/pl\/product\/jump-rings-silver-7mm-deluxe-pack-of-10\/\"]}]},{\"@type\":\"ImageObject\",\"inLanguage\":\"pl-PL\",\"@id\":\"https:\/\/creativityshop.eu\/pl\/product\/jump-rings-silver-7mm-deluxe-pack-of-10\/#primaryimage\",\"url\":\"https:\/\/creativityshop.eu\/wp-content\/uploads\/2021\/08\/tdf14-deluxe-jump-rings-silver-plated-7mm-3-packs-of-20.jpg\",\"contentUrl\":\"https:\/\/creativityshop.eu\/wp-content\/uploads\/2021\/08\/tdf14-deluxe-jump-rings-silver-plated-7mm-3-packs-of-20.jpg\",\"width\":768,\"height\":768,\"caption\":\"TDF14 Deluxe Jump Rings Silver Plated 7mm 3 Packs of 20\"},{\"@type\":\"BreadcrumbList\",\"@id\":\"https:\/\/creativityshop.eu\/pl\/product\/jump-rings-silver-7mm-deluxe-pack-of-10\/#breadcrumb\",\"itemListElement\":[{\"@type\":\"ListItem\",\"position\":1,\"name\":\"Home\",\"item\":\"https:\/\/creativityshop.eu\/pl\/\"},{\"@type\":\"ListItem\",\"position\":2,\"name\":\"Shop\",\"item\":\"https:\/\/creativityshop.eu\/shop\/\"},{\"@type\":\"ListItem\",\"position\":3,\"name\":\"Jump Rings: Silver, 7mm, Deluxe, Pack of 10\"}]},{\"@type\":\"WebSite\",\"@id\":\"https:\/\/creativityshop.eu\/pl\/#website\",\"url\":\"https:\/\/creativityshop.eu\/pl\/\",\"name\":\"CreativityShopEU\",\"description\":\"Embroidery and jewelry components\",\"publisher\":{\"@id\":\"https:\/\/creativityshop.eu\/pl\/#organization\"},\"potentialAction\":[{\"@type\":\"SearchAction\",\"target\":{\"@type\":\"EntryPoint\",\"urlTemplate\":\"https:\/\/creativityshop.eu\/pl\/?s={search_term_string}\"},\"query-input\":{\"@type\":\"PropertyValueSpecification\",\"valueRequired\":true,\"valueName\":\"search_term_string\"}}],\"inLanguage\":\"pl-PL\"},{\"@type\":\"Organization\",\"@id\":\"https:\/\/creativityshop.eu\/pl\/#organization\",\"name\":\"Creativity Shop OU\",\"url\":\"https:\/\/creativityshop.eu\/pl\/\",\"logo\":{\"@type\":\"ImageObject\",\"inLanguage\":\"pl-PL\",\"@id\":\"https:\/\/creativityshop.eu\/pl\/#\/schema\/logo\/image\/\",\"url\":\"https:\/\/creativityshop.eu\/wp-content\/uploads\/2018\/11\/creativity_shop_logosite2.png\",\"contentUrl\":\"https:\/\/creativityshop.eu\/wp-content\/uploads\/2018\/11\/creativity_shop_logosite2.png\",\"width\":2871,\"height\":1100,\"caption\":\"Creativity Shop OU\"},\"image\":{\"@id\":\"https:\/\/creativityshop.eu\/pl\/#\/schema\/logo\/image\/\"}}]}<\/script>\n<meta property=\"product:price:amount\" content=\"1.07\" \/>\n<meta property=\"product:price:currency\" content=\"EUR\" \/>\n<meta property=\"og:availability\" content=\"instock\" \/>\n<meta property=\"product:availability\" content=\"instock\" \/>\n<meta property=\"product:retailer_item_id\" content=\"TDF14\" \/>\n<meta property=\"product:condition\" content=\"new\" \/>\n<!-- \/ Yoast SEO Premium plugin. -->","yoast_head_json":{"title":"Jump Rings: Silver, 7mm, Deluxe, Pack of 10 - CreativityShopEU","robots":{"index":"noindex","follow":"follow"},"og_locale":"pl_PL","og_type":"article","og_title":"Jump Rings: Silver, 7mm, Deluxe, Pack of 10","og_description":"High-Quality Jump Rings, pack of 10 pcs  Plating Color: Silver Material: Brass Size: 7mm Brand: Trimits Price for 1 pack (10 pcs)","og_url":"https:\/\/creativityshop.eu\/pl\/product\/jump-rings-silver-7mm-deluxe-pack-of-10\/","og_site_name":"CreativityShopEU","article_modified_time":"2024-02-13T21:33:47+00:00","og_image":[{"width":768,"height":768,"url":"https:\/\/creativityshop.eu\/wp-content\/uploads\/2021\/08\/tdf14-deluxe-jump-rings-silver-plated-7mm-3-packs-of-20.jpg","type":"image\/jpeg"}],"twitter_card":"summary_large_image","twitter_misc":{"Cena":"&euro;1.07","Dost\u0119pno\u015b\u0107":"Dost\u0119pny"},"schema":{"@context":"https:\/\/schema.org","@graph":[{"@type":"WebPage","@id":"https:\/\/creativityshop.eu\/pl\/product\/jump-rings-silver-7mm-deluxe-pack-of-10\/","url":"https:\/\/creativityshop.eu\/pl\/product\/jump-rings-silver-7mm-deluxe-pack-of-10\/","name":"Jump Rings: Silver, 7mm, Deluxe, Pack of 10 - CreativityShopEU","isPartOf":{"@id":"https:\/\/creativityshop.eu\/pl\/#website"},"primaryImageOfPage":{"@id":"https:\/\/creativityshop.eu\/pl\/product\/jump-rings-silver-7mm-deluxe-pack-of-10\/#primaryimage"},"image":{"@id":"https:\/\/creativityshop.eu\/pl\/product\/jump-rings-silver-7mm-deluxe-pack-of-10\/#primaryimage"},"thumbnailUrl":"https:\/\/creativityshop.eu\/wp-content\/uploads\/2021\/08\/tdf14-deluxe-jump-rings-silver-plated-7mm-3-packs-of-20.jpg","datePublished":"2021-08-09T07:48:09+00:00","dateModified":"2024-02-13T21:33:47+00:00","breadcrumb":{"@id":"https:\/\/creativityshop.eu\/pl\/product\/jump-rings-silver-7mm-deluxe-pack-of-10\/#breadcrumb"},"inLanguage":"pl-PL","potentialAction":[{"@type":"ReadAction","target":["https:\/\/creativityshop.eu\/pl\/product\/jump-rings-silver-7mm-deluxe-pack-of-10\/"]}]},{"@type":"ImageObject","inLanguage":"pl-PL","@id":"https:\/\/creativityshop.eu\/pl\/product\/jump-rings-silver-7mm-deluxe-pack-of-10\/#primaryimage","url":"https:\/\/creativityshop.eu\/wp-content\/uploads\/2021\/08\/tdf14-deluxe-jump-rings-silver-plated-7mm-3-packs-of-20.jpg","contentUrl":"https:\/\/creativityshop.eu\/wp-content\/uploads\/2021\/08\/tdf14-deluxe-jump-rings-silver-plated-7mm-3-packs-of-20.jpg","width":768,"height":768,"caption":"TDF14 Deluxe Jump Rings Silver Plated 7mm 3 Packs of 20"},{"@type":"BreadcrumbList","@id":"https:\/\/creativityshop.eu\/pl\/product\/jump-rings-silver-7mm-deluxe-pack-of-10\/#breadcrumb","itemListElement":[{"@type":"ListItem","position":1,"name":"Home","item":"https:\/\/creativityshop.eu\/pl\/"},{"@type":"ListItem","position":2,"name":"Shop","item":"https:\/\/creativityshop.eu\/shop\/"},{"@type":"ListItem","position":3,"name":"Jump Rings: Silver, 7mm, Deluxe, Pack of 10"}]},{"@type":"WebSite","@id":"https:\/\/creativityshop.eu\/pl\/#website","url":"https:\/\/creativityshop.eu\/pl\/","name":"CreativityShopEU","description":"Embroidery and jewelry components","publisher":{"@id":"https:\/\/creativityshop.eu\/pl\/#organization"},"potentialAction":[{"@type":"SearchAction","target":{"@type":"EntryPoint","urlTemplate":"https:\/\/creativityshop.eu\/pl\/?s={search_term_string}"},"query-input":{"@type":"PropertyValueSpecification","valueRequired":true,"valueName":"search_term_string"}}],"inLanguage":"pl-PL"},{"@type":"Organization","@id":"https:\/\/creativityshop.eu\/pl\/#organization","name":"Creativity Shop OU","url":"https:\/\/creativityshop.eu\/pl\/","logo":{"@type":"ImageObject","inLanguage":"pl-PL","@id":"https:\/\/creativityshop.eu\/pl\/#\/schema\/logo\/image\/","url":"https:\/\/creativityshop.eu\/wp-content\/uploads\/2018\/11\/creativity_shop_logosite2.png","contentUrl":"https:\/\/creativityshop.eu\/wp-content\/uploads\/2018\/11\/creativity_shop_logosite2.png","width":2871,"height":1100,"caption":"Creativity Shop OU"},"image":{"@id":"https:\/\/creativityshop.eu\/pl\/#\/schema\/logo\/image\/"}}]},"product_price_amount":"1.07","product_price_currency":"EUR","og_availability":"instock","product_availability":"instock","product_retailer_item_id":"TDF14","product_condition":"new"},"_links":{"self":[{"href":"https:\/\/creativityshop.eu\/pl\/wp-json\/wp\/v2\/product\/25512","targetHints":{"allow":["GET"]}}],"collection":[{"href":"https:\/\/creativityshop.eu\/pl\/wp-json\/wp\/v2\/product"}],"about":[{"href":"https:\/\/creativityshop.eu\/pl\/wp-json\/wp\/v2\/types\/product"}],"wp:featuredmedia":[{"embeddable":true,"href":"https:\/\/creativityshop.eu\/pl\/wp-json\/wp\/v2\/media\/25472"}],"wp:attachment":[{"href":"https:\/\/creativityshop.eu\/pl\/wp-json\/wp\/v2\/media?parent=25512"}],"wp:term":[{"taxonomy":"product_brand","embeddable":true,"href":"https:\/\/creativityshop.eu\/pl\/wp-json\/wp\/v2\/product_brand?post=25512"},{"taxonomy":"product_cat","embeddable":true,"href":"https:\/\/creativityshop.eu\/pl\/wp-json\/wp\/v2\/product_cat?post=25512"},{"taxonomy":"product_tag","embeddable":true,"href":"https:\/\/creativityshop.eu\/pl\/wp-json\/wp\/v2\/product_tag?post=25512"}],"curies":[{"name":"wp","href":"https:\/\/api.w.org\/{rel}","templated":true}]}}