{"id":25416,"date":"2021-08-08T00:10:01","date_gmt":"2021-08-07T21:10:01","guid":{"rendered":"https:\/\/creativityshop.eu\/?post_type=product&#038;p=25416"},"modified":"2025-11-30T13:56:39","modified_gmt":"2025-11-30T10:56:39","slug":"clip-on-earring-components-silver-gold-plated-1-5-cm","status":"publish","type":"product","link":"https:\/\/creativityshop.eu\/pl\/product\/clip-on-earring-components-silver-gold-plated-1-5-cm\/","title":{"rendered":"Clip On Earring Components, Silver\/Gold Plated, 1.5 cm"},"content":{"rendered":"<p>Silver \/Gold colored brass and rubber ear clips from the Trimits range of jewelry findings include the most popular items in various finishes. Hypoallergenic. No lead.<\/p>\n<p>Product images are for illustrative purposes only and may differ from the actual product. Due to differences in monitors and lighting, the colors of products may also appear different from those shown on the site.<\/p>\n","protected":false},"excerpt":{"rendered":"<p><strong>Clip On Earring Components, Silver\/Gold Plated, 1.5 cm<\/strong><br \/>\nMaterial: Brass<br \/>\nPlating: Silver\/Gold<br \/>\nType of backing: clip earring<br \/>\nSize: 1.5 cm<br \/>\nPrice for 1 pair (2 pcs)<\/p>\n","protected":false},"featured_media":25425,"template":"","meta":{"_acf_changed":false,"_exactmetrics_skip_tracking":false,"_exactmetrics_sitenote_active":false,"_exactmetrics_sitenote_note":"","_exactmetrics_sitenote_category":0},"product_brand":[],"product_cat":[44],"product_tag":[],"class_list":{"0":"post-25416","1":"product","2":"type-product","3":"status-publish","4":"has-post-thumbnail","6":"product_cat-earring-components","8":"first","9":"instock","10":"taxable","11":"shipping-taxable","12":"purchasable","13":"product-type-variable","14":"wvs-archive-product-wrapper","15":"add-to-wishlist-after_add_to_cart"},"acf":[],"yoast_head":"<!-- This site is optimized with the Yoast SEO Premium plugin v27.0 (Yoast SEO v27.0) - https:\/\/yoast.com\/product\/yoast-seo-premium-wordpress\/ -->\n<title>Clip On Earring Components, Silver\/Gold Plated, 1.5 cm - CreativityShopEU<\/title>\n<meta name=\"robots\" content=\"noindex, follow\" \/>\n<meta property=\"og:locale\" content=\"pl_PL\" \/>\n<meta property=\"og:type\" content=\"article\" \/>\n<meta property=\"og:title\" content=\"Clip On Earring Components, Silver\/Gold Plated, 1.5 cm\" \/>\n<meta property=\"og:description\" content=\"Clip On Earring Components, Silver\/Gold Plated, 1.5 cm Material: Brass Plating: Silver\/Gold Type of backing: clip earring Size: 1.5 cm Price for 1 pair (2 pcs)\" \/>\n<meta property=\"og:url\" content=\"https:\/\/creativityshop.eu\/pl\/product\/clip-on-earring-components-silver-gold-plated-1-5-cm\/\" \/>\n<meta property=\"og:site_name\" content=\"CreativityShopEU\" \/>\n<meta property=\"article:modified_time\" content=\"2025-11-30T10:56:39+00:00\" \/>\n<meta property=\"og:image\" content=\"https:\/\/creativityshop.eu\/wp-content\/uploads\/2021\/08\/25201-ear-clip-flat-silver-5-packs-of-2.jpg\" \/>\n\t<meta property=\"og:image:width\" content=\"768\" \/>\n\t<meta property=\"og:image:height\" content=\"768\" \/>\n\t<meta property=\"og:image:type\" content=\"image\/jpeg\" \/>\n<meta name=\"twitter:card\" content=\"summary_large_image\" \/>\n<meta name=\"twitter:label1\" content=\"Dost\u0119pno\u015b\u0107\" \/>\n\t<meta name=\"twitter:data1\" content=\"Dost\u0119pny\" \/>\n<script type=\"application\/ld+json\" class=\"yoast-schema-graph\">{\"@context\":\"https:\/\/schema.org\",\"@graph\":[{\"@type\":\"WebPage\",\"@id\":\"https:\/\/creativityshop.eu\/pl\/product\/clip-on-earring-components-silver-gold-plated-1-5-cm\/\",\"url\":\"https:\/\/creativityshop.eu\/pl\/product\/clip-on-earring-components-silver-gold-plated-1-5-cm\/\",\"name\":\"Clip On Earring Components, Silver\/Gold Plated, 1.5 cm - CreativityShopEU\",\"isPartOf\":{\"@id\":\"https:\/\/creativityshop.eu\/pl\/#website\"},\"primaryImageOfPage\":{\"@id\":\"https:\/\/creativityshop.eu\/pl\/product\/clip-on-earring-components-silver-gold-plated-1-5-cm\/#primaryimage\"},\"image\":{\"@id\":\"https:\/\/creativityshop.eu\/pl\/product\/clip-on-earring-components-silver-gold-plated-1-5-cm\/#primaryimage\"},\"thumbnailUrl\":\"https:\/\/creativityshop.eu\/wp-content\/uploads\/2021\/08\/25201-ear-clip-flat-silver-5-packs-of-2.jpg\",\"datePublished\":\"2021-08-07T21:10:01+00:00\",\"dateModified\":\"2025-11-30T10:56:39+00:00\",\"breadcrumb\":{\"@id\":\"https:\/\/creativityshop.eu\/pl\/product\/clip-on-earring-components-silver-gold-plated-1-5-cm\/#breadcrumb\"},\"inLanguage\":\"pl-PL\",\"potentialAction\":[{\"@type\":\"ReadAction\",\"target\":[\"https:\/\/creativityshop.eu\/pl\/product\/clip-on-earring-components-silver-gold-plated-1-5-cm\/\"]}]},{\"@type\":\"ImageObject\",\"inLanguage\":\"pl-PL\",\"@id\":\"https:\/\/creativityshop.eu\/pl\/product\/clip-on-earring-components-silver-gold-plated-1-5-cm\/#primaryimage\",\"url\":\"https:\/\/creativityshop.eu\/wp-content\/uploads\/2021\/08\/25201-ear-clip-flat-silver-5-packs-of-2.jpg\",\"contentUrl\":\"https:\/\/creativityshop.eu\/wp-content\/uploads\/2021\/08\/25201-ear-clip-flat-silver-5-packs-of-2.jpg\",\"width\":768,\"height\":768,\"caption\":\"25201 Ear Clip Flat Silver 5 Packs of 2\"},{\"@type\":\"BreadcrumbList\",\"@id\":\"https:\/\/creativityshop.eu\/pl\/product\/clip-on-earring-components-silver-gold-plated-1-5-cm\/#breadcrumb\",\"itemListElement\":[{\"@type\":\"ListItem\",\"position\":1,\"name\":\"Home\",\"item\":\"https:\/\/creativityshop.eu\/pl\/\"},{\"@type\":\"ListItem\",\"position\":2,\"name\":\"Shop\",\"item\":\"https:\/\/creativityshop.eu\/shop\/\"},{\"@type\":\"ListItem\",\"position\":3,\"name\":\"Clip On Earring Components, Silver\/Gold Plated, 1.5 cm\"}]},{\"@type\":\"WebSite\",\"@id\":\"https:\/\/creativityshop.eu\/pl\/#website\",\"url\":\"https:\/\/creativityshop.eu\/pl\/\",\"name\":\"CreativityShopEU\",\"description\":\"Embroidery and jewelry components\",\"publisher\":{\"@id\":\"https:\/\/creativityshop.eu\/pl\/#organization\"},\"potentialAction\":[{\"@type\":\"SearchAction\",\"target\":{\"@type\":\"EntryPoint\",\"urlTemplate\":\"https:\/\/creativityshop.eu\/pl\/?s={search_term_string}\"},\"query-input\":{\"@type\":\"PropertyValueSpecification\",\"valueRequired\":true,\"valueName\":\"search_term_string\"}}],\"inLanguage\":\"pl-PL\"},{\"@type\":\"Organization\",\"@id\":\"https:\/\/creativityshop.eu\/pl\/#organization\",\"name\":\"Creativity Shop OU\",\"url\":\"https:\/\/creativityshop.eu\/pl\/\",\"logo\":{\"@type\":\"ImageObject\",\"inLanguage\":\"pl-PL\",\"@id\":\"https:\/\/creativityshop.eu\/pl\/#\/schema\/logo\/image\/\",\"url\":\"https:\/\/creativityshop.eu\/wp-content\/uploads\/2018\/11\/creativity_shop_logosite2.png\",\"contentUrl\":\"https:\/\/creativityshop.eu\/wp-content\/uploads\/2018\/11\/creativity_shop_logosite2.png\",\"width\":2871,\"height\":1100,\"caption\":\"Creativity Shop OU\"},\"image\":{\"@id\":\"https:\/\/creativityshop.eu\/pl\/#\/schema\/logo\/image\/\"}}]}<\/script>\n<meta property=\"og:availability\" content=\"instock\" \/>\n<meta property=\"product:availability\" content=\"instock\" \/>\n<meta property=\"product:condition\" content=\"new\" \/>\n<!-- \/ Yoast SEO Premium plugin. -->","yoast_head_json":{"title":"Clip On Earring Components, Silver\/Gold Plated, 1.5 cm - CreativityShopEU","robots":{"index":"noindex","follow":"follow"},"og_locale":"pl_PL","og_type":"article","og_title":"Clip On Earring Components, Silver\/Gold Plated, 1.5 cm","og_description":"Clip On Earring Components, Silver\/Gold Plated, 1.5 cm Material: Brass Plating: Silver\/Gold Type of backing: clip earring Size: 1.5 cm Price for 1 pair (2 pcs)","og_url":"https:\/\/creativityshop.eu\/pl\/product\/clip-on-earring-components-silver-gold-plated-1-5-cm\/","og_site_name":"CreativityShopEU","article_modified_time":"2025-11-30T10:56:39+00:00","og_image":[{"width":768,"height":768,"url":"https:\/\/creativityshop.eu\/wp-content\/uploads\/2021\/08\/25201-ear-clip-flat-silver-5-packs-of-2.jpg","type":"image\/jpeg"}],"twitter_card":"summary_large_image","twitter_misc":{"Dost\u0119pno\u015b\u0107":"Dost\u0119pny"},"schema":{"@context":"https:\/\/schema.org","@graph":[{"@type":"WebPage","@id":"https:\/\/creativityshop.eu\/pl\/product\/clip-on-earring-components-silver-gold-plated-1-5-cm\/","url":"https:\/\/creativityshop.eu\/pl\/product\/clip-on-earring-components-silver-gold-plated-1-5-cm\/","name":"Clip On Earring Components, Silver\/Gold Plated, 1.5 cm - CreativityShopEU","isPartOf":{"@id":"https:\/\/creativityshop.eu\/pl\/#website"},"primaryImageOfPage":{"@id":"https:\/\/creativityshop.eu\/pl\/product\/clip-on-earring-components-silver-gold-plated-1-5-cm\/#primaryimage"},"image":{"@id":"https:\/\/creativityshop.eu\/pl\/product\/clip-on-earring-components-silver-gold-plated-1-5-cm\/#primaryimage"},"thumbnailUrl":"https:\/\/creativityshop.eu\/wp-content\/uploads\/2021\/08\/25201-ear-clip-flat-silver-5-packs-of-2.jpg","datePublished":"2021-08-07T21:10:01+00:00","dateModified":"2025-11-30T10:56:39+00:00","breadcrumb":{"@id":"https:\/\/creativityshop.eu\/pl\/product\/clip-on-earring-components-silver-gold-plated-1-5-cm\/#breadcrumb"},"inLanguage":"pl-PL","potentialAction":[{"@type":"ReadAction","target":["https:\/\/creativityshop.eu\/pl\/product\/clip-on-earring-components-silver-gold-plated-1-5-cm\/"]}]},{"@type":"ImageObject","inLanguage":"pl-PL","@id":"https:\/\/creativityshop.eu\/pl\/product\/clip-on-earring-components-silver-gold-plated-1-5-cm\/#primaryimage","url":"https:\/\/creativityshop.eu\/wp-content\/uploads\/2021\/08\/25201-ear-clip-flat-silver-5-packs-of-2.jpg","contentUrl":"https:\/\/creativityshop.eu\/wp-content\/uploads\/2021\/08\/25201-ear-clip-flat-silver-5-packs-of-2.jpg","width":768,"height":768,"caption":"25201 Ear Clip Flat Silver 5 Packs of 2"},{"@type":"BreadcrumbList","@id":"https:\/\/creativityshop.eu\/pl\/product\/clip-on-earring-components-silver-gold-plated-1-5-cm\/#breadcrumb","itemListElement":[{"@type":"ListItem","position":1,"name":"Home","item":"https:\/\/creativityshop.eu\/pl\/"},{"@type":"ListItem","position":2,"name":"Shop","item":"https:\/\/creativityshop.eu\/shop\/"},{"@type":"ListItem","position":3,"name":"Clip On Earring Components, Silver\/Gold Plated, 1.5 cm"}]},{"@type":"WebSite","@id":"https:\/\/creativityshop.eu\/pl\/#website","url":"https:\/\/creativityshop.eu\/pl\/","name":"CreativityShopEU","description":"Embroidery and jewelry components","publisher":{"@id":"https:\/\/creativityshop.eu\/pl\/#organization"},"potentialAction":[{"@type":"SearchAction","target":{"@type":"EntryPoint","urlTemplate":"https:\/\/creativityshop.eu\/pl\/?s={search_term_string}"},"query-input":{"@type":"PropertyValueSpecification","valueRequired":true,"valueName":"search_term_string"}}],"inLanguage":"pl-PL"},{"@type":"Organization","@id":"https:\/\/creativityshop.eu\/pl\/#organization","name":"Creativity Shop OU","url":"https:\/\/creativityshop.eu\/pl\/","logo":{"@type":"ImageObject","inLanguage":"pl-PL","@id":"https:\/\/creativityshop.eu\/pl\/#\/schema\/logo\/image\/","url":"https:\/\/creativityshop.eu\/wp-content\/uploads\/2018\/11\/creativity_shop_logosite2.png","contentUrl":"https:\/\/creativityshop.eu\/wp-content\/uploads\/2018\/11\/creativity_shop_logosite2.png","width":2871,"height":1100,"caption":"Creativity Shop OU"},"image":{"@id":"https:\/\/creativityshop.eu\/pl\/#\/schema\/logo\/image\/"}}]},"og_availability":"instock","product_availability":"instock","product_condition":"new"},"_links":{"self":[{"href":"https:\/\/creativityshop.eu\/pl\/wp-json\/wp\/v2\/product\/25416","targetHints":{"allow":["GET"]}}],"collection":[{"href":"https:\/\/creativityshop.eu\/pl\/wp-json\/wp\/v2\/product"}],"about":[{"href":"https:\/\/creativityshop.eu\/pl\/wp-json\/wp\/v2\/types\/product"}],"wp:featuredmedia":[{"embeddable":true,"href":"https:\/\/creativityshop.eu\/pl\/wp-json\/wp\/v2\/media\/25425"}],"wp:attachment":[{"href":"https:\/\/creativityshop.eu\/pl\/wp-json\/wp\/v2\/media?parent=25416"}],"wp:term":[{"taxonomy":"product_brand","embeddable":true,"href":"https:\/\/creativityshop.eu\/pl\/wp-json\/wp\/v2\/product_brand?post=25416"},{"taxonomy":"product_cat","embeddable":true,"href":"https:\/\/creativityshop.eu\/pl\/wp-json\/wp\/v2\/product_cat?post=25416"},{"taxonomy":"product_tag","embeddable":true,"href":"https:\/\/creativityshop.eu\/pl\/wp-json\/wp\/v2\/product_tag?post=25416"}],"curies":[{"name":"wp","href":"https:\/\/api.w.org\/{rel}","templated":true}]}}