{"id":25224,"date":"2021-06-12T14:55:12","date_gmt":"2021-06-12T11:55:12","guid":{"rendered":"https:\/\/creativityshop.eu\/?post_type=product&#038;p=25224"},"modified":"2024-03-20T12:00:20","modified_gmt":"2024-03-20T09:00:20","slug":"anchor-chain-one-side-corrugated-chain-premium-quality-rhodium-plating-6mm","status":"publish","type":"product","link":"https:\/\/creativityshop.eu\/pl\/product\/anchor-chain-one-side-corrugated-chain-premium-quality-rhodium-plating-6mm\/","title":{"rendered":"Anchor Chain, One Side Corrugated Chain, Premium Quality, Rhodium Plating, 6mm"},"content":{"rendered":"<p>This Anchor chain, Trace chain, is a high-quality product that is used in handcrafting. The material the chain is made of is brass coated with different types of plating.<\/p>\n<p>Product images are for illustrative purposes only and may differ from the actual product. Due to differences in monitors and lighting, the colors of products may also appear different from those shown on the site.<\/p>\n","protected":false},"excerpt":{"rendered":"<p><strong>Anchor chain, Trace chain, One Side Corrugated Chain, Premium Quality<\/strong><br \/>\nChain width: 6 mm<br \/>\nPlating: Rhodium<br \/>\nMaterial: Brass<br \/>\nPrice for 50 cm<\/p>\n","protected":false},"featured_media":25192,"template":"","meta":{"_acf_changed":false,"_exactmetrics_skip_tracking":false,"_exactmetrics_sitenote_active":false,"_exactmetrics_sitenote_note":"","_exactmetrics_sitenote_category":0},"product_brand":[],"product_cat":[963],"product_tag":[],"class_list":{"0":"post-25224","1":"product","2":"type-product","3":"status-publish","4":"has-post-thumbnail","6":"product_cat-chains","8":"first","9":"outofstock","10":"taxable","11":"shipping-taxable","12":"purchasable","13":"product-type-simple","14":"add-to-wishlist-after_add_to_cart"},"acf":[],"yoast_head":"<!-- This site is optimized with the Yoast SEO Premium plugin v27.0 (Yoast SEO v27.0) - https:\/\/yoast.com\/product\/yoast-seo-premium-wordpress\/ -->\n<title>Anchor Chain, One Side Corrugated Chain, Premium Quality, Rhodium Plating, 6mm - CreativityShopEU<\/title>\n<meta name=\"robots\" content=\"noindex, follow\" \/>\n<meta property=\"og:locale\" content=\"pl_PL\" \/>\n<meta property=\"og:type\" content=\"article\" \/>\n<meta property=\"og:title\" content=\"Anchor Chain, One Side Corrugated Chain, Premium Quality, Rhodium Plating, 6mm\" \/>\n<meta property=\"og:description\" content=\"Anchor chain, Trace chain, One Side Corrugated Chain, Premium Quality Chain width: 6 mm Plating: Rhodium Material: Brass Price for 50 cm\" \/>\n<meta property=\"og:url\" content=\"https:\/\/creativityshop.eu\/pl\/product\/anchor-chain-one-side-corrugated-chain-premium-quality-rhodium-plating-6mm\/\" \/>\n<meta property=\"og:site_name\" content=\"CreativityShopEU\" \/>\n<meta property=\"article:modified_time\" content=\"2024-03-20T09:00:20+00:00\" \/>\n<meta property=\"og:image\" content=\"https:\/\/creativityshop.eu\/wp-content\/uploads\/2021\/06\/anchor-chain-rhodium-plated-0.6-cm-ac06-r-2.jpg\" \/>\n\t<meta property=\"og:image:width\" content=\"768\" \/>\n\t<meta property=\"og:image:height\" content=\"768\" \/>\n\t<meta property=\"og:image:type\" content=\"image\/jpeg\" \/>\n<meta name=\"twitter:card\" content=\"summary_large_image\" \/>\n<meta name=\"twitter:label1\" content=\"Cena\" \/>\n\t<meta name=\"twitter:data1\" content=\"&#036;2.52\" \/>\n\t<meta name=\"twitter:label2\" content=\"Dost\u0119pno\u015b\u0107\" \/>\n\t<meta name=\"twitter:data2\" content=\"Brak w magazynie\" \/>\n<script type=\"application\/ld+json\" class=\"yoast-schema-graph\">{\"@context\":\"https:\/\/schema.org\",\"@graph\":[{\"@type\":\"WebPage\",\"@id\":\"https:\/\/creativityshop.eu\/pl\/product\/anchor-chain-one-side-corrugated-chain-premium-quality-rhodium-plating-6mm\/\",\"url\":\"https:\/\/creativityshop.eu\/pl\/product\/anchor-chain-one-side-corrugated-chain-premium-quality-rhodium-plating-6mm\/\",\"name\":\"Anchor Chain, One Side Corrugated Chain, Premium Quality, Rhodium Plating, 6mm - CreativityShopEU\",\"isPartOf\":{\"@id\":\"https:\/\/creativityshop.eu\/pl\/#website\"},\"primaryImageOfPage\":{\"@id\":\"https:\/\/creativityshop.eu\/pl\/product\/anchor-chain-one-side-corrugated-chain-premium-quality-rhodium-plating-6mm\/#primaryimage\"},\"image\":{\"@id\":\"https:\/\/creativityshop.eu\/pl\/product\/anchor-chain-one-side-corrugated-chain-premium-quality-rhodium-plating-6mm\/#primaryimage\"},\"thumbnailUrl\":\"https:\/\/creativityshop.eu\/wp-content\/uploads\/2021\/06\/anchor-chain-rhodium-plated-0.6-cm-ac06-r-2.jpg\",\"datePublished\":\"2021-06-12T11:55:12+00:00\",\"dateModified\":\"2024-03-20T09:00:20+00:00\",\"breadcrumb\":{\"@id\":\"https:\/\/creativityshop.eu\/pl\/product\/anchor-chain-one-side-corrugated-chain-premium-quality-rhodium-plating-6mm\/#breadcrumb\"},\"inLanguage\":\"pl-PL\",\"potentialAction\":[{\"@type\":\"ReadAction\",\"target\":[\"https:\/\/creativityshop.eu\/pl\/product\/anchor-chain-one-side-corrugated-chain-premium-quality-rhodium-plating-6mm\/\"]}]},{\"@type\":\"ImageObject\",\"inLanguage\":\"pl-PL\",\"@id\":\"https:\/\/creativityshop.eu\/pl\/product\/anchor-chain-one-side-corrugated-chain-premium-quality-rhodium-plating-6mm\/#primaryimage\",\"url\":\"https:\/\/creativityshop.eu\/wp-content\/uploads\/2021\/06\/anchor-chain-rhodium-plated-0.6-cm-ac06-r-2.jpg\",\"contentUrl\":\"https:\/\/creativityshop.eu\/wp-content\/uploads\/2021\/06\/anchor-chain-rhodium-plated-0.6-cm-ac06-r-2.jpg\",\"width\":768,\"height\":768,\"caption\":\"Anchor Chain Rhodium Plated 0.6 cm AC06-R\"},{\"@type\":\"BreadcrumbList\",\"@id\":\"https:\/\/creativityshop.eu\/pl\/product\/anchor-chain-one-side-corrugated-chain-premium-quality-rhodium-plating-6mm\/#breadcrumb\",\"itemListElement\":[{\"@type\":\"ListItem\",\"position\":1,\"name\":\"Home\",\"item\":\"https:\/\/creativityshop.eu\/pl\/\"},{\"@type\":\"ListItem\",\"position\":2,\"name\":\"Shop\",\"item\":\"https:\/\/creativityshop.eu\/shop\/\"},{\"@type\":\"ListItem\",\"position\":3,\"name\":\"Anchor Chain, One Side Corrugated Chain, Premium Quality, Rhodium Plating, 6mm\"}]},{\"@type\":\"WebSite\",\"@id\":\"https:\/\/creativityshop.eu\/pl\/#website\",\"url\":\"https:\/\/creativityshop.eu\/pl\/\",\"name\":\"CreativityShopEU\",\"description\":\"Embroidery and jewelry components\",\"publisher\":{\"@id\":\"https:\/\/creativityshop.eu\/pl\/#organization\"},\"potentialAction\":[{\"@type\":\"SearchAction\",\"target\":{\"@type\":\"EntryPoint\",\"urlTemplate\":\"https:\/\/creativityshop.eu\/pl\/?s={search_term_string}\"},\"query-input\":{\"@type\":\"PropertyValueSpecification\",\"valueRequired\":true,\"valueName\":\"search_term_string\"}}],\"inLanguage\":\"pl-PL\"},{\"@type\":\"Organization\",\"@id\":\"https:\/\/creativityshop.eu\/pl\/#organization\",\"name\":\"Creativity Shop OU\",\"url\":\"https:\/\/creativityshop.eu\/pl\/\",\"logo\":{\"@type\":\"ImageObject\",\"inLanguage\":\"pl-PL\",\"@id\":\"https:\/\/creativityshop.eu\/pl\/#\/schema\/logo\/image\/\",\"url\":\"https:\/\/creativityshop.eu\/wp-content\/uploads\/2018\/11\/creativity_shop_logosite2.png\",\"contentUrl\":\"https:\/\/creativityshop.eu\/wp-content\/uploads\/2018\/11\/creativity_shop_logosite2.png\",\"width\":2871,\"height\":1100,\"caption\":\"Creativity Shop OU\"},\"image\":{\"@id\":\"https:\/\/creativityshop.eu\/pl\/#\/schema\/logo\/image\/\"}}]}<\/script>\n<meta property=\"product:price:amount\" content=\"2.52\" \/>\n<meta property=\"product:price:currency\" content=\"USD\" \/>\n<meta property=\"og:availability\" content=\"out of stock\" \/>\n<meta property=\"product:availability\" content=\"out of stock\" \/>\n<meta property=\"product:retailer_item_id\" content=\"AC06-R\" \/>\n<meta property=\"product:condition\" content=\"new\" \/>\n<!-- \/ Yoast SEO Premium plugin. -->","yoast_head_json":{"title":"Anchor Chain, One Side Corrugated Chain, Premium Quality, Rhodium Plating, 6mm - CreativityShopEU","robots":{"index":"noindex","follow":"follow"},"og_locale":"pl_PL","og_type":"article","og_title":"Anchor Chain, One Side Corrugated Chain, Premium Quality, Rhodium Plating, 6mm","og_description":"Anchor chain, Trace chain, One Side Corrugated Chain, Premium Quality Chain width: 6 mm Plating: Rhodium Material: Brass Price for 50 cm","og_url":"https:\/\/creativityshop.eu\/pl\/product\/anchor-chain-one-side-corrugated-chain-premium-quality-rhodium-plating-6mm\/","og_site_name":"CreativityShopEU","article_modified_time":"2024-03-20T09:00:20+00:00","og_image":[{"width":768,"height":768,"url":"https:\/\/creativityshop.eu\/wp-content\/uploads\/2021\/06\/anchor-chain-rhodium-plated-0.6-cm-ac06-r-2.jpg","type":"image\/jpeg"}],"twitter_card":"summary_large_image","twitter_misc":{"Cena":"&#36;2.52","Dost\u0119pno\u015b\u0107":"Brak w magazynie"},"schema":{"@context":"https:\/\/schema.org","@graph":[{"@type":"WebPage","@id":"https:\/\/creativityshop.eu\/pl\/product\/anchor-chain-one-side-corrugated-chain-premium-quality-rhodium-plating-6mm\/","url":"https:\/\/creativityshop.eu\/pl\/product\/anchor-chain-one-side-corrugated-chain-premium-quality-rhodium-plating-6mm\/","name":"Anchor Chain, One Side Corrugated Chain, Premium Quality, Rhodium Plating, 6mm - CreativityShopEU","isPartOf":{"@id":"https:\/\/creativityshop.eu\/pl\/#website"},"primaryImageOfPage":{"@id":"https:\/\/creativityshop.eu\/pl\/product\/anchor-chain-one-side-corrugated-chain-premium-quality-rhodium-plating-6mm\/#primaryimage"},"image":{"@id":"https:\/\/creativityshop.eu\/pl\/product\/anchor-chain-one-side-corrugated-chain-premium-quality-rhodium-plating-6mm\/#primaryimage"},"thumbnailUrl":"https:\/\/creativityshop.eu\/wp-content\/uploads\/2021\/06\/anchor-chain-rhodium-plated-0.6-cm-ac06-r-2.jpg","datePublished":"2021-06-12T11:55:12+00:00","dateModified":"2024-03-20T09:00:20+00:00","breadcrumb":{"@id":"https:\/\/creativityshop.eu\/pl\/product\/anchor-chain-one-side-corrugated-chain-premium-quality-rhodium-plating-6mm\/#breadcrumb"},"inLanguage":"pl-PL","potentialAction":[{"@type":"ReadAction","target":["https:\/\/creativityshop.eu\/pl\/product\/anchor-chain-one-side-corrugated-chain-premium-quality-rhodium-plating-6mm\/"]}]},{"@type":"ImageObject","inLanguage":"pl-PL","@id":"https:\/\/creativityshop.eu\/pl\/product\/anchor-chain-one-side-corrugated-chain-premium-quality-rhodium-plating-6mm\/#primaryimage","url":"https:\/\/creativityshop.eu\/wp-content\/uploads\/2021\/06\/anchor-chain-rhodium-plated-0.6-cm-ac06-r-2.jpg","contentUrl":"https:\/\/creativityshop.eu\/wp-content\/uploads\/2021\/06\/anchor-chain-rhodium-plated-0.6-cm-ac06-r-2.jpg","width":768,"height":768,"caption":"Anchor Chain Rhodium Plated 0.6 cm AC06-R"},{"@type":"BreadcrumbList","@id":"https:\/\/creativityshop.eu\/pl\/product\/anchor-chain-one-side-corrugated-chain-premium-quality-rhodium-plating-6mm\/#breadcrumb","itemListElement":[{"@type":"ListItem","position":1,"name":"Home","item":"https:\/\/creativityshop.eu\/pl\/"},{"@type":"ListItem","position":2,"name":"Shop","item":"https:\/\/creativityshop.eu\/shop\/"},{"@type":"ListItem","position":3,"name":"Anchor Chain, One Side Corrugated Chain, Premium Quality, Rhodium Plating, 6mm"}]},{"@type":"WebSite","@id":"https:\/\/creativityshop.eu\/pl\/#website","url":"https:\/\/creativityshop.eu\/pl\/","name":"CreativityShopEU","description":"Embroidery and jewelry components","publisher":{"@id":"https:\/\/creativityshop.eu\/pl\/#organization"},"potentialAction":[{"@type":"SearchAction","target":{"@type":"EntryPoint","urlTemplate":"https:\/\/creativityshop.eu\/pl\/?s={search_term_string}"},"query-input":{"@type":"PropertyValueSpecification","valueRequired":true,"valueName":"search_term_string"}}],"inLanguage":"pl-PL"},{"@type":"Organization","@id":"https:\/\/creativityshop.eu\/pl\/#organization","name":"Creativity Shop OU","url":"https:\/\/creativityshop.eu\/pl\/","logo":{"@type":"ImageObject","inLanguage":"pl-PL","@id":"https:\/\/creativityshop.eu\/pl\/#\/schema\/logo\/image\/","url":"https:\/\/creativityshop.eu\/wp-content\/uploads\/2018\/11\/creativity_shop_logosite2.png","contentUrl":"https:\/\/creativityshop.eu\/wp-content\/uploads\/2018\/11\/creativity_shop_logosite2.png","width":2871,"height":1100,"caption":"Creativity Shop OU"},"image":{"@id":"https:\/\/creativityshop.eu\/pl\/#\/schema\/logo\/image\/"}}]},"product_price_amount":"2.52","product_price_currency":"USD","og_availability":"out of stock","product_availability":"out of stock","product_retailer_item_id":"AC06-R","product_condition":"new"},"_links":{"self":[{"href":"https:\/\/creativityshop.eu\/pl\/wp-json\/wp\/v2\/product\/25224","targetHints":{"allow":["GET"]}}],"collection":[{"href":"https:\/\/creativityshop.eu\/pl\/wp-json\/wp\/v2\/product"}],"about":[{"href":"https:\/\/creativityshop.eu\/pl\/wp-json\/wp\/v2\/types\/product"}],"wp:featuredmedia":[{"embeddable":true,"href":"https:\/\/creativityshop.eu\/pl\/wp-json\/wp\/v2\/media\/25192"}],"wp:attachment":[{"href":"https:\/\/creativityshop.eu\/pl\/wp-json\/wp\/v2\/media?parent=25224"}],"wp:term":[{"taxonomy":"product_brand","embeddable":true,"href":"https:\/\/creativityshop.eu\/pl\/wp-json\/wp\/v2\/product_brand?post=25224"},{"taxonomy":"product_cat","embeddable":true,"href":"https:\/\/creativityshop.eu\/pl\/wp-json\/wp\/v2\/product_cat?post=25224"},{"taxonomy":"product_tag","embeddable":true,"href":"https:\/\/creativityshop.eu\/pl\/wp-json\/wp\/v2\/product_tag?post=25224"}],"curies":[{"name":"wp","href":"https:\/\/api.w.org\/{rel}","templated":true}]}}