{"id":24933,"date":"2021-06-01T17:01:00","date_gmt":"2021-06-01T14:01:00","guid":{"rendered":"https:\/\/creativityshop.eu\/?post_type=product&#038;p=24933"},"modified":"2026-01-28T02:29:39","modified_gmt":"2026-01-27T23:29:39","slug":"round-pendant-openwork-silver-gold-plated-2-3-cm","status":"publish","type":"product","link":"https:\/\/creativityshop.eu\/pl\/product\/round-pendant-openwork-silver-gold-plated-2-3-cm\/","title":{"rendered":"Round Pendant, Openwork, Silver\/Gold Plated, 2.3 cm"},"content":{"rendered":"<p>This product is a part of the CreativityShopEU range of pendant findings that we are always happy to deliver you.<br \/>\nProduct images are for illustrative purposes only and may differ from the actual product. Due to differences in monitors and lightening, colors of products may also appear different to those shown on the site.<\/p>\n","protected":false},"excerpt":{"rendered":"<p><strong>High quality round brass pendant, openwork<\/strong><br \/>\nHypoallergenic. No lead.<\/p>\n<p>Material: Brass<br \/>\nPlating: Rhodium\/Gold<br \/>\nImage: Openwork<br \/>\nSize: 2.3 cm<br \/>\nPrice for 1 pcs<\/p>\n","protected":false},"featured_media":24758,"template":"","meta":{"_acf_changed":false,"_exactmetrics_skip_tracking":false,"_exactmetrics_sitenote_active":false,"_exactmetrics_sitenote_note":"","_exactmetrics_sitenote_category":0},"product_brand":[],"product_cat":[959,43],"product_tag":[],"class_list":{"0":"post-24933","1":"product","2":"type-product","3":"status-publish","4":"has-post-thumbnail","6":"product_cat-pendants","7":"product_cat-jewelry-components","9":"first","10":"outofstock","11":"taxable","12":"shipping-taxable","13":"product-type-variable","14":"wvs-archive-product-wrapper","15":"add-to-wishlist-after_add_to_cart"},"acf":[],"yoast_head":"<!-- This site is optimized with the Yoast SEO Premium plugin v27.0 (Yoast SEO v27.0) - https:\/\/yoast.com\/product\/yoast-seo-premium-wordpress\/ -->\n<title>Round Pendant, Openwork, Silver\/Gold Plated, 2.3 cm - CreativityShopEU<\/title>\n<meta name=\"robots\" content=\"noindex, follow\" \/>\n<meta property=\"og:locale\" content=\"pl_PL\" \/>\n<meta property=\"og:type\" content=\"article\" \/>\n<meta property=\"og:title\" content=\"Round Pendant, Openwork, Silver\/Gold Plated, 2.3 cm\" \/>\n<meta property=\"og:description\" content=\"High quality round brass pendant, openwork Hypoallergenic. No lead.  Material: Brass Plating: Rhodium\/Gold Image: Openwork Size: 2.3 cm Price for 1 pcs\" \/>\n<meta property=\"og:url\" content=\"https:\/\/creativityshop.eu\/pl\/product\/round-pendant-openwork-silver-gold-plated-2-3-cm\/\" \/>\n<meta property=\"og:site_name\" content=\"CreativityShopEU\" \/>\n<meta property=\"article:modified_time\" content=\"2026-01-27T23:29:39+00:00\" \/>\n<meta property=\"og:image\" content=\"https:\/\/creativityshop.eu\/wp-content\/uploads\/2021\/05\/brass-pendants-lace-rhoudium-gold-p005-p006-2.jpg\" \/>\n\t<meta property=\"og:image:width\" content=\"768\" \/>\n\t<meta property=\"og:image:height\" content=\"768\" \/>\n\t<meta property=\"og:image:type\" content=\"image\/jpeg\" \/>\n<meta name=\"twitter:card\" content=\"summary_large_image\" \/>\n<meta name=\"twitter:label1\" content=\"Dost\u0119pno\u015b\u0107\" \/>\n\t<meta name=\"twitter:data1\" content=\"Brak w magazynie\" \/>\n<script type=\"application\/ld+json\" class=\"yoast-schema-graph\">{\"@context\":\"https:\/\/schema.org\",\"@graph\":[{\"@type\":\"WebPage\",\"@id\":\"https:\/\/creativityshop.eu\/pl\/product\/round-pendant-openwork-silver-gold-plated-2-3-cm\/\",\"url\":\"https:\/\/creativityshop.eu\/pl\/product\/round-pendant-openwork-silver-gold-plated-2-3-cm\/\",\"name\":\"Round Pendant, Openwork, Silver\/Gold Plated, 2.3 cm - CreativityShopEU\",\"isPartOf\":{\"@id\":\"https:\/\/creativityshop.eu\/pl\/#website\"},\"primaryImageOfPage\":{\"@id\":\"https:\/\/creativityshop.eu\/pl\/product\/round-pendant-openwork-silver-gold-plated-2-3-cm\/#primaryimage\"},\"image\":{\"@id\":\"https:\/\/creativityshop.eu\/pl\/product\/round-pendant-openwork-silver-gold-plated-2-3-cm\/#primaryimage\"},\"thumbnailUrl\":\"https:\/\/creativityshop.eu\/wp-content\/uploads\/2021\/05\/brass-pendants-lace-rhoudium-gold-p005-p006-2.jpg\",\"datePublished\":\"2021-06-01T14:01:00+00:00\",\"dateModified\":\"2026-01-27T23:29:39+00:00\",\"breadcrumb\":{\"@id\":\"https:\/\/creativityshop.eu\/pl\/product\/round-pendant-openwork-silver-gold-plated-2-3-cm\/#breadcrumb\"},\"inLanguage\":\"pl-PL\",\"potentialAction\":[{\"@type\":\"ReadAction\",\"target\":[\"https:\/\/creativityshop.eu\/pl\/product\/round-pendant-openwork-silver-gold-plated-2-3-cm\/\"]}]},{\"@type\":\"ImageObject\",\"inLanguage\":\"pl-PL\",\"@id\":\"https:\/\/creativityshop.eu\/pl\/product\/round-pendant-openwork-silver-gold-plated-2-3-cm\/#primaryimage\",\"url\":\"https:\/\/creativityshop.eu\/wp-content\/uploads\/2021\/05\/brass-pendants-lace-rhoudium-gold-p005-p006-2.jpg\",\"contentUrl\":\"https:\/\/creativityshop.eu\/wp-content\/uploads\/2021\/05\/brass-pendants-lace-rhoudium-gold-p005-p006-2.jpg\",\"width\":768,\"height\":768,\"caption\":\"Brass-Pendants-Lace-Rhoudium-Gold-P005-P006\"},{\"@type\":\"BreadcrumbList\",\"@id\":\"https:\/\/creativityshop.eu\/pl\/product\/round-pendant-openwork-silver-gold-plated-2-3-cm\/#breadcrumb\",\"itemListElement\":[{\"@type\":\"ListItem\",\"position\":1,\"name\":\"Home\",\"item\":\"https:\/\/creativityshop.eu\/pl\/\"},{\"@type\":\"ListItem\",\"position\":2,\"name\":\"Shop\",\"item\":\"https:\/\/creativityshop.eu\/shop\/\"},{\"@type\":\"ListItem\",\"position\":3,\"name\":\"Round Pendant, Openwork, Silver\/Gold Plated, 2.3 cm\"}]},{\"@type\":\"WebSite\",\"@id\":\"https:\/\/creativityshop.eu\/pl\/#website\",\"url\":\"https:\/\/creativityshop.eu\/pl\/\",\"name\":\"CreativityShopEU\",\"description\":\"Embroidery and jewelry components\",\"publisher\":{\"@id\":\"https:\/\/creativityshop.eu\/pl\/#organization\"},\"potentialAction\":[{\"@type\":\"SearchAction\",\"target\":{\"@type\":\"EntryPoint\",\"urlTemplate\":\"https:\/\/creativityshop.eu\/pl\/?s={search_term_string}\"},\"query-input\":{\"@type\":\"PropertyValueSpecification\",\"valueRequired\":true,\"valueName\":\"search_term_string\"}}],\"inLanguage\":\"pl-PL\"},{\"@type\":\"Organization\",\"@id\":\"https:\/\/creativityshop.eu\/pl\/#organization\",\"name\":\"Creativity Shop OU\",\"url\":\"https:\/\/creativityshop.eu\/pl\/\",\"logo\":{\"@type\":\"ImageObject\",\"inLanguage\":\"pl-PL\",\"@id\":\"https:\/\/creativityshop.eu\/pl\/#\/schema\/logo\/image\/\",\"url\":\"https:\/\/creativityshop.eu\/wp-content\/uploads\/2018\/11\/creativity_shop_logosite2.png\",\"contentUrl\":\"https:\/\/creativityshop.eu\/wp-content\/uploads\/2018\/11\/creativity_shop_logosite2.png\",\"width\":2871,\"height\":1100,\"caption\":\"Creativity Shop OU\"},\"image\":{\"@id\":\"https:\/\/creativityshop.eu\/pl\/#\/schema\/logo\/image\/\"}}]}<\/script>\n<meta property=\"og:availability\" content=\"out of stock\" \/>\n<meta property=\"product:availability\" content=\"out of stock\" \/>\n<meta property=\"product:condition\" content=\"new\" \/>\n<!-- \/ Yoast SEO Premium plugin. -->","yoast_head_json":{"title":"Round Pendant, Openwork, Silver\/Gold Plated, 2.3 cm - CreativityShopEU","robots":{"index":"noindex","follow":"follow"},"og_locale":"pl_PL","og_type":"article","og_title":"Round Pendant, Openwork, Silver\/Gold Plated, 2.3 cm","og_description":"High quality round brass pendant, openwork Hypoallergenic. No lead.  Material: Brass Plating: Rhodium\/Gold Image: Openwork Size: 2.3 cm Price for 1 pcs","og_url":"https:\/\/creativityshop.eu\/pl\/product\/round-pendant-openwork-silver-gold-plated-2-3-cm\/","og_site_name":"CreativityShopEU","article_modified_time":"2026-01-27T23:29:39+00:00","og_image":[{"width":768,"height":768,"url":"https:\/\/creativityshop.eu\/wp-content\/uploads\/2021\/05\/brass-pendants-lace-rhoudium-gold-p005-p006-2.jpg","type":"image\/jpeg"}],"twitter_card":"summary_large_image","twitter_misc":{"Dost\u0119pno\u015b\u0107":"Brak w magazynie"},"schema":{"@context":"https:\/\/schema.org","@graph":[{"@type":"WebPage","@id":"https:\/\/creativityshop.eu\/pl\/product\/round-pendant-openwork-silver-gold-plated-2-3-cm\/","url":"https:\/\/creativityshop.eu\/pl\/product\/round-pendant-openwork-silver-gold-plated-2-3-cm\/","name":"Round Pendant, Openwork, Silver\/Gold Plated, 2.3 cm - CreativityShopEU","isPartOf":{"@id":"https:\/\/creativityshop.eu\/pl\/#website"},"primaryImageOfPage":{"@id":"https:\/\/creativityshop.eu\/pl\/product\/round-pendant-openwork-silver-gold-plated-2-3-cm\/#primaryimage"},"image":{"@id":"https:\/\/creativityshop.eu\/pl\/product\/round-pendant-openwork-silver-gold-plated-2-3-cm\/#primaryimage"},"thumbnailUrl":"https:\/\/creativityshop.eu\/wp-content\/uploads\/2021\/05\/brass-pendants-lace-rhoudium-gold-p005-p006-2.jpg","datePublished":"2021-06-01T14:01:00+00:00","dateModified":"2026-01-27T23:29:39+00:00","breadcrumb":{"@id":"https:\/\/creativityshop.eu\/pl\/product\/round-pendant-openwork-silver-gold-plated-2-3-cm\/#breadcrumb"},"inLanguage":"pl-PL","potentialAction":[{"@type":"ReadAction","target":["https:\/\/creativityshop.eu\/pl\/product\/round-pendant-openwork-silver-gold-plated-2-3-cm\/"]}]},{"@type":"ImageObject","inLanguage":"pl-PL","@id":"https:\/\/creativityshop.eu\/pl\/product\/round-pendant-openwork-silver-gold-plated-2-3-cm\/#primaryimage","url":"https:\/\/creativityshop.eu\/wp-content\/uploads\/2021\/05\/brass-pendants-lace-rhoudium-gold-p005-p006-2.jpg","contentUrl":"https:\/\/creativityshop.eu\/wp-content\/uploads\/2021\/05\/brass-pendants-lace-rhoudium-gold-p005-p006-2.jpg","width":768,"height":768,"caption":"Brass-Pendants-Lace-Rhoudium-Gold-P005-P006"},{"@type":"BreadcrumbList","@id":"https:\/\/creativityshop.eu\/pl\/product\/round-pendant-openwork-silver-gold-plated-2-3-cm\/#breadcrumb","itemListElement":[{"@type":"ListItem","position":1,"name":"Home","item":"https:\/\/creativityshop.eu\/pl\/"},{"@type":"ListItem","position":2,"name":"Shop","item":"https:\/\/creativityshop.eu\/shop\/"},{"@type":"ListItem","position":3,"name":"Round Pendant, Openwork, Silver\/Gold Plated, 2.3 cm"}]},{"@type":"WebSite","@id":"https:\/\/creativityshop.eu\/pl\/#website","url":"https:\/\/creativityshop.eu\/pl\/","name":"CreativityShopEU","description":"Embroidery and jewelry components","publisher":{"@id":"https:\/\/creativityshop.eu\/pl\/#organization"},"potentialAction":[{"@type":"SearchAction","target":{"@type":"EntryPoint","urlTemplate":"https:\/\/creativityshop.eu\/pl\/?s={search_term_string}"},"query-input":{"@type":"PropertyValueSpecification","valueRequired":true,"valueName":"search_term_string"}}],"inLanguage":"pl-PL"},{"@type":"Organization","@id":"https:\/\/creativityshop.eu\/pl\/#organization","name":"Creativity Shop OU","url":"https:\/\/creativityshop.eu\/pl\/","logo":{"@type":"ImageObject","inLanguage":"pl-PL","@id":"https:\/\/creativityshop.eu\/pl\/#\/schema\/logo\/image\/","url":"https:\/\/creativityshop.eu\/wp-content\/uploads\/2018\/11\/creativity_shop_logosite2.png","contentUrl":"https:\/\/creativityshop.eu\/wp-content\/uploads\/2018\/11\/creativity_shop_logosite2.png","width":2871,"height":1100,"caption":"Creativity Shop OU"},"image":{"@id":"https:\/\/creativityshop.eu\/pl\/#\/schema\/logo\/image\/"}}]},"og_availability":"out of stock","product_availability":"out of stock","product_condition":"new"},"_links":{"self":[{"href":"https:\/\/creativityshop.eu\/pl\/wp-json\/wp\/v2\/product\/24933","targetHints":{"allow":["GET"]}}],"collection":[{"href":"https:\/\/creativityshop.eu\/pl\/wp-json\/wp\/v2\/product"}],"about":[{"href":"https:\/\/creativityshop.eu\/pl\/wp-json\/wp\/v2\/types\/product"}],"wp:featuredmedia":[{"embeddable":true,"href":"https:\/\/creativityshop.eu\/pl\/wp-json\/wp\/v2\/media\/24758"}],"wp:attachment":[{"href":"https:\/\/creativityshop.eu\/pl\/wp-json\/wp\/v2\/media?parent=24933"}],"wp:term":[{"taxonomy":"product_brand","embeddable":true,"href":"https:\/\/creativityshop.eu\/pl\/wp-json\/wp\/v2\/product_brand?post=24933"},{"taxonomy":"product_cat","embeddable":true,"href":"https:\/\/creativityshop.eu\/pl\/wp-json\/wp\/v2\/product_cat?post=24933"},{"taxonomy":"product_tag","embeddable":true,"href":"https:\/\/creativityshop.eu\/pl\/wp-json\/wp\/v2\/product_tag?post=24933"}],"curies":[{"name":"wp","href":"https:\/\/api.w.org\/{rel}","templated":true}]}}