{"id":24492,"date":"2021-05-11T02:42:58","date_gmt":"2021-05-10T23:42:58","guid":{"rendered":"https:\/\/creativityshop.eu\/?post_type=product&#038;p=24492"},"modified":"2024-05-14T00:00:35","modified_gmt":"2024-05-13T21:00:35","slug":"matubo-miniduo-beads-ivory-4x2-5mm-pb307-0204-13020","status":"publish","type":"product","link":"https:\/\/creativityshop.eu\/pl\/product\/matubo-miniduo-beads-ivory-4x2-5mm-pb307-0204-13020\/","title":{"rendered":"Matubo MiniDuo Beads Ivory, 4&#215;2.5mm, PB307-0204-13020"},"content":{"rendered":"<p>The size and positioning of Czech MiniDuo beads&#8217; holes means that MiniDuo beads can be used in many different beadwork designs and beading patterns. Use MiniDuo beads to descale bracelet and necklace patterns to your taste. Use them in woven seed bead designs, floral motifs, bead embroidery, and more. Choose from the range of colors of Matubo MiniDuo beads on www.creativityshop.eu<\/p>\n<p>Product images are for illustrative purposes only and may differ from the actual product. Due to differences in monitors and lightening, colors of products may also appear different to those shown on the site.<\/p>\n","protected":false},"excerpt":{"rendered":"<p><strong>Matubo MiniDuo Beads PB307-0204-13020<\/strong><br \/>\nColor: Ivory<br \/>\nSize: 4&#215;2.5mm<br \/>\nHoles size: 0.6mm<br \/>\nMade in: Czech Republic<br \/>\nPrice for 5 grams (app. 105 pcs)<\/p>\n","protected":false},"featured_media":24398,"template":"","meta":{"_acf_changed":false,"_exactmetrics_skip_tracking":false,"_exactmetrics_sitenote_active":false,"_exactmetrics_sitenote_note":"","_exactmetrics_sitenote_category":0},"product_brand":[],"product_cat":[420,957],"product_tag":[],"class_list":{"0":"post-24492","1":"product","2":"type-product","3":"status-publish","4":"has-post-thumbnail","6":"product_cat-beads","7":"product_cat-matubo-miniduo","9":"first","10":"instock","11":"taxable","12":"shipping-taxable","13":"purchasable","14":"product-type-simple","15":"add-to-wishlist-after_add_to_cart"},"acf":[],"yoast_head":"<!-- This site is optimized with the Yoast SEO Premium plugin v27.0 (Yoast SEO v27.0) - https:\/\/yoast.com\/product\/yoast-seo-premium-wordpress\/ -->\n<title>Matubo MiniDuo Beads Ivory, 4x2.5mm, PB307-0204-13020 - CreativityShopEU<\/title>\n<meta name=\"robots\" content=\"noindex, follow\" \/>\n<meta property=\"og:locale\" content=\"pl_PL\" \/>\n<meta property=\"og:type\" content=\"article\" \/>\n<meta property=\"og:title\" content=\"Matubo MiniDuo Beads Ivory, 4x2.5mm, PB307-0204-13020\" \/>\n<meta property=\"og:description\" content=\"Matubo MiniDuo Beads PB307-0204-13020 Color: Ivory Size: 4x2.5mm Holes size: 0.6mm Made in: Czech Republic Price for 5 grams (app. 105 pcs)\" \/>\n<meta property=\"og:url\" content=\"https:\/\/creativityshop.eu\/pl\/product\/matubo-miniduo-beads-ivory-4x2-5mm-pb307-0204-13020\/\" \/>\n<meta property=\"og:site_name\" content=\"CreativityShopEU\" \/>\n<meta property=\"article:modified_time\" content=\"2024-05-13T21:00:35+00:00\" \/>\n<meta property=\"og:image\" content=\"https:\/\/creativityshop.eu\/wp-content\/uploads\/2021\/05\/pb307-0204-13020-miniduo-4-x-2.5mm-loose-ivory-2-scaled.jpg\" \/>\n\t<meta property=\"og:image:width\" content=\"2560\" \/>\n\t<meta property=\"og:image:height\" content=\"2560\" \/>\n\t<meta property=\"og:image:type\" content=\"image\/jpeg\" \/>\n<meta name=\"twitter:card\" content=\"summary_large_image\" \/>\n<meta name=\"twitter:label1\" content=\"Cena\" \/>\n\t<meta name=\"twitter:data1\" content=\"&euro;1.11\" \/>\n\t<meta name=\"twitter:label2\" content=\"Dost\u0119pno\u015b\u0107\" \/>\n\t<meta name=\"twitter:data2\" content=\"Dost\u0119pny\" \/>\n<script type=\"application\/ld+json\" class=\"yoast-schema-graph\">{\"@context\":\"https:\/\/schema.org\",\"@graph\":[{\"@type\":\"WebPage\",\"@id\":\"https:\/\/creativityshop.eu\/pl\/product\/matubo-miniduo-beads-ivory-4x2-5mm-pb307-0204-13020\/\",\"url\":\"https:\/\/creativityshop.eu\/pl\/product\/matubo-miniduo-beads-ivory-4x2-5mm-pb307-0204-13020\/\",\"name\":\"Matubo MiniDuo Beads Ivory, 4x2.5mm, PB307-0204-13020 - CreativityShopEU\",\"isPartOf\":{\"@id\":\"https:\/\/creativityshop.eu\/pl\/#website\"},\"primaryImageOfPage\":{\"@id\":\"https:\/\/creativityshop.eu\/pl\/product\/matubo-miniduo-beads-ivory-4x2-5mm-pb307-0204-13020\/#primaryimage\"},\"image\":{\"@id\":\"https:\/\/creativityshop.eu\/pl\/product\/matubo-miniduo-beads-ivory-4x2-5mm-pb307-0204-13020\/#primaryimage\"},\"thumbnailUrl\":\"https:\/\/creativityshop.eu\/wp-content\/uploads\/2021\/05\/pb307-0204-13020-miniduo-4-x-2.5mm-loose-ivory-2-scaled.jpg\",\"datePublished\":\"2021-05-10T23:42:58+00:00\",\"dateModified\":\"2024-05-13T21:00:35+00:00\",\"breadcrumb\":{\"@id\":\"https:\/\/creativityshop.eu\/pl\/product\/matubo-miniduo-beads-ivory-4x2-5mm-pb307-0204-13020\/#breadcrumb\"},\"inLanguage\":\"pl-PL\",\"potentialAction\":[{\"@type\":\"ReadAction\",\"target\":[\"https:\/\/creativityshop.eu\/pl\/product\/matubo-miniduo-beads-ivory-4x2-5mm-pb307-0204-13020\/\"]}]},{\"@type\":\"ImageObject\",\"inLanguage\":\"pl-PL\",\"@id\":\"https:\/\/creativityshop.eu\/pl\/product\/matubo-miniduo-beads-ivory-4x2-5mm-pb307-0204-13020\/#primaryimage\",\"url\":\"https:\/\/creativityshop.eu\/wp-content\/uploads\/2021\/05\/pb307-0204-13020-miniduo-4-x-2.5mm-loose-ivory-2-scaled.jpg\",\"contentUrl\":\"https:\/\/creativityshop.eu\/wp-content\/uploads\/2021\/05\/pb307-0204-13020-miniduo-4-x-2.5mm-loose-ivory-2-scaled.jpg\",\"width\":2560,\"height\":2560,\"caption\":\"PB307-0204-13020 MiniDuo 4 x 2.5mm (loose) Ivory\"},{\"@type\":\"BreadcrumbList\",\"@id\":\"https:\/\/creativityshop.eu\/pl\/product\/matubo-miniduo-beads-ivory-4x2-5mm-pb307-0204-13020\/#breadcrumb\",\"itemListElement\":[{\"@type\":\"ListItem\",\"position\":1,\"name\":\"Home\",\"item\":\"https:\/\/creativityshop.eu\/pl\/\"},{\"@type\":\"ListItem\",\"position\":2,\"name\":\"Shop\",\"item\":\"https:\/\/creativityshop.eu\/shop\/\"},{\"@type\":\"ListItem\",\"position\":3,\"name\":\"Matubo MiniDuo Beads Ivory, 4&#215;2.5mm, PB307-0204-13020\"}]},{\"@type\":\"WebSite\",\"@id\":\"https:\/\/creativityshop.eu\/pl\/#website\",\"url\":\"https:\/\/creativityshop.eu\/pl\/\",\"name\":\"CreativityShopEU\",\"description\":\"Embroidery and jewelry components\",\"publisher\":{\"@id\":\"https:\/\/creativityshop.eu\/pl\/#organization\"},\"potentialAction\":[{\"@type\":\"SearchAction\",\"target\":{\"@type\":\"EntryPoint\",\"urlTemplate\":\"https:\/\/creativityshop.eu\/pl\/?s={search_term_string}\"},\"query-input\":{\"@type\":\"PropertyValueSpecification\",\"valueRequired\":true,\"valueName\":\"search_term_string\"}}],\"inLanguage\":\"pl-PL\"},{\"@type\":\"Organization\",\"@id\":\"https:\/\/creativityshop.eu\/pl\/#organization\",\"name\":\"Creativity Shop OU\",\"url\":\"https:\/\/creativityshop.eu\/pl\/\",\"logo\":{\"@type\":\"ImageObject\",\"inLanguage\":\"pl-PL\",\"@id\":\"https:\/\/creativityshop.eu\/pl\/#\/schema\/logo\/image\/\",\"url\":\"https:\/\/creativityshop.eu\/wp-content\/uploads\/2018\/11\/creativity_shop_logosite2.png\",\"contentUrl\":\"https:\/\/creativityshop.eu\/wp-content\/uploads\/2018\/11\/creativity_shop_logosite2.png\",\"width\":2871,\"height\":1100,\"caption\":\"Creativity Shop OU\"},\"image\":{\"@id\":\"https:\/\/creativityshop.eu\/pl\/#\/schema\/logo\/image\/\"}}]}<\/script>\n<meta property=\"product:price:amount\" content=\"1.11\" \/>\n<meta property=\"product:price:currency\" content=\"EUR\" \/>\n<meta property=\"og:availability\" content=\"instock\" \/>\n<meta property=\"product:availability\" content=\"instock\" \/>\n<meta property=\"product:retailer_item_id\" content=\"PB307-0204-13020\" \/>\n<meta property=\"product:condition\" content=\"new\" \/>\n<!-- \/ Yoast SEO Premium plugin. -->","yoast_head_json":{"title":"Matubo MiniDuo Beads Ivory, 4x2.5mm, PB307-0204-13020 - CreativityShopEU","robots":{"index":"noindex","follow":"follow"},"og_locale":"pl_PL","og_type":"article","og_title":"Matubo MiniDuo Beads Ivory, 4x2.5mm, PB307-0204-13020","og_description":"Matubo MiniDuo Beads PB307-0204-13020 Color: Ivory Size: 4x2.5mm Holes size: 0.6mm Made in: Czech Republic Price for 5 grams (app. 105 pcs)","og_url":"https:\/\/creativityshop.eu\/pl\/product\/matubo-miniduo-beads-ivory-4x2-5mm-pb307-0204-13020\/","og_site_name":"CreativityShopEU","article_modified_time":"2024-05-13T21:00:35+00:00","og_image":[{"width":2560,"height":2560,"url":"https:\/\/creativityshop.eu\/wp-content\/uploads\/2021\/05\/pb307-0204-13020-miniduo-4-x-2.5mm-loose-ivory-2-scaled.jpg","type":"image\/jpeg"}],"twitter_card":"summary_large_image","twitter_misc":{"Cena":"&euro;1.11","Dost\u0119pno\u015b\u0107":"Dost\u0119pny"},"schema":{"@context":"https:\/\/schema.org","@graph":[{"@type":"WebPage","@id":"https:\/\/creativityshop.eu\/pl\/product\/matubo-miniduo-beads-ivory-4x2-5mm-pb307-0204-13020\/","url":"https:\/\/creativityshop.eu\/pl\/product\/matubo-miniduo-beads-ivory-4x2-5mm-pb307-0204-13020\/","name":"Matubo MiniDuo Beads Ivory, 4x2.5mm, PB307-0204-13020 - CreativityShopEU","isPartOf":{"@id":"https:\/\/creativityshop.eu\/pl\/#website"},"primaryImageOfPage":{"@id":"https:\/\/creativityshop.eu\/pl\/product\/matubo-miniduo-beads-ivory-4x2-5mm-pb307-0204-13020\/#primaryimage"},"image":{"@id":"https:\/\/creativityshop.eu\/pl\/product\/matubo-miniduo-beads-ivory-4x2-5mm-pb307-0204-13020\/#primaryimage"},"thumbnailUrl":"https:\/\/creativityshop.eu\/wp-content\/uploads\/2021\/05\/pb307-0204-13020-miniduo-4-x-2.5mm-loose-ivory-2-scaled.jpg","datePublished":"2021-05-10T23:42:58+00:00","dateModified":"2024-05-13T21:00:35+00:00","breadcrumb":{"@id":"https:\/\/creativityshop.eu\/pl\/product\/matubo-miniduo-beads-ivory-4x2-5mm-pb307-0204-13020\/#breadcrumb"},"inLanguage":"pl-PL","potentialAction":[{"@type":"ReadAction","target":["https:\/\/creativityshop.eu\/pl\/product\/matubo-miniduo-beads-ivory-4x2-5mm-pb307-0204-13020\/"]}]},{"@type":"ImageObject","inLanguage":"pl-PL","@id":"https:\/\/creativityshop.eu\/pl\/product\/matubo-miniduo-beads-ivory-4x2-5mm-pb307-0204-13020\/#primaryimage","url":"https:\/\/creativityshop.eu\/wp-content\/uploads\/2021\/05\/pb307-0204-13020-miniduo-4-x-2.5mm-loose-ivory-2-scaled.jpg","contentUrl":"https:\/\/creativityshop.eu\/wp-content\/uploads\/2021\/05\/pb307-0204-13020-miniduo-4-x-2.5mm-loose-ivory-2-scaled.jpg","width":2560,"height":2560,"caption":"PB307-0204-13020 MiniDuo 4 x 2.5mm (loose) Ivory"},{"@type":"BreadcrumbList","@id":"https:\/\/creativityshop.eu\/pl\/product\/matubo-miniduo-beads-ivory-4x2-5mm-pb307-0204-13020\/#breadcrumb","itemListElement":[{"@type":"ListItem","position":1,"name":"Home","item":"https:\/\/creativityshop.eu\/pl\/"},{"@type":"ListItem","position":2,"name":"Shop","item":"https:\/\/creativityshop.eu\/shop\/"},{"@type":"ListItem","position":3,"name":"Matubo MiniDuo Beads Ivory, 4&#215;2.5mm, PB307-0204-13020"}]},{"@type":"WebSite","@id":"https:\/\/creativityshop.eu\/pl\/#website","url":"https:\/\/creativityshop.eu\/pl\/","name":"CreativityShopEU","description":"Embroidery and jewelry components","publisher":{"@id":"https:\/\/creativityshop.eu\/pl\/#organization"},"potentialAction":[{"@type":"SearchAction","target":{"@type":"EntryPoint","urlTemplate":"https:\/\/creativityshop.eu\/pl\/?s={search_term_string}"},"query-input":{"@type":"PropertyValueSpecification","valueRequired":true,"valueName":"search_term_string"}}],"inLanguage":"pl-PL"},{"@type":"Organization","@id":"https:\/\/creativityshop.eu\/pl\/#organization","name":"Creativity Shop OU","url":"https:\/\/creativityshop.eu\/pl\/","logo":{"@type":"ImageObject","inLanguage":"pl-PL","@id":"https:\/\/creativityshop.eu\/pl\/#\/schema\/logo\/image\/","url":"https:\/\/creativityshop.eu\/wp-content\/uploads\/2018\/11\/creativity_shop_logosite2.png","contentUrl":"https:\/\/creativityshop.eu\/wp-content\/uploads\/2018\/11\/creativity_shop_logosite2.png","width":2871,"height":1100,"caption":"Creativity Shop OU"},"image":{"@id":"https:\/\/creativityshop.eu\/pl\/#\/schema\/logo\/image\/"}}]},"product_price_amount":"1.11","product_price_currency":"EUR","og_availability":"instock","product_availability":"instock","product_retailer_item_id":"PB307-0204-13020","product_condition":"new"},"_links":{"self":[{"href":"https:\/\/creativityshop.eu\/pl\/wp-json\/wp\/v2\/product\/24492","targetHints":{"allow":["GET"]}}],"collection":[{"href":"https:\/\/creativityshop.eu\/pl\/wp-json\/wp\/v2\/product"}],"about":[{"href":"https:\/\/creativityshop.eu\/pl\/wp-json\/wp\/v2\/types\/product"}],"wp:featuredmedia":[{"embeddable":true,"href":"https:\/\/creativityshop.eu\/pl\/wp-json\/wp\/v2\/media\/24398"}],"wp:attachment":[{"href":"https:\/\/creativityshop.eu\/pl\/wp-json\/wp\/v2\/media?parent=24492"}],"wp:term":[{"taxonomy":"product_brand","embeddable":true,"href":"https:\/\/creativityshop.eu\/pl\/wp-json\/wp\/v2\/product_brand?post=24492"},{"taxonomy":"product_cat","embeddable":true,"href":"https:\/\/creativityshop.eu\/pl\/wp-json\/wp\/v2\/product_cat?post=24492"},{"taxonomy":"product_tag","embeddable":true,"href":"https:\/\/creativityshop.eu\/pl\/wp-json\/wp\/v2\/product_tag?post=24492"}],"curies":[{"name":"wp","href":"https:\/\/api.w.org\/{rel}","templated":true}]}}