{"id":23580,"date":"2021-02-12T11:39:45","date_gmt":"2021-02-12T08:39:45","guid":{"rendered":"https:\/\/creativityshop.eu\/?post_type=product&#038;p=23580"},"modified":"2024-03-12T17:50:54","modified_gmt":"2024-03-12T14:50:54","slug":"toho-multi-shape-color-mix-yumi-periwinkle-mix-tx-01-3204","status":"publish","type":"product","link":"https:\/\/creativityshop.eu\/pl\/product\/toho-multi-shape-color-mix-yumi-periwinkle-mix-tx-01-3204\/","title":{"rendered":"TOHO Multi-Shape\/Color Mix, Yumi-Periwinkle Mix, TX-01-3204"},"content":{"rendered":"<p>TOHO beads mix includes beads of various sizes and shapes like round seed beads, bugle beads, and fancier shapes such as squares or triangles.<\/p>\n<p>Japanese seed beads are favored for their high quality, precision crafting, and uniformity in size. Toho\u2122 beads come in a vast array of colors and finishes that will inspire your bead projects.<\/p>\n<p>Product images are for illustrative purposes only and may differ from the actual product. Due to differences in monitors and lighting, the colors of products may also appear different from those shown on the site.<\/p>\n","protected":false},"excerpt":{"rendered":"<p><strong>TOHO Multi-Shape\/Color Mix TX-01-3204<\/strong><br \/>\nColor: Yumi-Periwinkle Mix<br \/>\nSize: Mixed<br \/>\nMade in: Japan<br \/>\nPrice for: 10 g<\/p>\n","protected":false},"featured_media":23553,"template":"","meta":{"_acf_changed":false,"_exactmetrics_skip_tracking":false,"_exactmetrics_sitenote_active":false,"_exactmetrics_sitenote_note":"","_exactmetrics_sitenote_category":0},"product_brand":[],"product_cat":[244,873],"product_tag":[],"class_list":{"0":"post-23580","1":"product","2":"type-product","3":"status-publish","4":"has-post-thumbnail","6":"product_cat-toho-beads","7":"product_cat-toho-multishape-color-mix","9":"first","10":"instock","11":"taxable","12":"shipping-taxable","13":"purchasable","14":"product-type-simple","15":"add-to-wishlist-after_add_to_cart"},"acf":[],"yoast_head":"<!-- This site is optimized with the Yoast SEO Premium plugin v27.0 (Yoast SEO v27.0) - https:\/\/yoast.com\/product\/yoast-seo-premium-wordpress\/ -->\n<title>TOHO Multi-Shape\/Color Mix, Yumi-Periwinkle Mix, TX-01-3204 - CreativityShopEU<\/title>\n<meta name=\"robots\" content=\"noindex, follow\" \/>\n<meta property=\"og:locale\" content=\"pl_PL\" \/>\n<meta property=\"og:type\" content=\"article\" \/>\n<meta property=\"og:title\" content=\"TOHO Multi-Shape\/Color Mix, Yumi-Periwinkle Mix, TX-01-3204\" \/>\n<meta property=\"og:description\" content=\"TOHO Multi-Shape\/Color Mix TX-01-3204 Color: Yumi-Periwinkle Mix Size: Mixed Made in: Japan Price for: 10 g\" \/>\n<meta property=\"og:url\" content=\"https:\/\/creativityshop.eu\/pl\/product\/toho-multi-shape-color-mix-yumi-periwinkle-mix-tx-01-3204\/\" \/>\n<meta property=\"og:site_name\" content=\"CreativityShopEU\" \/>\n<meta property=\"article:modified_time\" content=\"2024-03-12T14:50:54+00:00\" \/>\n<meta property=\"og:image\" content=\"https:\/\/creativityshop.eu\/wp-content\/uploads\/2021\/02\/tx-01-3204-toho-multi-shapecolor-mix-yumi-periwinkle-mix.jpg\" \/>\n\t<meta property=\"og:image:width\" content=\"768\" \/>\n\t<meta property=\"og:image:height\" content=\"768\" \/>\n\t<meta property=\"og:image:type\" content=\"image\/jpeg\" \/>\n<meta name=\"twitter:card\" content=\"summary_large_image\" \/>\n<meta name=\"twitter:label1\" content=\"Cena\" \/>\n\t<meta name=\"twitter:data1\" content=\"&euro;2.64\" \/>\n\t<meta name=\"twitter:label2\" content=\"Dost\u0119pno\u015b\u0107\" \/>\n\t<meta name=\"twitter:data2\" content=\"Dost\u0119pny\" \/>\n<script type=\"application\/ld+json\" class=\"yoast-schema-graph\">{\"@context\":\"https:\/\/schema.org\",\"@graph\":[{\"@type\":\"WebPage\",\"@id\":\"https:\/\/creativityshop.eu\/pl\/product\/toho-multi-shape-color-mix-yumi-periwinkle-mix-tx-01-3204\/\",\"url\":\"https:\/\/creativityshop.eu\/pl\/product\/toho-multi-shape-color-mix-yumi-periwinkle-mix-tx-01-3204\/\",\"name\":\"TOHO Multi-Shape\/Color Mix, Yumi-Periwinkle Mix, TX-01-3204 - CreativityShopEU\",\"isPartOf\":{\"@id\":\"https:\/\/creativityshop.eu\/pl\/#website\"},\"primaryImageOfPage\":{\"@id\":\"https:\/\/creativityshop.eu\/pl\/product\/toho-multi-shape-color-mix-yumi-periwinkle-mix-tx-01-3204\/#primaryimage\"},\"image\":{\"@id\":\"https:\/\/creativityshop.eu\/pl\/product\/toho-multi-shape-color-mix-yumi-periwinkle-mix-tx-01-3204\/#primaryimage\"},\"thumbnailUrl\":\"https:\/\/creativityshop.eu\/wp-content\/uploads\/2021\/02\/tx-01-3204-toho-multi-shapecolor-mix-yumi-periwinkle-mix.jpg\",\"datePublished\":\"2021-02-12T08:39:45+00:00\",\"dateModified\":\"2024-03-12T14:50:54+00:00\",\"breadcrumb\":{\"@id\":\"https:\/\/creativityshop.eu\/pl\/product\/toho-multi-shape-color-mix-yumi-periwinkle-mix-tx-01-3204\/#breadcrumb\"},\"inLanguage\":\"pl-PL\",\"potentialAction\":[{\"@type\":\"ReadAction\",\"target\":[\"https:\/\/creativityshop.eu\/pl\/product\/toho-multi-shape-color-mix-yumi-periwinkle-mix-tx-01-3204\/\"]}]},{\"@type\":\"ImageObject\",\"inLanguage\":\"pl-PL\",\"@id\":\"https:\/\/creativityshop.eu\/pl\/product\/toho-multi-shape-color-mix-yumi-periwinkle-mix-tx-01-3204\/#primaryimage\",\"url\":\"https:\/\/creativityshop.eu\/wp-content\/uploads\/2021\/02\/tx-01-3204-toho-multi-shapecolor-mix-yumi-periwinkle-mix.jpg\",\"contentUrl\":\"https:\/\/creativityshop.eu\/wp-content\/uploads\/2021\/02\/tx-01-3204-toho-multi-shapecolor-mix-yumi-periwinkle-mix.jpg\",\"width\":768,\"height\":768,\"caption\":\"TX-01-3204 TOHO - Multi-ShapeColor Mix Yumi-Periwinkle Mix\"},{\"@type\":\"BreadcrumbList\",\"@id\":\"https:\/\/creativityshop.eu\/pl\/product\/toho-multi-shape-color-mix-yumi-periwinkle-mix-tx-01-3204\/#breadcrumb\",\"itemListElement\":[{\"@type\":\"ListItem\",\"position\":1,\"name\":\"Home\",\"item\":\"https:\/\/creativityshop.eu\/pl\/\"},{\"@type\":\"ListItem\",\"position\":2,\"name\":\"Shop\",\"item\":\"https:\/\/creativityshop.eu\/shop\/\"},{\"@type\":\"ListItem\",\"position\":3,\"name\":\"TOHO Multi-Shape\/Color Mix, Yumi-Periwinkle Mix, TX-01-3204\"}]},{\"@type\":\"WebSite\",\"@id\":\"https:\/\/creativityshop.eu\/pl\/#website\",\"url\":\"https:\/\/creativityshop.eu\/pl\/\",\"name\":\"CreativityShopEU\",\"description\":\"Embroidery and jewelry components\",\"publisher\":{\"@id\":\"https:\/\/creativityshop.eu\/pl\/#organization\"},\"potentialAction\":[{\"@type\":\"SearchAction\",\"target\":{\"@type\":\"EntryPoint\",\"urlTemplate\":\"https:\/\/creativityshop.eu\/pl\/?s={search_term_string}\"},\"query-input\":{\"@type\":\"PropertyValueSpecification\",\"valueRequired\":true,\"valueName\":\"search_term_string\"}}],\"inLanguage\":\"pl-PL\"},{\"@type\":\"Organization\",\"@id\":\"https:\/\/creativityshop.eu\/pl\/#organization\",\"name\":\"Creativity Shop OU\",\"url\":\"https:\/\/creativityshop.eu\/pl\/\",\"logo\":{\"@type\":\"ImageObject\",\"inLanguage\":\"pl-PL\",\"@id\":\"https:\/\/creativityshop.eu\/pl\/#\/schema\/logo\/image\/\",\"url\":\"https:\/\/creativityshop.eu\/wp-content\/uploads\/2018\/11\/creativity_shop_logosite2.png\",\"contentUrl\":\"https:\/\/creativityshop.eu\/wp-content\/uploads\/2018\/11\/creativity_shop_logosite2.png\",\"width\":2871,\"height\":1100,\"caption\":\"Creativity Shop OU\"},\"image\":{\"@id\":\"https:\/\/creativityshop.eu\/pl\/#\/schema\/logo\/image\/\"}}]}<\/script>\n<meta property=\"product:price:amount\" content=\"2.64\" \/>\n<meta property=\"product:price:currency\" content=\"EUR\" \/>\n<meta property=\"og:availability\" content=\"instock\" \/>\n<meta property=\"product:availability\" content=\"instock\" \/>\n<meta property=\"product:retailer_item_id\" content=\"TX-01-3204\" \/>\n<meta property=\"product:condition\" content=\"new\" \/>\n<!-- \/ Yoast SEO Premium plugin. -->","yoast_head_json":{"title":"TOHO Multi-Shape\/Color Mix, Yumi-Periwinkle Mix, TX-01-3204 - CreativityShopEU","robots":{"index":"noindex","follow":"follow"},"og_locale":"pl_PL","og_type":"article","og_title":"TOHO Multi-Shape\/Color Mix, Yumi-Periwinkle Mix, TX-01-3204","og_description":"TOHO Multi-Shape\/Color Mix TX-01-3204 Color: Yumi-Periwinkle Mix Size: Mixed Made in: Japan Price for: 10 g","og_url":"https:\/\/creativityshop.eu\/pl\/product\/toho-multi-shape-color-mix-yumi-periwinkle-mix-tx-01-3204\/","og_site_name":"CreativityShopEU","article_modified_time":"2024-03-12T14:50:54+00:00","og_image":[{"width":768,"height":768,"url":"https:\/\/creativityshop.eu\/wp-content\/uploads\/2021\/02\/tx-01-3204-toho-multi-shapecolor-mix-yumi-periwinkle-mix.jpg","type":"image\/jpeg"}],"twitter_card":"summary_large_image","twitter_misc":{"Cena":"&euro;2.64","Dost\u0119pno\u015b\u0107":"Dost\u0119pny"},"schema":{"@context":"https:\/\/schema.org","@graph":[{"@type":"WebPage","@id":"https:\/\/creativityshop.eu\/pl\/product\/toho-multi-shape-color-mix-yumi-periwinkle-mix-tx-01-3204\/","url":"https:\/\/creativityshop.eu\/pl\/product\/toho-multi-shape-color-mix-yumi-periwinkle-mix-tx-01-3204\/","name":"TOHO Multi-Shape\/Color Mix, Yumi-Periwinkle Mix, TX-01-3204 - CreativityShopEU","isPartOf":{"@id":"https:\/\/creativityshop.eu\/pl\/#website"},"primaryImageOfPage":{"@id":"https:\/\/creativityshop.eu\/pl\/product\/toho-multi-shape-color-mix-yumi-periwinkle-mix-tx-01-3204\/#primaryimage"},"image":{"@id":"https:\/\/creativityshop.eu\/pl\/product\/toho-multi-shape-color-mix-yumi-periwinkle-mix-tx-01-3204\/#primaryimage"},"thumbnailUrl":"https:\/\/creativityshop.eu\/wp-content\/uploads\/2021\/02\/tx-01-3204-toho-multi-shapecolor-mix-yumi-periwinkle-mix.jpg","datePublished":"2021-02-12T08:39:45+00:00","dateModified":"2024-03-12T14:50:54+00:00","breadcrumb":{"@id":"https:\/\/creativityshop.eu\/pl\/product\/toho-multi-shape-color-mix-yumi-periwinkle-mix-tx-01-3204\/#breadcrumb"},"inLanguage":"pl-PL","potentialAction":[{"@type":"ReadAction","target":["https:\/\/creativityshop.eu\/pl\/product\/toho-multi-shape-color-mix-yumi-periwinkle-mix-tx-01-3204\/"]}]},{"@type":"ImageObject","inLanguage":"pl-PL","@id":"https:\/\/creativityshop.eu\/pl\/product\/toho-multi-shape-color-mix-yumi-periwinkle-mix-tx-01-3204\/#primaryimage","url":"https:\/\/creativityshop.eu\/wp-content\/uploads\/2021\/02\/tx-01-3204-toho-multi-shapecolor-mix-yumi-periwinkle-mix.jpg","contentUrl":"https:\/\/creativityshop.eu\/wp-content\/uploads\/2021\/02\/tx-01-3204-toho-multi-shapecolor-mix-yumi-periwinkle-mix.jpg","width":768,"height":768,"caption":"TX-01-3204 TOHO - Multi-ShapeColor Mix Yumi-Periwinkle Mix"},{"@type":"BreadcrumbList","@id":"https:\/\/creativityshop.eu\/pl\/product\/toho-multi-shape-color-mix-yumi-periwinkle-mix-tx-01-3204\/#breadcrumb","itemListElement":[{"@type":"ListItem","position":1,"name":"Home","item":"https:\/\/creativityshop.eu\/pl\/"},{"@type":"ListItem","position":2,"name":"Shop","item":"https:\/\/creativityshop.eu\/shop\/"},{"@type":"ListItem","position":3,"name":"TOHO Multi-Shape\/Color Mix, Yumi-Periwinkle Mix, TX-01-3204"}]},{"@type":"WebSite","@id":"https:\/\/creativityshop.eu\/pl\/#website","url":"https:\/\/creativityshop.eu\/pl\/","name":"CreativityShopEU","description":"Embroidery and jewelry components","publisher":{"@id":"https:\/\/creativityshop.eu\/pl\/#organization"},"potentialAction":[{"@type":"SearchAction","target":{"@type":"EntryPoint","urlTemplate":"https:\/\/creativityshop.eu\/pl\/?s={search_term_string}"},"query-input":{"@type":"PropertyValueSpecification","valueRequired":true,"valueName":"search_term_string"}}],"inLanguage":"pl-PL"},{"@type":"Organization","@id":"https:\/\/creativityshop.eu\/pl\/#organization","name":"Creativity Shop OU","url":"https:\/\/creativityshop.eu\/pl\/","logo":{"@type":"ImageObject","inLanguage":"pl-PL","@id":"https:\/\/creativityshop.eu\/pl\/#\/schema\/logo\/image\/","url":"https:\/\/creativityshop.eu\/wp-content\/uploads\/2018\/11\/creativity_shop_logosite2.png","contentUrl":"https:\/\/creativityshop.eu\/wp-content\/uploads\/2018\/11\/creativity_shop_logosite2.png","width":2871,"height":1100,"caption":"Creativity Shop OU"},"image":{"@id":"https:\/\/creativityshop.eu\/pl\/#\/schema\/logo\/image\/"}}]},"product_price_amount":"2.64","product_price_currency":"EUR","og_availability":"instock","product_availability":"instock","product_retailer_item_id":"TX-01-3204","product_condition":"new"},"_links":{"self":[{"href":"https:\/\/creativityshop.eu\/pl\/wp-json\/wp\/v2\/product\/23580","targetHints":{"allow":["GET"]}}],"collection":[{"href":"https:\/\/creativityshop.eu\/pl\/wp-json\/wp\/v2\/product"}],"about":[{"href":"https:\/\/creativityshop.eu\/pl\/wp-json\/wp\/v2\/types\/product"}],"wp:featuredmedia":[{"embeddable":true,"href":"https:\/\/creativityshop.eu\/pl\/wp-json\/wp\/v2\/media\/23553"}],"wp:attachment":[{"href":"https:\/\/creativityshop.eu\/pl\/wp-json\/wp\/v2\/media?parent=23580"}],"wp:term":[{"taxonomy":"product_brand","embeddable":true,"href":"https:\/\/creativityshop.eu\/pl\/wp-json\/wp\/v2\/product_brand?post=23580"},{"taxonomy":"product_cat","embeddable":true,"href":"https:\/\/creativityshop.eu\/pl\/wp-json\/wp\/v2\/product_cat?post=23580"},{"taxonomy":"product_tag","embeddable":true,"href":"https:\/\/creativityshop.eu\/pl\/wp-json\/wp\/v2\/product_tag?post=23580"}],"curies":[{"name":"wp","href":"https:\/\/api.w.org\/{rel}","templated":true}]}}