{"id":22794,"date":"2021-01-24T19:10:08","date_gmt":"2021-01-24T16:10:08","guid":{"rendered":"https:\/\/creativityshop.eu\/?post_type=product&#038;p=22794"},"modified":"2024-06-18T17:40:17","modified_gmt":"2024-06-18T14:40:17","slug":"4327-large-pear-swarovski-crystal-ivory-cream-30x20-mm","status":"publish","type":"product","link":"https:\/\/creativityshop.eu\/pl\/product\/4327-large-pear-swarovski-crystal-ivory-cream-30x20-mm\/","title":{"rendered":"4327 Large Pear Swarovski, Crystal Ivory Cream, 30&#215;20 mm"},"content":{"rendered":"<p>The Large Pear Swarovski Stone answers the ever-growing demand for oversized products in design. It creatively complements bold baroque and Victorian styles, as well as Indian-inspired large jewelry pieces often seen on fashion catwalks. Its flattened pavilion together with its broad range of colors and effects make this stone an universal jewelry component.<\/p>\n<p>Creativity Shop is a direct reseller of Swarovski in EU. You can buy online a wide range of fancy stones on www.creativityshop.eu.<br \/>\nProduct images are for illustrative purposes only and may differ from the actual product. Due to differences in monitors and lightening, colors of products may also appear different to those shown on the site.<\/p>\n","protected":false},"excerpt":{"rendered":"<p><strong>4327 Large Pear Swarovski Crystal<\/strong><br \/>\nShape: Large Pear<br \/>\nType: Crystal<br \/>\nColor: Ivory Cream<br \/>\nSize: 30&#215;20 mm<br \/>\nManufactured in: Austria<br \/>\nPrice for 1 piece<\/p>\n","protected":false},"featured_media":22785,"template":"","meta":{"_acf_changed":false,"_exactmetrics_skip_tracking":false,"_exactmetrics_sitenote_active":false,"_exactmetrics_sitenote_note":"","_exactmetrics_sitenote_category":0},"product_brand":[],"product_cat":[463],"product_tag":[],"class_list":{"0":"post-22794","1":"product","2":"type-product","3":"status-publish","4":"has-post-thumbnail","6":"product_cat-4327-large-pear","8":"first","9":"instock","10":"taxable","11":"shipping-taxable","12":"purchasable","13":"product-type-simple","14":"add-to-wishlist-after_add_to_cart"},"acf":[],"yoast_head":"<!-- This site is optimized with the Yoast SEO Premium plugin v27.0 (Yoast SEO v27.0) - https:\/\/yoast.com\/product\/yoast-seo-premium-wordpress\/ -->\n<title>4327 Large Pear Swarovski, Crystal Ivory Cream, 30x20 mm - CreativityShopEU<\/title>\n<meta name=\"robots\" content=\"noindex, follow\" \/>\n<meta property=\"og:locale\" content=\"pl_PL\" \/>\n<meta property=\"og:type\" content=\"article\" \/>\n<meta property=\"og:title\" content=\"4327 Large Pear Swarovski, Crystal Ivory Cream, 30x20 mm\" \/>\n<meta property=\"og:description\" content=\"4327 Large Pear Swarovski Crystal Shape: Large Pear Type: Crystal Color: Ivory Cream Size: 30x20 mm Manufactured in: Austria Price for 1 piece\" \/>\n<meta property=\"og:url\" content=\"https:\/\/creativityshop.eu\/pl\/product\/4327-large-pear-swarovski-crystal-ivory-cream-30x20-mm\/\" \/>\n<meta property=\"og:site_name\" content=\"CreativityShopEU\" \/>\n<meta property=\"article:modified_time\" content=\"2024-06-18T14:40:17+00:00\" \/>\n<meta property=\"og:image\" content=\"https:\/\/creativityshop.eu\/wp-content\/uploads\/2021\/01\/5269140-4327-mm-300x-200-crystal-ivorycrm_s.jpg\" \/>\n\t<meta property=\"og:image:width\" content=\"768\" \/>\n\t<meta property=\"og:image:height\" content=\"768\" \/>\n\t<meta property=\"og:image:type\" content=\"image\/jpeg\" \/>\n<meta name=\"twitter:card\" content=\"summary_large_image\" \/>\n<meta name=\"twitter:label1\" content=\"Cena\" \/>\n\t<meta name=\"twitter:data1\" content=\"&euro;7.70\" \/>\n\t<meta name=\"twitter:label2\" content=\"Dost\u0119pno\u015b\u0107\" \/>\n\t<meta name=\"twitter:data2\" content=\"Dost\u0119pny\" \/>\n<script type=\"application\/ld+json\" class=\"yoast-schema-graph\">{\"@context\":\"https:\/\/schema.org\",\"@graph\":[{\"@type\":\"WebPage\",\"@id\":\"https:\/\/creativityshop.eu\/pl\/product\/4327-large-pear-swarovski-crystal-ivory-cream-30x20-mm\/\",\"url\":\"https:\/\/creativityshop.eu\/pl\/product\/4327-large-pear-swarovski-crystal-ivory-cream-30x20-mm\/\",\"name\":\"4327 Large Pear Swarovski, Crystal Ivory Cream, 30x20 mm - CreativityShopEU\",\"isPartOf\":{\"@id\":\"https:\/\/creativityshop.eu\/pl\/#website\"},\"primaryImageOfPage\":{\"@id\":\"https:\/\/creativityshop.eu\/pl\/product\/4327-large-pear-swarovski-crystal-ivory-cream-30x20-mm\/#primaryimage\"},\"image\":{\"@id\":\"https:\/\/creativityshop.eu\/pl\/product\/4327-large-pear-swarovski-crystal-ivory-cream-30x20-mm\/#primaryimage\"},\"thumbnailUrl\":\"https:\/\/creativityshop.eu\/wp-content\/uploads\/2021\/01\/5269140-4327-mm-300x-200-crystal-ivorycrm_s.jpg\",\"datePublished\":\"2021-01-24T16:10:08+00:00\",\"dateModified\":\"2024-06-18T14:40:17+00:00\",\"breadcrumb\":{\"@id\":\"https:\/\/creativityshop.eu\/pl\/product\/4327-large-pear-swarovski-crystal-ivory-cream-30x20-mm\/#breadcrumb\"},\"inLanguage\":\"pl-PL\",\"potentialAction\":[{\"@type\":\"ReadAction\",\"target\":[\"https:\/\/creativityshop.eu\/pl\/product\/4327-large-pear-swarovski-crystal-ivory-cream-30x20-mm\/\"]}]},{\"@type\":\"ImageObject\",\"inLanguage\":\"pl-PL\",\"@id\":\"https:\/\/creativityshop.eu\/pl\/product\/4327-large-pear-swarovski-crystal-ivory-cream-30x20-mm\/#primaryimage\",\"url\":\"https:\/\/creativityshop.eu\/wp-content\/uploads\/2021\/01\/5269140-4327-mm-300x-200-crystal-ivorycrm_s.jpg\",\"contentUrl\":\"https:\/\/creativityshop.eu\/wp-content\/uploads\/2021\/01\/5269140-4327-mm-300x-200-crystal-ivorycrm_s.jpg\",\"width\":768,\"height\":768,\"caption\":\"5269140 4327 MM 30,0X 20,0 CRYSTAL IVORYCRM_S\"},{\"@type\":\"BreadcrumbList\",\"@id\":\"https:\/\/creativityshop.eu\/pl\/product\/4327-large-pear-swarovski-crystal-ivory-cream-30x20-mm\/#breadcrumb\",\"itemListElement\":[{\"@type\":\"ListItem\",\"position\":1,\"name\":\"Home\",\"item\":\"https:\/\/creativityshop.eu\/pl\/\"},{\"@type\":\"ListItem\",\"position\":2,\"name\":\"Shop\",\"item\":\"https:\/\/creativityshop.eu\/shop\/\"},{\"@type\":\"ListItem\",\"position\":3,\"name\":\"4327 Large Pear Swarovski, Crystal Ivory Cream, 30&#215;20 mm\"}]},{\"@type\":\"WebSite\",\"@id\":\"https:\/\/creativityshop.eu\/pl\/#website\",\"url\":\"https:\/\/creativityshop.eu\/pl\/\",\"name\":\"CreativityShopEU\",\"description\":\"Embroidery and jewelry components\",\"publisher\":{\"@id\":\"https:\/\/creativityshop.eu\/pl\/#organization\"},\"potentialAction\":[{\"@type\":\"SearchAction\",\"target\":{\"@type\":\"EntryPoint\",\"urlTemplate\":\"https:\/\/creativityshop.eu\/pl\/?s={search_term_string}\"},\"query-input\":{\"@type\":\"PropertyValueSpecification\",\"valueRequired\":true,\"valueName\":\"search_term_string\"}}],\"inLanguage\":\"pl-PL\"},{\"@type\":\"Organization\",\"@id\":\"https:\/\/creativityshop.eu\/pl\/#organization\",\"name\":\"Creativity Shop OU\",\"url\":\"https:\/\/creativityshop.eu\/pl\/\",\"logo\":{\"@type\":\"ImageObject\",\"inLanguage\":\"pl-PL\",\"@id\":\"https:\/\/creativityshop.eu\/pl\/#\/schema\/logo\/image\/\",\"url\":\"https:\/\/creativityshop.eu\/wp-content\/uploads\/2018\/11\/creativity_shop_logosite2.png\",\"contentUrl\":\"https:\/\/creativityshop.eu\/wp-content\/uploads\/2018\/11\/creativity_shop_logosite2.png\",\"width\":2871,\"height\":1100,\"caption\":\"Creativity Shop OU\"},\"image\":{\"@id\":\"https:\/\/creativityshop.eu\/pl\/#\/schema\/logo\/image\/\"}}]}<\/script>\n<meta property=\"product:price:amount\" content=\"7.70\" \/>\n<meta property=\"product:price:currency\" content=\"EUR\" \/>\n<meta property=\"og:availability\" content=\"instock\" \/>\n<meta property=\"product:availability\" content=\"instock\" \/>\n<meta property=\"product:retailer_item_id\" content=\"5269140\" \/>\n<meta property=\"product:condition\" content=\"new\" \/>\n<!-- \/ Yoast SEO Premium plugin. -->","yoast_head_json":{"title":"4327 Large Pear Swarovski, Crystal Ivory Cream, 30x20 mm - CreativityShopEU","robots":{"index":"noindex","follow":"follow"},"og_locale":"pl_PL","og_type":"article","og_title":"4327 Large Pear Swarovski, Crystal Ivory Cream, 30x20 mm","og_description":"4327 Large Pear Swarovski Crystal Shape: Large Pear Type: Crystal Color: Ivory Cream Size: 30x20 mm Manufactured in: Austria Price for 1 piece","og_url":"https:\/\/creativityshop.eu\/pl\/product\/4327-large-pear-swarovski-crystal-ivory-cream-30x20-mm\/","og_site_name":"CreativityShopEU","article_modified_time":"2024-06-18T14:40:17+00:00","og_image":[{"width":768,"height":768,"url":"https:\/\/creativityshop.eu\/wp-content\/uploads\/2021\/01\/5269140-4327-mm-300x-200-crystal-ivorycrm_s.jpg","type":"image\/jpeg"}],"twitter_card":"summary_large_image","twitter_misc":{"Cena":"&euro;7.70","Dost\u0119pno\u015b\u0107":"Dost\u0119pny"},"schema":{"@context":"https:\/\/schema.org","@graph":[{"@type":"WebPage","@id":"https:\/\/creativityshop.eu\/pl\/product\/4327-large-pear-swarovski-crystal-ivory-cream-30x20-mm\/","url":"https:\/\/creativityshop.eu\/pl\/product\/4327-large-pear-swarovski-crystal-ivory-cream-30x20-mm\/","name":"4327 Large Pear Swarovski, Crystal Ivory Cream, 30x20 mm - CreativityShopEU","isPartOf":{"@id":"https:\/\/creativityshop.eu\/pl\/#website"},"primaryImageOfPage":{"@id":"https:\/\/creativityshop.eu\/pl\/product\/4327-large-pear-swarovski-crystal-ivory-cream-30x20-mm\/#primaryimage"},"image":{"@id":"https:\/\/creativityshop.eu\/pl\/product\/4327-large-pear-swarovski-crystal-ivory-cream-30x20-mm\/#primaryimage"},"thumbnailUrl":"https:\/\/creativityshop.eu\/wp-content\/uploads\/2021\/01\/5269140-4327-mm-300x-200-crystal-ivorycrm_s.jpg","datePublished":"2021-01-24T16:10:08+00:00","dateModified":"2024-06-18T14:40:17+00:00","breadcrumb":{"@id":"https:\/\/creativityshop.eu\/pl\/product\/4327-large-pear-swarovski-crystal-ivory-cream-30x20-mm\/#breadcrumb"},"inLanguage":"pl-PL","potentialAction":[{"@type":"ReadAction","target":["https:\/\/creativityshop.eu\/pl\/product\/4327-large-pear-swarovski-crystal-ivory-cream-30x20-mm\/"]}]},{"@type":"ImageObject","inLanguage":"pl-PL","@id":"https:\/\/creativityshop.eu\/pl\/product\/4327-large-pear-swarovski-crystal-ivory-cream-30x20-mm\/#primaryimage","url":"https:\/\/creativityshop.eu\/wp-content\/uploads\/2021\/01\/5269140-4327-mm-300x-200-crystal-ivorycrm_s.jpg","contentUrl":"https:\/\/creativityshop.eu\/wp-content\/uploads\/2021\/01\/5269140-4327-mm-300x-200-crystal-ivorycrm_s.jpg","width":768,"height":768,"caption":"5269140 4327 MM 30,0X 20,0 CRYSTAL IVORYCRM_S"},{"@type":"BreadcrumbList","@id":"https:\/\/creativityshop.eu\/pl\/product\/4327-large-pear-swarovski-crystal-ivory-cream-30x20-mm\/#breadcrumb","itemListElement":[{"@type":"ListItem","position":1,"name":"Home","item":"https:\/\/creativityshop.eu\/pl\/"},{"@type":"ListItem","position":2,"name":"Shop","item":"https:\/\/creativityshop.eu\/shop\/"},{"@type":"ListItem","position":3,"name":"4327 Large Pear Swarovski, Crystal Ivory Cream, 30&#215;20 mm"}]},{"@type":"WebSite","@id":"https:\/\/creativityshop.eu\/pl\/#website","url":"https:\/\/creativityshop.eu\/pl\/","name":"CreativityShopEU","description":"Embroidery and jewelry components","publisher":{"@id":"https:\/\/creativityshop.eu\/pl\/#organization"},"potentialAction":[{"@type":"SearchAction","target":{"@type":"EntryPoint","urlTemplate":"https:\/\/creativityshop.eu\/pl\/?s={search_term_string}"},"query-input":{"@type":"PropertyValueSpecification","valueRequired":true,"valueName":"search_term_string"}}],"inLanguage":"pl-PL"},{"@type":"Organization","@id":"https:\/\/creativityshop.eu\/pl\/#organization","name":"Creativity Shop OU","url":"https:\/\/creativityshop.eu\/pl\/","logo":{"@type":"ImageObject","inLanguage":"pl-PL","@id":"https:\/\/creativityshop.eu\/pl\/#\/schema\/logo\/image\/","url":"https:\/\/creativityshop.eu\/wp-content\/uploads\/2018\/11\/creativity_shop_logosite2.png","contentUrl":"https:\/\/creativityshop.eu\/wp-content\/uploads\/2018\/11\/creativity_shop_logosite2.png","width":2871,"height":1100,"caption":"Creativity Shop OU"},"image":{"@id":"https:\/\/creativityshop.eu\/pl\/#\/schema\/logo\/image\/"}}]},"product_price_amount":"7.70","product_price_currency":"EUR","og_availability":"instock","product_availability":"instock","product_retailer_item_id":"5269140","product_condition":"new"},"_links":{"self":[{"href":"https:\/\/creativityshop.eu\/pl\/wp-json\/wp\/v2\/product\/22794","targetHints":{"allow":["GET"]}}],"collection":[{"href":"https:\/\/creativityshop.eu\/pl\/wp-json\/wp\/v2\/product"}],"about":[{"href":"https:\/\/creativityshop.eu\/pl\/wp-json\/wp\/v2\/types\/product"}],"wp:featuredmedia":[{"embeddable":true,"href":"https:\/\/creativityshop.eu\/pl\/wp-json\/wp\/v2\/media\/22785"}],"wp:attachment":[{"href":"https:\/\/creativityshop.eu\/pl\/wp-json\/wp\/v2\/media?parent=22794"}],"wp:term":[{"taxonomy":"product_brand","embeddable":true,"href":"https:\/\/creativityshop.eu\/pl\/wp-json\/wp\/v2\/product_brand?post=22794"},{"taxonomy":"product_cat","embeddable":true,"href":"https:\/\/creativityshop.eu\/pl\/wp-json\/wp\/v2\/product_cat?post=22794"},{"taxonomy":"product_tag","embeddable":true,"href":"https:\/\/creativityshop.eu\/pl\/wp-json\/wp\/v2\/product_tag?post=22794"}],"curies":[{"name":"wp","href":"https:\/\/api.w.org\/{rel}","templated":true}]}}