{"id":22764,"date":"2021-01-24T17:43:38","date_gmt":"2021-01-24T14:43:38","guid":{"rendered":"https:\/\/creativityshop.eu\/?post_type=product&#038;p=22764"},"modified":"2025-10-21T18:53:18","modified_gmt":"2025-10-21T15:53:18","slug":"4230-swarovski-lemon-fancy-stone-silver-night-14x9","status":"publish","type":"product","link":"https:\/\/creativityshop.eu\/pl\/product\/4230-swarovski-lemon-fancy-stone-silver-night-14x9\/","title":{"rendered":"4230 Swarovski Lemon Fancy Stone, Silver Night 14X9"},"content":{"rendered":"<p>The Lemon Fancy Stone is a modern interpretation of the timeless Navette form and the delicate facets of the Chessboard. The shape also makes floral, as well as more abstract designs, possible. With three different size options, the Lemon Fancy Stone is an ideal component for matching jewelry pieces.<br \/>\nProduct images are for illustrative purposes only and may differ from the actual product. Due to differences in monitors and lightening, colours of products may also appear different to those shown on the site.<\/p>\n","protected":false},"excerpt":{"rendered":"<p><strong>4230 Swarovski Lemon Fancy Stone<\/strong><br \/>\nShape: Lemon<br \/>\nType: Crystal<br \/>\nColor: Silver Night<br \/>\nSize: 14&#215;9 mm<br \/>\nFoiling: Platinum-colored Pro Foiling<br \/>\nManufactured in: Austria<br \/>\nPrice for 1 piece<\/p>\n","protected":false},"featured_media":22766,"template":"","meta":{"_acf_changed":false,"_exactmetrics_skip_tracking":false,"_exactmetrics_sitenote_active":false,"_exactmetrics_sitenote_note":"","_exactmetrics_sitenote_category":0},"product_brand":[],"product_cat":[469],"product_tag":[],"class_list":{"0":"post-22764","1":"product","2":"type-product","3":"status-publish","4":"has-post-thumbnail","6":"product_cat-4230-lemon","8":"first","9":"instock","10":"taxable","11":"shipping-taxable","12":"purchasable","13":"product-type-simple","14":"add-to-wishlist-after_add_to_cart"},"acf":[],"yoast_head":"<!-- This site is optimized with the Yoast SEO Premium plugin v27.0 (Yoast SEO v27.0) - https:\/\/yoast.com\/product\/yoast-seo-premium-wordpress\/ -->\n<title>4230 Swarovski Lemon Fancy Stone, Silver Night 14X9 - CreativityShopEU<\/title>\n<meta name=\"robots\" content=\"noindex, follow\" \/>\n<meta property=\"og:locale\" content=\"pl_PL\" \/>\n<meta property=\"og:type\" content=\"article\" \/>\n<meta property=\"og:title\" content=\"4230 Swarovski Lemon Fancy Stone, Silver Night 14X9\" \/>\n<meta property=\"og:description\" content=\"4230 Swarovski Lemon Fancy Stone Shape: Lemon Type: Crystal Color: Silver Night Size: 14x9 mm Foiling: Platinum-colored Pro Foiling Manufactured in: Austria Price for 1 piece\" \/>\n<meta property=\"og:url\" content=\"https:\/\/creativityshop.eu\/pl\/product\/4230-swarovski-lemon-fancy-stone-silver-night-14x9\/\" \/>\n<meta property=\"og:site_name\" content=\"CreativityShopEU\" \/>\n<meta property=\"article:modified_time\" content=\"2025-10-21T15:53:18+00:00\" \/>\n<meta property=\"og:image\" content=\"https:\/\/creativityshop.eu\/wp-content\/uploads\/2021\/01\/1179279-4230-mm-140x-90-crystal-silvnight-f-2.jpg\" \/>\n\t<meta property=\"og:image:width\" content=\"768\" \/>\n\t<meta property=\"og:image:height\" content=\"768\" \/>\n\t<meta property=\"og:image:type\" content=\"image\/jpeg\" \/>\n<meta name=\"twitter:card\" content=\"summary_large_image\" \/>\n<meta name=\"twitter:label1\" content=\"Cena\" \/>\n\t<meta name=\"twitter:data1\" content=\"&euro;1.99\" \/>\n\t<meta name=\"twitter:label2\" content=\"Dost\u0119pno\u015b\u0107\" \/>\n\t<meta name=\"twitter:data2\" content=\"Dost\u0119pny\" \/>\n<script type=\"application\/ld+json\" class=\"yoast-schema-graph\">{\"@context\":\"https:\/\/schema.org\",\"@graph\":[{\"@type\":\"WebPage\",\"@id\":\"https:\/\/creativityshop.eu\/pl\/product\/4230-swarovski-lemon-fancy-stone-silver-night-14x9\/\",\"url\":\"https:\/\/creativityshop.eu\/pl\/product\/4230-swarovski-lemon-fancy-stone-silver-night-14x9\/\",\"name\":\"4230 Swarovski Lemon Fancy Stone, Silver Night 14X9 - CreativityShopEU\",\"isPartOf\":{\"@id\":\"https:\/\/creativityshop.eu\/pl\/#website\"},\"primaryImageOfPage\":{\"@id\":\"https:\/\/creativityshop.eu\/pl\/product\/4230-swarovski-lemon-fancy-stone-silver-night-14x9\/#primaryimage\"},\"image\":{\"@id\":\"https:\/\/creativityshop.eu\/pl\/product\/4230-swarovski-lemon-fancy-stone-silver-night-14x9\/#primaryimage\"},\"thumbnailUrl\":\"https:\/\/creativityshop.eu\/wp-content\/uploads\/2021\/01\/1179279-4230-mm-140x-90-crystal-silvnight-f-2.jpg\",\"datePublished\":\"2021-01-24T14:43:38+00:00\",\"dateModified\":\"2025-10-21T15:53:18+00:00\",\"breadcrumb\":{\"@id\":\"https:\/\/creativityshop.eu\/pl\/product\/4230-swarovski-lemon-fancy-stone-silver-night-14x9\/#breadcrumb\"},\"inLanguage\":\"pl-PL\",\"potentialAction\":[{\"@type\":\"ReadAction\",\"target\":[\"https:\/\/creativityshop.eu\/pl\/product\/4230-swarovski-lemon-fancy-stone-silver-night-14x9\/\"]}]},{\"@type\":\"ImageObject\",\"inLanguage\":\"pl-PL\",\"@id\":\"https:\/\/creativityshop.eu\/pl\/product\/4230-swarovski-lemon-fancy-stone-silver-night-14x9\/#primaryimage\",\"url\":\"https:\/\/creativityshop.eu\/wp-content\/uploads\/2021\/01\/1179279-4230-mm-140x-90-crystal-silvnight-f-2.jpg\",\"contentUrl\":\"https:\/\/creativityshop.eu\/wp-content\/uploads\/2021\/01\/1179279-4230-mm-140x-90-crystal-silvnight-f-2.jpg\",\"width\":768,\"height\":768,\"caption\":\"1179279 4230 MM 14,0X 9,0 CRYSTAL SILVNIGHT F\"},{\"@type\":\"BreadcrumbList\",\"@id\":\"https:\/\/creativityshop.eu\/pl\/product\/4230-swarovski-lemon-fancy-stone-silver-night-14x9\/#breadcrumb\",\"itemListElement\":[{\"@type\":\"ListItem\",\"position\":1,\"name\":\"Home\",\"item\":\"https:\/\/creativityshop.eu\/pl\/\"},{\"@type\":\"ListItem\",\"position\":2,\"name\":\"Shop\",\"item\":\"https:\/\/creativityshop.eu\/shop\/\"},{\"@type\":\"ListItem\",\"position\":3,\"name\":\"4230 Swarovski Lemon Fancy Stone, Silver Night 14X9\"}]},{\"@type\":\"WebSite\",\"@id\":\"https:\/\/creativityshop.eu\/pl\/#website\",\"url\":\"https:\/\/creativityshop.eu\/pl\/\",\"name\":\"CreativityShopEU\",\"description\":\"Embroidery and jewelry components\",\"publisher\":{\"@id\":\"https:\/\/creativityshop.eu\/pl\/#organization\"},\"potentialAction\":[{\"@type\":\"SearchAction\",\"target\":{\"@type\":\"EntryPoint\",\"urlTemplate\":\"https:\/\/creativityshop.eu\/pl\/?s={search_term_string}\"},\"query-input\":{\"@type\":\"PropertyValueSpecification\",\"valueRequired\":true,\"valueName\":\"search_term_string\"}}],\"inLanguage\":\"pl-PL\"},{\"@type\":\"Organization\",\"@id\":\"https:\/\/creativityshop.eu\/pl\/#organization\",\"name\":\"Creativity Shop OU\",\"url\":\"https:\/\/creativityshop.eu\/pl\/\",\"logo\":{\"@type\":\"ImageObject\",\"inLanguage\":\"pl-PL\",\"@id\":\"https:\/\/creativityshop.eu\/pl\/#\/schema\/logo\/image\/\",\"url\":\"https:\/\/creativityshop.eu\/wp-content\/uploads\/2018\/11\/creativity_shop_logosite2.png\",\"contentUrl\":\"https:\/\/creativityshop.eu\/wp-content\/uploads\/2018\/11\/creativity_shop_logosite2.png\",\"width\":2871,\"height\":1100,\"caption\":\"Creativity Shop OU\"},\"image\":{\"@id\":\"https:\/\/creativityshop.eu\/pl\/#\/schema\/logo\/image\/\"}}]}<\/script>\n<meta property=\"product:price:amount\" content=\"1.99\" \/>\n<meta property=\"product:price:currency\" content=\"EUR\" \/>\n<meta property=\"og:availability\" content=\"instock\" \/>\n<meta property=\"product:availability\" content=\"instock\" \/>\n<meta property=\"product:retailer_item_id\" content=\"1179279\" \/>\n<meta property=\"product:condition\" content=\"new\" \/>\n<!-- \/ Yoast SEO Premium plugin. -->","yoast_head_json":{"title":"4230 Swarovski Lemon Fancy Stone, Silver Night 14X9 - CreativityShopEU","robots":{"index":"noindex","follow":"follow"},"og_locale":"pl_PL","og_type":"article","og_title":"4230 Swarovski Lemon Fancy Stone, Silver Night 14X9","og_description":"4230 Swarovski Lemon Fancy Stone Shape: Lemon Type: Crystal Color: Silver Night Size: 14x9 mm Foiling: Platinum-colored Pro Foiling Manufactured in: Austria Price for 1 piece","og_url":"https:\/\/creativityshop.eu\/pl\/product\/4230-swarovski-lemon-fancy-stone-silver-night-14x9\/","og_site_name":"CreativityShopEU","article_modified_time":"2025-10-21T15:53:18+00:00","og_image":[{"width":768,"height":768,"url":"https:\/\/creativityshop.eu\/wp-content\/uploads\/2021\/01\/1179279-4230-mm-140x-90-crystal-silvnight-f-2.jpg","type":"image\/jpeg"}],"twitter_card":"summary_large_image","twitter_misc":{"Cena":"&euro;1.99","Dost\u0119pno\u015b\u0107":"Dost\u0119pny"},"schema":{"@context":"https:\/\/schema.org","@graph":[{"@type":"WebPage","@id":"https:\/\/creativityshop.eu\/pl\/product\/4230-swarovski-lemon-fancy-stone-silver-night-14x9\/","url":"https:\/\/creativityshop.eu\/pl\/product\/4230-swarovski-lemon-fancy-stone-silver-night-14x9\/","name":"4230 Swarovski Lemon Fancy Stone, Silver Night 14X9 - CreativityShopEU","isPartOf":{"@id":"https:\/\/creativityshop.eu\/pl\/#website"},"primaryImageOfPage":{"@id":"https:\/\/creativityshop.eu\/pl\/product\/4230-swarovski-lemon-fancy-stone-silver-night-14x9\/#primaryimage"},"image":{"@id":"https:\/\/creativityshop.eu\/pl\/product\/4230-swarovski-lemon-fancy-stone-silver-night-14x9\/#primaryimage"},"thumbnailUrl":"https:\/\/creativityshop.eu\/wp-content\/uploads\/2021\/01\/1179279-4230-mm-140x-90-crystal-silvnight-f-2.jpg","datePublished":"2021-01-24T14:43:38+00:00","dateModified":"2025-10-21T15:53:18+00:00","breadcrumb":{"@id":"https:\/\/creativityshop.eu\/pl\/product\/4230-swarovski-lemon-fancy-stone-silver-night-14x9\/#breadcrumb"},"inLanguage":"pl-PL","potentialAction":[{"@type":"ReadAction","target":["https:\/\/creativityshop.eu\/pl\/product\/4230-swarovski-lemon-fancy-stone-silver-night-14x9\/"]}]},{"@type":"ImageObject","inLanguage":"pl-PL","@id":"https:\/\/creativityshop.eu\/pl\/product\/4230-swarovski-lemon-fancy-stone-silver-night-14x9\/#primaryimage","url":"https:\/\/creativityshop.eu\/wp-content\/uploads\/2021\/01\/1179279-4230-mm-140x-90-crystal-silvnight-f-2.jpg","contentUrl":"https:\/\/creativityshop.eu\/wp-content\/uploads\/2021\/01\/1179279-4230-mm-140x-90-crystal-silvnight-f-2.jpg","width":768,"height":768,"caption":"1179279 4230 MM 14,0X 9,0 CRYSTAL SILVNIGHT F"},{"@type":"BreadcrumbList","@id":"https:\/\/creativityshop.eu\/pl\/product\/4230-swarovski-lemon-fancy-stone-silver-night-14x9\/#breadcrumb","itemListElement":[{"@type":"ListItem","position":1,"name":"Home","item":"https:\/\/creativityshop.eu\/pl\/"},{"@type":"ListItem","position":2,"name":"Shop","item":"https:\/\/creativityshop.eu\/shop\/"},{"@type":"ListItem","position":3,"name":"4230 Swarovski Lemon Fancy Stone, Silver Night 14X9"}]},{"@type":"WebSite","@id":"https:\/\/creativityshop.eu\/pl\/#website","url":"https:\/\/creativityshop.eu\/pl\/","name":"CreativityShopEU","description":"Embroidery and jewelry components","publisher":{"@id":"https:\/\/creativityshop.eu\/pl\/#organization"},"potentialAction":[{"@type":"SearchAction","target":{"@type":"EntryPoint","urlTemplate":"https:\/\/creativityshop.eu\/pl\/?s={search_term_string}"},"query-input":{"@type":"PropertyValueSpecification","valueRequired":true,"valueName":"search_term_string"}}],"inLanguage":"pl-PL"},{"@type":"Organization","@id":"https:\/\/creativityshop.eu\/pl\/#organization","name":"Creativity Shop OU","url":"https:\/\/creativityshop.eu\/pl\/","logo":{"@type":"ImageObject","inLanguage":"pl-PL","@id":"https:\/\/creativityshop.eu\/pl\/#\/schema\/logo\/image\/","url":"https:\/\/creativityshop.eu\/wp-content\/uploads\/2018\/11\/creativity_shop_logosite2.png","contentUrl":"https:\/\/creativityshop.eu\/wp-content\/uploads\/2018\/11\/creativity_shop_logosite2.png","width":2871,"height":1100,"caption":"Creativity Shop OU"},"image":{"@id":"https:\/\/creativityshop.eu\/pl\/#\/schema\/logo\/image\/"}}]},"product_price_amount":"1.99","product_price_currency":"EUR","og_availability":"instock","product_availability":"instock","product_retailer_item_id":"1179279","product_condition":"new"},"_links":{"self":[{"href":"https:\/\/creativityshop.eu\/pl\/wp-json\/wp\/v2\/product\/22764","targetHints":{"allow":["GET"]}}],"collection":[{"href":"https:\/\/creativityshop.eu\/pl\/wp-json\/wp\/v2\/product"}],"about":[{"href":"https:\/\/creativityshop.eu\/pl\/wp-json\/wp\/v2\/types\/product"}],"wp:featuredmedia":[{"embeddable":true,"href":"https:\/\/creativityshop.eu\/pl\/wp-json\/wp\/v2\/media\/22766"}],"wp:attachment":[{"href":"https:\/\/creativityshop.eu\/pl\/wp-json\/wp\/v2\/media?parent=22764"}],"wp:term":[{"taxonomy":"product_brand","embeddable":true,"href":"https:\/\/creativityshop.eu\/pl\/wp-json\/wp\/v2\/product_brand?post=22764"},{"taxonomy":"product_cat","embeddable":true,"href":"https:\/\/creativityshop.eu\/pl\/wp-json\/wp\/v2\/product_cat?post=22764"},{"taxonomy":"product_tag","embeddable":true,"href":"https:\/\/creativityshop.eu\/pl\/wp-json\/wp\/v2\/product_tag?post=22764"}],"curies":[{"name":"wp","href":"https:\/\/api.w.org\/{rel}","templated":true}]}}