{"id":21435,"date":"2020-12-20T18:55:35","date_gmt":"2020-12-20T15:55:35","guid":{"rendered":"https:\/\/creativityshop.eu\/?post_type=product&#038;p=21435"},"modified":"2026-01-31T20:08:06","modified_gmt":"2026-01-31T17:08:06","slug":"loose-flat-sequins-paillettes-six-petals-flower-roselline-lemon-5mm-andrea-bilics","status":"publish","type":"product","link":"https:\/\/creativityshop.eu\/pl\/product\/loose-flat-sequins-paillettes-six-petals-flower-roselline-lemon-5mm-andrea-bilics\/","title":{"rendered":"Loose Flat Sequins\/Paillettes, Six-Petals Flower &#8222;Roselline&#8221;, Lemon, 5mm, Andrea Bilics"},"content":{"rendered":"<p>Andrea Bilics sequins are manufactured in Milan, Italy since 1946. These sequins are famous for their precise and consistent shape and colors.<\/p>\n<p>Sequins Laundry Care<\/p>\n<p>Wash at 30\u00b0 max<br \/>\nDo not use bleach<br \/>\nDo not dry with drier<br \/>\nIron temperature \u2013 120\u00b0 max<br \/>\nDry cleanable<\/p>\n<p>Product images are for illustrative purposes only and may differ from the actual product. Due to differences in monitors and lightening, colors of products may also appear different to those shown on the site.<\/p>\n","protected":false},"excerpt":{"rendered":"<p><strong>Italian Fantasy Sequins &#8222;Roselline&#8221; with one hole in the center. Premium quality.<\/strong><\/p>\n<p>Size: 5 mm<br \/>\nColor: Lemon<br \/>\nMaterial: 100% Polyester<br \/>\nBrand: Andrea Bilics<br \/>\nOrigin: Italy<br \/>\nSold per: 3 gr (app. 700 pcs)<\/p>\n","protected":false},"featured_media":21405,"template":"","meta":{"_acf_changed":false,"_exactmetrics_skip_tracking":false,"_exactmetrics_sitenote_active":false,"_exactmetrics_sitenote_note":"","_exactmetrics_sitenote_category":0},"product_brand":[],"product_cat":[274,275],"product_tag":[580],"class_list":{"0":"post-21435","1":"product","2":"type-product","3":"status-publish","4":"has-post-thumbnail","6":"product_cat-sequins","7":"product_cat-fantasy-sequins","8":"product_tag-loose-sequins","10":"first","11":"instock","12":"taxable","13":"shipping-taxable","14":"purchasable","15":"product-type-simple","16":"add-to-wishlist-after_add_to_cart"},"acf":[],"yoast_head":"<!-- This site is optimized with the Yoast SEO Premium plugin v27.0 (Yoast SEO v27.0) - https:\/\/yoast.com\/product\/yoast-seo-premium-wordpress\/ -->\n<title>Loose Flat Sequins\/Paillettes, Six-Petals Flower &quot;Roselline&quot;, Lemon, 5mm, Andrea Bilics - CreativityShopEU<\/title>\n<meta name=\"robots\" content=\"noindex, follow\" \/>\n<meta property=\"og:locale\" content=\"pl_PL\" \/>\n<meta property=\"og:type\" content=\"article\" \/>\n<meta property=\"og:title\" content=\"Loose Flat Sequins\/Paillettes, Six-Petals Flower &quot;Roselline&quot;, Lemon, 5mm, Andrea Bilics\" \/>\n<meta property=\"og:description\" content=\"Italian Fantasy Sequins &quot;Roselline&quot; with one hole in the center. Premium quality.  Size: 5 mm Color: Lemon Material: 100% Polyester Brand: Andrea Bilics Origin: Italy Sold per: 3 gr (app. 700 pcs)\" \/>\n<meta property=\"og:url\" content=\"https:\/\/creativityshop.eu\/pl\/product\/loose-flat-sequins-paillettes-six-petals-flower-roselline-lemon-5mm-andrea-bilics\/\" \/>\n<meta property=\"og:site_name\" content=\"CreativityShopEU\" \/>\n<meta property=\"article:modified_time\" content=\"2026-01-31T17:08:06+00:00\" \/>\n<meta property=\"og:image\" content=\"https:\/\/creativityshop.eu\/wp-content\/uploads\/2020\/12\/italian-fantasy-sequins-andrea-billics-mr5-2134-3.jpg\" \/>\n\t<meta property=\"og:image:width\" content=\"768\" \/>\n\t<meta property=\"og:image:height\" content=\"768\" \/>\n\t<meta property=\"og:image:type\" content=\"image\/jpeg\" \/>\n<meta name=\"twitter:card\" content=\"summary_large_image\" \/>\n<meta name=\"twitter:label1\" content=\"Cena\" \/>\n\t<meta name=\"twitter:data1\" content=\"&euro;0.95\" \/>\n\t<meta name=\"twitter:label2\" content=\"Dost\u0119pno\u015b\u0107\" \/>\n\t<meta name=\"twitter:data2\" content=\"Dost\u0119pny\" \/>\n<script type=\"application\/ld+json\" class=\"yoast-schema-graph\">{\"@context\":\"https:\/\/schema.org\",\"@graph\":[{\"@type\":\"WebPage\",\"@id\":\"https:\/\/creativityshop.eu\/pl\/product\/loose-flat-sequins-paillettes-six-petals-flower-roselline-lemon-5mm-andrea-bilics\/\",\"url\":\"https:\/\/creativityshop.eu\/pl\/product\/loose-flat-sequins-paillettes-six-petals-flower-roselline-lemon-5mm-andrea-bilics\/\",\"name\":\"Loose Flat Sequins\/Paillettes, Six-Petals Flower \\\"Roselline\\\", Lemon, 5mm, Andrea Bilics - CreativityShopEU\",\"isPartOf\":{\"@id\":\"https:\/\/creativityshop.eu\/pl\/#website\"},\"primaryImageOfPage\":{\"@id\":\"https:\/\/creativityshop.eu\/pl\/product\/loose-flat-sequins-paillettes-six-petals-flower-roselline-lemon-5mm-andrea-bilics\/#primaryimage\"},\"image\":{\"@id\":\"https:\/\/creativityshop.eu\/pl\/product\/loose-flat-sequins-paillettes-six-petals-flower-roselline-lemon-5mm-andrea-bilics\/#primaryimage\"},\"thumbnailUrl\":\"https:\/\/creativityshop.eu\/wp-content\/uploads\/2020\/12\/italian-fantasy-sequins-andrea-billics-mr5-2134-3.jpg\",\"datePublished\":\"2020-12-20T15:55:35+00:00\",\"dateModified\":\"2026-01-31T17:08:06+00:00\",\"breadcrumb\":{\"@id\":\"https:\/\/creativityshop.eu\/pl\/product\/loose-flat-sequins-paillettes-six-petals-flower-roselline-lemon-5mm-andrea-bilics\/#breadcrumb\"},\"inLanguage\":\"pl-PL\",\"potentialAction\":[{\"@type\":\"ReadAction\",\"target\":[\"https:\/\/creativityshop.eu\/pl\/product\/loose-flat-sequins-paillettes-six-petals-flower-roselline-lemon-5mm-andrea-bilics\/\"]}]},{\"@type\":\"ImageObject\",\"inLanguage\":\"pl-PL\",\"@id\":\"https:\/\/creativityshop.eu\/pl\/product\/loose-flat-sequins-paillettes-six-petals-flower-roselline-lemon-5mm-andrea-bilics\/#primaryimage\",\"url\":\"https:\/\/creativityshop.eu\/wp-content\/uploads\/2020\/12\/italian-fantasy-sequins-andrea-billics-mr5-2134-3.jpg\",\"contentUrl\":\"https:\/\/creativityshop.eu\/wp-content\/uploads\/2020\/12\/italian-fantasy-sequins-andrea-billics-mr5-2134-3.jpg\",\"width\":768,\"height\":768,\"caption\":\"Italian Fantasy Sequins Andrea Billics MR5 2134\"},{\"@type\":\"BreadcrumbList\",\"@id\":\"https:\/\/creativityshop.eu\/pl\/product\/loose-flat-sequins-paillettes-six-petals-flower-roselline-lemon-5mm-andrea-bilics\/#breadcrumb\",\"itemListElement\":[{\"@type\":\"ListItem\",\"position\":1,\"name\":\"Home\",\"item\":\"https:\/\/creativityshop.eu\/pl\/\"},{\"@type\":\"ListItem\",\"position\":2,\"name\":\"Shop\",\"item\":\"https:\/\/creativityshop.eu\/shop\/\"},{\"@type\":\"ListItem\",\"position\":3,\"name\":\"Loose Flat Sequins\/Paillettes, Six-Petals Flower &#8220;Roselline&#8221;, Lemon, 5mm, Andrea Bilics\"}]},{\"@type\":\"WebSite\",\"@id\":\"https:\/\/creativityshop.eu\/pl\/#website\",\"url\":\"https:\/\/creativityshop.eu\/pl\/\",\"name\":\"CreativityShopEU\",\"description\":\"Embroidery and jewelry components\",\"publisher\":{\"@id\":\"https:\/\/creativityshop.eu\/pl\/#organization\"},\"potentialAction\":[{\"@type\":\"SearchAction\",\"target\":{\"@type\":\"EntryPoint\",\"urlTemplate\":\"https:\/\/creativityshop.eu\/pl\/?s={search_term_string}\"},\"query-input\":{\"@type\":\"PropertyValueSpecification\",\"valueRequired\":true,\"valueName\":\"search_term_string\"}}],\"inLanguage\":\"pl-PL\"},{\"@type\":\"Organization\",\"@id\":\"https:\/\/creativityshop.eu\/pl\/#organization\",\"name\":\"Creativity Shop OU\",\"url\":\"https:\/\/creativityshop.eu\/pl\/\",\"logo\":{\"@type\":\"ImageObject\",\"inLanguage\":\"pl-PL\",\"@id\":\"https:\/\/creativityshop.eu\/pl\/#\/schema\/logo\/image\/\",\"url\":\"https:\/\/creativityshop.eu\/wp-content\/uploads\/2018\/11\/creativity_shop_logosite2.png\",\"contentUrl\":\"https:\/\/creativityshop.eu\/wp-content\/uploads\/2018\/11\/creativity_shop_logosite2.png\",\"width\":2871,\"height\":1100,\"caption\":\"Creativity Shop OU\"},\"image\":{\"@id\":\"https:\/\/creativityshop.eu\/pl\/#\/schema\/logo\/image\/\"}}]}<\/script>\n<meta property=\"product:price:amount\" content=\"0.95\" \/>\n<meta property=\"product:price:currency\" content=\"EUR\" \/>\n<meta property=\"og:availability\" content=\"instock\" \/>\n<meta property=\"product:availability\" content=\"instock\" \/>\n<meta property=\"product:retailer_item_id\" content=\"MR5-2134\" \/>\n<meta property=\"product:condition\" content=\"new\" \/>\n<!-- \/ Yoast SEO Premium plugin. -->","yoast_head_json":{"title":"Loose Flat Sequins\/Paillettes, Six-Petals Flower \"Roselline\", Lemon, 5mm, Andrea Bilics - CreativityShopEU","robots":{"index":"noindex","follow":"follow"},"og_locale":"pl_PL","og_type":"article","og_title":"Loose Flat Sequins\/Paillettes, Six-Petals Flower \"Roselline\", Lemon, 5mm, Andrea Bilics","og_description":"Italian Fantasy Sequins \"Roselline\" with one hole in the center. Premium quality.  Size: 5 mm Color: Lemon Material: 100% Polyester Brand: Andrea Bilics Origin: Italy Sold per: 3 gr (app. 700 pcs)","og_url":"https:\/\/creativityshop.eu\/pl\/product\/loose-flat-sequins-paillettes-six-petals-flower-roselline-lemon-5mm-andrea-bilics\/","og_site_name":"CreativityShopEU","article_modified_time":"2026-01-31T17:08:06+00:00","og_image":[{"width":768,"height":768,"url":"https:\/\/creativityshop.eu\/wp-content\/uploads\/2020\/12\/italian-fantasy-sequins-andrea-billics-mr5-2134-3.jpg","type":"image\/jpeg"}],"twitter_card":"summary_large_image","twitter_misc":{"Cena":"&euro;0.95","Dost\u0119pno\u015b\u0107":"Dost\u0119pny"},"schema":{"@context":"https:\/\/schema.org","@graph":[{"@type":"WebPage","@id":"https:\/\/creativityshop.eu\/pl\/product\/loose-flat-sequins-paillettes-six-petals-flower-roselline-lemon-5mm-andrea-bilics\/","url":"https:\/\/creativityshop.eu\/pl\/product\/loose-flat-sequins-paillettes-six-petals-flower-roselline-lemon-5mm-andrea-bilics\/","name":"Loose Flat Sequins\/Paillettes, Six-Petals Flower \"Roselline\", Lemon, 5mm, Andrea Bilics - CreativityShopEU","isPartOf":{"@id":"https:\/\/creativityshop.eu\/pl\/#website"},"primaryImageOfPage":{"@id":"https:\/\/creativityshop.eu\/pl\/product\/loose-flat-sequins-paillettes-six-petals-flower-roselline-lemon-5mm-andrea-bilics\/#primaryimage"},"image":{"@id":"https:\/\/creativityshop.eu\/pl\/product\/loose-flat-sequins-paillettes-six-petals-flower-roselline-lemon-5mm-andrea-bilics\/#primaryimage"},"thumbnailUrl":"https:\/\/creativityshop.eu\/wp-content\/uploads\/2020\/12\/italian-fantasy-sequins-andrea-billics-mr5-2134-3.jpg","datePublished":"2020-12-20T15:55:35+00:00","dateModified":"2026-01-31T17:08:06+00:00","breadcrumb":{"@id":"https:\/\/creativityshop.eu\/pl\/product\/loose-flat-sequins-paillettes-six-petals-flower-roselline-lemon-5mm-andrea-bilics\/#breadcrumb"},"inLanguage":"pl-PL","potentialAction":[{"@type":"ReadAction","target":["https:\/\/creativityshop.eu\/pl\/product\/loose-flat-sequins-paillettes-six-petals-flower-roselline-lemon-5mm-andrea-bilics\/"]}]},{"@type":"ImageObject","inLanguage":"pl-PL","@id":"https:\/\/creativityshop.eu\/pl\/product\/loose-flat-sequins-paillettes-six-petals-flower-roselline-lemon-5mm-andrea-bilics\/#primaryimage","url":"https:\/\/creativityshop.eu\/wp-content\/uploads\/2020\/12\/italian-fantasy-sequins-andrea-billics-mr5-2134-3.jpg","contentUrl":"https:\/\/creativityshop.eu\/wp-content\/uploads\/2020\/12\/italian-fantasy-sequins-andrea-billics-mr5-2134-3.jpg","width":768,"height":768,"caption":"Italian Fantasy Sequins Andrea Billics MR5 2134"},{"@type":"BreadcrumbList","@id":"https:\/\/creativityshop.eu\/pl\/product\/loose-flat-sequins-paillettes-six-petals-flower-roselline-lemon-5mm-andrea-bilics\/#breadcrumb","itemListElement":[{"@type":"ListItem","position":1,"name":"Home","item":"https:\/\/creativityshop.eu\/pl\/"},{"@type":"ListItem","position":2,"name":"Shop","item":"https:\/\/creativityshop.eu\/shop\/"},{"@type":"ListItem","position":3,"name":"Loose Flat Sequins\/Paillettes, Six-Petals Flower &#8220;Roselline&#8221;, Lemon, 5mm, Andrea Bilics"}]},{"@type":"WebSite","@id":"https:\/\/creativityshop.eu\/pl\/#website","url":"https:\/\/creativityshop.eu\/pl\/","name":"CreativityShopEU","description":"Embroidery and jewelry components","publisher":{"@id":"https:\/\/creativityshop.eu\/pl\/#organization"},"potentialAction":[{"@type":"SearchAction","target":{"@type":"EntryPoint","urlTemplate":"https:\/\/creativityshop.eu\/pl\/?s={search_term_string}"},"query-input":{"@type":"PropertyValueSpecification","valueRequired":true,"valueName":"search_term_string"}}],"inLanguage":"pl-PL"},{"@type":"Organization","@id":"https:\/\/creativityshop.eu\/pl\/#organization","name":"Creativity Shop OU","url":"https:\/\/creativityshop.eu\/pl\/","logo":{"@type":"ImageObject","inLanguage":"pl-PL","@id":"https:\/\/creativityshop.eu\/pl\/#\/schema\/logo\/image\/","url":"https:\/\/creativityshop.eu\/wp-content\/uploads\/2018\/11\/creativity_shop_logosite2.png","contentUrl":"https:\/\/creativityshop.eu\/wp-content\/uploads\/2018\/11\/creativity_shop_logosite2.png","width":2871,"height":1100,"caption":"Creativity Shop OU"},"image":{"@id":"https:\/\/creativityshop.eu\/pl\/#\/schema\/logo\/image\/"}}]},"product_price_amount":"0.95","product_price_currency":"EUR","og_availability":"instock","product_availability":"instock","product_retailer_item_id":"MR5-2134","product_condition":"new"},"_links":{"self":[{"href":"https:\/\/creativityshop.eu\/pl\/wp-json\/wp\/v2\/product\/21435","targetHints":{"allow":["GET"]}}],"collection":[{"href":"https:\/\/creativityshop.eu\/pl\/wp-json\/wp\/v2\/product"}],"about":[{"href":"https:\/\/creativityshop.eu\/pl\/wp-json\/wp\/v2\/types\/product"}],"wp:featuredmedia":[{"embeddable":true,"href":"https:\/\/creativityshop.eu\/pl\/wp-json\/wp\/v2\/media\/21405"}],"wp:attachment":[{"href":"https:\/\/creativityshop.eu\/pl\/wp-json\/wp\/v2\/media?parent=21435"}],"wp:term":[{"taxonomy":"product_brand","embeddable":true,"href":"https:\/\/creativityshop.eu\/pl\/wp-json\/wp\/v2\/product_brand?post=21435"},{"taxonomy":"product_cat","embeddable":true,"href":"https:\/\/creativityshop.eu\/pl\/wp-json\/wp\/v2\/product_cat?post=21435"},{"taxonomy":"product_tag","embeddable":true,"href":"https:\/\/creativityshop.eu\/pl\/wp-json\/wp\/v2\/product_tag?post=21435"}],"curies":[{"name":"wp","href":"https:\/\/api.w.org\/{rel}","templated":true}]}}