{"id":21296,"date":"2020-12-20T01:09:50","date_gmt":"2020-12-19T22:09:50","guid":{"rendered":"https:\/\/creativityshop.eu\/?post_type=product&#038;p=21296"},"modified":"2024-06-12T18:10:15","modified_gmt":"2024-06-12T15:10:15","slug":"4162-swarovski-elongated-oval-fancy-stone-amethyst-10x5-5","status":"publish","type":"product","link":"https:\/\/creativityshop.eu\/pl\/product\/4162-swarovski-elongated-oval-fancy-stone-amethyst-10x5-5\/","title":{"rendered":"4162 Swarovski Elongated Oval Fancy Stone, Amethyst 10&#215;5.5"},"content":{"rendered":"<p>Answering the demand for pared-down modern looks that fit the prevailing anti-throwaway mood is the Elongated Oval Fancy Stone. With its elegance and refinement, reduced design, and enduring appeal, it completes the Elongated Fancy Stone assortment, combining beautifully with the other members of the family. Available in a variety of colors, effects and shapes, it also works beautifully as a centerpiece.<br \/>\nProduct images are for illustrative purposes only and may differ from the actual product. Due to differences in monitors and lightening, colours of products may also appear different to those shown on the site.<\/p>\n","protected":false},"excerpt":{"rendered":"<p><strong>4162 Swarovski Elongated Oval Fancy Stone. Collection Spring\/Summer 2021<\/strong><br \/>\nShape: Elongated Oval<br \/>\nType: Crystal<br \/>\nColor: Amethyst<br \/>\nSize: 10&#215;5.5 mm<br \/>\nFoiling: Platinum-colored Pro Foiling<br \/>\nManufactured in: Austria<br \/>\nPrice for 1 piece<\/p>\n","protected":false},"featured_media":21301,"template":"","meta":{"_acf_changed":false,"_exactmetrics_skip_tracking":false,"_exactmetrics_sitenote_active":false,"_exactmetrics_sitenote_note":"","_exactmetrics_sitenote_category":0},"product_brand":[],"product_cat":[540],"product_tag":[],"class_list":{"0":"post-21296","1":"product","2":"type-product","3":"status-publish","4":"has-post-thumbnail","6":"product_cat-4162-elongated-oval","8":"first","9":"instock","10":"taxable","11":"shipping-taxable","12":"purchasable","13":"product-type-simple","14":"add-to-wishlist-after_add_to_cart"},"acf":[],"yoast_head":"<!-- This site is optimized with the Yoast SEO Premium plugin v27.0 (Yoast SEO v27.0) - https:\/\/yoast.com\/product\/yoast-seo-premium-wordpress\/ -->\n<title>4162 Swarovski Elongated Oval Fancy Stone, Amethyst 10x5.5 - CreativityShopEU<\/title>\n<meta name=\"robots\" content=\"noindex, follow\" \/>\n<meta property=\"og:locale\" content=\"pl_PL\" \/>\n<meta property=\"og:type\" content=\"article\" \/>\n<meta property=\"og:title\" content=\"4162 Swarovski Elongated Oval Fancy Stone, Amethyst 10x5.5\" \/>\n<meta property=\"og:description\" content=\"4162 Swarovski Elongated Oval Fancy Stone. Collection Spring\/Summer 2021 Shape: Elongated Oval Type: Crystal Color: Amethyst Size: 10x5.5 mm Foiling: Platinum-colored Pro Foiling Manufactured in: Austria Price for 1 piece\" \/>\n<meta property=\"og:url\" content=\"https:\/\/creativityshop.eu\/pl\/product\/4162-swarovski-elongated-oval-fancy-stone-amethyst-10x5-5\/\" \/>\n<meta property=\"og:site_name\" content=\"CreativityShopEU\" \/>\n<meta property=\"article:modified_time\" content=\"2024-06-12T15:10:15+00:00\" \/>\n<meta property=\"og:image\" content=\"https:\/\/creativityshop.eu\/wp-content\/uploads\/2020\/12\/5513840-a-4162-mm-100x-55-ameth-f-swarovski-fancy-stones-3.jpg\" \/>\n\t<meta property=\"og:image:width\" content=\"768\" \/>\n\t<meta property=\"og:image:height\" content=\"1024\" \/>\n\t<meta property=\"og:image:type\" content=\"image\/jpeg\" \/>\n<meta name=\"twitter:card\" content=\"summary_large_image\" \/>\n<meta name=\"twitter:label1\" content=\"Cena\" \/>\n\t<meta name=\"twitter:data1\" content=\"&euro;0.98\" \/>\n\t<meta name=\"twitter:label2\" content=\"Dost\u0119pno\u015b\u0107\" \/>\n\t<meta name=\"twitter:data2\" content=\"Dost\u0119pny\" \/>\n<script type=\"application\/ld+json\" class=\"yoast-schema-graph\">{\"@context\":\"https:\/\/schema.org\",\"@graph\":[{\"@type\":\"WebPage\",\"@id\":\"https:\/\/creativityshop.eu\/pl\/product\/4162-swarovski-elongated-oval-fancy-stone-amethyst-10x5-5\/\",\"url\":\"https:\/\/creativityshop.eu\/pl\/product\/4162-swarovski-elongated-oval-fancy-stone-amethyst-10x5-5\/\",\"name\":\"4162 Swarovski Elongated Oval Fancy Stone, Amethyst 10x5.5 - CreativityShopEU\",\"isPartOf\":{\"@id\":\"https:\/\/creativityshop.eu\/pl\/#website\"},\"primaryImageOfPage\":{\"@id\":\"https:\/\/creativityshop.eu\/pl\/product\/4162-swarovski-elongated-oval-fancy-stone-amethyst-10x5-5\/#primaryimage\"},\"image\":{\"@id\":\"https:\/\/creativityshop.eu\/pl\/product\/4162-swarovski-elongated-oval-fancy-stone-amethyst-10x5-5\/#primaryimage\"},\"thumbnailUrl\":\"https:\/\/creativityshop.eu\/wp-content\/uploads\/2020\/12\/5513840-a-4162-mm-100x-55-ameth-f-swarovski-fancy-stones-3.jpg\",\"datePublished\":\"2020-12-19T22:09:50+00:00\",\"dateModified\":\"2024-06-12T15:10:15+00:00\",\"breadcrumb\":{\"@id\":\"https:\/\/creativityshop.eu\/pl\/product\/4162-swarovski-elongated-oval-fancy-stone-amethyst-10x5-5\/#breadcrumb\"},\"inLanguage\":\"pl-PL\",\"potentialAction\":[{\"@type\":\"ReadAction\",\"target\":[\"https:\/\/creativityshop.eu\/pl\/product\/4162-swarovski-elongated-oval-fancy-stone-amethyst-10x5-5\/\"]}]},{\"@type\":\"ImageObject\",\"inLanguage\":\"pl-PL\",\"@id\":\"https:\/\/creativityshop.eu\/pl\/product\/4162-swarovski-elongated-oval-fancy-stone-amethyst-10x5-5\/#primaryimage\",\"url\":\"https:\/\/creativityshop.eu\/wp-content\/uploads\/2020\/12\/5513840-a-4162-mm-100x-55-ameth-f-swarovski-fancy-stones-3.jpg\",\"contentUrl\":\"https:\/\/creativityshop.eu\/wp-content\/uploads\/2020\/12\/5513840-a-4162-mm-100x-55-ameth-f-swarovski-fancy-stones-3.jpg\",\"width\":768,\"height\":1024,\"caption\":\"5513840 A 4162 MM 10,0X 5,5 AMETH F SWAROVSKI FANCY STONES\"},{\"@type\":\"BreadcrumbList\",\"@id\":\"https:\/\/creativityshop.eu\/pl\/product\/4162-swarovski-elongated-oval-fancy-stone-amethyst-10x5-5\/#breadcrumb\",\"itemListElement\":[{\"@type\":\"ListItem\",\"position\":1,\"name\":\"Home\",\"item\":\"https:\/\/creativityshop.eu\/pl\/\"},{\"@type\":\"ListItem\",\"position\":2,\"name\":\"Shop\",\"item\":\"https:\/\/creativityshop.eu\/shop\/\"},{\"@type\":\"ListItem\",\"position\":3,\"name\":\"4162 Swarovski Elongated Oval Fancy Stone, Amethyst 10&#215;5.5\"}]},{\"@type\":\"WebSite\",\"@id\":\"https:\/\/creativityshop.eu\/pl\/#website\",\"url\":\"https:\/\/creativityshop.eu\/pl\/\",\"name\":\"CreativityShopEU\",\"description\":\"Embroidery and jewelry components\",\"publisher\":{\"@id\":\"https:\/\/creativityshop.eu\/pl\/#organization\"},\"potentialAction\":[{\"@type\":\"SearchAction\",\"target\":{\"@type\":\"EntryPoint\",\"urlTemplate\":\"https:\/\/creativityshop.eu\/pl\/?s={search_term_string}\"},\"query-input\":{\"@type\":\"PropertyValueSpecification\",\"valueRequired\":true,\"valueName\":\"search_term_string\"}}],\"inLanguage\":\"pl-PL\"},{\"@type\":\"Organization\",\"@id\":\"https:\/\/creativityshop.eu\/pl\/#organization\",\"name\":\"Creativity Shop OU\",\"url\":\"https:\/\/creativityshop.eu\/pl\/\",\"logo\":{\"@type\":\"ImageObject\",\"inLanguage\":\"pl-PL\",\"@id\":\"https:\/\/creativityshop.eu\/pl\/#\/schema\/logo\/image\/\",\"url\":\"https:\/\/creativityshop.eu\/wp-content\/uploads\/2018\/11\/creativity_shop_logosite2.png\",\"contentUrl\":\"https:\/\/creativityshop.eu\/wp-content\/uploads\/2018\/11\/creativity_shop_logosite2.png\",\"width\":2871,\"height\":1100,\"caption\":\"Creativity Shop OU\"},\"image\":{\"@id\":\"https:\/\/creativityshop.eu\/pl\/#\/schema\/logo\/image\/\"}}]}<\/script>\n<meta property=\"product:price:amount\" content=\"0.98\" \/>\n<meta property=\"product:price:currency\" content=\"EUR\" \/>\n<meta property=\"og:availability\" content=\"instock\" \/>\n<meta property=\"product:availability\" content=\"instock\" \/>\n<meta property=\"product:retailer_item_id\" content=\"5513840\" \/>\n<meta property=\"product:condition\" content=\"new\" \/>\n<!-- \/ Yoast SEO Premium plugin. -->","yoast_head_json":{"title":"4162 Swarovski Elongated Oval Fancy Stone, Amethyst 10x5.5 - CreativityShopEU","robots":{"index":"noindex","follow":"follow"},"og_locale":"pl_PL","og_type":"article","og_title":"4162 Swarovski Elongated Oval Fancy Stone, Amethyst 10x5.5","og_description":"4162 Swarovski Elongated Oval Fancy Stone. Collection Spring\/Summer 2021 Shape: Elongated Oval Type: Crystal Color: Amethyst Size: 10x5.5 mm Foiling: Platinum-colored Pro Foiling Manufactured in: Austria Price for 1 piece","og_url":"https:\/\/creativityshop.eu\/pl\/product\/4162-swarovski-elongated-oval-fancy-stone-amethyst-10x5-5\/","og_site_name":"CreativityShopEU","article_modified_time":"2024-06-12T15:10:15+00:00","og_image":[{"width":768,"height":1024,"url":"https:\/\/creativityshop.eu\/wp-content\/uploads\/2020\/12\/5513840-a-4162-mm-100x-55-ameth-f-swarovski-fancy-stones-3.jpg","type":"image\/jpeg"}],"twitter_card":"summary_large_image","twitter_misc":{"Cena":"&euro;0.98","Dost\u0119pno\u015b\u0107":"Dost\u0119pny"},"schema":{"@context":"https:\/\/schema.org","@graph":[{"@type":"WebPage","@id":"https:\/\/creativityshop.eu\/pl\/product\/4162-swarovski-elongated-oval-fancy-stone-amethyst-10x5-5\/","url":"https:\/\/creativityshop.eu\/pl\/product\/4162-swarovski-elongated-oval-fancy-stone-amethyst-10x5-5\/","name":"4162 Swarovski Elongated Oval Fancy Stone, Amethyst 10x5.5 - CreativityShopEU","isPartOf":{"@id":"https:\/\/creativityshop.eu\/pl\/#website"},"primaryImageOfPage":{"@id":"https:\/\/creativityshop.eu\/pl\/product\/4162-swarovski-elongated-oval-fancy-stone-amethyst-10x5-5\/#primaryimage"},"image":{"@id":"https:\/\/creativityshop.eu\/pl\/product\/4162-swarovski-elongated-oval-fancy-stone-amethyst-10x5-5\/#primaryimage"},"thumbnailUrl":"https:\/\/creativityshop.eu\/wp-content\/uploads\/2020\/12\/5513840-a-4162-mm-100x-55-ameth-f-swarovski-fancy-stones-3.jpg","datePublished":"2020-12-19T22:09:50+00:00","dateModified":"2024-06-12T15:10:15+00:00","breadcrumb":{"@id":"https:\/\/creativityshop.eu\/pl\/product\/4162-swarovski-elongated-oval-fancy-stone-amethyst-10x5-5\/#breadcrumb"},"inLanguage":"pl-PL","potentialAction":[{"@type":"ReadAction","target":["https:\/\/creativityshop.eu\/pl\/product\/4162-swarovski-elongated-oval-fancy-stone-amethyst-10x5-5\/"]}]},{"@type":"ImageObject","inLanguage":"pl-PL","@id":"https:\/\/creativityshop.eu\/pl\/product\/4162-swarovski-elongated-oval-fancy-stone-amethyst-10x5-5\/#primaryimage","url":"https:\/\/creativityshop.eu\/wp-content\/uploads\/2020\/12\/5513840-a-4162-mm-100x-55-ameth-f-swarovski-fancy-stones-3.jpg","contentUrl":"https:\/\/creativityshop.eu\/wp-content\/uploads\/2020\/12\/5513840-a-4162-mm-100x-55-ameth-f-swarovski-fancy-stones-3.jpg","width":768,"height":1024,"caption":"5513840 A 4162 MM 10,0X 5,5 AMETH F SWAROVSKI FANCY STONES"},{"@type":"BreadcrumbList","@id":"https:\/\/creativityshop.eu\/pl\/product\/4162-swarovski-elongated-oval-fancy-stone-amethyst-10x5-5\/#breadcrumb","itemListElement":[{"@type":"ListItem","position":1,"name":"Home","item":"https:\/\/creativityshop.eu\/pl\/"},{"@type":"ListItem","position":2,"name":"Shop","item":"https:\/\/creativityshop.eu\/shop\/"},{"@type":"ListItem","position":3,"name":"4162 Swarovski Elongated Oval Fancy Stone, Amethyst 10&#215;5.5"}]},{"@type":"WebSite","@id":"https:\/\/creativityshop.eu\/pl\/#website","url":"https:\/\/creativityshop.eu\/pl\/","name":"CreativityShopEU","description":"Embroidery and jewelry components","publisher":{"@id":"https:\/\/creativityshop.eu\/pl\/#organization"},"potentialAction":[{"@type":"SearchAction","target":{"@type":"EntryPoint","urlTemplate":"https:\/\/creativityshop.eu\/pl\/?s={search_term_string}"},"query-input":{"@type":"PropertyValueSpecification","valueRequired":true,"valueName":"search_term_string"}}],"inLanguage":"pl-PL"},{"@type":"Organization","@id":"https:\/\/creativityshop.eu\/pl\/#organization","name":"Creativity Shop OU","url":"https:\/\/creativityshop.eu\/pl\/","logo":{"@type":"ImageObject","inLanguage":"pl-PL","@id":"https:\/\/creativityshop.eu\/pl\/#\/schema\/logo\/image\/","url":"https:\/\/creativityshop.eu\/wp-content\/uploads\/2018\/11\/creativity_shop_logosite2.png","contentUrl":"https:\/\/creativityshop.eu\/wp-content\/uploads\/2018\/11\/creativity_shop_logosite2.png","width":2871,"height":1100,"caption":"Creativity Shop OU"},"image":{"@id":"https:\/\/creativityshop.eu\/pl\/#\/schema\/logo\/image\/"}}]},"product_price_amount":"0.98","product_price_currency":"EUR","og_availability":"instock","product_availability":"instock","product_retailer_item_id":"5513840","product_condition":"new"},"_links":{"self":[{"href":"https:\/\/creativityshop.eu\/pl\/wp-json\/wp\/v2\/product\/21296","targetHints":{"allow":["GET"]}}],"collection":[{"href":"https:\/\/creativityshop.eu\/pl\/wp-json\/wp\/v2\/product"}],"about":[{"href":"https:\/\/creativityshop.eu\/pl\/wp-json\/wp\/v2\/types\/product"}],"wp:featuredmedia":[{"embeddable":true,"href":"https:\/\/creativityshop.eu\/pl\/wp-json\/wp\/v2\/media\/21301"}],"wp:attachment":[{"href":"https:\/\/creativityshop.eu\/pl\/wp-json\/wp\/v2\/media?parent=21296"}],"wp:term":[{"taxonomy":"product_brand","embeddable":true,"href":"https:\/\/creativityshop.eu\/pl\/wp-json\/wp\/v2\/product_brand?post=21296"},{"taxonomy":"product_cat","embeddable":true,"href":"https:\/\/creativityshop.eu\/pl\/wp-json\/wp\/v2\/product_cat?post=21296"},{"taxonomy":"product_tag","embeddable":true,"href":"https:\/\/creativityshop.eu\/pl\/wp-json\/wp\/v2\/product_tag?post=21296"}],"curies":[{"name":"wp","href":"https:\/\/api.w.org\/{rel}","templated":true}]}}