{"id":20419,"date":"2020-11-15T21:41:42","date_gmt":"2020-11-15T18:41:42","guid":{"rendered":"https:\/\/creativityshop.eu\/?post_type=product&#038;p=20419"},"modified":"2025-05-30T19:19:05","modified_gmt":"2025-05-30T16:19:05","slug":"vanishing-fabric-pen-marker-purple-color-fine-line","status":"publish","type":"product","link":"https:\/\/creativityshop.eu\/pl\/product\/vanishing-fabric-pen-marker-purple-color-fine-line\/","title":{"rendered":"Vanishing Fabric Pen \/ Marker, Purple Color, Fine Line"},"content":{"rendered":"<p>Marks lines and designs for embroidery, quilting, and sewing. No need to remove marks- they will disappear in 48 hours. Excellent for use with fabrics not suitable for washing. If necessary, marks can be removed with a damp cloth, or by rinsing in cold water.<\/p>\n<ul>\n<li>All fabric markers should be first pretested on a scrap of fabric for both application and removal.<\/li>\n<li>All temporary markings must be removed before ironing and washing in detergent<\/li>\n<li>Do not iron or hot wash any pen or pencil mark before removal as the heat may set the ark permanently.<\/li>\n<li>Please wash out the markings within 30 days of marking the fabric.<\/li>\n<\/ul>\n<p>Vanishing marker:<\/p>\n<ul>\n<li>Marks lines and designs for embroidery, quilting, and sewing.<\/li>\n<li>Excellent for use with fabrics not suitable for washing<\/li>\n<li>No need to remove marks &#8211; they will disappear within 24-72 hours<\/li>\n<li>If necessary marks can be removed with a damp cloth or rinsing in cold water.<\/li>\n<\/ul>\n<p>Product images are for illustrative purposes only and may differ from the actual product. Due to differences in monitors and lighting, the colors of products may also appear different from those shown on the site.<\/p>\n","protected":false},"excerpt":{"rendered":"<p><strong>Air erasable pen\/ Vanishing Fabric Pen \/ Marker, Fine Lime, Purple Color<\/strong><\/p>\n<p>Extra fine violet tip for marking detailed designs and straight lines of stitching. Excellent for use with fabrics not suitable for washing. If necessary, marks can be removed with a damp cloth, or by rinsing in cold water.<\/p>\n<ul>\n<li>Marks\u00a0 lines and designs for embroidery, quilting, sewing.<\/li>\n<li>Excellent for use with fabrics not suitable for washing<\/li>\n<li>No need to remove marks &#8211; they will disappear within 24-72 hours<\/li>\n<li>If necessary marks can be removed with a damp cloth or rinsing in cold water.<\/li>\n<\/ul>\n<p>Brand: Hemline<\/p>\n","protected":false},"featured_media":40741,"template":"","meta":{"_acf_changed":false,"_exactmetrics_skip_tracking":false,"_exactmetrics_sitenote_active":false,"_exactmetrics_sitenote_note":"","_exactmetrics_sitenote_category":0},"product_brand":[],"product_cat":[404,424],"product_tag":[],"class_list":{"0":"post-20419","1":"product","2":"type-product","3":"status-publish","4":"has-post-thumbnail","6":"product_cat-tools","7":"product_cat-fabric-pens-paints","9":"first","10":"instock","11":"taxable","12":"shipping-taxable","13":"purchasable","14":"product-type-simple","15":"add-to-wishlist-after_add_to_cart"},"acf":[],"yoast_head":"<!-- This site is optimized with the Yoast SEO Premium plugin v27.0 (Yoast SEO v27.0) - https:\/\/yoast.com\/product\/yoast-seo-premium-wordpress\/ -->\n<title>Vanishing Fabric Pen \/ Marker, Purple Color, Fine Line - CreativityShopEU<\/title>\n<meta name=\"robots\" content=\"noindex, follow\" \/>\n<meta property=\"og:locale\" content=\"pl_PL\" \/>\n<meta property=\"og:type\" content=\"article\" \/>\n<meta property=\"og:title\" content=\"Vanishing Fabric Pen \/ Marker, Purple Color, Fine Line\" \/>\n<meta property=\"og:description\" content=\"Air erasable pen\/ Vanishing Fabric Pen \/ Marker, Fine Lime, Purple Color  Extra fine violet tip for marking detailed designs and straight lines of stitching. Excellent for use with fabrics not suitable for washing. If necessary, marks can be removed with a damp cloth, or by rinsing in cold water.   Marks\u00a0 lines and designs for embroidery, quilting, sewing.  Excellent for use with fabrics not suitable for washing  No need to remove marks - they will disappear within 24-72 hours  If necessary marks can be removed with a damp cloth or rinsing in cold water.  Brand: Hemline\" \/>\n<meta property=\"og:url\" content=\"https:\/\/creativityshop.eu\/pl\/product\/vanishing-fabric-pen-marker-purple-color-fine-line\/\" \/>\n<meta property=\"og:site_name\" content=\"CreativityShopEU\" \/>\n<meta property=\"article:modified_time\" content=\"2025-05-30T16:19:05+00:00\" \/>\n<meta property=\"og:image\" content=\"https:\/\/creativityshop.eu\/wp-content\/uploads\/2020\/11\/dizajn-bez-nazvanija-13.jpg\" \/>\n\t<meta property=\"og:image:width\" content=\"768\" \/>\n\t<meta property=\"og:image:height\" content=\"768\" \/>\n\t<meta property=\"og:image:type\" content=\"image\/jpeg\" \/>\n<meta name=\"twitter:card\" content=\"summary_large_image\" \/>\n<meta name=\"twitter:label1\" content=\"Cena\" \/>\n\t<meta name=\"twitter:data1\" content=\"&euro;4.95\" \/>\n\t<meta name=\"twitter:label2\" content=\"Dost\u0119pno\u015b\u0107\" \/>\n\t<meta name=\"twitter:data2\" content=\"Dost\u0119pny\" \/>\n<script type=\"application\/ld+json\" class=\"yoast-schema-graph\">{\"@context\":\"https:\/\/schema.org\",\"@graph\":[{\"@type\":\"WebPage\",\"@id\":\"https:\/\/creativityshop.eu\/pl\/product\/vanishing-fabric-pen-marker-purple-color-fine-line\/\",\"url\":\"https:\/\/creativityshop.eu\/pl\/product\/vanishing-fabric-pen-marker-purple-color-fine-line\/\",\"name\":\"Vanishing Fabric Pen \/ Marker, Purple Color, Fine Line - CreativityShopEU\",\"isPartOf\":{\"@id\":\"https:\/\/creativityshop.eu\/pl\/#website\"},\"primaryImageOfPage\":{\"@id\":\"https:\/\/creativityshop.eu\/pl\/product\/vanishing-fabric-pen-marker-purple-color-fine-line\/#primaryimage\"},\"image\":{\"@id\":\"https:\/\/creativityshop.eu\/pl\/product\/vanishing-fabric-pen-marker-purple-color-fine-line\/#primaryimage\"},\"thumbnailUrl\":\"https:\/\/creativityshop.eu\/wp-content\/uploads\/2020\/11\/dizajn-bez-nazvanija-13.jpg\",\"datePublished\":\"2020-11-15T18:41:42+00:00\",\"dateModified\":\"2025-05-30T16:19:05+00:00\",\"breadcrumb\":{\"@id\":\"https:\/\/creativityshop.eu\/pl\/product\/vanishing-fabric-pen-marker-purple-color-fine-line\/#breadcrumb\"},\"inLanguage\":\"pl-PL\",\"potentialAction\":[{\"@type\":\"ReadAction\",\"target\":[\"https:\/\/creativityshop.eu\/pl\/product\/vanishing-fabric-pen-marker-purple-color-fine-line\/\"]}]},{\"@type\":\"ImageObject\",\"inLanguage\":\"pl-PL\",\"@id\":\"https:\/\/creativityshop.eu\/pl\/product\/vanishing-fabric-pen-marker-purple-color-fine-line\/#primaryimage\",\"url\":\"https:\/\/creativityshop.eu\/wp-content\/uploads\/2020\/11\/dizajn-bez-nazvanija-13.jpg\",\"contentUrl\":\"https:\/\/creativityshop.eu\/wp-content\/uploads\/2020\/11\/dizajn-bez-nazvanija-13.jpg\",\"width\":768,\"height\":768,\"caption\":\"Vanishing Fabric Pen \/ Marker, Purple Color, Fine Line\"},{\"@type\":\"BreadcrumbList\",\"@id\":\"https:\/\/creativityshop.eu\/pl\/product\/vanishing-fabric-pen-marker-purple-color-fine-line\/#breadcrumb\",\"itemListElement\":[{\"@type\":\"ListItem\",\"position\":1,\"name\":\"Home\",\"item\":\"https:\/\/creativityshop.eu\/pl\/\"},{\"@type\":\"ListItem\",\"position\":2,\"name\":\"Shop\",\"item\":\"https:\/\/creativityshop.eu\/shop\/\"},{\"@type\":\"ListItem\",\"position\":3,\"name\":\"Vanishing Fabric Pen \/ Marker, Purple Color, Fine Line\"}]},{\"@type\":\"WebSite\",\"@id\":\"https:\/\/creativityshop.eu\/pl\/#website\",\"url\":\"https:\/\/creativityshop.eu\/pl\/\",\"name\":\"CreativityShopEU\",\"description\":\"Embroidery and jewelry components\",\"publisher\":{\"@id\":\"https:\/\/creativityshop.eu\/pl\/#organization\"},\"potentialAction\":[{\"@type\":\"SearchAction\",\"target\":{\"@type\":\"EntryPoint\",\"urlTemplate\":\"https:\/\/creativityshop.eu\/pl\/?s={search_term_string}\"},\"query-input\":{\"@type\":\"PropertyValueSpecification\",\"valueRequired\":true,\"valueName\":\"search_term_string\"}}],\"inLanguage\":\"pl-PL\"},{\"@type\":\"Organization\",\"@id\":\"https:\/\/creativityshop.eu\/pl\/#organization\",\"name\":\"Creativity Shop OU\",\"url\":\"https:\/\/creativityshop.eu\/pl\/\",\"logo\":{\"@type\":\"ImageObject\",\"inLanguage\":\"pl-PL\",\"@id\":\"https:\/\/creativityshop.eu\/pl\/#\/schema\/logo\/image\/\",\"url\":\"https:\/\/creativityshop.eu\/wp-content\/uploads\/2018\/11\/creativity_shop_logosite2.png\",\"contentUrl\":\"https:\/\/creativityshop.eu\/wp-content\/uploads\/2018\/11\/creativity_shop_logosite2.png\",\"width\":2871,\"height\":1100,\"caption\":\"Creativity Shop OU\"},\"image\":{\"@id\":\"https:\/\/creativityshop.eu\/pl\/#\/schema\/logo\/image\/\"}}]}<\/script>\n<meta property=\"product:price:amount\" content=\"4.95\" \/>\n<meta property=\"product:price:currency\" content=\"EUR\" \/>\n<meta property=\"og:availability\" content=\"instock\" \/>\n<meta property=\"product:availability\" content=\"instock\" \/>\n<meta property=\"product:retailer_item_id\" content=\"H296.F\" \/>\n<meta property=\"product:condition\" content=\"new\" \/>\n<!-- \/ Yoast SEO Premium plugin. -->","yoast_head_json":{"title":"Vanishing Fabric Pen \/ Marker, Purple Color, Fine Line - CreativityShopEU","robots":{"index":"noindex","follow":"follow"},"og_locale":"pl_PL","og_type":"article","og_title":"Vanishing Fabric Pen \/ Marker, Purple Color, Fine Line","og_description":"Air erasable pen\/ Vanishing Fabric Pen \/ Marker, Fine Lime, Purple Color  Extra fine violet tip for marking detailed designs and straight lines of stitching. Excellent for use with fabrics not suitable for washing. If necessary, marks can be removed with a damp cloth, or by rinsing in cold water.   Marks\u00a0 lines and designs for embroidery, quilting, sewing.  Excellent for use with fabrics not suitable for washing  No need to remove marks - they will disappear within 24-72 hours  If necessary marks can be removed with a damp cloth or rinsing in cold water.  Brand: Hemline","og_url":"https:\/\/creativityshop.eu\/pl\/product\/vanishing-fabric-pen-marker-purple-color-fine-line\/","og_site_name":"CreativityShopEU","article_modified_time":"2025-05-30T16:19:05+00:00","og_image":[{"width":768,"height":768,"url":"https:\/\/creativityshop.eu\/wp-content\/uploads\/2020\/11\/dizajn-bez-nazvanija-13.jpg","type":"image\/jpeg"}],"twitter_card":"summary_large_image","twitter_misc":{"Cena":"&euro;4.95","Dost\u0119pno\u015b\u0107":"Dost\u0119pny"},"schema":{"@context":"https:\/\/schema.org","@graph":[{"@type":"WebPage","@id":"https:\/\/creativityshop.eu\/pl\/product\/vanishing-fabric-pen-marker-purple-color-fine-line\/","url":"https:\/\/creativityshop.eu\/pl\/product\/vanishing-fabric-pen-marker-purple-color-fine-line\/","name":"Vanishing Fabric Pen \/ Marker, Purple Color, Fine Line - CreativityShopEU","isPartOf":{"@id":"https:\/\/creativityshop.eu\/pl\/#website"},"primaryImageOfPage":{"@id":"https:\/\/creativityshop.eu\/pl\/product\/vanishing-fabric-pen-marker-purple-color-fine-line\/#primaryimage"},"image":{"@id":"https:\/\/creativityshop.eu\/pl\/product\/vanishing-fabric-pen-marker-purple-color-fine-line\/#primaryimage"},"thumbnailUrl":"https:\/\/creativityshop.eu\/wp-content\/uploads\/2020\/11\/dizajn-bez-nazvanija-13.jpg","datePublished":"2020-11-15T18:41:42+00:00","dateModified":"2025-05-30T16:19:05+00:00","breadcrumb":{"@id":"https:\/\/creativityshop.eu\/pl\/product\/vanishing-fabric-pen-marker-purple-color-fine-line\/#breadcrumb"},"inLanguage":"pl-PL","potentialAction":[{"@type":"ReadAction","target":["https:\/\/creativityshop.eu\/pl\/product\/vanishing-fabric-pen-marker-purple-color-fine-line\/"]}]},{"@type":"ImageObject","inLanguage":"pl-PL","@id":"https:\/\/creativityshop.eu\/pl\/product\/vanishing-fabric-pen-marker-purple-color-fine-line\/#primaryimage","url":"https:\/\/creativityshop.eu\/wp-content\/uploads\/2020\/11\/dizajn-bez-nazvanija-13.jpg","contentUrl":"https:\/\/creativityshop.eu\/wp-content\/uploads\/2020\/11\/dizajn-bez-nazvanija-13.jpg","width":768,"height":768,"caption":"Vanishing Fabric Pen \/ Marker, Purple Color, Fine Line"},{"@type":"BreadcrumbList","@id":"https:\/\/creativityshop.eu\/pl\/product\/vanishing-fabric-pen-marker-purple-color-fine-line\/#breadcrumb","itemListElement":[{"@type":"ListItem","position":1,"name":"Home","item":"https:\/\/creativityshop.eu\/pl\/"},{"@type":"ListItem","position":2,"name":"Shop","item":"https:\/\/creativityshop.eu\/shop\/"},{"@type":"ListItem","position":3,"name":"Vanishing Fabric Pen \/ Marker, Purple Color, Fine Line"}]},{"@type":"WebSite","@id":"https:\/\/creativityshop.eu\/pl\/#website","url":"https:\/\/creativityshop.eu\/pl\/","name":"CreativityShopEU","description":"Embroidery and jewelry components","publisher":{"@id":"https:\/\/creativityshop.eu\/pl\/#organization"},"potentialAction":[{"@type":"SearchAction","target":{"@type":"EntryPoint","urlTemplate":"https:\/\/creativityshop.eu\/pl\/?s={search_term_string}"},"query-input":{"@type":"PropertyValueSpecification","valueRequired":true,"valueName":"search_term_string"}}],"inLanguage":"pl-PL"},{"@type":"Organization","@id":"https:\/\/creativityshop.eu\/pl\/#organization","name":"Creativity Shop OU","url":"https:\/\/creativityshop.eu\/pl\/","logo":{"@type":"ImageObject","inLanguage":"pl-PL","@id":"https:\/\/creativityshop.eu\/pl\/#\/schema\/logo\/image\/","url":"https:\/\/creativityshop.eu\/wp-content\/uploads\/2018\/11\/creativity_shop_logosite2.png","contentUrl":"https:\/\/creativityshop.eu\/wp-content\/uploads\/2018\/11\/creativity_shop_logosite2.png","width":2871,"height":1100,"caption":"Creativity Shop OU"},"image":{"@id":"https:\/\/creativityshop.eu\/pl\/#\/schema\/logo\/image\/"}}]},"product_price_amount":"4.95","product_price_currency":"EUR","og_availability":"instock","product_availability":"instock","product_retailer_item_id":"H296.F","product_condition":"new"},"_links":{"self":[{"href":"https:\/\/creativityshop.eu\/pl\/wp-json\/wp\/v2\/product\/20419","targetHints":{"allow":["GET"]}}],"collection":[{"href":"https:\/\/creativityshop.eu\/pl\/wp-json\/wp\/v2\/product"}],"about":[{"href":"https:\/\/creativityshop.eu\/pl\/wp-json\/wp\/v2\/types\/product"}],"wp:featuredmedia":[{"embeddable":true,"href":"https:\/\/creativityshop.eu\/pl\/wp-json\/wp\/v2\/media\/40741"}],"wp:attachment":[{"href":"https:\/\/creativityshop.eu\/pl\/wp-json\/wp\/v2\/media?parent=20419"}],"wp:term":[{"taxonomy":"product_brand","embeddable":true,"href":"https:\/\/creativityshop.eu\/pl\/wp-json\/wp\/v2\/product_brand?post=20419"},{"taxonomy":"product_cat","embeddable":true,"href":"https:\/\/creativityshop.eu\/pl\/wp-json\/wp\/v2\/product_cat?post=20419"},{"taxonomy":"product_tag","embeddable":true,"href":"https:\/\/creativityshop.eu\/pl\/wp-json\/wp\/v2\/product_tag?post=20419"}],"curies":[{"name":"wp","href":"https:\/\/api.w.org\/{rel}","templated":true}]}}