{"id":19910,"date":"2020-09-08T19:50:05","date_gmt":"2020-09-08T16:50:05","guid":{"rendered":"https:\/\/creativityshop.eu\/?post_type=product&#038;p=19910"},"modified":"2026-02-15T19:28:49","modified_gmt":"2026-02-15T16:28:49","slug":"fabric-pen-marker-air-erasable-extra-fine-purple-color","status":"publish","type":"product","link":"https:\/\/creativityshop.eu\/pl\/product\/fabric-pen-marker-air-erasable-extra-fine-purple-color\/","title":{"rendered":"Fabric Pen \/ Marker, Air Erasable, Extra Fine, Purple Color"},"content":{"rendered":"<p>Markings naturally disappear within 2-7 days. The time it takes for markings to disappear completely differs depending on humidity, temperature, and the amount of in-on fabric.<\/p>\n<p>Material: ink (inorganic dye, surface active agent, water.<\/p>\n<p>Product images are for illustrative purposes only and may differ from the actual product. Due to differences in monitors and lighting, the colors of products may also appear different from those shown on the site.<\/p>\n","protected":false},"excerpt":{"rendered":"<p><strong>Pen: Fabric Marker: Air Erasable: Purple: 1 Piece<\/strong><\/p>\n<p>Markings naturally disappear within 2-7 days. The time it take for markings to disappear completely differs depending on humidity, temperature and the amount of in on fabric.<\/p>\n<p>Brand: Clover (Japan)<\/p>\n","protected":false},"featured_media":40749,"template":"","meta":{"_acf_changed":false,"_exactmetrics_skip_tracking":false,"_exactmetrics_sitenote_active":false,"_exactmetrics_sitenote_note":"","_exactmetrics_sitenote_category":0},"product_brand":[],"product_cat":[404,424],"product_tag":[],"class_list":{"0":"post-19910","1":"product","2":"type-product","3":"status-publish","4":"has-post-thumbnail","6":"product_cat-tools","7":"product_cat-fabric-pens-paints","9":"first","10":"instock","11":"sale","12":"taxable","13":"shipping-taxable","14":"purchasable","15":"product-type-simple","16":"add-to-wishlist-after_add_to_cart"},"acf":[],"yoast_head":"<!-- This site is optimized with the Yoast SEO Premium plugin v27.0 (Yoast SEO v27.0) - https:\/\/yoast.com\/product\/yoast-seo-premium-wordpress\/ -->\n<title>Fabric Pen \/ Marker, Air Erasable, Extra Fine, Purple Color - CreativityShopEU<\/title>\n<meta name=\"robots\" content=\"noindex, follow\" \/>\n<meta property=\"og:locale\" content=\"pl_PL\" \/>\n<meta property=\"og:type\" content=\"article\" \/>\n<meta property=\"og:title\" content=\"Fabric Pen \/ Marker, Air Erasable, Extra Fine, Purple Color\" \/>\n<meta property=\"og:description\" content=\"Pen: Fabric Marker: Air Erasable: Purple: 1 Piece  Markings naturally disappear within 2-7 days. The time it take for markings to disappear completely differs depending on humidity, temperature and the amount of in on fabric.  Brand: Clover (Japan)\" \/>\n<meta property=\"og:url\" content=\"https:\/\/creativityshop.eu\/pl\/product\/fabric-pen-marker-air-erasable-extra-fine-purple-color\/\" \/>\n<meta property=\"og:site_name\" content=\"CreativityShopEU\" \/>\n<meta property=\"article:modified_time\" content=\"2026-02-15T16:28:49+00:00\" \/>\n<meta property=\"og:image\" content=\"https:\/\/creativityshop.eu\/wp-content\/uploads\/2020\/09\/dizajn-bez-nazvanija-15.jpg\" \/>\n\t<meta property=\"og:image:width\" content=\"768\" \/>\n\t<meta property=\"og:image:height\" content=\"768\" \/>\n\t<meta property=\"og:image:type\" content=\"image\/jpeg\" \/>\n<meta name=\"twitter:card\" content=\"summary_large_image\" \/>\n<meta name=\"twitter:label1\" content=\"Cena\" \/>\n\t<meta name=\"twitter:data1\" content=\"&euro;6.35\" \/>\n\t<meta name=\"twitter:label2\" content=\"Dost\u0119pno\u015b\u0107\" \/>\n\t<meta name=\"twitter:data2\" content=\"Dost\u0119pny\" \/>\n<script type=\"application\/ld+json\" class=\"yoast-schema-graph\">{\"@context\":\"https:\/\/schema.org\",\"@graph\":[{\"@type\":\"WebPage\",\"@id\":\"https:\/\/creativityshop.eu\/pl\/product\/fabric-pen-marker-air-erasable-extra-fine-purple-color\/\",\"url\":\"https:\/\/creativityshop.eu\/pl\/product\/fabric-pen-marker-air-erasable-extra-fine-purple-color\/\",\"name\":\"Fabric Pen \/ Marker, Air Erasable, Extra Fine, Purple Color - CreativityShopEU\",\"isPartOf\":{\"@id\":\"https:\/\/creativityshop.eu\/pl\/#website\"},\"primaryImageOfPage\":{\"@id\":\"https:\/\/creativityshop.eu\/pl\/product\/fabric-pen-marker-air-erasable-extra-fine-purple-color\/#primaryimage\"},\"image\":{\"@id\":\"https:\/\/creativityshop.eu\/pl\/product\/fabric-pen-marker-air-erasable-extra-fine-purple-color\/#primaryimage\"},\"thumbnailUrl\":\"https:\/\/creativityshop.eu\/wp-content\/uploads\/2020\/09\/dizajn-bez-nazvanija-15.jpg\",\"datePublished\":\"2020-09-08T16:50:05+00:00\",\"dateModified\":\"2026-02-15T16:28:49+00:00\",\"breadcrumb\":{\"@id\":\"https:\/\/creativityshop.eu\/pl\/product\/fabric-pen-marker-air-erasable-extra-fine-purple-color\/#breadcrumb\"},\"inLanguage\":\"pl-PL\",\"potentialAction\":[{\"@type\":\"ReadAction\",\"target\":[\"https:\/\/creativityshop.eu\/pl\/product\/fabric-pen-marker-air-erasable-extra-fine-purple-color\/\"]}]},{\"@type\":\"ImageObject\",\"inLanguage\":\"pl-PL\",\"@id\":\"https:\/\/creativityshop.eu\/pl\/product\/fabric-pen-marker-air-erasable-extra-fine-purple-color\/#primaryimage\",\"url\":\"https:\/\/creativityshop.eu\/wp-content\/uploads\/2020\/09\/dizajn-bez-nazvanija-15.jpg\",\"contentUrl\":\"https:\/\/creativityshop.eu\/wp-content\/uploads\/2020\/09\/dizajn-bez-nazvanija-15.jpg\",\"width\":768,\"height\":768,\"caption\":\"Fabric Pen \/ Marker, Air Erasable, Extra Fine, Purple Color\"},{\"@type\":\"BreadcrumbList\",\"@id\":\"https:\/\/creativityshop.eu\/pl\/product\/fabric-pen-marker-air-erasable-extra-fine-purple-color\/#breadcrumb\",\"itemListElement\":[{\"@type\":\"ListItem\",\"position\":1,\"name\":\"Home\",\"item\":\"https:\/\/creativityshop.eu\/pl\/\"},{\"@type\":\"ListItem\",\"position\":2,\"name\":\"Shop\",\"item\":\"https:\/\/creativityshop.eu\/shop\/\"},{\"@type\":\"ListItem\",\"position\":3,\"name\":\"Fabric Pen \/ Marker, Air Erasable, Extra Fine, Purple Color\"}]},{\"@type\":\"WebSite\",\"@id\":\"https:\/\/creativityshop.eu\/pl\/#website\",\"url\":\"https:\/\/creativityshop.eu\/pl\/\",\"name\":\"CreativityShopEU\",\"description\":\"Embroidery and jewelry components\",\"publisher\":{\"@id\":\"https:\/\/creativityshop.eu\/pl\/#organization\"},\"potentialAction\":[{\"@type\":\"SearchAction\",\"target\":{\"@type\":\"EntryPoint\",\"urlTemplate\":\"https:\/\/creativityshop.eu\/pl\/?s={search_term_string}\"},\"query-input\":{\"@type\":\"PropertyValueSpecification\",\"valueRequired\":true,\"valueName\":\"search_term_string\"}}],\"inLanguage\":\"pl-PL\"},{\"@type\":\"Organization\",\"@id\":\"https:\/\/creativityshop.eu\/pl\/#organization\",\"name\":\"Creativity Shop OU\",\"url\":\"https:\/\/creativityshop.eu\/pl\/\",\"logo\":{\"@type\":\"ImageObject\",\"inLanguage\":\"pl-PL\",\"@id\":\"https:\/\/creativityshop.eu\/pl\/#\/schema\/logo\/image\/\",\"url\":\"https:\/\/creativityshop.eu\/wp-content\/uploads\/2018\/11\/creativity_shop_logosite2.png\",\"contentUrl\":\"https:\/\/creativityshop.eu\/wp-content\/uploads\/2018\/11\/creativity_shop_logosite2.png\",\"width\":2871,\"height\":1100,\"caption\":\"Creativity Shop OU\"},\"image\":{\"@id\":\"https:\/\/creativityshop.eu\/pl\/#\/schema\/logo\/image\/\"}}]}<\/script>\n<meta property=\"product:price:amount\" content=\"6.35\" \/>\n<meta property=\"product:price:currency\" content=\"EUR\" \/>\n<meta property=\"og:availability\" content=\"instock\" \/>\n<meta property=\"product:availability\" content=\"instock\" \/>\n<meta property=\"product:retailer_item_id\" content=\"CL5030\" \/>\n<meta property=\"product:condition\" content=\"new\" \/>\n<!-- \/ Yoast SEO Premium plugin. -->","yoast_head_json":{"title":"Fabric Pen \/ Marker, Air Erasable, Extra Fine, Purple Color - CreativityShopEU","robots":{"index":"noindex","follow":"follow"},"og_locale":"pl_PL","og_type":"article","og_title":"Fabric Pen \/ Marker, Air Erasable, Extra Fine, Purple Color","og_description":"Pen: Fabric Marker: Air Erasable: Purple: 1 Piece  Markings naturally disappear within 2-7 days. The time it take for markings to disappear completely differs depending on humidity, temperature and the amount of in on fabric.  Brand: Clover (Japan)","og_url":"https:\/\/creativityshop.eu\/pl\/product\/fabric-pen-marker-air-erasable-extra-fine-purple-color\/","og_site_name":"CreativityShopEU","article_modified_time":"2026-02-15T16:28:49+00:00","og_image":[{"width":768,"height":768,"url":"https:\/\/creativityshop.eu\/wp-content\/uploads\/2020\/09\/dizajn-bez-nazvanija-15.jpg","type":"image\/jpeg"}],"twitter_card":"summary_large_image","twitter_misc":{"Cena":"&euro;6.35","Dost\u0119pno\u015b\u0107":"Dost\u0119pny"},"schema":{"@context":"https:\/\/schema.org","@graph":[{"@type":"WebPage","@id":"https:\/\/creativityshop.eu\/pl\/product\/fabric-pen-marker-air-erasable-extra-fine-purple-color\/","url":"https:\/\/creativityshop.eu\/pl\/product\/fabric-pen-marker-air-erasable-extra-fine-purple-color\/","name":"Fabric Pen \/ Marker, Air Erasable, Extra Fine, Purple Color - CreativityShopEU","isPartOf":{"@id":"https:\/\/creativityshop.eu\/pl\/#website"},"primaryImageOfPage":{"@id":"https:\/\/creativityshop.eu\/pl\/product\/fabric-pen-marker-air-erasable-extra-fine-purple-color\/#primaryimage"},"image":{"@id":"https:\/\/creativityshop.eu\/pl\/product\/fabric-pen-marker-air-erasable-extra-fine-purple-color\/#primaryimage"},"thumbnailUrl":"https:\/\/creativityshop.eu\/wp-content\/uploads\/2020\/09\/dizajn-bez-nazvanija-15.jpg","datePublished":"2020-09-08T16:50:05+00:00","dateModified":"2026-02-15T16:28:49+00:00","breadcrumb":{"@id":"https:\/\/creativityshop.eu\/pl\/product\/fabric-pen-marker-air-erasable-extra-fine-purple-color\/#breadcrumb"},"inLanguage":"pl-PL","potentialAction":[{"@type":"ReadAction","target":["https:\/\/creativityshop.eu\/pl\/product\/fabric-pen-marker-air-erasable-extra-fine-purple-color\/"]}]},{"@type":"ImageObject","inLanguage":"pl-PL","@id":"https:\/\/creativityshop.eu\/pl\/product\/fabric-pen-marker-air-erasable-extra-fine-purple-color\/#primaryimage","url":"https:\/\/creativityshop.eu\/wp-content\/uploads\/2020\/09\/dizajn-bez-nazvanija-15.jpg","contentUrl":"https:\/\/creativityshop.eu\/wp-content\/uploads\/2020\/09\/dizajn-bez-nazvanija-15.jpg","width":768,"height":768,"caption":"Fabric Pen \/ Marker, Air Erasable, Extra Fine, Purple Color"},{"@type":"BreadcrumbList","@id":"https:\/\/creativityshop.eu\/pl\/product\/fabric-pen-marker-air-erasable-extra-fine-purple-color\/#breadcrumb","itemListElement":[{"@type":"ListItem","position":1,"name":"Home","item":"https:\/\/creativityshop.eu\/pl\/"},{"@type":"ListItem","position":2,"name":"Shop","item":"https:\/\/creativityshop.eu\/shop\/"},{"@type":"ListItem","position":3,"name":"Fabric Pen \/ Marker, Air Erasable, Extra Fine, Purple Color"}]},{"@type":"WebSite","@id":"https:\/\/creativityshop.eu\/pl\/#website","url":"https:\/\/creativityshop.eu\/pl\/","name":"CreativityShopEU","description":"Embroidery and jewelry components","publisher":{"@id":"https:\/\/creativityshop.eu\/pl\/#organization"},"potentialAction":[{"@type":"SearchAction","target":{"@type":"EntryPoint","urlTemplate":"https:\/\/creativityshop.eu\/pl\/?s={search_term_string}"},"query-input":{"@type":"PropertyValueSpecification","valueRequired":true,"valueName":"search_term_string"}}],"inLanguage":"pl-PL"},{"@type":"Organization","@id":"https:\/\/creativityshop.eu\/pl\/#organization","name":"Creativity Shop OU","url":"https:\/\/creativityshop.eu\/pl\/","logo":{"@type":"ImageObject","inLanguage":"pl-PL","@id":"https:\/\/creativityshop.eu\/pl\/#\/schema\/logo\/image\/","url":"https:\/\/creativityshop.eu\/wp-content\/uploads\/2018\/11\/creativity_shop_logosite2.png","contentUrl":"https:\/\/creativityshop.eu\/wp-content\/uploads\/2018\/11\/creativity_shop_logosite2.png","width":2871,"height":1100,"caption":"Creativity Shop OU"},"image":{"@id":"https:\/\/creativityshop.eu\/pl\/#\/schema\/logo\/image\/"}}]},"product_price_amount":"6.35","product_price_currency":"EUR","og_availability":"instock","product_availability":"instock","product_retailer_item_id":"CL5030","product_condition":"new"},"_links":{"self":[{"href":"https:\/\/creativityshop.eu\/pl\/wp-json\/wp\/v2\/product\/19910","targetHints":{"allow":["GET"]}}],"collection":[{"href":"https:\/\/creativityshop.eu\/pl\/wp-json\/wp\/v2\/product"}],"about":[{"href":"https:\/\/creativityshop.eu\/pl\/wp-json\/wp\/v2\/types\/product"}],"wp:featuredmedia":[{"embeddable":true,"href":"https:\/\/creativityshop.eu\/pl\/wp-json\/wp\/v2\/media\/40749"}],"wp:attachment":[{"href":"https:\/\/creativityshop.eu\/pl\/wp-json\/wp\/v2\/media?parent=19910"}],"wp:term":[{"taxonomy":"product_brand","embeddable":true,"href":"https:\/\/creativityshop.eu\/pl\/wp-json\/wp\/v2\/product_brand?post=19910"},{"taxonomy":"product_cat","embeddable":true,"href":"https:\/\/creativityshop.eu\/pl\/wp-json\/wp\/v2\/product_cat?post=19910"},{"taxonomy":"product_tag","embeddable":true,"href":"https:\/\/creativityshop.eu\/pl\/wp-json\/wp\/v2\/product_tag?post=19910"}],"curies":[{"name":"wp","href":"https:\/\/api.w.org\/{rel}","templated":true}]}}