{"id":19898,"date":"2020-09-08T14:28:01","date_gmt":"2020-09-08T11:28:01","guid":{"rendered":"https:\/\/creativityshop.eu\/?post_type=product&#038;p=19898"},"modified":"2024-02-13T21:55:12","modified_gmt":"2024-02-13T18:55:12","slug":"fabric-marker-washable-fabric-pen-milward-white-color","status":"publish","type":"product","link":"https:\/\/creativityshop.eu\/pl\/product\/fabric-marker-washable-fabric-pen-milward-white-color\/","title":{"rendered":"Fabric Marker, Washable Fabric Pen Milward, White Color"},"content":{"rendered":"<p>White Fine (0.8mm) pen. Makes a clear white mark on dark fabrics. Drawings will appear clearly within 10 seconds. It can be easily removed by rubbing with a moistened cloth or rinsed out in cold water.<\/p>\n<p>Product images are for illustrative purposes only and may differ from the actual product. Due to differences in monitors and lightening, colors of products may also appear different to those shown on the site.<\/p>\n","protected":false},"excerpt":{"rendered":"<p><strong>Pen: Fabric Marker: Water-Erasable: White: 1 Piece<\/strong><\/p>\n<p>White Fine (0.8mm) pen. Makes a clear white mark on dark fabrics. Drawings will appear clearly within 10 seconds. It can be easily removed by rubbing with a moistened cloth or rinsed out in cold water.<\/p>\n<p>Brand: Milward (UK)<\/p>\n","protected":false},"featured_media":19906,"template":"","meta":{"_acf_changed":false,"_exactmetrics_skip_tracking":false,"_exactmetrics_sitenote_active":false,"_exactmetrics_sitenote_note":"","_exactmetrics_sitenote_category":0},"product_brand":[],"product_cat":[404,424],"product_tag":[],"class_list":{"0":"post-19898","1":"product","2":"type-product","3":"status-publish","4":"has-post-thumbnail","6":"product_cat-tools","7":"product_cat-fabric-pens-paints","9":"first","10":"outofstock","11":"sale","12":"taxable","13":"shipping-taxable","14":"purchasable","15":"product-type-simple","16":"add-to-wishlist-after_add_to_cart"},"acf":[],"yoast_head":"<!-- This site is optimized with the Yoast SEO Premium plugin v27.0 (Yoast SEO v27.0) - https:\/\/yoast.com\/product\/yoast-seo-premium-wordpress\/ -->\n<title>Fabric Marker, Washable Fabric Pen Milward, White Color - CreativityShopEU<\/title>\n<meta name=\"robots\" content=\"noindex, follow\" \/>\n<meta property=\"og:locale\" content=\"pl_PL\" \/>\n<meta property=\"og:type\" content=\"article\" \/>\n<meta property=\"og:title\" content=\"Fabric Marker, Washable Fabric Pen Milward, White Color\" \/>\n<meta property=\"og:description\" content=\"Pen: Fabric Marker: Water-Erasable: White: 1 Piece  White Fine (0.8mm) pen. Makes a clear white mark on dark fabrics. Drawings will appear clearly within 10 seconds. It can be easily removed by rubbing with a moistened cloth or rinsed out in cold water.  Brand: Milward (UK)\" \/>\n<meta property=\"og:url\" content=\"https:\/\/creativityshop.eu\/pl\/product\/fabric-marker-washable-fabric-pen-milward-white-color\/\" \/>\n<meta property=\"og:site_name\" content=\"CreativityShopEU\" \/>\n<meta property=\"article:modified_time\" content=\"2024-02-13T18:55:12+00:00\" \/>\n<meta property=\"og:image\" content=\"https:\/\/creativityshop.eu\/wp-content\/uploads\/2020\/09\/milward-pen-fabric-marker-water-erasable-white-1.jpg\" \/>\n\t<meta property=\"og:image:width\" content=\"768\" \/>\n\t<meta property=\"og:image:height\" content=\"768\" \/>\n\t<meta property=\"og:image:type\" content=\"image\/jpeg\" \/>\n<meta name=\"twitter:card\" content=\"summary_large_image\" \/>\n<meta name=\"twitter:label1\" content=\"Cena\" \/>\n\t<meta name=\"twitter:data1\" content=\"&euro;4.40\" \/>\n\t<meta name=\"twitter:label2\" content=\"Dost\u0119pno\u015b\u0107\" \/>\n\t<meta name=\"twitter:data2\" content=\"Brak w magazynie\" \/>\n<script type=\"application\/ld+json\" class=\"yoast-schema-graph\">{\"@context\":\"https:\/\/schema.org\",\"@graph\":[{\"@type\":\"WebPage\",\"@id\":\"https:\/\/creativityshop.eu\/pl\/product\/fabric-marker-washable-fabric-pen-milward-white-color\/\",\"url\":\"https:\/\/creativityshop.eu\/pl\/product\/fabric-marker-washable-fabric-pen-milward-white-color\/\",\"name\":\"Fabric Marker, Washable Fabric Pen Milward, White Color - CreativityShopEU\",\"isPartOf\":{\"@id\":\"https:\/\/creativityshop.eu\/pl\/#website\"},\"primaryImageOfPage\":{\"@id\":\"https:\/\/creativityshop.eu\/pl\/product\/fabric-marker-washable-fabric-pen-milward-white-color\/#primaryimage\"},\"image\":{\"@id\":\"https:\/\/creativityshop.eu\/pl\/product\/fabric-marker-washable-fabric-pen-milward-white-color\/#primaryimage\"},\"thumbnailUrl\":\"https:\/\/creativityshop.eu\/wp-content\/uploads\/2020\/09\/milward-pen-fabric-marker-water-erasable-white-1.jpg\",\"datePublished\":\"2020-09-08T11:28:01+00:00\",\"dateModified\":\"2024-02-13T18:55:12+00:00\",\"breadcrumb\":{\"@id\":\"https:\/\/creativityshop.eu\/pl\/product\/fabric-marker-washable-fabric-pen-milward-white-color\/#breadcrumb\"},\"inLanguage\":\"pl-PL\",\"potentialAction\":[{\"@type\":\"ReadAction\",\"target\":[\"https:\/\/creativityshop.eu\/pl\/product\/fabric-marker-washable-fabric-pen-milward-white-color\/\"]}]},{\"@type\":\"ImageObject\",\"inLanguage\":\"pl-PL\",\"@id\":\"https:\/\/creativityshop.eu\/pl\/product\/fabric-marker-washable-fabric-pen-milward-white-color\/#primaryimage\",\"url\":\"https:\/\/creativityshop.eu\/wp-content\/uploads\/2020\/09\/milward-pen-fabric-marker-water-erasable-white-1.jpg\",\"contentUrl\":\"https:\/\/creativityshop.eu\/wp-content\/uploads\/2020\/09\/milward-pen-fabric-marker-water-erasable-white-1.jpg\",\"width\":768,\"height\":768,\"caption\":\"Fabric Marker, Washable Fabric Pen, White Color\"},{\"@type\":\"BreadcrumbList\",\"@id\":\"https:\/\/creativityshop.eu\/pl\/product\/fabric-marker-washable-fabric-pen-milward-white-color\/#breadcrumb\",\"itemListElement\":[{\"@type\":\"ListItem\",\"position\":1,\"name\":\"Home\",\"item\":\"https:\/\/creativityshop.eu\/pl\/\"},{\"@type\":\"ListItem\",\"position\":2,\"name\":\"Shop\",\"item\":\"https:\/\/creativityshop.eu\/shop\/\"},{\"@type\":\"ListItem\",\"position\":3,\"name\":\"Fabric Marker, Washable Fabric Pen Milward, White Color\"}]},{\"@type\":\"WebSite\",\"@id\":\"https:\/\/creativityshop.eu\/pl\/#website\",\"url\":\"https:\/\/creativityshop.eu\/pl\/\",\"name\":\"CreativityShopEU\",\"description\":\"Embroidery and jewelry components\",\"publisher\":{\"@id\":\"https:\/\/creativityshop.eu\/pl\/#organization\"},\"potentialAction\":[{\"@type\":\"SearchAction\",\"target\":{\"@type\":\"EntryPoint\",\"urlTemplate\":\"https:\/\/creativityshop.eu\/pl\/?s={search_term_string}\"},\"query-input\":{\"@type\":\"PropertyValueSpecification\",\"valueRequired\":true,\"valueName\":\"search_term_string\"}}],\"inLanguage\":\"pl-PL\"},{\"@type\":\"Organization\",\"@id\":\"https:\/\/creativityshop.eu\/pl\/#organization\",\"name\":\"Creativity Shop OU\",\"url\":\"https:\/\/creativityshop.eu\/pl\/\",\"logo\":{\"@type\":\"ImageObject\",\"inLanguage\":\"pl-PL\",\"@id\":\"https:\/\/creativityshop.eu\/pl\/#\/schema\/logo\/image\/\",\"url\":\"https:\/\/creativityshop.eu\/wp-content\/uploads\/2018\/11\/creativity_shop_logosite2.png\",\"contentUrl\":\"https:\/\/creativityshop.eu\/wp-content\/uploads\/2018\/11\/creativity_shop_logosite2.png\",\"width\":2871,\"height\":1100,\"caption\":\"Creativity Shop OU\"},\"image\":{\"@id\":\"https:\/\/creativityshop.eu\/pl\/#\/schema\/logo\/image\/\"}}]}<\/script>\n<meta property=\"product:price:amount\" content=\"4.40\" \/>\n<meta property=\"product:price:currency\" content=\"EUR\" \/>\n<meta property=\"og:availability\" content=\"out of stock\" \/>\n<meta property=\"product:availability\" content=\"out of stock\" \/>\n<meta property=\"product:retailer_item_id\" content=\"2161133\" \/>\n<meta property=\"product:condition\" content=\"new\" \/>\n<!-- \/ Yoast SEO Premium plugin. -->","yoast_head_json":{"title":"Fabric Marker, Washable Fabric Pen Milward, White Color - CreativityShopEU","robots":{"index":"noindex","follow":"follow"},"og_locale":"pl_PL","og_type":"article","og_title":"Fabric Marker, Washable Fabric Pen Milward, White Color","og_description":"Pen: Fabric Marker: Water-Erasable: White: 1 Piece  White Fine (0.8mm) pen. Makes a clear white mark on dark fabrics. Drawings will appear clearly within 10 seconds. It can be easily removed by rubbing with a moistened cloth or rinsed out in cold water.  Brand: Milward (UK)","og_url":"https:\/\/creativityshop.eu\/pl\/product\/fabric-marker-washable-fabric-pen-milward-white-color\/","og_site_name":"CreativityShopEU","article_modified_time":"2024-02-13T18:55:12+00:00","og_image":[{"width":768,"height":768,"url":"https:\/\/creativityshop.eu\/wp-content\/uploads\/2020\/09\/milward-pen-fabric-marker-water-erasable-white-1.jpg","type":"image\/jpeg"}],"twitter_card":"summary_large_image","twitter_misc":{"Cena":"&euro;4.40","Dost\u0119pno\u015b\u0107":"Brak w magazynie"},"schema":{"@context":"https:\/\/schema.org","@graph":[{"@type":"WebPage","@id":"https:\/\/creativityshop.eu\/pl\/product\/fabric-marker-washable-fabric-pen-milward-white-color\/","url":"https:\/\/creativityshop.eu\/pl\/product\/fabric-marker-washable-fabric-pen-milward-white-color\/","name":"Fabric Marker, Washable Fabric Pen Milward, White Color - CreativityShopEU","isPartOf":{"@id":"https:\/\/creativityshop.eu\/pl\/#website"},"primaryImageOfPage":{"@id":"https:\/\/creativityshop.eu\/pl\/product\/fabric-marker-washable-fabric-pen-milward-white-color\/#primaryimage"},"image":{"@id":"https:\/\/creativityshop.eu\/pl\/product\/fabric-marker-washable-fabric-pen-milward-white-color\/#primaryimage"},"thumbnailUrl":"https:\/\/creativityshop.eu\/wp-content\/uploads\/2020\/09\/milward-pen-fabric-marker-water-erasable-white-1.jpg","datePublished":"2020-09-08T11:28:01+00:00","dateModified":"2024-02-13T18:55:12+00:00","breadcrumb":{"@id":"https:\/\/creativityshop.eu\/pl\/product\/fabric-marker-washable-fabric-pen-milward-white-color\/#breadcrumb"},"inLanguage":"pl-PL","potentialAction":[{"@type":"ReadAction","target":["https:\/\/creativityshop.eu\/pl\/product\/fabric-marker-washable-fabric-pen-milward-white-color\/"]}]},{"@type":"ImageObject","inLanguage":"pl-PL","@id":"https:\/\/creativityshop.eu\/pl\/product\/fabric-marker-washable-fabric-pen-milward-white-color\/#primaryimage","url":"https:\/\/creativityshop.eu\/wp-content\/uploads\/2020\/09\/milward-pen-fabric-marker-water-erasable-white-1.jpg","contentUrl":"https:\/\/creativityshop.eu\/wp-content\/uploads\/2020\/09\/milward-pen-fabric-marker-water-erasable-white-1.jpg","width":768,"height":768,"caption":"Fabric Marker, Washable Fabric Pen, White Color"},{"@type":"BreadcrumbList","@id":"https:\/\/creativityshop.eu\/pl\/product\/fabric-marker-washable-fabric-pen-milward-white-color\/#breadcrumb","itemListElement":[{"@type":"ListItem","position":1,"name":"Home","item":"https:\/\/creativityshop.eu\/pl\/"},{"@type":"ListItem","position":2,"name":"Shop","item":"https:\/\/creativityshop.eu\/shop\/"},{"@type":"ListItem","position":3,"name":"Fabric Marker, Washable Fabric Pen Milward, White Color"}]},{"@type":"WebSite","@id":"https:\/\/creativityshop.eu\/pl\/#website","url":"https:\/\/creativityshop.eu\/pl\/","name":"CreativityShopEU","description":"Embroidery and jewelry components","publisher":{"@id":"https:\/\/creativityshop.eu\/pl\/#organization"},"potentialAction":[{"@type":"SearchAction","target":{"@type":"EntryPoint","urlTemplate":"https:\/\/creativityshop.eu\/pl\/?s={search_term_string}"},"query-input":{"@type":"PropertyValueSpecification","valueRequired":true,"valueName":"search_term_string"}}],"inLanguage":"pl-PL"},{"@type":"Organization","@id":"https:\/\/creativityshop.eu\/pl\/#organization","name":"Creativity Shop OU","url":"https:\/\/creativityshop.eu\/pl\/","logo":{"@type":"ImageObject","inLanguage":"pl-PL","@id":"https:\/\/creativityshop.eu\/pl\/#\/schema\/logo\/image\/","url":"https:\/\/creativityshop.eu\/wp-content\/uploads\/2018\/11\/creativity_shop_logosite2.png","contentUrl":"https:\/\/creativityshop.eu\/wp-content\/uploads\/2018\/11\/creativity_shop_logosite2.png","width":2871,"height":1100,"caption":"Creativity Shop OU"},"image":{"@id":"https:\/\/creativityshop.eu\/pl\/#\/schema\/logo\/image\/"}}]},"product_price_amount":"4.40","product_price_currency":"EUR","og_availability":"out of stock","product_availability":"out of stock","product_retailer_item_id":"2161133","product_condition":"new"},"_links":{"self":[{"href":"https:\/\/creativityshop.eu\/pl\/wp-json\/wp\/v2\/product\/19898","targetHints":{"allow":["GET"]}}],"collection":[{"href":"https:\/\/creativityshop.eu\/pl\/wp-json\/wp\/v2\/product"}],"about":[{"href":"https:\/\/creativityshop.eu\/pl\/wp-json\/wp\/v2\/types\/product"}],"wp:featuredmedia":[{"embeddable":true,"href":"https:\/\/creativityshop.eu\/pl\/wp-json\/wp\/v2\/media\/19906"}],"wp:attachment":[{"href":"https:\/\/creativityshop.eu\/pl\/wp-json\/wp\/v2\/media?parent=19898"}],"wp:term":[{"taxonomy":"product_brand","embeddable":true,"href":"https:\/\/creativityshop.eu\/pl\/wp-json\/wp\/v2\/product_brand?post=19898"},{"taxonomy":"product_cat","embeddable":true,"href":"https:\/\/creativityshop.eu\/pl\/wp-json\/wp\/v2\/product_cat?post=19898"},{"taxonomy":"product_tag","embeddable":true,"href":"https:\/\/creativityshop.eu\/pl\/wp-json\/wp\/v2\/product_tag?post=19898"}],"curies":[{"name":"wp","href":"https:\/\/api.w.org\/{rel}","templated":true}]}}