{"id":19876,"date":"2020-09-05T21:37:37","date_gmt":"2020-09-05T18:37:37","guid":{"rendered":"https:\/\/creativityshop.eu\/?post_type=product&#038;p=19876"},"modified":"2025-05-30T19:15:06","modified_gmt":"2025-05-30T16:15:06","slug":"textile-glue-ht2-gutermann-30ml","status":"publish","type":"product","link":"https:\/\/creativityshop.eu\/pl\/product\/textile-glue-ht2-gutermann-30ml\/","title":{"rendered":"Textile Glue HT2 Gutermann, 30ml"},"content":{"rendered":"<p>G\u00fctermann Creativ HT2 TEXTIL is the ideal adhesive for creative design. It is ideally suited to all sorts of textiles, such as cotton, denim, linen, felt, wool, ribbons, and many more. It is wash-resistant in temperatures of up to 90\u00b0C and therefore<br \/>\nHT2 TEXTIL is ideal for fabric seams and repairs to clothing. Appliqu\u00e9 work and decorations become child\u2018s play! HT2 TEXTIL dries colourlessly and forms a flexible adhesive film. Ironing maintains the high wash resistance of the adhesive. Freshly applied adhesive can be removed with water. The robust plastic tube makes it simple to apply an even coating, without drips.<\/p>\n<p>Product images are for illustrative purposes only and may differ from the actual product. Due to differences in monitors and lighting, the colors of products may also appear different from those shown on the site.<\/p>\n","protected":false},"excerpt":{"rendered":"<p><strong>Adhesive: Textile Glue HT2 Gutermann<\/strong><br \/>\nG\u00fctermann Creativ HT2 TEXTIL is the ideal adhesive for creative design. It is ideally suited to all sorts of textiles, such as cotton, denim, linen, felt, wool, ribbons, and many more. It is wash-resistant in temperatures of up to 90\u00b0C<br \/>\nBrand: G\u00fctermann<br \/>\nVolume: 30ml<\/p>\n","protected":false},"featured_media":19878,"template":"","meta":{"_acf_changed":false,"_exactmetrics_skip_tracking":false,"_exactmetrics_sitenote_active":false,"_exactmetrics_sitenote_note":"","_exactmetrics_sitenote_category":0},"product_brand":[],"product_cat":[552],"product_tag":[],"class_list":{"0":"post-19876","1":"product","2":"type-product","3":"status-publish","4":"has-post-thumbnail","6":"product_cat-glue","7":"product_shipping_class-heavy-products","9":"first","10":"instock","11":"taxable","12":"shipping-taxable","13":"purchasable","14":"product-type-simple","15":"add-to-wishlist-after_add_to_cart"},"acf":[],"yoast_head":"<!-- This site is optimized with the Yoast SEO Premium plugin v27.0 (Yoast SEO v27.0) - https:\/\/yoast.com\/product\/yoast-seo-premium-wordpress\/ -->\n<title>Textile Glue HT2 Gutermann, 30ml - CreativityShopEU<\/title>\n<meta name=\"robots\" content=\"noindex, follow\" \/>\n<meta property=\"og:locale\" content=\"pl_PL\" \/>\n<meta property=\"og:type\" content=\"article\" \/>\n<meta property=\"og:title\" content=\"Textile Glue HT2 Gutermann, 30ml\" \/>\n<meta property=\"og:description\" content=\"Adhesive: Textile Glue HT2 Gutermann G\u00fctermann Creativ HT2 TEXTIL is the ideal adhesive for creative design. It is ideally suited to all sorts of textiles, such as cotton, denim, linen, felt, wool, ribbons, and many more. It is wash-resistant in temperatures of up to 90\u00b0C Brand: G\u00fctermann Volume: 30ml\" \/>\n<meta property=\"og:url\" content=\"https:\/\/creativityshop.eu\/pl\/product\/textile-glue-ht2-gutermann-30ml\/\" \/>\n<meta property=\"og:site_name\" content=\"CreativityShopEU\" \/>\n<meta property=\"article:modified_time\" content=\"2025-05-30T16:15:06+00:00\" \/>\n<meta property=\"og:image\" content=\"https:\/\/creativityshop.eu\/wp-content\/uploads\/2020\/09\/textile-glue-gutermann-ht12-30g-2-1.jpg\" \/>\n\t<meta property=\"og:image:width\" content=\"768\" \/>\n\t<meta property=\"og:image:height\" content=\"768\" \/>\n\t<meta property=\"og:image:type\" content=\"image\/jpeg\" \/>\n<meta name=\"twitter:card\" content=\"summary_large_image\" \/>\n<meta name=\"twitter:label1\" content=\"Cena\" \/>\n\t<meta name=\"twitter:data1\" content=\"&euro;5.70\" \/>\n\t<meta name=\"twitter:label2\" content=\"Dost\u0119pno\u015b\u0107\" \/>\n\t<meta name=\"twitter:data2\" content=\"Dost\u0119pny\" \/>\n<script type=\"application\/ld+json\" class=\"yoast-schema-graph\">{\"@context\":\"https:\/\/schema.org\",\"@graph\":[{\"@type\":\"WebPage\",\"@id\":\"https:\/\/creativityshop.eu\/pl\/product\/textile-glue-ht2-gutermann-30ml\/\",\"url\":\"https:\/\/creativityshop.eu\/pl\/product\/textile-glue-ht2-gutermann-30ml\/\",\"name\":\"Textile Glue HT2 Gutermann, 30ml - CreativityShopEU\",\"isPartOf\":{\"@id\":\"https:\/\/creativityshop.eu\/pl\/#website\"},\"primaryImageOfPage\":{\"@id\":\"https:\/\/creativityshop.eu\/pl\/product\/textile-glue-ht2-gutermann-30ml\/#primaryimage\"},\"image\":{\"@id\":\"https:\/\/creativityshop.eu\/pl\/product\/textile-glue-ht2-gutermann-30ml\/#primaryimage\"},\"thumbnailUrl\":\"https:\/\/creativityshop.eu\/wp-content\/uploads\/2020\/09\/textile-glue-gutermann-ht12-30g-2-1.jpg\",\"datePublished\":\"2020-09-05T18:37:37+00:00\",\"dateModified\":\"2025-05-30T16:15:06+00:00\",\"breadcrumb\":{\"@id\":\"https:\/\/creativityshop.eu\/pl\/product\/textile-glue-ht2-gutermann-30ml\/#breadcrumb\"},\"inLanguage\":\"pl-PL\",\"potentialAction\":[{\"@type\":\"ReadAction\",\"target\":[\"https:\/\/creativityshop.eu\/pl\/product\/textile-glue-ht2-gutermann-30ml\/\"]}]},{\"@type\":\"ImageObject\",\"inLanguage\":\"pl-PL\",\"@id\":\"https:\/\/creativityshop.eu\/pl\/product\/textile-glue-ht2-gutermann-30ml\/#primaryimage\",\"url\":\"https:\/\/creativityshop.eu\/wp-content\/uploads\/2020\/09\/textile-glue-gutermann-ht12-30g-2-1.jpg\",\"contentUrl\":\"https:\/\/creativityshop.eu\/wp-content\/uploads\/2020\/09\/textile-glue-gutermann-ht12-30g-2-1.jpg\",\"width\":768,\"height\":768,\"caption\":\"Textile Glue HT2 Gutermann, 30ml\"},{\"@type\":\"BreadcrumbList\",\"@id\":\"https:\/\/creativityshop.eu\/pl\/product\/textile-glue-ht2-gutermann-30ml\/#breadcrumb\",\"itemListElement\":[{\"@type\":\"ListItem\",\"position\":1,\"name\":\"Home\",\"item\":\"https:\/\/creativityshop.eu\/pl\/\"},{\"@type\":\"ListItem\",\"position\":2,\"name\":\"Shop\",\"item\":\"https:\/\/creativityshop.eu\/shop\/\"},{\"@type\":\"ListItem\",\"position\":3,\"name\":\"Textile Glue HT2 Gutermann, 30ml\"}]},{\"@type\":\"WebSite\",\"@id\":\"https:\/\/creativityshop.eu\/pl\/#website\",\"url\":\"https:\/\/creativityshop.eu\/pl\/\",\"name\":\"CreativityShopEU\",\"description\":\"Embroidery and jewelry components\",\"publisher\":{\"@id\":\"https:\/\/creativityshop.eu\/pl\/#organization\"},\"potentialAction\":[{\"@type\":\"SearchAction\",\"target\":{\"@type\":\"EntryPoint\",\"urlTemplate\":\"https:\/\/creativityshop.eu\/pl\/?s={search_term_string}\"},\"query-input\":{\"@type\":\"PropertyValueSpecification\",\"valueRequired\":true,\"valueName\":\"search_term_string\"}}],\"inLanguage\":\"pl-PL\"},{\"@type\":\"Organization\",\"@id\":\"https:\/\/creativityshop.eu\/pl\/#organization\",\"name\":\"Creativity Shop OU\",\"url\":\"https:\/\/creativityshop.eu\/pl\/\",\"logo\":{\"@type\":\"ImageObject\",\"inLanguage\":\"pl-PL\",\"@id\":\"https:\/\/creativityshop.eu\/pl\/#\/schema\/logo\/image\/\",\"url\":\"https:\/\/creativityshop.eu\/wp-content\/uploads\/2018\/11\/creativity_shop_logosite2.png\",\"contentUrl\":\"https:\/\/creativityshop.eu\/wp-content\/uploads\/2018\/11\/creativity_shop_logosite2.png\",\"width\":2871,\"height\":1100,\"caption\":\"Creativity Shop OU\"},\"image\":{\"@id\":\"https:\/\/creativityshop.eu\/pl\/#\/schema\/logo\/image\/\"}}]}<\/script>\n<meta property=\"product:price:amount\" content=\"5.70\" \/>\n<meta property=\"product:price:currency\" content=\"EUR\" \/>\n<meta property=\"og:availability\" content=\"instock\" \/>\n<meta property=\"product:availability\" content=\"instock\" \/>\n<meta property=\"product:retailer_item_id\" content=\"613607\" \/>\n<meta property=\"product:condition\" content=\"new\" \/>\n<!-- \/ Yoast SEO Premium plugin. -->","yoast_head_json":{"title":"Textile Glue HT2 Gutermann, 30ml - CreativityShopEU","robots":{"index":"noindex","follow":"follow"},"og_locale":"pl_PL","og_type":"article","og_title":"Textile Glue HT2 Gutermann, 30ml","og_description":"Adhesive: Textile Glue HT2 Gutermann G\u00fctermann Creativ HT2 TEXTIL is the ideal adhesive for creative design. It is ideally suited to all sorts of textiles, such as cotton, denim, linen, felt, wool, ribbons, and many more. It is wash-resistant in temperatures of up to 90\u00b0C Brand: G\u00fctermann Volume: 30ml","og_url":"https:\/\/creativityshop.eu\/pl\/product\/textile-glue-ht2-gutermann-30ml\/","og_site_name":"CreativityShopEU","article_modified_time":"2025-05-30T16:15:06+00:00","og_image":[{"width":768,"height":768,"url":"https:\/\/creativityshop.eu\/wp-content\/uploads\/2020\/09\/textile-glue-gutermann-ht12-30g-2-1.jpg","type":"image\/jpeg"}],"twitter_card":"summary_large_image","twitter_misc":{"Cena":"&euro;5.70","Dost\u0119pno\u015b\u0107":"Dost\u0119pny"},"schema":{"@context":"https:\/\/schema.org","@graph":[{"@type":"WebPage","@id":"https:\/\/creativityshop.eu\/pl\/product\/textile-glue-ht2-gutermann-30ml\/","url":"https:\/\/creativityshop.eu\/pl\/product\/textile-glue-ht2-gutermann-30ml\/","name":"Textile Glue HT2 Gutermann, 30ml - CreativityShopEU","isPartOf":{"@id":"https:\/\/creativityshop.eu\/pl\/#website"},"primaryImageOfPage":{"@id":"https:\/\/creativityshop.eu\/pl\/product\/textile-glue-ht2-gutermann-30ml\/#primaryimage"},"image":{"@id":"https:\/\/creativityshop.eu\/pl\/product\/textile-glue-ht2-gutermann-30ml\/#primaryimage"},"thumbnailUrl":"https:\/\/creativityshop.eu\/wp-content\/uploads\/2020\/09\/textile-glue-gutermann-ht12-30g-2-1.jpg","datePublished":"2020-09-05T18:37:37+00:00","dateModified":"2025-05-30T16:15:06+00:00","breadcrumb":{"@id":"https:\/\/creativityshop.eu\/pl\/product\/textile-glue-ht2-gutermann-30ml\/#breadcrumb"},"inLanguage":"pl-PL","potentialAction":[{"@type":"ReadAction","target":["https:\/\/creativityshop.eu\/pl\/product\/textile-glue-ht2-gutermann-30ml\/"]}]},{"@type":"ImageObject","inLanguage":"pl-PL","@id":"https:\/\/creativityshop.eu\/pl\/product\/textile-glue-ht2-gutermann-30ml\/#primaryimage","url":"https:\/\/creativityshop.eu\/wp-content\/uploads\/2020\/09\/textile-glue-gutermann-ht12-30g-2-1.jpg","contentUrl":"https:\/\/creativityshop.eu\/wp-content\/uploads\/2020\/09\/textile-glue-gutermann-ht12-30g-2-1.jpg","width":768,"height":768,"caption":"Textile Glue HT2 Gutermann, 30ml"},{"@type":"BreadcrumbList","@id":"https:\/\/creativityshop.eu\/pl\/product\/textile-glue-ht2-gutermann-30ml\/#breadcrumb","itemListElement":[{"@type":"ListItem","position":1,"name":"Home","item":"https:\/\/creativityshop.eu\/pl\/"},{"@type":"ListItem","position":2,"name":"Shop","item":"https:\/\/creativityshop.eu\/shop\/"},{"@type":"ListItem","position":3,"name":"Textile Glue HT2 Gutermann, 30ml"}]},{"@type":"WebSite","@id":"https:\/\/creativityshop.eu\/pl\/#website","url":"https:\/\/creativityshop.eu\/pl\/","name":"CreativityShopEU","description":"Embroidery and jewelry components","publisher":{"@id":"https:\/\/creativityshop.eu\/pl\/#organization"},"potentialAction":[{"@type":"SearchAction","target":{"@type":"EntryPoint","urlTemplate":"https:\/\/creativityshop.eu\/pl\/?s={search_term_string}"},"query-input":{"@type":"PropertyValueSpecification","valueRequired":true,"valueName":"search_term_string"}}],"inLanguage":"pl-PL"},{"@type":"Organization","@id":"https:\/\/creativityshop.eu\/pl\/#organization","name":"Creativity Shop OU","url":"https:\/\/creativityshop.eu\/pl\/","logo":{"@type":"ImageObject","inLanguage":"pl-PL","@id":"https:\/\/creativityshop.eu\/pl\/#\/schema\/logo\/image\/","url":"https:\/\/creativityshop.eu\/wp-content\/uploads\/2018\/11\/creativity_shop_logosite2.png","contentUrl":"https:\/\/creativityshop.eu\/wp-content\/uploads\/2018\/11\/creativity_shop_logosite2.png","width":2871,"height":1100,"caption":"Creativity Shop OU"},"image":{"@id":"https:\/\/creativityshop.eu\/pl\/#\/schema\/logo\/image\/"}}]},"product_price_amount":"5.70","product_price_currency":"EUR","og_availability":"instock","product_availability":"instock","product_retailer_item_id":"613607","product_condition":"new"},"_links":{"self":[{"href":"https:\/\/creativityshop.eu\/pl\/wp-json\/wp\/v2\/product\/19876","targetHints":{"allow":["GET"]}}],"collection":[{"href":"https:\/\/creativityshop.eu\/pl\/wp-json\/wp\/v2\/product"}],"about":[{"href":"https:\/\/creativityshop.eu\/pl\/wp-json\/wp\/v2\/types\/product"}],"wp:featuredmedia":[{"embeddable":true,"href":"https:\/\/creativityshop.eu\/pl\/wp-json\/wp\/v2\/media\/19878"}],"wp:attachment":[{"href":"https:\/\/creativityshop.eu\/pl\/wp-json\/wp\/v2\/media?parent=19876"}],"wp:term":[{"taxonomy":"product_brand","embeddable":true,"href":"https:\/\/creativityshop.eu\/pl\/wp-json\/wp\/v2\/product_brand?post=19876"},{"taxonomy":"product_cat","embeddable":true,"href":"https:\/\/creativityshop.eu\/pl\/wp-json\/wp\/v2\/product_cat?post=19876"},{"taxonomy":"product_tag","embeddable":true,"href":"https:\/\/creativityshop.eu\/pl\/wp-json\/wp\/v2\/product_tag?post=19876"}],"curies":[{"name":"wp","href":"https:\/\/api.w.org\/{rel}","templated":true}]}}