{"id":19849,"date":"2020-09-05T17:57:09","date_gmt":"2020-09-05T14:57:09","guid":{"rendered":"https:\/\/creativityshop.eu\/?post_type=product&#038;p=19849"},"modified":"2024-02-14T02:13:15","modified_gmt":"2024-02-13T23:13:15","slug":"silk-beading-thread-trimits-white-2m","status":"publish","type":"product","link":"https:\/\/creativityshop.eu\/pl\/product\/silk-beading-thread-trimits-white-2m\/","title":{"rendered":"Silk Beading Thread Trimits, White, 2m"},"content":{"rendered":"<p>An ideal thread for use with delicate beads such as freshwater pearls. Advisable to pre-stretch as it will stretch with use.<\/p>\n<p>Product images are for illustrative purposes only and may differ from the actual product. Due to differences in monitors and lightening, colors of products may also appear different to those shown on the site.<\/p>\n","protected":false},"excerpt":{"rendered":"<p><strong>Silk Beading Thread for Stringing Pearls and Bead. Needle Included.\u00a0<\/strong><\/p>\n<p>Material: Silk<br \/>\nAvailable sizes: 4 (0.6mm), 6 (0.7mm)<br \/>\nBobbin length: 2 m<br \/>\nColor: White<br \/>\nBrand of origin: United Kingdom<\/p>\n<p><em>An ideal thread for use with delicate beads such as freshwater pearls. Advisable to pre-stretch as it will stretch with use.<\/em><\/p>\n","protected":false},"featured_media":19859,"template":"","meta":{"_acf_changed":false,"_exactmetrics_skip_tracking":false,"_exactmetrics_sitenote_active":false,"_exactmetrics_sitenote_note":"","_exactmetrics_sitenote_category":0},"product_brand":[],"product_cat":[379,378],"product_tag":[],"class_list":{"0":"post-19849","1":"product","2":"type-product","3":"status-publish","4":"has-post-thumbnail","6":"product_cat-threads-cords","7":"product_cat-beading-thread","9":"first","10":"instock","11":"taxable","12":"shipping-taxable","13":"purchasable","14":"product-type-variable","15":"has-default-attributes","16":"wvs-archive-product-wrapper","17":"add-to-wishlist-after_add_to_cart"},"acf":[],"yoast_head":"<!-- This site is optimized with the Yoast SEO Premium plugin v27.0 (Yoast SEO v27.0) - https:\/\/yoast.com\/product\/yoast-seo-premium-wordpress\/ -->\n<title>Silk Beading Thread Trimits, White, 2m - CreativityShopEU<\/title>\n<meta name=\"robots\" content=\"noindex, follow\" \/>\n<meta property=\"og:locale\" content=\"pl_PL\" \/>\n<meta property=\"og:type\" content=\"article\" \/>\n<meta property=\"og:title\" content=\"Silk Beading Thread Trimits, White, 2m\" \/>\n<meta property=\"og:description\" content=\"Silk Beading Thread for Stringing Pearls and Bead. Needle Included.\u00a0  Material: Silk Available sizes: 4 (0.6mm), 6 (0.7mm) Bobbin length: 2 m Color: White Brand of origin: United Kingdom  An ideal thread for use with delicate beads such as freshwater pearls. Advisable to pre-stretch as it will stretch with use.\" \/>\n<meta property=\"og:url\" content=\"https:\/\/creativityshop.eu\/pl\/product\/silk-beading-thread-trimits-white-2m\/\" \/>\n<meta property=\"og:site_name\" content=\"CreativityShopEU\" \/>\n<meta property=\"article:modified_time\" content=\"2024-02-13T23:13:15+00:00\" \/>\n<meta property=\"og:image\" content=\"https:\/\/creativityshop.eu\/wp-content\/uploads\/2020\/09\/silk-beading-thread-trimits-white.jpg\" \/>\n\t<meta property=\"og:image:width\" content=\"768\" \/>\n\t<meta property=\"og:image:height\" content=\"768\" \/>\n\t<meta property=\"og:image:type\" content=\"image\/jpeg\" \/>\n<meta name=\"twitter:card\" content=\"summary_large_image\" \/>\n<meta name=\"twitter:label1\" content=\"Dost\u0119pno\u015b\u0107\" \/>\n\t<meta name=\"twitter:data1\" content=\"Dost\u0119pny\" \/>\n<script type=\"application\/ld+json\" class=\"yoast-schema-graph\">{\"@context\":\"https:\/\/schema.org\",\"@graph\":[{\"@type\":\"WebPage\",\"@id\":\"https:\/\/creativityshop.eu\/pl\/product\/silk-beading-thread-trimits-white-2m\/\",\"url\":\"https:\/\/creativityshop.eu\/pl\/product\/silk-beading-thread-trimits-white-2m\/\",\"name\":\"Silk Beading Thread Trimits, White, 2m - CreativityShopEU\",\"isPartOf\":{\"@id\":\"https:\/\/creativityshop.eu\/pl\/#website\"},\"primaryImageOfPage\":{\"@id\":\"https:\/\/creativityshop.eu\/pl\/product\/silk-beading-thread-trimits-white-2m\/#primaryimage\"},\"image\":{\"@id\":\"https:\/\/creativityshop.eu\/pl\/product\/silk-beading-thread-trimits-white-2m\/#primaryimage\"},\"thumbnailUrl\":\"https:\/\/creativityshop.eu\/wp-content\/uploads\/2020\/09\/silk-beading-thread-trimits-white.jpg\",\"datePublished\":\"2020-09-05T14:57:09+00:00\",\"dateModified\":\"2024-02-13T23:13:15+00:00\",\"breadcrumb\":{\"@id\":\"https:\/\/creativityshop.eu\/pl\/product\/silk-beading-thread-trimits-white-2m\/#breadcrumb\"},\"inLanguage\":\"pl-PL\",\"potentialAction\":[{\"@type\":\"ReadAction\",\"target\":[\"https:\/\/creativityshop.eu\/pl\/product\/silk-beading-thread-trimits-white-2m\/\"]}]},{\"@type\":\"ImageObject\",\"inLanguage\":\"pl-PL\",\"@id\":\"https:\/\/creativityshop.eu\/pl\/product\/silk-beading-thread-trimits-white-2m\/#primaryimage\",\"url\":\"https:\/\/creativityshop.eu\/wp-content\/uploads\/2020\/09\/silk-beading-thread-trimits-white.jpg\",\"contentUrl\":\"https:\/\/creativityshop.eu\/wp-content\/uploads\/2020\/09\/silk-beading-thread-trimits-white.jpg\",\"width\":768,\"height\":768,\"caption\":\"silk beading thread trimits white\"},{\"@type\":\"BreadcrumbList\",\"@id\":\"https:\/\/creativityshop.eu\/pl\/product\/silk-beading-thread-trimits-white-2m\/#breadcrumb\",\"itemListElement\":[{\"@type\":\"ListItem\",\"position\":1,\"name\":\"Home\",\"item\":\"https:\/\/creativityshop.eu\/pl\/\"},{\"@type\":\"ListItem\",\"position\":2,\"name\":\"Shop\",\"item\":\"https:\/\/creativityshop.eu\/shop\/\"},{\"@type\":\"ListItem\",\"position\":3,\"name\":\"Silk Beading Thread Trimits, White, 2m\"}]},{\"@type\":\"WebSite\",\"@id\":\"https:\/\/creativityshop.eu\/pl\/#website\",\"url\":\"https:\/\/creativityshop.eu\/pl\/\",\"name\":\"CreativityShopEU\",\"description\":\"Embroidery and jewelry components\",\"publisher\":{\"@id\":\"https:\/\/creativityshop.eu\/pl\/#organization\"},\"potentialAction\":[{\"@type\":\"SearchAction\",\"target\":{\"@type\":\"EntryPoint\",\"urlTemplate\":\"https:\/\/creativityshop.eu\/pl\/?s={search_term_string}\"},\"query-input\":{\"@type\":\"PropertyValueSpecification\",\"valueRequired\":true,\"valueName\":\"search_term_string\"}}],\"inLanguage\":\"pl-PL\"},{\"@type\":\"Organization\",\"@id\":\"https:\/\/creativityshop.eu\/pl\/#organization\",\"name\":\"Creativity Shop OU\",\"url\":\"https:\/\/creativityshop.eu\/pl\/\",\"logo\":{\"@type\":\"ImageObject\",\"inLanguage\":\"pl-PL\",\"@id\":\"https:\/\/creativityshop.eu\/pl\/#\/schema\/logo\/image\/\",\"url\":\"https:\/\/creativityshop.eu\/wp-content\/uploads\/2018\/11\/creativity_shop_logosite2.png\",\"contentUrl\":\"https:\/\/creativityshop.eu\/wp-content\/uploads\/2018\/11\/creativity_shop_logosite2.png\",\"width\":2871,\"height\":1100,\"caption\":\"Creativity Shop OU\"},\"image\":{\"@id\":\"https:\/\/creativityshop.eu\/pl\/#\/schema\/logo\/image\/\"}}]}<\/script>\n<meta property=\"og:availability\" content=\"instock\" \/>\n<meta property=\"product:availability\" content=\"instock\" \/>\n<meta property=\"product:condition\" content=\"new\" \/>\n<!-- \/ Yoast SEO Premium plugin. -->","yoast_head_json":{"title":"Silk Beading Thread Trimits, White, 2m - CreativityShopEU","robots":{"index":"noindex","follow":"follow"},"og_locale":"pl_PL","og_type":"article","og_title":"Silk Beading Thread Trimits, White, 2m","og_description":"Silk Beading Thread for Stringing Pearls and Bead. Needle Included.\u00a0  Material: Silk Available sizes: 4 (0.6mm), 6 (0.7mm) Bobbin length: 2 m Color: White Brand of origin: United Kingdom  An ideal thread for use with delicate beads such as freshwater pearls. Advisable to pre-stretch as it will stretch with use.","og_url":"https:\/\/creativityshop.eu\/pl\/product\/silk-beading-thread-trimits-white-2m\/","og_site_name":"CreativityShopEU","article_modified_time":"2024-02-13T23:13:15+00:00","og_image":[{"width":768,"height":768,"url":"https:\/\/creativityshop.eu\/wp-content\/uploads\/2020\/09\/silk-beading-thread-trimits-white.jpg","type":"image\/jpeg"}],"twitter_card":"summary_large_image","twitter_misc":{"Dost\u0119pno\u015b\u0107":"Dost\u0119pny"},"schema":{"@context":"https:\/\/schema.org","@graph":[{"@type":"WebPage","@id":"https:\/\/creativityshop.eu\/pl\/product\/silk-beading-thread-trimits-white-2m\/","url":"https:\/\/creativityshop.eu\/pl\/product\/silk-beading-thread-trimits-white-2m\/","name":"Silk Beading Thread Trimits, White, 2m - CreativityShopEU","isPartOf":{"@id":"https:\/\/creativityshop.eu\/pl\/#website"},"primaryImageOfPage":{"@id":"https:\/\/creativityshop.eu\/pl\/product\/silk-beading-thread-trimits-white-2m\/#primaryimage"},"image":{"@id":"https:\/\/creativityshop.eu\/pl\/product\/silk-beading-thread-trimits-white-2m\/#primaryimage"},"thumbnailUrl":"https:\/\/creativityshop.eu\/wp-content\/uploads\/2020\/09\/silk-beading-thread-trimits-white.jpg","datePublished":"2020-09-05T14:57:09+00:00","dateModified":"2024-02-13T23:13:15+00:00","breadcrumb":{"@id":"https:\/\/creativityshop.eu\/pl\/product\/silk-beading-thread-trimits-white-2m\/#breadcrumb"},"inLanguage":"pl-PL","potentialAction":[{"@type":"ReadAction","target":["https:\/\/creativityshop.eu\/pl\/product\/silk-beading-thread-trimits-white-2m\/"]}]},{"@type":"ImageObject","inLanguage":"pl-PL","@id":"https:\/\/creativityshop.eu\/pl\/product\/silk-beading-thread-trimits-white-2m\/#primaryimage","url":"https:\/\/creativityshop.eu\/wp-content\/uploads\/2020\/09\/silk-beading-thread-trimits-white.jpg","contentUrl":"https:\/\/creativityshop.eu\/wp-content\/uploads\/2020\/09\/silk-beading-thread-trimits-white.jpg","width":768,"height":768,"caption":"silk beading thread trimits white"},{"@type":"BreadcrumbList","@id":"https:\/\/creativityshop.eu\/pl\/product\/silk-beading-thread-trimits-white-2m\/#breadcrumb","itemListElement":[{"@type":"ListItem","position":1,"name":"Home","item":"https:\/\/creativityshop.eu\/pl\/"},{"@type":"ListItem","position":2,"name":"Shop","item":"https:\/\/creativityshop.eu\/shop\/"},{"@type":"ListItem","position":3,"name":"Silk Beading Thread Trimits, White, 2m"}]},{"@type":"WebSite","@id":"https:\/\/creativityshop.eu\/pl\/#website","url":"https:\/\/creativityshop.eu\/pl\/","name":"CreativityShopEU","description":"Embroidery and jewelry components","publisher":{"@id":"https:\/\/creativityshop.eu\/pl\/#organization"},"potentialAction":[{"@type":"SearchAction","target":{"@type":"EntryPoint","urlTemplate":"https:\/\/creativityshop.eu\/pl\/?s={search_term_string}"},"query-input":{"@type":"PropertyValueSpecification","valueRequired":true,"valueName":"search_term_string"}}],"inLanguage":"pl-PL"},{"@type":"Organization","@id":"https:\/\/creativityshop.eu\/pl\/#organization","name":"Creativity Shop OU","url":"https:\/\/creativityshop.eu\/pl\/","logo":{"@type":"ImageObject","inLanguage":"pl-PL","@id":"https:\/\/creativityshop.eu\/pl\/#\/schema\/logo\/image\/","url":"https:\/\/creativityshop.eu\/wp-content\/uploads\/2018\/11\/creativity_shop_logosite2.png","contentUrl":"https:\/\/creativityshop.eu\/wp-content\/uploads\/2018\/11\/creativity_shop_logosite2.png","width":2871,"height":1100,"caption":"Creativity Shop OU"},"image":{"@id":"https:\/\/creativityshop.eu\/pl\/#\/schema\/logo\/image\/"}}]},"og_availability":"instock","product_availability":"instock","product_condition":"new"},"_links":{"self":[{"href":"https:\/\/creativityshop.eu\/pl\/wp-json\/wp\/v2\/product\/19849","targetHints":{"allow":["GET"]}}],"collection":[{"href":"https:\/\/creativityshop.eu\/pl\/wp-json\/wp\/v2\/product"}],"about":[{"href":"https:\/\/creativityshop.eu\/pl\/wp-json\/wp\/v2\/types\/product"}],"wp:featuredmedia":[{"embeddable":true,"href":"https:\/\/creativityshop.eu\/pl\/wp-json\/wp\/v2\/media\/19859"}],"wp:attachment":[{"href":"https:\/\/creativityshop.eu\/pl\/wp-json\/wp\/v2\/media?parent=19849"}],"wp:term":[{"taxonomy":"product_brand","embeddable":true,"href":"https:\/\/creativityshop.eu\/pl\/wp-json\/wp\/v2\/product_brand?post=19849"},{"taxonomy":"product_cat","embeddable":true,"href":"https:\/\/creativityshop.eu\/pl\/wp-json\/wp\/v2\/product_cat?post=19849"},{"taxonomy":"product_tag","embeddable":true,"href":"https:\/\/creativityshop.eu\/pl\/wp-json\/wp\/v2\/product_tag?post=19849"}],"curies":[{"name":"wp","href":"https:\/\/api.w.org\/{rel}","templated":true}]}}