{"id":19815,"date":"2020-09-03T16:30:09","date_gmt":"2020-09-03T13:30:09","guid":{"rendered":"https:\/\/creativityshop.eu\/?post_type=product&#038;p=19815"},"modified":"2024-02-14T00:47:09","modified_gmt":"2024-02-13T21:47:09","slug":"craft-storage-stackers-boxes-st-hemline-set-of-3","status":"publish","type":"product","link":"https:\/\/creativityshop.eu\/pl\/product\/craft-storage-stackers-boxes-st-hemline-set-of-3\/","title":{"rendered":"Craft Storage Stackers\/Boxes ST, Hemline, Set of 3"},"content":{"rendered":"<p>Perfect for storing small sewing and craft items. Keeps beads, sequins, fasteners, and other accessories together and tidy. Each stacker is clear and has a screw together top and base so more stackers can easily be added\u2014Set of 3 small stackers.<\/p>\n<p>Product images are for illustrative purposes only and may differ from the actual product. Due to differences in monitors and lighting, the colors of products may also appear different from those shown on the site.<\/p>\n","protected":false},"excerpt":{"rendered":"<p><strong>Plastic Craft Storage Stackers: Set of 3<\/strong><\/p>\n<ul>\n<li>Excellent craft and hobby storage<\/li>\n<li>Build your storage stack by adding more boxes as required<\/li>\n<li>Clear and Strong, so easy and convenient to use<\/li>\n<\/ul>\n<p>Brand: Hemline<br \/>\nMaterial: Plastic<br \/>\nSize: ST (11.5 cm high(app. 3.8 cm each of 3 boxes), 4 cm diameter)<\/p>\n","protected":false},"featured_media":19825,"template":"","meta":{"_acf_changed":false,"_exactmetrics_skip_tracking":false,"_exactmetrics_sitenote_active":false,"_exactmetrics_sitenote_note":"","_exactmetrics_sitenote_category":0},"product_brand":[],"product_cat":[404,852],"product_tag":[],"class_list":{"0":"post-19815","1":"product","2":"type-product","3":"status-publish","4":"has-post-thumbnail","6":"product_cat-tools","7":"product_cat-storage-boxes-organisers","9":"first","10":"instock","11":"sale","12":"taxable","13":"shipping-taxable","14":"purchasable","15":"product-type-simple","16":"add-to-wishlist-after_add_to_cart"},"acf":[],"yoast_head":"<!-- This site is optimized with the Yoast SEO Premium plugin v27.0 (Yoast SEO v27.0) - https:\/\/yoast.com\/product\/yoast-seo-premium-wordpress\/ -->\n<title>Craft Storage Stackers\/Boxes ST, Hemline, Set of 3 - CreativityShopEU<\/title>\n<meta name=\"robots\" content=\"noindex, follow\" \/>\n<meta property=\"og:locale\" content=\"pl_PL\" \/>\n<meta property=\"og:type\" content=\"article\" \/>\n<meta property=\"og:title\" content=\"Craft Storage Stackers\/Boxes ST, Hemline, Set of 3\" \/>\n<meta property=\"og:description\" content=\"Plastic Craft Storage Stackers: Set of 3   Excellent craft and hobby storage  Build your storage stack by adding more boxes as required  Clear and Strong, so easy and convenient to use  Brand: Hemline Material: Plastic Size: ST (11.5 cm high(app. 3.8 cm each of 3 boxes), 4 cm diameter)\" \/>\n<meta property=\"og:url\" content=\"https:\/\/creativityshop.eu\/pl\/product\/craft-storage-stackers-boxes-st-hemline-set-of-3\/\" \/>\n<meta property=\"og:site_name\" content=\"CreativityShopEU\" \/>\n<meta property=\"article:modified_time\" content=\"2024-02-13T21:47:09+00:00\" \/>\n<meta property=\"og:image\" content=\"https:\/\/creativityshop.eu\/wp-content\/uploads\/2020\/09\/storage-stackers-hemline-st.jpg\" \/>\n\t<meta property=\"og:image:width\" content=\"768\" \/>\n\t<meta property=\"og:image:height\" content=\"768\" \/>\n\t<meta property=\"og:image:type\" content=\"image\/jpeg\" \/>\n<meta name=\"twitter:card\" content=\"summary_large_image\" \/>\n<meta name=\"twitter:label1\" content=\"Cena\" \/>\n\t<meta name=\"twitter:data1\" content=\"&euro;3.40\" \/>\n\t<meta name=\"twitter:label2\" content=\"Dost\u0119pno\u015b\u0107\" \/>\n\t<meta name=\"twitter:data2\" content=\"Dost\u0119pny\" \/>\n<script type=\"application\/ld+json\" class=\"yoast-schema-graph\">{\"@context\":\"https:\/\/schema.org\",\"@graph\":[{\"@type\":\"WebPage\",\"@id\":\"https:\/\/creativityshop.eu\/pl\/product\/craft-storage-stackers-boxes-st-hemline-set-of-3\/\",\"url\":\"https:\/\/creativityshop.eu\/pl\/product\/craft-storage-stackers-boxes-st-hemline-set-of-3\/\",\"name\":\"Craft Storage Stackers\/Boxes ST, Hemline, Set of 3 - CreativityShopEU\",\"isPartOf\":{\"@id\":\"https:\/\/creativityshop.eu\/pl\/#website\"},\"primaryImageOfPage\":{\"@id\":\"https:\/\/creativityshop.eu\/pl\/product\/craft-storage-stackers-boxes-st-hemline-set-of-3\/#primaryimage\"},\"image\":{\"@id\":\"https:\/\/creativityshop.eu\/pl\/product\/craft-storage-stackers-boxes-st-hemline-set-of-3\/#primaryimage\"},\"thumbnailUrl\":\"https:\/\/creativityshop.eu\/wp-content\/uploads\/2020\/09\/storage-stackers-hemline-st.jpg\",\"datePublished\":\"2020-09-03T13:30:09+00:00\",\"dateModified\":\"2024-02-13T21:47:09+00:00\",\"breadcrumb\":{\"@id\":\"https:\/\/creativityshop.eu\/pl\/product\/craft-storage-stackers-boxes-st-hemline-set-of-3\/#breadcrumb\"},\"inLanguage\":\"pl-PL\",\"potentialAction\":[{\"@type\":\"ReadAction\",\"target\":[\"https:\/\/creativityshop.eu\/pl\/product\/craft-storage-stackers-boxes-st-hemline-set-of-3\/\"]}]},{\"@type\":\"ImageObject\",\"inLanguage\":\"pl-PL\",\"@id\":\"https:\/\/creativityshop.eu\/pl\/product\/craft-storage-stackers-boxes-st-hemline-set-of-3\/#primaryimage\",\"url\":\"https:\/\/creativityshop.eu\/wp-content\/uploads\/2020\/09\/storage-stackers-hemline-st.jpg\",\"contentUrl\":\"https:\/\/creativityshop.eu\/wp-content\/uploads\/2020\/09\/storage-stackers-hemline-st.jpg\",\"width\":768,\"height\":768,\"caption\":\"Storage Stackers hemline ST\"},{\"@type\":\"BreadcrumbList\",\"@id\":\"https:\/\/creativityshop.eu\/pl\/product\/craft-storage-stackers-boxes-st-hemline-set-of-3\/#breadcrumb\",\"itemListElement\":[{\"@type\":\"ListItem\",\"position\":1,\"name\":\"Home\",\"item\":\"https:\/\/creativityshop.eu\/pl\/\"},{\"@type\":\"ListItem\",\"position\":2,\"name\":\"Shop\",\"item\":\"https:\/\/creativityshop.eu\/shop\/\"},{\"@type\":\"ListItem\",\"position\":3,\"name\":\"Craft Storage Stackers\/Boxes ST, Hemline, Set of 3\"}]},{\"@type\":\"WebSite\",\"@id\":\"https:\/\/creativityshop.eu\/pl\/#website\",\"url\":\"https:\/\/creativityshop.eu\/pl\/\",\"name\":\"CreativityShopEU\",\"description\":\"Embroidery and jewelry components\",\"publisher\":{\"@id\":\"https:\/\/creativityshop.eu\/pl\/#organization\"},\"potentialAction\":[{\"@type\":\"SearchAction\",\"target\":{\"@type\":\"EntryPoint\",\"urlTemplate\":\"https:\/\/creativityshop.eu\/pl\/?s={search_term_string}\"},\"query-input\":{\"@type\":\"PropertyValueSpecification\",\"valueRequired\":true,\"valueName\":\"search_term_string\"}}],\"inLanguage\":\"pl-PL\"},{\"@type\":\"Organization\",\"@id\":\"https:\/\/creativityshop.eu\/pl\/#organization\",\"name\":\"Creativity Shop OU\",\"url\":\"https:\/\/creativityshop.eu\/pl\/\",\"logo\":{\"@type\":\"ImageObject\",\"inLanguage\":\"pl-PL\",\"@id\":\"https:\/\/creativityshop.eu\/pl\/#\/schema\/logo\/image\/\",\"url\":\"https:\/\/creativityshop.eu\/wp-content\/uploads\/2018\/11\/creativity_shop_logosite2.png\",\"contentUrl\":\"https:\/\/creativityshop.eu\/wp-content\/uploads\/2018\/11\/creativity_shop_logosite2.png\",\"width\":2871,\"height\":1100,\"caption\":\"Creativity Shop OU\"},\"image\":{\"@id\":\"https:\/\/creativityshop.eu\/pl\/#\/schema\/logo\/image\/\"}}]}<\/script>\n<meta property=\"product:price:amount\" content=\"3.40\" \/>\n<meta property=\"product:price:currency\" content=\"EUR\" \/>\n<meta property=\"og:availability\" content=\"instock\" \/>\n<meta property=\"product:availability\" content=\"instock\" \/>\n<meta property=\"product:retailer_item_id\" content=\"H3008.ST\" \/>\n<meta property=\"product:condition\" content=\"new\" \/>\n<!-- \/ Yoast SEO Premium plugin. -->","yoast_head_json":{"title":"Craft Storage Stackers\/Boxes ST, Hemline, Set of 3 - CreativityShopEU","robots":{"index":"noindex","follow":"follow"},"og_locale":"pl_PL","og_type":"article","og_title":"Craft Storage Stackers\/Boxes ST, Hemline, Set of 3","og_description":"Plastic Craft Storage Stackers: Set of 3   Excellent craft and hobby storage  Build your storage stack by adding more boxes as required  Clear and Strong, so easy and convenient to use  Brand: Hemline Material: Plastic Size: ST (11.5 cm high(app. 3.8 cm each of 3 boxes), 4 cm diameter)","og_url":"https:\/\/creativityshop.eu\/pl\/product\/craft-storage-stackers-boxes-st-hemline-set-of-3\/","og_site_name":"CreativityShopEU","article_modified_time":"2024-02-13T21:47:09+00:00","og_image":[{"width":768,"height":768,"url":"https:\/\/creativityshop.eu\/wp-content\/uploads\/2020\/09\/storage-stackers-hemline-st.jpg","type":"image\/jpeg"}],"twitter_card":"summary_large_image","twitter_misc":{"Cena":"&euro;3.40","Dost\u0119pno\u015b\u0107":"Dost\u0119pny"},"schema":{"@context":"https:\/\/schema.org","@graph":[{"@type":"WebPage","@id":"https:\/\/creativityshop.eu\/pl\/product\/craft-storage-stackers-boxes-st-hemline-set-of-3\/","url":"https:\/\/creativityshop.eu\/pl\/product\/craft-storage-stackers-boxes-st-hemline-set-of-3\/","name":"Craft Storage Stackers\/Boxes ST, Hemline, Set of 3 - CreativityShopEU","isPartOf":{"@id":"https:\/\/creativityshop.eu\/pl\/#website"},"primaryImageOfPage":{"@id":"https:\/\/creativityshop.eu\/pl\/product\/craft-storage-stackers-boxes-st-hemline-set-of-3\/#primaryimage"},"image":{"@id":"https:\/\/creativityshop.eu\/pl\/product\/craft-storage-stackers-boxes-st-hemline-set-of-3\/#primaryimage"},"thumbnailUrl":"https:\/\/creativityshop.eu\/wp-content\/uploads\/2020\/09\/storage-stackers-hemline-st.jpg","datePublished":"2020-09-03T13:30:09+00:00","dateModified":"2024-02-13T21:47:09+00:00","breadcrumb":{"@id":"https:\/\/creativityshop.eu\/pl\/product\/craft-storage-stackers-boxes-st-hemline-set-of-3\/#breadcrumb"},"inLanguage":"pl-PL","potentialAction":[{"@type":"ReadAction","target":["https:\/\/creativityshop.eu\/pl\/product\/craft-storage-stackers-boxes-st-hemline-set-of-3\/"]}]},{"@type":"ImageObject","inLanguage":"pl-PL","@id":"https:\/\/creativityshop.eu\/pl\/product\/craft-storage-stackers-boxes-st-hemline-set-of-3\/#primaryimage","url":"https:\/\/creativityshop.eu\/wp-content\/uploads\/2020\/09\/storage-stackers-hemline-st.jpg","contentUrl":"https:\/\/creativityshop.eu\/wp-content\/uploads\/2020\/09\/storage-stackers-hemline-st.jpg","width":768,"height":768,"caption":"Storage Stackers hemline ST"},{"@type":"BreadcrumbList","@id":"https:\/\/creativityshop.eu\/pl\/product\/craft-storage-stackers-boxes-st-hemline-set-of-3\/#breadcrumb","itemListElement":[{"@type":"ListItem","position":1,"name":"Home","item":"https:\/\/creativityshop.eu\/pl\/"},{"@type":"ListItem","position":2,"name":"Shop","item":"https:\/\/creativityshop.eu\/shop\/"},{"@type":"ListItem","position":3,"name":"Craft Storage Stackers\/Boxes ST, Hemline, Set of 3"}]},{"@type":"WebSite","@id":"https:\/\/creativityshop.eu\/pl\/#website","url":"https:\/\/creativityshop.eu\/pl\/","name":"CreativityShopEU","description":"Embroidery and jewelry components","publisher":{"@id":"https:\/\/creativityshop.eu\/pl\/#organization"},"potentialAction":[{"@type":"SearchAction","target":{"@type":"EntryPoint","urlTemplate":"https:\/\/creativityshop.eu\/pl\/?s={search_term_string}"},"query-input":{"@type":"PropertyValueSpecification","valueRequired":true,"valueName":"search_term_string"}}],"inLanguage":"pl-PL"},{"@type":"Organization","@id":"https:\/\/creativityshop.eu\/pl\/#organization","name":"Creativity Shop OU","url":"https:\/\/creativityshop.eu\/pl\/","logo":{"@type":"ImageObject","inLanguage":"pl-PL","@id":"https:\/\/creativityshop.eu\/pl\/#\/schema\/logo\/image\/","url":"https:\/\/creativityshop.eu\/wp-content\/uploads\/2018\/11\/creativity_shop_logosite2.png","contentUrl":"https:\/\/creativityshop.eu\/wp-content\/uploads\/2018\/11\/creativity_shop_logosite2.png","width":2871,"height":1100,"caption":"Creativity Shop OU"},"image":{"@id":"https:\/\/creativityshop.eu\/pl\/#\/schema\/logo\/image\/"}}]},"product_price_amount":"3.40","product_price_currency":"EUR","og_availability":"instock","product_availability":"instock","product_retailer_item_id":"H3008.ST","product_condition":"new"},"_links":{"self":[{"href":"https:\/\/creativityshop.eu\/pl\/wp-json\/wp\/v2\/product\/19815","targetHints":{"allow":["GET"]}}],"collection":[{"href":"https:\/\/creativityshop.eu\/pl\/wp-json\/wp\/v2\/product"}],"about":[{"href":"https:\/\/creativityshop.eu\/pl\/wp-json\/wp\/v2\/types\/product"}],"wp:featuredmedia":[{"embeddable":true,"href":"https:\/\/creativityshop.eu\/pl\/wp-json\/wp\/v2\/media\/19825"}],"wp:attachment":[{"href":"https:\/\/creativityshop.eu\/pl\/wp-json\/wp\/v2\/media?parent=19815"}],"wp:term":[{"taxonomy":"product_brand","embeddable":true,"href":"https:\/\/creativityshop.eu\/pl\/wp-json\/wp\/v2\/product_brand?post=19815"},{"taxonomy":"product_cat","embeddable":true,"href":"https:\/\/creativityshop.eu\/pl\/wp-json\/wp\/v2\/product_cat?post=19815"},{"taxonomy":"product_tag","embeddable":true,"href":"https:\/\/creativityshop.eu\/pl\/wp-json\/wp\/v2\/product_tag?post=19815"}],"curies":[{"name":"wp","href":"https:\/\/api.w.org\/{rel}","templated":true}]}}