{"id":18655,"date":"2020-07-01T18:29:30","date_gmt":"2020-07-01T15:29:30","guid":{"rendered":"https:\/\/creativityshop.eu\/?post_type=product&#038;p=18655"},"modified":"2024-04-09T22:36:14","modified_gmt":"2024-04-09T19:36:14","slug":"faceted-ball-chain-bead-chain-medium-brown-color-1-2-mm","status":"publish","type":"product","link":"https:\/\/creativityshop.eu\/pl\/product\/faceted-ball-chain-bead-chain-medium-brown-color-1-2-mm\/","title":{"rendered":"Faceted Ball Chain \/ Bead Chain Medium Brown Color, 1.2 mm"},"content":{"rendered":"<p>This ball chain, also called bead chain is a high-quality product used in handcrafting. The material the chain is made of is brass coated with different types of plating.<\/p>\n<p>Product images are for illustrative purposes only and may differ from the actual product. Due to differences in monitors and lighting, the colors of products may also appear different from those shown on the site.<\/p>\n","protected":false},"excerpt":{"rendered":"<p><strong>Ball chain\/ Bead chain with faceted balls<\/strong><br \/>\nChain thickness: 1.2 mm<br \/>\nColor: Medium Brown<br \/>\nMaterial: Brass<br \/>\nSold per: 1 meter<\/p>\n","protected":false},"featured_media":18660,"template":"","meta":{"_acf_changed":false,"_exactmetrics_skip_tracking":false,"_exactmetrics_sitenote_active":false,"_exactmetrics_sitenote_note":"","_exactmetrics_sitenote_category":0},"product_brand":[],"product_cat":[963,15],"product_tag":[],"class_list":{"0":"post-18655","1":"product","2":"type-product","3":"status-publish","4":"has-post-thumbnail","6":"product_cat-chains","7":"product_cat-uncategorized","9":"first","10":"outofstock","11":"taxable","12":"shipping-taxable","13":"purchasable","14":"product-type-simple","15":"add-to-wishlist-after_add_to_cart"},"acf":[],"yoast_head":"<!-- This site is optimized with the Yoast SEO Premium plugin v27.0 (Yoast SEO v27.0) - https:\/\/yoast.com\/product\/yoast-seo-premium-wordpress\/ -->\n<title>Faceted Ball Chain \/ Bead Chain Medium Brown Color, 1.2 mm - CreativityShopEU<\/title>\n<meta name=\"robots\" content=\"noindex, follow\" \/>\n<meta property=\"og:locale\" content=\"pl_PL\" \/>\n<meta property=\"og:type\" content=\"article\" \/>\n<meta property=\"og:title\" content=\"Faceted Ball Chain \/ Bead Chain Medium Brown Color, 1.2 mm\" \/>\n<meta property=\"og:description\" content=\"Ball chain\/ Bead chain with faceted balls Chain thickness: 1.2 mm Color: Medium Brown Material: Brass Sold per: 1 meter\" \/>\n<meta property=\"og:url\" content=\"https:\/\/creativityshop.eu\/pl\/product\/faceted-ball-chain-bead-chain-medium-brown-color-1-2-mm\/\" \/>\n<meta property=\"og:site_name\" content=\"CreativityShopEU\" \/>\n<meta property=\"article:modified_time\" content=\"2024-04-09T19:36:14+00:00\" \/>\n<meta property=\"og:image\" content=\"https:\/\/creativityshop.eu\/wp-content\/uploads\/2020\/07\/faceted-ball-chain-medium-brown-color-1.2mm-2.jpg\" \/>\n\t<meta property=\"og:image:width\" content=\"768\" \/>\n\t<meta property=\"og:image:height\" content=\"768\" \/>\n\t<meta property=\"og:image:type\" content=\"image\/jpeg\" \/>\n<meta name=\"twitter:card\" content=\"summary_large_image\" \/>\n<meta name=\"twitter:label1\" content=\"Cena\" \/>\n\t<meta name=\"twitter:data1\" content=\"&#036;1.80\" \/>\n\t<meta name=\"twitter:label2\" content=\"Dost\u0119pno\u015b\u0107\" \/>\n\t<meta name=\"twitter:data2\" content=\"Brak w magazynie\" \/>\n<script type=\"application\/ld+json\" class=\"yoast-schema-graph\">{\"@context\":\"https:\/\/schema.org\",\"@graph\":[{\"@type\":\"WebPage\",\"@id\":\"https:\/\/creativityshop.eu\/pl\/product\/faceted-ball-chain-bead-chain-medium-brown-color-1-2-mm\/\",\"url\":\"https:\/\/creativityshop.eu\/pl\/product\/faceted-ball-chain-bead-chain-medium-brown-color-1-2-mm\/\",\"name\":\"Faceted Ball Chain \/ Bead Chain Medium Brown Color, 1.2 mm - CreativityShopEU\",\"isPartOf\":{\"@id\":\"https:\/\/creativityshop.eu\/pl\/#website\"},\"primaryImageOfPage\":{\"@id\":\"https:\/\/creativityshop.eu\/pl\/product\/faceted-ball-chain-bead-chain-medium-brown-color-1-2-mm\/#primaryimage\"},\"image\":{\"@id\":\"https:\/\/creativityshop.eu\/pl\/product\/faceted-ball-chain-bead-chain-medium-brown-color-1-2-mm\/#primaryimage\"},\"thumbnailUrl\":\"https:\/\/creativityshop.eu\/wp-content\/uploads\/2020\/07\/faceted-ball-chain-medium-brown-color-1.2mm-2.jpg\",\"datePublished\":\"2020-07-01T15:29:30+00:00\",\"dateModified\":\"2024-04-09T19:36:14+00:00\",\"breadcrumb\":{\"@id\":\"https:\/\/creativityshop.eu\/pl\/product\/faceted-ball-chain-bead-chain-medium-brown-color-1-2-mm\/#breadcrumb\"},\"inLanguage\":\"pl-PL\",\"potentialAction\":[{\"@type\":\"ReadAction\",\"target\":[\"https:\/\/creativityshop.eu\/pl\/product\/faceted-ball-chain-bead-chain-medium-brown-color-1-2-mm\/\"]}]},{\"@type\":\"ImageObject\",\"inLanguage\":\"pl-PL\",\"@id\":\"https:\/\/creativityshop.eu\/pl\/product\/faceted-ball-chain-bead-chain-medium-brown-color-1-2-mm\/#primaryimage\",\"url\":\"https:\/\/creativityshop.eu\/wp-content\/uploads\/2020\/07\/faceted-ball-chain-medium-brown-color-1.2mm-2.jpg\",\"contentUrl\":\"https:\/\/creativityshop.eu\/wp-content\/uploads\/2020\/07\/faceted-ball-chain-medium-brown-color-1.2mm-2.jpg\",\"width\":768,\"height\":768,\"caption\":\"Faceted ball chain medium brown color 1.2mm\"},{\"@type\":\"BreadcrumbList\",\"@id\":\"https:\/\/creativityshop.eu\/pl\/product\/faceted-ball-chain-bead-chain-medium-brown-color-1-2-mm\/#breadcrumb\",\"itemListElement\":[{\"@type\":\"ListItem\",\"position\":1,\"name\":\"Home\",\"item\":\"https:\/\/creativityshop.eu\/pl\/\"},{\"@type\":\"ListItem\",\"position\":2,\"name\":\"Shop\",\"item\":\"https:\/\/creativityshop.eu\/shop\/\"},{\"@type\":\"ListItem\",\"position\":3,\"name\":\"Faceted Ball Chain \/ Bead Chain Medium Brown Color, 1.2 mm\"}]},{\"@type\":\"WebSite\",\"@id\":\"https:\/\/creativityshop.eu\/pl\/#website\",\"url\":\"https:\/\/creativityshop.eu\/pl\/\",\"name\":\"CreativityShopEU\",\"description\":\"Embroidery and jewelry components\",\"publisher\":{\"@id\":\"https:\/\/creativityshop.eu\/pl\/#organization\"},\"potentialAction\":[{\"@type\":\"SearchAction\",\"target\":{\"@type\":\"EntryPoint\",\"urlTemplate\":\"https:\/\/creativityshop.eu\/pl\/?s={search_term_string}\"},\"query-input\":{\"@type\":\"PropertyValueSpecification\",\"valueRequired\":true,\"valueName\":\"search_term_string\"}}],\"inLanguage\":\"pl-PL\"},{\"@type\":\"Organization\",\"@id\":\"https:\/\/creativityshop.eu\/pl\/#organization\",\"name\":\"Creativity Shop OU\",\"url\":\"https:\/\/creativityshop.eu\/pl\/\",\"logo\":{\"@type\":\"ImageObject\",\"inLanguage\":\"pl-PL\",\"@id\":\"https:\/\/creativityshop.eu\/pl\/#\/schema\/logo\/image\/\",\"url\":\"https:\/\/creativityshop.eu\/wp-content\/uploads\/2018\/11\/creativity_shop_logosite2.png\",\"contentUrl\":\"https:\/\/creativityshop.eu\/wp-content\/uploads\/2018\/11\/creativity_shop_logosite2.png\",\"width\":2871,\"height\":1100,\"caption\":\"Creativity Shop OU\"},\"image\":{\"@id\":\"https:\/\/creativityshop.eu\/pl\/#\/schema\/logo\/image\/\"}}]}<\/script>\n<meta property=\"product:price:amount\" content=\"1.80\" \/>\n<meta property=\"product:price:currency\" content=\"USD\" \/>\n<meta property=\"og:availability\" content=\"out of stock\" \/>\n<meta property=\"product:availability\" content=\"out of stock\" \/>\n<meta property=\"product:retailer_item_id\" content=\"BC015\" \/>\n<meta property=\"product:condition\" content=\"new\" \/>\n<!-- \/ Yoast SEO Premium plugin. -->","yoast_head_json":{"title":"Faceted Ball Chain \/ Bead Chain Medium Brown Color, 1.2 mm - CreativityShopEU","robots":{"index":"noindex","follow":"follow"},"og_locale":"pl_PL","og_type":"article","og_title":"Faceted Ball Chain \/ Bead Chain Medium Brown Color, 1.2 mm","og_description":"Ball chain\/ Bead chain with faceted balls Chain thickness: 1.2 mm Color: Medium Brown Material: Brass Sold per: 1 meter","og_url":"https:\/\/creativityshop.eu\/pl\/product\/faceted-ball-chain-bead-chain-medium-brown-color-1-2-mm\/","og_site_name":"CreativityShopEU","article_modified_time":"2024-04-09T19:36:14+00:00","og_image":[{"width":768,"height":768,"url":"https:\/\/creativityshop.eu\/wp-content\/uploads\/2020\/07\/faceted-ball-chain-medium-brown-color-1.2mm-2.jpg","type":"image\/jpeg"}],"twitter_card":"summary_large_image","twitter_misc":{"Cena":"&#36;1.80","Dost\u0119pno\u015b\u0107":"Brak w magazynie"},"schema":{"@context":"https:\/\/schema.org","@graph":[{"@type":"WebPage","@id":"https:\/\/creativityshop.eu\/pl\/product\/faceted-ball-chain-bead-chain-medium-brown-color-1-2-mm\/","url":"https:\/\/creativityshop.eu\/pl\/product\/faceted-ball-chain-bead-chain-medium-brown-color-1-2-mm\/","name":"Faceted Ball Chain \/ Bead Chain Medium Brown Color, 1.2 mm - CreativityShopEU","isPartOf":{"@id":"https:\/\/creativityshop.eu\/pl\/#website"},"primaryImageOfPage":{"@id":"https:\/\/creativityshop.eu\/pl\/product\/faceted-ball-chain-bead-chain-medium-brown-color-1-2-mm\/#primaryimage"},"image":{"@id":"https:\/\/creativityshop.eu\/pl\/product\/faceted-ball-chain-bead-chain-medium-brown-color-1-2-mm\/#primaryimage"},"thumbnailUrl":"https:\/\/creativityshop.eu\/wp-content\/uploads\/2020\/07\/faceted-ball-chain-medium-brown-color-1.2mm-2.jpg","datePublished":"2020-07-01T15:29:30+00:00","dateModified":"2024-04-09T19:36:14+00:00","breadcrumb":{"@id":"https:\/\/creativityshop.eu\/pl\/product\/faceted-ball-chain-bead-chain-medium-brown-color-1-2-mm\/#breadcrumb"},"inLanguage":"pl-PL","potentialAction":[{"@type":"ReadAction","target":["https:\/\/creativityshop.eu\/pl\/product\/faceted-ball-chain-bead-chain-medium-brown-color-1-2-mm\/"]}]},{"@type":"ImageObject","inLanguage":"pl-PL","@id":"https:\/\/creativityshop.eu\/pl\/product\/faceted-ball-chain-bead-chain-medium-brown-color-1-2-mm\/#primaryimage","url":"https:\/\/creativityshop.eu\/wp-content\/uploads\/2020\/07\/faceted-ball-chain-medium-brown-color-1.2mm-2.jpg","contentUrl":"https:\/\/creativityshop.eu\/wp-content\/uploads\/2020\/07\/faceted-ball-chain-medium-brown-color-1.2mm-2.jpg","width":768,"height":768,"caption":"Faceted ball chain medium brown color 1.2mm"},{"@type":"BreadcrumbList","@id":"https:\/\/creativityshop.eu\/pl\/product\/faceted-ball-chain-bead-chain-medium-brown-color-1-2-mm\/#breadcrumb","itemListElement":[{"@type":"ListItem","position":1,"name":"Home","item":"https:\/\/creativityshop.eu\/pl\/"},{"@type":"ListItem","position":2,"name":"Shop","item":"https:\/\/creativityshop.eu\/shop\/"},{"@type":"ListItem","position":3,"name":"Faceted Ball Chain \/ Bead Chain Medium Brown Color, 1.2 mm"}]},{"@type":"WebSite","@id":"https:\/\/creativityshop.eu\/pl\/#website","url":"https:\/\/creativityshop.eu\/pl\/","name":"CreativityShopEU","description":"Embroidery and jewelry components","publisher":{"@id":"https:\/\/creativityshop.eu\/pl\/#organization"},"potentialAction":[{"@type":"SearchAction","target":{"@type":"EntryPoint","urlTemplate":"https:\/\/creativityshop.eu\/pl\/?s={search_term_string}"},"query-input":{"@type":"PropertyValueSpecification","valueRequired":true,"valueName":"search_term_string"}}],"inLanguage":"pl-PL"},{"@type":"Organization","@id":"https:\/\/creativityshop.eu\/pl\/#organization","name":"Creativity Shop OU","url":"https:\/\/creativityshop.eu\/pl\/","logo":{"@type":"ImageObject","inLanguage":"pl-PL","@id":"https:\/\/creativityshop.eu\/pl\/#\/schema\/logo\/image\/","url":"https:\/\/creativityshop.eu\/wp-content\/uploads\/2018\/11\/creativity_shop_logosite2.png","contentUrl":"https:\/\/creativityshop.eu\/wp-content\/uploads\/2018\/11\/creativity_shop_logosite2.png","width":2871,"height":1100,"caption":"Creativity Shop OU"},"image":{"@id":"https:\/\/creativityshop.eu\/pl\/#\/schema\/logo\/image\/"}}]},"product_price_amount":"1.80","product_price_currency":"USD","og_availability":"out of stock","product_availability":"out of stock","product_retailer_item_id":"BC015","product_condition":"new"},"_links":{"self":[{"href":"https:\/\/creativityshop.eu\/pl\/wp-json\/wp\/v2\/product\/18655","targetHints":{"allow":["GET"]}}],"collection":[{"href":"https:\/\/creativityshop.eu\/pl\/wp-json\/wp\/v2\/product"}],"about":[{"href":"https:\/\/creativityshop.eu\/pl\/wp-json\/wp\/v2\/types\/product"}],"wp:featuredmedia":[{"embeddable":true,"href":"https:\/\/creativityshop.eu\/pl\/wp-json\/wp\/v2\/media\/18660"}],"wp:attachment":[{"href":"https:\/\/creativityshop.eu\/pl\/wp-json\/wp\/v2\/media?parent=18655"}],"wp:term":[{"taxonomy":"product_brand","embeddable":true,"href":"https:\/\/creativityshop.eu\/pl\/wp-json\/wp\/v2\/product_brand?post=18655"},{"taxonomy":"product_cat","embeddable":true,"href":"https:\/\/creativityshop.eu\/pl\/wp-json\/wp\/v2\/product_cat?post=18655"},{"taxonomy":"product_tag","embeddable":true,"href":"https:\/\/creativityshop.eu\/pl\/wp-json\/wp\/v2\/product_tag?post=18655"}],"curies":[{"name":"wp","href":"https:\/\/api.w.org\/{rel}","templated":true}]}}