{"id":18022,"date":"2020-06-07T22:55:08","date_gmt":"2020-06-07T19:55:08","guid":{"rendered":"https:\/\/creativityshop.eu\/?post_type=product&#038;p=18022"},"modified":"2025-11-30T13:54:55","modified_gmt":"2025-11-30T10:54:55","slug":"5328-swarovski-xilion-beads-bi-cone-emerald-10pcs","status":"publish","type":"product","link":"https:\/\/creativityshop.eu\/pl\/product\/5328-swarovski-xilion-beads-bi-cone-emerald-10pcs\/","title":{"rendered":"5328 Swarovski Xilion Beads (bi-cone) Emerald, 10pcs"},"content":{"rendered":"<p>The Xilion Bead features one of Swarovski&#8217;s most popular single-layer cuts, offering differentiation and outstanding brilliance in a wide variety of sizes. It comes in the widest range of colors and effects available for the Xilion Bead. The belt line of this crystal component has been rounded to ensure comfort\u2014for example, when wearing it on the wrist. It brings geometric harmony and a unique sparkle to any design, whether jewelry, accessories, haute couture, DIY, interiors, or lingerie.<br \/>\nProduct images are for illustrative purposes only and may differ from the actual product. Due to differences in monitors and lightening, colours of products may also appear different to those shown on the site.<\/p>\n","protected":false},"excerpt":{"rendered":"<p><strong>5328 Swarovski Xilion Beads\/Bi-cone, 10pcs<\/strong><\/p>\n<p>Shape: Xilion<br \/>\nType: Bead<br \/>\nColor: Emerald<br \/>\nAvailable sizes: 3-4 mm<br \/>\nOrigin: Austria<br \/>\nPrice per 10 pcs.<\/p>\n","protected":false},"featured_media":17973,"template":"","meta":{"_acf_changed":false,"_exactmetrics_skip_tracking":false,"_exactmetrics_sitenote_active":false,"_exactmetrics_sitenote_note":"","_exactmetrics_sitenote_category":0},"product_brand":[],"product_cat":[498],"product_tag":[],"class_list":{"0":"post-18022","1":"product","2":"type-product","3":"status-publish","4":"has-post-thumbnail","6":"product_cat-xilion-beads","8":"first","9":"instock","10":"taxable","11":"shipping-taxable","12":"purchasable","13":"product-type-variable","14":"has-default-attributes","15":"wvs-archive-product-wrapper","16":"add-to-wishlist-after_add_to_cart"},"acf":[],"yoast_head":"<!-- This site is optimized with the Yoast SEO Premium plugin v27.0 (Yoast SEO v27.0) - https:\/\/yoast.com\/product\/yoast-seo-premium-wordpress\/ -->\n<title>5328 Swarovski Xilion Beads (bi-cone) Emerald, 10pcs - CreativityShopEU<\/title>\n<meta name=\"robots\" content=\"noindex, follow\" \/>\n<meta property=\"og:locale\" content=\"pl_PL\" \/>\n<meta property=\"og:type\" content=\"article\" \/>\n<meta property=\"og:title\" content=\"5328 Swarovski Xilion Beads (bi-cone) Emerald, 10pcs\" \/>\n<meta property=\"og:description\" content=\"5328 Swarovski Xilion Beads\/Bi-cone, 10pcs  Shape: Xilion Type: Bead Color: Emerald Available sizes: 3-4 mm Origin: Austria Price per 10 pcs.\" \/>\n<meta property=\"og:url\" content=\"https:\/\/creativityshop.eu\/pl\/product\/5328-swarovski-xilion-beads-bi-cone-emerald-10pcs\/\" \/>\n<meta property=\"og:site_name\" content=\"CreativityShopEU\" \/>\n<meta property=\"article:modified_time\" content=\"2025-11-30T10:54:55+00:00\" \/>\n<meta property=\"og:image\" content=\"https:\/\/creativityshop.eu\/wp-content\/uploads\/2020\/06\/swarovski-xilion-beads-bicon-5328-mm-30-crystal-lemerald.jpg\" \/>\n\t<meta property=\"og:image:width\" content=\"768\" \/>\n\t<meta property=\"og:image:height\" content=\"768\" \/>\n\t<meta property=\"og:image:type\" content=\"image\/jpeg\" \/>\n<meta name=\"twitter:card\" content=\"summary_large_image\" \/>\n<meta name=\"twitter:label1\" content=\"Dost\u0119pno\u015b\u0107\" \/>\n\t<meta name=\"twitter:data1\" content=\"Dost\u0119pny\" \/>\n<script type=\"application\/ld+json\" class=\"yoast-schema-graph\">{\"@context\":\"https:\/\/schema.org\",\"@graph\":[{\"@type\":\"WebPage\",\"@id\":\"https:\/\/creativityshop.eu\/pl\/product\/5328-swarovski-xilion-beads-bi-cone-emerald-10pcs\/\",\"url\":\"https:\/\/creativityshop.eu\/pl\/product\/5328-swarovski-xilion-beads-bi-cone-emerald-10pcs\/\",\"name\":\"5328 Swarovski Xilion Beads (bi-cone) Emerald, 10pcs - CreativityShopEU\",\"isPartOf\":{\"@id\":\"https:\/\/creativityshop.eu\/pl\/#website\"},\"primaryImageOfPage\":{\"@id\":\"https:\/\/creativityshop.eu\/pl\/product\/5328-swarovski-xilion-beads-bi-cone-emerald-10pcs\/#primaryimage\"},\"image\":{\"@id\":\"https:\/\/creativityshop.eu\/pl\/product\/5328-swarovski-xilion-beads-bi-cone-emerald-10pcs\/#primaryimage\"},\"thumbnailUrl\":\"https:\/\/creativityshop.eu\/wp-content\/uploads\/2020\/06\/swarovski-xilion-beads-bicon-5328-mm-30-crystal-lemerald.jpg\",\"datePublished\":\"2020-06-07T19:55:08+00:00\",\"dateModified\":\"2025-11-30T10:54:55+00:00\",\"breadcrumb\":{\"@id\":\"https:\/\/creativityshop.eu\/pl\/product\/5328-swarovski-xilion-beads-bi-cone-emerald-10pcs\/#breadcrumb\"},\"inLanguage\":\"pl-PL\",\"potentialAction\":[{\"@type\":\"ReadAction\",\"target\":[\"https:\/\/creativityshop.eu\/pl\/product\/5328-swarovski-xilion-beads-bi-cone-emerald-10pcs\/\"]}]},{\"@type\":\"ImageObject\",\"inLanguage\":\"pl-PL\",\"@id\":\"https:\/\/creativityshop.eu\/pl\/product\/5328-swarovski-xilion-beads-bi-cone-emerald-10pcs\/#primaryimage\",\"url\":\"https:\/\/creativityshop.eu\/wp-content\/uploads\/2020\/06\/swarovski-xilion-beads-bicon-5328-mm-30-crystal-lemerald.jpg\",\"contentUrl\":\"https:\/\/creativityshop.eu\/wp-content\/uploads\/2020\/06\/swarovski-xilion-beads-bicon-5328-mm-30-crystal-lemerald.jpg\",\"width\":768,\"height\":768,\"caption\":\"Swarovski Xilion Beads Bicon 5328 MM 3,0 CRYSTAL Emerald\"},{\"@type\":\"BreadcrumbList\",\"@id\":\"https:\/\/creativityshop.eu\/pl\/product\/5328-swarovski-xilion-beads-bi-cone-emerald-10pcs\/#breadcrumb\",\"itemListElement\":[{\"@type\":\"ListItem\",\"position\":1,\"name\":\"Home\",\"item\":\"https:\/\/creativityshop.eu\/pl\/\"},{\"@type\":\"ListItem\",\"position\":2,\"name\":\"Shop\",\"item\":\"https:\/\/creativityshop.eu\/shop\/\"},{\"@type\":\"ListItem\",\"position\":3,\"name\":\"5328 Swarovski Xilion Beads (bi-cone) Emerald, 10pcs\"}]},{\"@type\":\"WebSite\",\"@id\":\"https:\/\/creativityshop.eu\/pl\/#website\",\"url\":\"https:\/\/creativityshop.eu\/pl\/\",\"name\":\"CreativityShopEU\",\"description\":\"Embroidery and jewelry components\",\"publisher\":{\"@id\":\"https:\/\/creativityshop.eu\/pl\/#organization\"},\"potentialAction\":[{\"@type\":\"SearchAction\",\"target\":{\"@type\":\"EntryPoint\",\"urlTemplate\":\"https:\/\/creativityshop.eu\/pl\/?s={search_term_string}\"},\"query-input\":{\"@type\":\"PropertyValueSpecification\",\"valueRequired\":true,\"valueName\":\"search_term_string\"}}],\"inLanguage\":\"pl-PL\"},{\"@type\":\"Organization\",\"@id\":\"https:\/\/creativityshop.eu\/pl\/#organization\",\"name\":\"Creativity Shop OU\",\"url\":\"https:\/\/creativityshop.eu\/pl\/\",\"logo\":{\"@type\":\"ImageObject\",\"inLanguage\":\"pl-PL\",\"@id\":\"https:\/\/creativityshop.eu\/pl\/#\/schema\/logo\/image\/\",\"url\":\"https:\/\/creativityshop.eu\/wp-content\/uploads\/2018\/11\/creativity_shop_logosite2.png\",\"contentUrl\":\"https:\/\/creativityshop.eu\/wp-content\/uploads\/2018\/11\/creativity_shop_logosite2.png\",\"width\":2871,\"height\":1100,\"caption\":\"Creativity Shop OU\"},\"image\":{\"@id\":\"https:\/\/creativityshop.eu\/pl\/#\/schema\/logo\/image\/\"}}]}<\/script>\n<meta property=\"og:availability\" content=\"instock\" \/>\n<meta property=\"product:availability\" content=\"instock\" \/>\n<meta property=\"product:condition\" content=\"new\" \/>\n<!-- \/ Yoast SEO Premium plugin. -->","yoast_head_json":{"title":"5328 Swarovski Xilion Beads (bi-cone) Emerald, 10pcs - CreativityShopEU","robots":{"index":"noindex","follow":"follow"},"og_locale":"pl_PL","og_type":"article","og_title":"5328 Swarovski Xilion Beads (bi-cone) Emerald, 10pcs","og_description":"5328 Swarovski Xilion Beads\/Bi-cone, 10pcs  Shape: Xilion Type: Bead Color: Emerald Available sizes: 3-4 mm Origin: Austria Price per 10 pcs.","og_url":"https:\/\/creativityshop.eu\/pl\/product\/5328-swarovski-xilion-beads-bi-cone-emerald-10pcs\/","og_site_name":"CreativityShopEU","article_modified_time":"2025-11-30T10:54:55+00:00","og_image":[{"width":768,"height":768,"url":"https:\/\/creativityshop.eu\/wp-content\/uploads\/2020\/06\/swarovski-xilion-beads-bicon-5328-mm-30-crystal-lemerald.jpg","type":"image\/jpeg"}],"twitter_card":"summary_large_image","twitter_misc":{"Dost\u0119pno\u015b\u0107":"Dost\u0119pny"},"schema":{"@context":"https:\/\/schema.org","@graph":[{"@type":"WebPage","@id":"https:\/\/creativityshop.eu\/pl\/product\/5328-swarovski-xilion-beads-bi-cone-emerald-10pcs\/","url":"https:\/\/creativityshop.eu\/pl\/product\/5328-swarovski-xilion-beads-bi-cone-emerald-10pcs\/","name":"5328 Swarovski Xilion Beads (bi-cone) Emerald, 10pcs - CreativityShopEU","isPartOf":{"@id":"https:\/\/creativityshop.eu\/pl\/#website"},"primaryImageOfPage":{"@id":"https:\/\/creativityshop.eu\/pl\/product\/5328-swarovski-xilion-beads-bi-cone-emerald-10pcs\/#primaryimage"},"image":{"@id":"https:\/\/creativityshop.eu\/pl\/product\/5328-swarovski-xilion-beads-bi-cone-emerald-10pcs\/#primaryimage"},"thumbnailUrl":"https:\/\/creativityshop.eu\/wp-content\/uploads\/2020\/06\/swarovski-xilion-beads-bicon-5328-mm-30-crystal-lemerald.jpg","datePublished":"2020-06-07T19:55:08+00:00","dateModified":"2025-11-30T10:54:55+00:00","breadcrumb":{"@id":"https:\/\/creativityshop.eu\/pl\/product\/5328-swarovski-xilion-beads-bi-cone-emerald-10pcs\/#breadcrumb"},"inLanguage":"pl-PL","potentialAction":[{"@type":"ReadAction","target":["https:\/\/creativityshop.eu\/pl\/product\/5328-swarovski-xilion-beads-bi-cone-emerald-10pcs\/"]}]},{"@type":"ImageObject","inLanguage":"pl-PL","@id":"https:\/\/creativityshop.eu\/pl\/product\/5328-swarovski-xilion-beads-bi-cone-emerald-10pcs\/#primaryimage","url":"https:\/\/creativityshop.eu\/wp-content\/uploads\/2020\/06\/swarovski-xilion-beads-bicon-5328-mm-30-crystal-lemerald.jpg","contentUrl":"https:\/\/creativityshop.eu\/wp-content\/uploads\/2020\/06\/swarovski-xilion-beads-bicon-5328-mm-30-crystal-lemerald.jpg","width":768,"height":768,"caption":"Swarovski Xilion Beads Bicon 5328 MM 3,0 CRYSTAL Emerald"},{"@type":"BreadcrumbList","@id":"https:\/\/creativityshop.eu\/pl\/product\/5328-swarovski-xilion-beads-bi-cone-emerald-10pcs\/#breadcrumb","itemListElement":[{"@type":"ListItem","position":1,"name":"Home","item":"https:\/\/creativityshop.eu\/pl\/"},{"@type":"ListItem","position":2,"name":"Shop","item":"https:\/\/creativityshop.eu\/shop\/"},{"@type":"ListItem","position":3,"name":"5328 Swarovski Xilion Beads (bi-cone) Emerald, 10pcs"}]},{"@type":"WebSite","@id":"https:\/\/creativityshop.eu\/pl\/#website","url":"https:\/\/creativityshop.eu\/pl\/","name":"CreativityShopEU","description":"Embroidery and jewelry components","publisher":{"@id":"https:\/\/creativityshop.eu\/pl\/#organization"},"potentialAction":[{"@type":"SearchAction","target":{"@type":"EntryPoint","urlTemplate":"https:\/\/creativityshop.eu\/pl\/?s={search_term_string}"},"query-input":{"@type":"PropertyValueSpecification","valueRequired":true,"valueName":"search_term_string"}}],"inLanguage":"pl-PL"},{"@type":"Organization","@id":"https:\/\/creativityshop.eu\/pl\/#organization","name":"Creativity Shop OU","url":"https:\/\/creativityshop.eu\/pl\/","logo":{"@type":"ImageObject","inLanguage":"pl-PL","@id":"https:\/\/creativityshop.eu\/pl\/#\/schema\/logo\/image\/","url":"https:\/\/creativityshop.eu\/wp-content\/uploads\/2018\/11\/creativity_shop_logosite2.png","contentUrl":"https:\/\/creativityshop.eu\/wp-content\/uploads\/2018\/11\/creativity_shop_logosite2.png","width":2871,"height":1100,"caption":"Creativity Shop OU"},"image":{"@id":"https:\/\/creativityshop.eu\/pl\/#\/schema\/logo\/image\/"}}]},"og_availability":"instock","product_availability":"instock","product_condition":"new"},"_links":{"self":[{"href":"https:\/\/creativityshop.eu\/pl\/wp-json\/wp\/v2\/product\/18022","targetHints":{"allow":["GET"]}}],"collection":[{"href":"https:\/\/creativityshop.eu\/pl\/wp-json\/wp\/v2\/product"}],"about":[{"href":"https:\/\/creativityshop.eu\/pl\/wp-json\/wp\/v2\/types\/product"}],"wp:featuredmedia":[{"embeddable":true,"href":"https:\/\/creativityshop.eu\/pl\/wp-json\/wp\/v2\/media\/17973"}],"wp:attachment":[{"href":"https:\/\/creativityshop.eu\/pl\/wp-json\/wp\/v2\/media?parent=18022"}],"wp:term":[{"taxonomy":"product_brand","embeddable":true,"href":"https:\/\/creativityshop.eu\/pl\/wp-json\/wp\/v2\/product_brand?post=18022"},{"taxonomy":"product_cat","embeddable":true,"href":"https:\/\/creativityshop.eu\/pl\/wp-json\/wp\/v2\/product_cat?post=18022"},{"taxonomy":"product_tag","embeddable":true,"href":"https:\/\/creativityshop.eu\/pl\/wp-json\/wp\/v2\/product_tag?post=18022"}],"curies":[{"name":"wp","href":"https:\/\/api.w.org\/{rel}","templated":true}]}}