{"id":17939,"date":"2020-06-07T13:28:24","date_gmt":"2020-06-07T10:28:24","guid":{"rendered":"https:\/\/creativityshop.eu\/?post_type=product&#038;p=17939"},"modified":"2025-11-30T13:53:44","modified_gmt":"2025-11-30T10:53:44","slug":"4228-swarovski-stone-xilion-navette-crystal-lavender-delite-10x5","status":"publish","type":"product","link":"https:\/\/creativityshop.eu\/pl\/product\/4228-swarovski-stone-xilion-navette-crystal-lavender-delite-10x5\/","title":{"rendered":"4228 Swarovski Stone XILION Navette, Crystal Lavender Delite 10X5"},"content":{"rendered":"<p>The Xilion Navette Fancy Stone combines the classic Navette shape with the patent-protected Xilion cut, which has the exceptional brilliance, premium appeal, and depth of a multilayered cut. The revolutionary Xilion technology, with its alternating large and small facets, further intensifies the strong light reflection of crystal. The Xilion Navette Fancy Stone can easily be applied using standard settings.<br \/>\nProduct images are for illustrative purposes only and may differ from the actual product. Due to differences in monitors and lightening, colours of products may also appear different to those shown on the site.<\/p>\n","protected":false},"excerpt":{"rendered":"<p><strong>4228 XILION Navette Fancy Stone. Collection Spring\/Summer 2021<\/strong><br \/>\nShape: Navette<br \/>\nType: Crystal<br \/>\nColor: Crystal Lavender Delite<br \/>\nSize: 10&#215;5 mm<br \/>\nFoiling: Platinum-colored Pro Foiling<br \/>\nManufactured in: Austria<br \/>\nPrice for 1 piece<\/p>\n","protected":false},"featured_media":17945,"template":"","meta":{"_acf_changed":false,"_exactmetrics_skip_tracking":false,"_exactmetrics_sitenote_active":false,"_exactmetrics_sitenote_note":"","_exactmetrics_sitenote_category":0},"product_brand":[],"product_cat":[254],"product_tag":[],"class_list":{"0":"post-17939","1":"product","2":"type-product","3":"status-publish","4":"has-post-thumbnail","6":"product_cat-4228-xilion-navette","8":"first","9":"instock","10":"taxable","11":"shipping-taxable","12":"purchasable","13":"product-type-simple","14":"add-to-wishlist-after_add_to_cart"},"acf":[],"yoast_head":"<!-- This site is optimized with the Yoast SEO Premium plugin v27.0 (Yoast SEO v27.0) - https:\/\/yoast.com\/product\/yoast-seo-premium-wordpress\/ -->\n<title>4228 Swarovski Stone XILION Navette, Crystal Lavender Delite 10X5 - CreativityShopEU<\/title>\n<meta name=\"robots\" content=\"noindex, follow\" \/>\n<meta property=\"og:locale\" content=\"pl_PL\" \/>\n<meta property=\"og:type\" content=\"article\" \/>\n<meta property=\"og:title\" content=\"4228 Swarovski Stone XILION Navette, Crystal Lavender Delite 10X5\" \/>\n<meta property=\"og:description\" content=\"4228 XILION Navette Fancy Stone. Collection Spring\/Summer 2021 Shape: Navette Type: Crystal Color: Crystal Lavender Delite Size: 10x5 mm Foiling: Platinum-colored Pro Foiling Manufactured in: Austria Price for 1 piece\" \/>\n<meta property=\"og:url\" content=\"https:\/\/creativityshop.eu\/pl\/product\/4228-swarovski-stone-xilion-navette-crystal-lavender-delite-10x5\/\" \/>\n<meta property=\"og:site_name\" content=\"CreativityShopEU\" \/>\n<meta property=\"article:modified_time\" content=\"2025-11-30T10:53:44+00:00\" \/>\n<meta property=\"og:image\" content=\"https:\/\/creativityshop.eu\/wp-content\/uploads\/2020\/06\/swarovski-fancy-stones-xilion-navette-4228-mm-100x-50-crystal-lavender_delite.jpg\" \/>\n\t<meta property=\"og:image:width\" content=\"768\" \/>\n\t<meta property=\"og:image:height\" content=\"768\" \/>\n\t<meta property=\"og:image:type\" content=\"image\/jpeg\" \/>\n<meta name=\"twitter:card\" content=\"summary_large_image\" \/>\n<meta name=\"twitter:label1\" content=\"Cena\" \/>\n\t<meta name=\"twitter:data1\" content=\"&euro;0.63\" \/>\n\t<meta name=\"twitter:label2\" content=\"Dost\u0119pno\u015b\u0107\" \/>\n\t<meta name=\"twitter:data2\" content=\"Dost\u0119pny\" \/>\n<script type=\"application\/ld+json\" class=\"yoast-schema-graph\">{\"@context\":\"https:\/\/schema.org\",\"@graph\":[{\"@type\":\"WebPage\",\"@id\":\"https:\/\/creativityshop.eu\/pl\/product\/4228-swarovski-stone-xilion-navette-crystal-lavender-delite-10x5\/\",\"url\":\"https:\/\/creativityshop.eu\/pl\/product\/4228-swarovski-stone-xilion-navette-crystal-lavender-delite-10x5\/\",\"name\":\"4228 Swarovski Stone XILION Navette, Crystal Lavender Delite 10X5 - CreativityShopEU\",\"isPartOf\":{\"@id\":\"https:\/\/creativityshop.eu\/pl\/#website\"},\"primaryImageOfPage\":{\"@id\":\"https:\/\/creativityshop.eu\/pl\/product\/4228-swarovski-stone-xilion-navette-crystal-lavender-delite-10x5\/#primaryimage\"},\"image\":{\"@id\":\"https:\/\/creativityshop.eu\/pl\/product\/4228-swarovski-stone-xilion-navette-crystal-lavender-delite-10x5\/#primaryimage\"},\"thumbnailUrl\":\"https:\/\/creativityshop.eu\/wp-content\/uploads\/2020\/06\/swarovski-fancy-stones-xilion-navette-4228-mm-100x-50-crystal-lavender_delite.jpg\",\"datePublished\":\"2020-06-07T10:28:24+00:00\",\"dateModified\":\"2025-11-30T10:53:44+00:00\",\"breadcrumb\":{\"@id\":\"https:\/\/creativityshop.eu\/pl\/product\/4228-swarovski-stone-xilion-navette-crystal-lavender-delite-10x5\/#breadcrumb\"},\"inLanguage\":\"pl-PL\",\"potentialAction\":[{\"@type\":\"ReadAction\",\"target\":[\"https:\/\/creativityshop.eu\/pl\/product\/4228-swarovski-stone-xilion-navette-crystal-lavender-delite-10x5\/\"]}]},{\"@type\":\"ImageObject\",\"inLanguage\":\"pl-PL\",\"@id\":\"https:\/\/creativityshop.eu\/pl\/product\/4228-swarovski-stone-xilion-navette-crystal-lavender-delite-10x5\/#primaryimage\",\"url\":\"https:\/\/creativityshop.eu\/wp-content\/uploads\/2020\/06\/swarovski-fancy-stones-xilion-navette-4228-mm-100x-50-crystal-lavender_delite.jpg\",\"contentUrl\":\"https:\/\/creativityshop.eu\/wp-content\/uploads\/2020\/06\/swarovski-fancy-stones-xilion-navette-4228-mm-100x-50-crystal-lavender_delite.jpg\",\"width\":768,\"height\":768,\"caption\":\"Swarovski Fancy Stones Xilion Navette 4228 MM 10,0X 5,0 CRYSTAL LAVENDER_Delite\"},{\"@type\":\"BreadcrumbList\",\"@id\":\"https:\/\/creativityshop.eu\/pl\/product\/4228-swarovski-stone-xilion-navette-crystal-lavender-delite-10x5\/#breadcrumb\",\"itemListElement\":[{\"@type\":\"ListItem\",\"position\":1,\"name\":\"Home\",\"item\":\"https:\/\/creativityshop.eu\/pl\/\"},{\"@type\":\"ListItem\",\"position\":2,\"name\":\"Shop\",\"item\":\"https:\/\/creativityshop.eu\/shop\/\"},{\"@type\":\"ListItem\",\"position\":3,\"name\":\"4228 Swarovski Stone XILION Navette, Crystal Lavender Delite 10X5\"}]},{\"@type\":\"WebSite\",\"@id\":\"https:\/\/creativityshop.eu\/pl\/#website\",\"url\":\"https:\/\/creativityshop.eu\/pl\/\",\"name\":\"CreativityShopEU\",\"description\":\"Embroidery and jewelry components\",\"publisher\":{\"@id\":\"https:\/\/creativityshop.eu\/pl\/#organization\"},\"potentialAction\":[{\"@type\":\"SearchAction\",\"target\":{\"@type\":\"EntryPoint\",\"urlTemplate\":\"https:\/\/creativityshop.eu\/pl\/?s={search_term_string}\"},\"query-input\":{\"@type\":\"PropertyValueSpecification\",\"valueRequired\":true,\"valueName\":\"search_term_string\"}}],\"inLanguage\":\"pl-PL\"},{\"@type\":\"Organization\",\"@id\":\"https:\/\/creativityshop.eu\/pl\/#organization\",\"name\":\"Creativity Shop OU\",\"url\":\"https:\/\/creativityshop.eu\/pl\/\",\"logo\":{\"@type\":\"ImageObject\",\"inLanguage\":\"pl-PL\",\"@id\":\"https:\/\/creativityshop.eu\/pl\/#\/schema\/logo\/image\/\",\"url\":\"https:\/\/creativityshop.eu\/wp-content\/uploads\/2018\/11\/creativity_shop_logosite2.png\",\"contentUrl\":\"https:\/\/creativityshop.eu\/wp-content\/uploads\/2018\/11\/creativity_shop_logosite2.png\",\"width\":2871,\"height\":1100,\"caption\":\"Creativity Shop OU\"},\"image\":{\"@id\":\"https:\/\/creativityshop.eu\/pl\/#\/schema\/logo\/image\/\"}}]}<\/script>\n<meta property=\"product:price:amount\" content=\"0.63\" \/>\n<meta property=\"product:price:currency\" content=\"EUR\" \/>\n<meta property=\"og:availability\" content=\"instock\" \/>\n<meta property=\"product:availability\" content=\"instock\" \/>\n<meta property=\"product:retailer_item_id\" content=\"5478685\" \/>\n<meta property=\"product:condition\" content=\"new\" \/>\n<!-- \/ Yoast SEO Premium plugin. -->","yoast_head_json":{"title":"4228 Swarovski Stone XILION Navette, Crystal Lavender Delite 10X5 - CreativityShopEU","robots":{"index":"noindex","follow":"follow"},"og_locale":"pl_PL","og_type":"article","og_title":"4228 Swarovski Stone XILION Navette, Crystal Lavender Delite 10X5","og_description":"4228 XILION Navette Fancy Stone. Collection Spring\/Summer 2021 Shape: Navette Type: Crystal Color: Crystal Lavender Delite Size: 10x5 mm Foiling: Platinum-colored Pro Foiling Manufactured in: Austria Price for 1 piece","og_url":"https:\/\/creativityshop.eu\/pl\/product\/4228-swarovski-stone-xilion-navette-crystal-lavender-delite-10x5\/","og_site_name":"CreativityShopEU","article_modified_time":"2025-11-30T10:53:44+00:00","og_image":[{"width":768,"height":768,"url":"https:\/\/creativityshop.eu\/wp-content\/uploads\/2020\/06\/swarovski-fancy-stones-xilion-navette-4228-mm-100x-50-crystal-lavender_delite.jpg","type":"image\/jpeg"}],"twitter_card":"summary_large_image","twitter_misc":{"Cena":"&euro;0.63","Dost\u0119pno\u015b\u0107":"Dost\u0119pny"},"schema":{"@context":"https:\/\/schema.org","@graph":[{"@type":"WebPage","@id":"https:\/\/creativityshop.eu\/pl\/product\/4228-swarovski-stone-xilion-navette-crystal-lavender-delite-10x5\/","url":"https:\/\/creativityshop.eu\/pl\/product\/4228-swarovski-stone-xilion-navette-crystal-lavender-delite-10x5\/","name":"4228 Swarovski Stone XILION Navette, Crystal Lavender Delite 10X5 - CreativityShopEU","isPartOf":{"@id":"https:\/\/creativityshop.eu\/pl\/#website"},"primaryImageOfPage":{"@id":"https:\/\/creativityshop.eu\/pl\/product\/4228-swarovski-stone-xilion-navette-crystal-lavender-delite-10x5\/#primaryimage"},"image":{"@id":"https:\/\/creativityshop.eu\/pl\/product\/4228-swarovski-stone-xilion-navette-crystal-lavender-delite-10x5\/#primaryimage"},"thumbnailUrl":"https:\/\/creativityshop.eu\/wp-content\/uploads\/2020\/06\/swarovski-fancy-stones-xilion-navette-4228-mm-100x-50-crystal-lavender_delite.jpg","datePublished":"2020-06-07T10:28:24+00:00","dateModified":"2025-11-30T10:53:44+00:00","breadcrumb":{"@id":"https:\/\/creativityshop.eu\/pl\/product\/4228-swarovski-stone-xilion-navette-crystal-lavender-delite-10x5\/#breadcrumb"},"inLanguage":"pl-PL","potentialAction":[{"@type":"ReadAction","target":["https:\/\/creativityshop.eu\/pl\/product\/4228-swarovski-stone-xilion-navette-crystal-lavender-delite-10x5\/"]}]},{"@type":"ImageObject","inLanguage":"pl-PL","@id":"https:\/\/creativityshop.eu\/pl\/product\/4228-swarovski-stone-xilion-navette-crystal-lavender-delite-10x5\/#primaryimage","url":"https:\/\/creativityshop.eu\/wp-content\/uploads\/2020\/06\/swarovski-fancy-stones-xilion-navette-4228-mm-100x-50-crystal-lavender_delite.jpg","contentUrl":"https:\/\/creativityshop.eu\/wp-content\/uploads\/2020\/06\/swarovski-fancy-stones-xilion-navette-4228-mm-100x-50-crystal-lavender_delite.jpg","width":768,"height":768,"caption":"Swarovski Fancy Stones Xilion Navette 4228 MM 10,0X 5,0 CRYSTAL LAVENDER_Delite"},{"@type":"BreadcrumbList","@id":"https:\/\/creativityshop.eu\/pl\/product\/4228-swarovski-stone-xilion-navette-crystal-lavender-delite-10x5\/#breadcrumb","itemListElement":[{"@type":"ListItem","position":1,"name":"Home","item":"https:\/\/creativityshop.eu\/pl\/"},{"@type":"ListItem","position":2,"name":"Shop","item":"https:\/\/creativityshop.eu\/shop\/"},{"@type":"ListItem","position":3,"name":"4228 Swarovski Stone XILION Navette, Crystal Lavender Delite 10X5"}]},{"@type":"WebSite","@id":"https:\/\/creativityshop.eu\/pl\/#website","url":"https:\/\/creativityshop.eu\/pl\/","name":"CreativityShopEU","description":"Embroidery and jewelry components","publisher":{"@id":"https:\/\/creativityshop.eu\/pl\/#organization"},"potentialAction":[{"@type":"SearchAction","target":{"@type":"EntryPoint","urlTemplate":"https:\/\/creativityshop.eu\/pl\/?s={search_term_string}"},"query-input":{"@type":"PropertyValueSpecification","valueRequired":true,"valueName":"search_term_string"}}],"inLanguage":"pl-PL"},{"@type":"Organization","@id":"https:\/\/creativityshop.eu\/pl\/#organization","name":"Creativity Shop OU","url":"https:\/\/creativityshop.eu\/pl\/","logo":{"@type":"ImageObject","inLanguage":"pl-PL","@id":"https:\/\/creativityshop.eu\/pl\/#\/schema\/logo\/image\/","url":"https:\/\/creativityshop.eu\/wp-content\/uploads\/2018\/11\/creativity_shop_logosite2.png","contentUrl":"https:\/\/creativityshop.eu\/wp-content\/uploads\/2018\/11\/creativity_shop_logosite2.png","width":2871,"height":1100,"caption":"Creativity Shop OU"},"image":{"@id":"https:\/\/creativityshop.eu\/pl\/#\/schema\/logo\/image\/"}}]},"product_price_amount":"0.63","product_price_currency":"EUR","og_availability":"instock","product_availability":"instock","product_retailer_item_id":"5478685","product_condition":"new"},"_links":{"self":[{"href":"https:\/\/creativityshop.eu\/pl\/wp-json\/wp\/v2\/product\/17939","targetHints":{"allow":["GET"]}}],"collection":[{"href":"https:\/\/creativityshop.eu\/pl\/wp-json\/wp\/v2\/product"}],"about":[{"href":"https:\/\/creativityshop.eu\/pl\/wp-json\/wp\/v2\/types\/product"}],"wp:featuredmedia":[{"embeddable":true,"href":"https:\/\/creativityshop.eu\/pl\/wp-json\/wp\/v2\/media\/17945"}],"wp:attachment":[{"href":"https:\/\/creativityshop.eu\/pl\/wp-json\/wp\/v2\/media?parent=17939"}],"wp:term":[{"taxonomy":"product_brand","embeddable":true,"href":"https:\/\/creativityshop.eu\/pl\/wp-json\/wp\/v2\/product_brand?post=17939"},{"taxonomy":"product_cat","embeddable":true,"href":"https:\/\/creativityshop.eu\/pl\/wp-json\/wp\/v2\/product_cat?post=17939"},{"taxonomy":"product_tag","embeddable":true,"href":"https:\/\/creativityshop.eu\/pl\/wp-json\/wp\/v2\/product_tag?post=17939"}],"curies":[{"name":"wp","href":"https:\/\/api.w.org\/{rel}","templated":true}]}}