{"id":17729,"date":"2020-05-19T16:42:17","date_gmt":"2020-05-19T13:42:17","guid":{"rendered":"https:\/\/creativityshop.eu\/?post_type=product&#038;p=17729"},"modified":"2024-02-17T18:01:22","modified_gmt":"2024-02-17T15:01:22","slug":"czechmates-tile-beads-saturated-metallic-cherry-tomato-6x6mm-pb306-66-05a08","status":"publish","type":"product","link":"https:\/\/creativityshop.eu\/pl\/product\/czechmates-tile-beads-saturated-metallic-cherry-tomato-6x6mm-pb306-66-05a08\/","title":{"rendered":"CzechMates Tile Beads, Saturated Metallic Cherry Tomato, 6x6mm, PB306-66-05A08"},"content":{"rendered":"<p>CzechMates Tile Beads square shaped, full of style. They are a great option for a modern as well as classic look. Two string holes are drilled through each bead, so use them in multi-strand projects or when weaving beads. The 6x6mm size makes them ideal for necklaces, brooches, bracelets and even earrings.<br \/>\nProduct images are for illustrative purposes only and may differ from the actual product. Due to differences in monitors and lightening, colors of products may also appear different to those shown on the site.<\/p>\n","protected":false},"excerpt":{"rendered":"<p><strong>CzechMates Tile Bead PB306-66-05A08<\/strong><br \/>\nColor: Saturated Metallic Cherry Tomato<br \/>\nSize: 6x6mm<br \/>\nHoles size: 0.8mm<br \/>\nMade in: Czech Republic<br \/>\nPrice for 20 pcs<\/p>\n","protected":false},"featured_media":17679,"template":"","meta":{"_acf_changed":false,"_exactmetrics_skip_tracking":false,"_exactmetrics_sitenote_active":false,"_exactmetrics_sitenote_note":"","_exactmetrics_sitenote_category":0},"product_brand":[],"product_cat":[420,566],"product_tag":[],"class_list":{"0":"post-17729","1":"product","2":"type-product","3":"status-publish","4":"has-post-thumbnail","6":"product_cat-beads","7":"product_cat-czechmates-tile-beads","9":"first","10":"instock","11":"taxable","12":"shipping-taxable","13":"purchasable","14":"product-type-simple","15":"add-to-wishlist-after_add_to_cart"},"acf":[],"yoast_head":"<!-- This site is optimized with the Yoast SEO Premium plugin v27.0 (Yoast SEO v27.0) - https:\/\/yoast.com\/product\/yoast-seo-premium-wordpress\/ -->\n<title>CzechMates Tile Beads, Saturated Metallic Cherry Tomato, 6x6mm, PB306-66-05A08 - CreativityShopEU<\/title>\n<meta name=\"robots\" content=\"noindex, follow\" \/>\n<meta property=\"og:locale\" content=\"pl_PL\" \/>\n<meta property=\"og:type\" content=\"article\" \/>\n<meta property=\"og:title\" content=\"CzechMates Tile Beads, Saturated Metallic Cherry Tomato, 6x6mm, PB306-66-05A08\" \/>\n<meta property=\"og:description\" content=\"CzechMates Tile Bead PB306-66-05A08 Color: Saturated Metallic Cherry Tomato Size: 6x6mm Holes size: 0.8mm Made in: Czech Republic Price for 20 pcs\" \/>\n<meta property=\"og:url\" content=\"https:\/\/creativityshop.eu\/pl\/product\/czechmates-tile-beads-saturated-metallic-cherry-tomato-6x6mm-pb306-66-05a08\/\" \/>\n<meta property=\"og:site_name\" content=\"CreativityShopEU\" \/>\n<meta property=\"article:modified_time\" content=\"2024-02-17T15:01:22+00:00\" \/>\n<meta property=\"og:image\" content=\"https:\/\/creativityshop.eu\/wp-content\/uploads\/2020\/05\/pb306-66-05a08-czechmates-tile-bead-6mm-loose-colortrends-saturated-metallic-cherry-tomato-2.jpg\" \/>\n\t<meta property=\"og:image:width\" content=\"768\" \/>\n\t<meta property=\"og:image:height\" content=\"768\" \/>\n\t<meta property=\"og:image:type\" content=\"image\/jpeg\" \/>\n<meta name=\"twitter:card\" content=\"summary_large_image\" \/>\n<meta name=\"twitter:label1\" content=\"Cena\" \/>\n\t<meta name=\"twitter:data1\" content=\"&euro;1.37\" \/>\n\t<meta name=\"twitter:label2\" content=\"Dost\u0119pno\u015b\u0107\" \/>\n\t<meta name=\"twitter:data2\" content=\"Dost\u0119pny\" \/>\n<script type=\"application\/ld+json\" class=\"yoast-schema-graph\">{\"@context\":\"https:\/\/schema.org\",\"@graph\":[{\"@type\":\"WebPage\",\"@id\":\"https:\/\/creativityshop.eu\/pl\/product\/czechmates-tile-beads-saturated-metallic-cherry-tomato-6x6mm-pb306-66-05a08\/\",\"url\":\"https:\/\/creativityshop.eu\/pl\/product\/czechmates-tile-beads-saturated-metallic-cherry-tomato-6x6mm-pb306-66-05a08\/\",\"name\":\"CzechMates Tile Beads, Saturated Metallic Cherry Tomato, 6x6mm, PB306-66-05A08 - CreativityShopEU\",\"isPartOf\":{\"@id\":\"https:\/\/creativityshop.eu\/pl\/#website\"},\"primaryImageOfPage\":{\"@id\":\"https:\/\/creativityshop.eu\/pl\/product\/czechmates-tile-beads-saturated-metallic-cherry-tomato-6x6mm-pb306-66-05a08\/#primaryimage\"},\"image\":{\"@id\":\"https:\/\/creativityshop.eu\/pl\/product\/czechmates-tile-beads-saturated-metallic-cherry-tomato-6x6mm-pb306-66-05a08\/#primaryimage\"},\"thumbnailUrl\":\"https:\/\/creativityshop.eu\/wp-content\/uploads\/2020\/05\/pb306-66-05a08-czechmates-tile-bead-6mm-loose-colortrends-saturated-metallic-cherry-tomato-2.jpg\",\"datePublished\":\"2020-05-19T13:42:17+00:00\",\"dateModified\":\"2024-02-17T15:01:22+00:00\",\"breadcrumb\":{\"@id\":\"https:\/\/creativityshop.eu\/pl\/product\/czechmates-tile-beads-saturated-metallic-cherry-tomato-6x6mm-pb306-66-05a08\/#breadcrumb\"},\"inLanguage\":\"pl-PL\",\"potentialAction\":[{\"@type\":\"ReadAction\",\"target\":[\"https:\/\/creativityshop.eu\/pl\/product\/czechmates-tile-beads-saturated-metallic-cherry-tomato-6x6mm-pb306-66-05a08\/\"]}]},{\"@type\":\"ImageObject\",\"inLanguage\":\"pl-PL\",\"@id\":\"https:\/\/creativityshop.eu\/pl\/product\/czechmates-tile-beads-saturated-metallic-cherry-tomato-6x6mm-pb306-66-05a08\/#primaryimage\",\"url\":\"https:\/\/creativityshop.eu\/wp-content\/uploads\/2020\/05\/pb306-66-05a08-czechmates-tile-bead-6mm-loose-colortrends-saturated-metallic-cherry-tomato-2.jpg\",\"contentUrl\":\"https:\/\/creativityshop.eu\/wp-content\/uploads\/2020\/05\/pb306-66-05a08-czechmates-tile-bead-6mm-loose-colortrends-saturated-metallic-cherry-tomato-2.jpg\",\"width\":768,\"height\":768,\"caption\":\"PB306-66-05A08 CzechMates Tile Bead 6mm (loose) ColorTrends Saturated Metallic Cherry Tomato (2)\"},{\"@type\":\"BreadcrumbList\",\"@id\":\"https:\/\/creativityshop.eu\/pl\/product\/czechmates-tile-beads-saturated-metallic-cherry-tomato-6x6mm-pb306-66-05a08\/#breadcrumb\",\"itemListElement\":[{\"@type\":\"ListItem\",\"position\":1,\"name\":\"Home\",\"item\":\"https:\/\/creativityshop.eu\/pl\/\"},{\"@type\":\"ListItem\",\"position\":2,\"name\":\"Shop\",\"item\":\"https:\/\/creativityshop.eu\/shop\/\"},{\"@type\":\"ListItem\",\"position\":3,\"name\":\"CzechMates Tile Beads, Saturated Metallic Cherry Tomato, 6x6mm, PB306-66-05A08\"}]},{\"@type\":\"WebSite\",\"@id\":\"https:\/\/creativityshop.eu\/pl\/#website\",\"url\":\"https:\/\/creativityshop.eu\/pl\/\",\"name\":\"CreativityShopEU\",\"description\":\"Embroidery and jewelry components\",\"publisher\":{\"@id\":\"https:\/\/creativityshop.eu\/pl\/#organization\"},\"potentialAction\":[{\"@type\":\"SearchAction\",\"target\":{\"@type\":\"EntryPoint\",\"urlTemplate\":\"https:\/\/creativityshop.eu\/pl\/?s={search_term_string}\"},\"query-input\":{\"@type\":\"PropertyValueSpecification\",\"valueRequired\":true,\"valueName\":\"search_term_string\"}}],\"inLanguage\":\"pl-PL\"},{\"@type\":\"Organization\",\"@id\":\"https:\/\/creativityshop.eu\/pl\/#organization\",\"name\":\"Creativity Shop OU\",\"url\":\"https:\/\/creativityshop.eu\/pl\/\",\"logo\":{\"@type\":\"ImageObject\",\"inLanguage\":\"pl-PL\",\"@id\":\"https:\/\/creativityshop.eu\/pl\/#\/schema\/logo\/image\/\",\"url\":\"https:\/\/creativityshop.eu\/wp-content\/uploads\/2018\/11\/creativity_shop_logosite2.png\",\"contentUrl\":\"https:\/\/creativityshop.eu\/wp-content\/uploads\/2018\/11\/creativity_shop_logosite2.png\",\"width\":2871,\"height\":1100,\"caption\":\"Creativity Shop OU\"},\"image\":{\"@id\":\"https:\/\/creativityshop.eu\/pl\/#\/schema\/logo\/image\/\"}}]}<\/script>\n<meta property=\"product:price:amount\" content=\"1.37\" \/>\n<meta property=\"product:price:currency\" content=\"EUR\" \/>\n<meta property=\"og:availability\" content=\"instock\" \/>\n<meta property=\"product:availability\" content=\"instock\" \/>\n<meta property=\"product:retailer_item_id\" content=\"PB306-66-05A08\" \/>\n<meta property=\"product:condition\" content=\"new\" \/>\n<!-- \/ Yoast SEO Premium plugin. -->","yoast_head_json":{"title":"CzechMates Tile Beads, Saturated Metallic Cherry Tomato, 6x6mm, PB306-66-05A08 - CreativityShopEU","robots":{"index":"noindex","follow":"follow"},"og_locale":"pl_PL","og_type":"article","og_title":"CzechMates Tile Beads, Saturated Metallic Cherry Tomato, 6x6mm, PB306-66-05A08","og_description":"CzechMates Tile Bead PB306-66-05A08 Color: Saturated Metallic Cherry Tomato Size: 6x6mm Holes size: 0.8mm Made in: Czech Republic Price for 20 pcs","og_url":"https:\/\/creativityshop.eu\/pl\/product\/czechmates-tile-beads-saturated-metallic-cherry-tomato-6x6mm-pb306-66-05a08\/","og_site_name":"CreativityShopEU","article_modified_time":"2024-02-17T15:01:22+00:00","og_image":[{"width":768,"height":768,"url":"https:\/\/creativityshop.eu\/wp-content\/uploads\/2020\/05\/pb306-66-05a08-czechmates-tile-bead-6mm-loose-colortrends-saturated-metallic-cherry-tomato-2.jpg","type":"image\/jpeg"}],"twitter_card":"summary_large_image","twitter_misc":{"Cena":"&euro;1.37","Dost\u0119pno\u015b\u0107":"Dost\u0119pny"},"schema":{"@context":"https:\/\/schema.org","@graph":[{"@type":"WebPage","@id":"https:\/\/creativityshop.eu\/pl\/product\/czechmates-tile-beads-saturated-metallic-cherry-tomato-6x6mm-pb306-66-05a08\/","url":"https:\/\/creativityshop.eu\/pl\/product\/czechmates-tile-beads-saturated-metallic-cherry-tomato-6x6mm-pb306-66-05a08\/","name":"CzechMates Tile Beads, Saturated Metallic Cherry Tomato, 6x6mm, PB306-66-05A08 - CreativityShopEU","isPartOf":{"@id":"https:\/\/creativityshop.eu\/pl\/#website"},"primaryImageOfPage":{"@id":"https:\/\/creativityshop.eu\/pl\/product\/czechmates-tile-beads-saturated-metallic-cherry-tomato-6x6mm-pb306-66-05a08\/#primaryimage"},"image":{"@id":"https:\/\/creativityshop.eu\/pl\/product\/czechmates-tile-beads-saturated-metallic-cherry-tomato-6x6mm-pb306-66-05a08\/#primaryimage"},"thumbnailUrl":"https:\/\/creativityshop.eu\/wp-content\/uploads\/2020\/05\/pb306-66-05a08-czechmates-tile-bead-6mm-loose-colortrends-saturated-metallic-cherry-tomato-2.jpg","datePublished":"2020-05-19T13:42:17+00:00","dateModified":"2024-02-17T15:01:22+00:00","breadcrumb":{"@id":"https:\/\/creativityshop.eu\/pl\/product\/czechmates-tile-beads-saturated-metallic-cherry-tomato-6x6mm-pb306-66-05a08\/#breadcrumb"},"inLanguage":"pl-PL","potentialAction":[{"@type":"ReadAction","target":["https:\/\/creativityshop.eu\/pl\/product\/czechmates-tile-beads-saturated-metallic-cherry-tomato-6x6mm-pb306-66-05a08\/"]}]},{"@type":"ImageObject","inLanguage":"pl-PL","@id":"https:\/\/creativityshop.eu\/pl\/product\/czechmates-tile-beads-saturated-metallic-cherry-tomato-6x6mm-pb306-66-05a08\/#primaryimage","url":"https:\/\/creativityshop.eu\/wp-content\/uploads\/2020\/05\/pb306-66-05a08-czechmates-tile-bead-6mm-loose-colortrends-saturated-metallic-cherry-tomato-2.jpg","contentUrl":"https:\/\/creativityshop.eu\/wp-content\/uploads\/2020\/05\/pb306-66-05a08-czechmates-tile-bead-6mm-loose-colortrends-saturated-metallic-cherry-tomato-2.jpg","width":768,"height":768,"caption":"PB306-66-05A08 CzechMates Tile Bead 6mm (loose) ColorTrends Saturated Metallic Cherry Tomato (2)"},{"@type":"BreadcrumbList","@id":"https:\/\/creativityshop.eu\/pl\/product\/czechmates-tile-beads-saturated-metallic-cherry-tomato-6x6mm-pb306-66-05a08\/#breadcrumb","itemListElement":[{"@type":"ListItem","position":1,"name":"Home","item":"https:\/\/creativityshop.eu\/pl\/"},{"@type":"ListItem","position":2,"name":"Shop","item":"https:\/\/creativityshop.eu\/shop\/"},{"@type":"ListItem","position":3,"name":"CzechMates Tile Beads, Saturated Metallic Cherry Tomato, 6x6mm, PB306-66-05A08"}]},{"@type":"WebSite","@id":"https:\/\/creativityshop.eu\/pl\/#website","url":"https:\/\/creativityshop.eu\/pl\/","name":"CreativityShopEU","description":"Embroidery and jewelry components","publisher":{"@id":"https:\/\/creativityshop.eu\/pl\/#organization"},"potentialAction":[{"@type":"SearchAction","target":{"@type":"EntryPoint","urlTemplate":"https:\/\/creativityshop.eu\/pl\/?s={search_term_string}"},"query-input":{"@type":"PropertyValueSpecification","valueRequired":true,"valueName":"search_term_string"}}],"inLanguage":"pl-PL"},{"@type":"Organization","@id":"https:\/\/creativityshop.eu\/pl\/#organization","name":"Creativity Shop OU","url":"https:\/\/creativityshop.eu\/pl\/","logo":{"@type":"ImageObject","inLanguage":"pl-PL","@id":"https:\/\/creativityshop.eu\/pl\/#\/schema\/logo\/image\/","url":"https:\/\/creativityshop.eu\/wp-content\/uploads\/2018\/11\/creativity_shop_logosite2.png","contentUrl":"https:\/\/creativityshop.eu\/wp-content\/uploads\/2018\/11\/creativity_shop_logosite2.png","width":2871,"height":1100,"caption":"Creativity Shop OU"},"image":{"@id":"https:\/\/creativityshop.eu\/pl\/#\/schema\/logo\/image\/"}}]},"product_price_amount":"1.37","product_price_currency":"EUR","og_availability":"instock","product_availability":"instock","product_retailer_item_id":"PB306-66-05A08","product_condition":"new"},"_links":{"self":[{"href":"https:\/\/creativityshop.eu\/pl\/wp-json\/wp\/v2\/product\/17729","targetHints":{"allow":["GET"]}}],"collection":[{"href":"https:\/\/creativityshop.eu\/pl\/wp-json\/wp\/v2\/product"}],"about":[{"href":"https:\/\/creativityshop.eu\/pl\/wp-json\/wp\/v2\/types\/product"}],"wp:featuredmedia":[{"embeddable":true,"href":"https:\/\/creativityshop.eu\/pl\/wp-json\/wp\/v2\/media\/17679"}],"wp:attachment":[{"href":"https:\/\/creativityshop.eu\/pl\/wp-json\/wp\/v2\/media?parent=17729"}],"wp:term":[{"taxonomy":"product_brand","embeddable":true,"href":"https:\/\/creativityshop.eu\/pl\/wp-json\/wp\/v2\/product_brand?post=17729"},{"taxonomy":"product_cat","embeddable":true,"href":"https:\/\/creativityshop.eu\/pl\/wp-json\/wp\/v2\/product_cat?post=17729"},{"taxonomy":"product_tag","embeddable":true,"href":"https:\/\/creativityshop.eu\/pl\/wp-json\/wp\/v2\/product_tag?post=17729"}],"curies":[{"name":"wp","href":"https:\/\/api.w.org\/{rel}","templated":true}]}}