{"id":17464,"date":"2020-05-16T10:32:22","date_gmt":"2020-05-16T07:32:22","guid":{"rendered":"https:\/\/creativityshop.eu\/?post_type=product&#038;p=17464"},"modified":"2025-10-21T14:17:18","modified_gmt":"2025-10-21T11:17:18","slug":"4331-raindrop-swarovski-fancy-stone-crystal-f-30-mm","status":"publish","type":"product","link":"https:\/\/creativityshop.eu\/pl\/product\/4331-raindrop-swarovski-fancy-stone-crystal-f-30-mm\/","title":{"rendered":"4331 Raindrop Swarovski Fancy Stone, Crystal F, 30 mm"},"content":{"rendered":"<p>The elegance and clean cut of the Raindrop Swarovski Fancy Stone makes it a perfect design element for casual looks. The slim geometry and sophisticated elongated drop shape recall a raindrop, offering a delightful reconnection with nature. The various layers of its cut yield a lively sparkle that underlines its casual, naturalistic appearance.<\/p>\n<p>Creativity Shop is a direct reseller of Swarovski in EU. You can buy online a wide range of fancy stones on www.creativityshop.eu.<br \/>\nProduct images are for illustrative purposes only and may differ from the actual product. Due to differences in monitors and lightening, colors of products may also appear different to those shown on the site.<\/p>\n","protected":false},"excerpt":{"rendered":"<p><strong>4331 Raindrop Swarovski Crystal<\/strong><br \/>\nShape: Raindrop<br \/>\nType: Crystal<br \/>\nColor: Crystal F<br \/>\nSize: 30 mm<br \/>\nManufactured in: Austria<br \/>\nPrice for 1 piece<\/p>\n","protected":false},"featured_media":17469,"template":"","meta":{"_acf_changed":false,"_exactmetrics_skip_tracking":false,"_exactmetrics_sitenote_active":false,"_exactmetrics_sitenote_note":"","_exactmetrics_sitenote_category":0},"product_brand":[],"product_cat":[461],"product_tag":[],"class_list":{"0":"post-17464","1":"product","2":"type-product","3":"status-publish","4":"has-post-thumbnail","6":"product_cat-4331-raindrop","8":"first","9":"instock","10":"taxable","11":"shipping-taxable","12":"purchasable","13":"product-type-simple","14":"add-to-wishlist-after_add_to_cart"},"acf":[],"yoast_head":"<!-- This site is optimized with the Yoast SEO Premium plugin v27.0 (Yoast SEO v27.0) - https:\/\/yoast.com\/product\/yoast-seo-premium-wordpress\/ -->\n<title>4331 Raindrop Swarovski Fancy Stone, Crystal F, 30 mm - CreativityShopEU<\/title>\n<meta name=\"robots\" content=\"noindex, follow\" \/>\n<meta property=\"og:locale\" content=\"pl_PL\" \/>\n<meta property=\"og:type\" content=\"article\" \/>\n<meta property=\"og:title\" content=\"4331 Raindrop Swarovski Fancy Stone, Crystal F, 30 mm\" \/>\n<meta property=\"og:description\" content=\"4331 Raindrop Swarovski Crystal Shape: Raindrop Type: Crystal Color: Crystal F Size: 30 mm Manufactured in: Austria Price for 1 piece\" \/>\n<meta property=\"og:url\" content=\"https:\/\/creativityshop.eu\/pl\/product\/4331-raindrop-swarovski-fancy-stone-crystal-f-30-mm\/\" \/>\n<meta property=\"og:site_name\" content=\"CreativityShopEU\" \/>\n<meta property=\"article:modified_time\" content=\"2025-10-21T11:17:18+00:00\" \/>\n<meta property=\"og:image\" content=\"https:\/\/creativityshop.eu\/wp-content\/uploads\/2020\/05\/swarovski-4331-crystal-raindrop-30mm-crystalf.jpg\" \/>\n\t<meta property=\"og:image:width\" content=\"768\" \/>\n\t<meta property=\"og:image:height\" content=\"768\" \/>\n\t<meta property=\"og:image:type\" content=\"image\/jpeg\" \/>\n<meta name=\"twitter:card\" content=\"summary_large_image\" \/>\n<meta name=\"twitter:label1\" content=\"Cena\" \/>\n\t<meta name=\"twitter:data1\" content=\"&euro;3.08\" \/>\n\t<meta name=\"twitter:label2\" content=\"Dost\u0119pno\u015b\u0107\" \/>\n\t<meta name=\"twitter:data2\" content=\"Dost\u0119pny\" \/>\n<script type=\"application\/ld+json\" class=\"yoast-schema-graph\">{\"@context\":\"https:\/\/schema.org\",\"@graph\":[{\"@type\":\"WebPage\",\"@id\":\"https:\/\/creativityshop.eu\/pl\/product\/4331-raindrop-swarovski-fancy-stone-crystal-f-30-mm\/\",\"url\":\"https:\/\/creativityshop.eu\/pl\/product\/4331-raindrop-swarovski-fancy-stone-crystal-f-30-mm\/\",\"name\":\"4331 Raindrop Swarovski Fancy Stone, Crystal F, 30 mm - CreativityShopEU\",\"isPartOf\":{\"@id\":\"https:\/\/creativityshop.eu\/pl\/#website\"},\"primaryImageOfPage\":{\"@id\":\"https:\/\/creativityshop.eu\/pl\/product\/4331-raindrop-swarovski-fancy-stone-crystal-f-30-mm\/#primaryimage\"},\"image\":{\"@id\":\"https:\/\/creativityshop.eu\/pl\/product\/4331-raindrop-swarovski-fancy-stone-crystal-f-30-mm\/#primaryimage\"},\"thumbnailUrl\":\"https:\/\/creativityshop.eu\/wp-content\/uploads\/2020\/05\/swarovski-4331-crystal-raindrop-30mm-crystalf.jpg\",\"datePublished\":\"2020-05-16T07:32:22+00:00\",\"dateModified\":\"2025-10-21T11:17:18+00:00\",\"breadcrumb\":{\"@id\":\"https:\/\/creativityshop.eu\/pl\/product\/4331-raindrop-swarovski-fancy-stone-crystal-f-30-mm\/#breadcrumb\"},\"inLanguage\":\"pl-PL\",\"potentialAction\":[{\"@type\":\"ReadAction\",\"target\":[\"https:\/\/creativityshop.eu\/pl\/product\/4331-raindrop-swarovski-fancy-stone-crystal-f-30-mm\/\"]}]},{\"@type\":\"ImageObject\",\"inLanguage\":\"pl-PL\",\"@id\":\"https:\/\/creativityshop.eu\/pl\/product\/4331-raindrop-swarovski-fancy-stone-crystal-f-30-mm\/#primaryimage\",\"url\":\"https:\/\/creativityshop.eu\/wp-content\/uploads\/2020\/05\/swarovski-4331-crystal-raindrop-30mm-crystalf.jpg\",\"contentUrl\":\"https:\/\/creativityshop.eu\/wp-content\/uploads\/2020\/05\/swarovski-4331-crystal-raindrop-30mm-crystalf.jpg\",\"width\":768,\"height\":768,\"caption\":\"4331 raindrop swarovski crystal 30 mm Crystal F\"},{\"@type\":\"BreadcrumbList\",\"@id\":\"https:\/\/creativityshop.eu\/pl\/product\/4331-raindrop-swarovski-fancy-stone-crystal-f-30-mm\/#breadcrumb\",\"itemListElement\":[{\"@type\":\"ListItem\",\"position\":1,\"name\":\"Home\",\"item\":\"https:\/\/creativityshop.eu\/pl\/\"},{\"@type\":\"ListItem\",\"position\":2,\"name\":\"Shop\",\"item\":\"https:\/\/creativityshop.eu\/shop\/\"},{\"@type\":\"ListItem\",\"position\":3,\"name\":\"4331 Raindrop Swarovski Fancy Stone, Crystal F, 30 mm\"}]},{\"@type\":\"WebSite\",\"@id\":\"https:\/\/creativityshop.eu\/pl\/#website\",\"url\":\"https:\/\/creativityshop.eu\/pl\/\",\"name\":\"CreativityShopEU\",\"description\":\"Embroidery and jewelry components\",\"publisher\":{\"@id\":\"https:\/\/creativityshop.eu\/pl\/#organization\"},\"potentialAction\":[{\"@type\":\"SearchAction\",\"target\":{\"@type\":\"EntryPoint\",\"urlTemplate\":\"https:\/\/creativityshop.eu\/pl\/?s={search_term_string}\"},\"query-input\":{\"@type\":\"PropertyValueSpecification\",\"valueRequired\":true,\"valueName\":\"search_term_string\"}}],\"inLanguage\":\"pl-PL\"},{\"@type\":\"Organization\",\"@id\":\"https:\/\/creativityshop.eu\/pl\/#organization\",\"name\":\"Creativity Shop OU\",\"url\":\"https:\/\/creativityshop.eu\/pl\/\",\"logo\":{\"@type\":\"ImageObject\",\"inLanguage\":\"pl-PL\",\"@id\":\"https:\/\/creativityshop.eu\/pl\/#\/schema\/logo\/image\/\",\"url\":\"https:\/\/creativityshop.eu\/wp-content\/uploads\/2018\/11\/creativity_shop_logosite2.png\",\"contentUrl\":\"https:\/\/creativityshop.eu\/wp-content\/uploads\/2018\/11\/creativity_shop_logosite2.png\",\"width\":2871,\"height\":1100,\"caption\":\"Creativity Shop OU\"},\"image\":{\"@id\":\"https:\/\/creativityshop.eu\/pl\/#\/schema\/logo\/image\/\"}}]}<\/script>\n<meta property=\"product:price:amount\" content=\"3.08\" \/>\n<meta property=\"product:price:currency\" content=\"EUR\" \/>\n<meta property=\"og:availability\" content=\"instock\" \/>\n<meta property=\"product:availability\" content=\"instock\" \/>\n<meta property=\"product:retailer_item_id\" content=\"5159420\" \/>\n<meta property=\"product:condition\" content=\"new\" \/>\n<!-- \/ Yoast SEO Premium plugin. -->","yoast_head_json":{"title":"4331 Raindrop Swarovski Fancy Stone, Crystal F, 30 mm - CreativityShopEU","robots":{"index":"noindex","follow":"follow"},"og_locale":"pl_PL","og_type":"article","og_title":"4331 Raindrop Swarovski Fancy Stone, Crystal F, 30 mm","og_description":"4331 Raindrop Swarovski Crystal Shape: Raindrop Type: Crystal Color: Crystal F Size: 30 mm Manufactured in: Austria Price for 1 piece","og_url":"https:\/\/creativityshop.eu\/pl\/product\/4331-raindrop-swarovski-fancy-stone-crystal-f-30-mm\/","og_site_name":"CreativityShopEU","article_modified_time":"2025-10-21T11:17:18+00:00","og_image":[{"width":768,"height":768,"url":"https:\/\/creativityshop.eu\/wp-content\/uploads\/2020\/05\/swarovski-4331-crystal-raindrop-30mm-crystalf.jpg","type":"image\/jpeg"}],"twitter_card":"summary_large_image","twitter_misc":{"Cena":"&euro;3.08","Dost\u0119pno\u015b\u0107":"Dost\u0119pny"},"schema":{"@context":"https:\/\/schema.org","@graph":[{"@type":"WebPage","@id":"https:\/\/creativityshop.eu\/pl\/product\/4331-raindrop-swarovski-fancy-stone-crystal-f-30-mm\/","url":"https:\/\/creativityshop.eu\/pl\/product\/4331-raindrop-swarovski-fancy-stone-crystal-f-30-mm\/","name":"4331 Raindrop Swarovski Fancy Stone, Crystal F, 30 mm - CreativityShopEU","isPartOf":{"@id":"https:\/\/creativityshop.eu\/pl\/#website"},"primaryImageOfPage":{"@id":"https:\/\/creativityshop.eu\/pl\/product\/4331-raindrop-swarovski-fancy-stone-crystal-f-30-mm\/#primaryimage"},"image":{"@id":"https:\/\/creativityshop.eu\/pl\/product\/4331-raindrop-swarovski-fancy-stone-crystal-f-30-mm\/#primaryimage"},"thumbnailUrl":"https:\/\/creativityshop.eu\/wp-content\/uploads\/2020\/05\/swarovski-4331-crystal-raindrop-30mm-crystalf.jpg","datePublished":"2020-05-16T07:32:22+00:00","dateModified":"2025-10-21T11:17:18+00:00","breadcrumb":{"@id":"https:\/\/creativityshop.eu\/pl\/product\/4331-raindrop-swarovski-fancy-stone-crystal-f-30-mm\/#breadcrumb"},"inLanguage":"pl-PL","potentialAction":[{"@type":"ReadAction","target":["https:\/\/creativityshop.eu\/pl\/product\/4331-raindrop-swarovski-fancy-stone-crystal-f-30-mm\/"]}]},{"@type":"ImageObject","inLanguage":"pl-PL","@id":"https:\/\/creativityshop.eu\/pl\/product\/4331-raindrop-swarovski-fancy-stone-crystal-f-30-mm\/#primaryimage","url":"https:\/\/creativityshop.eu\/wp-content\/uploads\/2020\/05\/swarovski-4331-crystal-raindrop-30mm-crystalf.jpg","contentUrl":"https:\/\/creativityshop.eu\/wp-content\/uploads\/2020\/05\/swarovski-4331-crystal-raindrop-30mm-crystalf.jpg","width":768,"height":768,"caption":"4331 raindrop swarovski crystal 30 mm Crystal F"},{"@type":"BreadcrumbList","@id":"https:\/\/creativityshop.eu\/pl\/product\/4331-raindrop-swarovski-fancy-stone-crystal-f-30-mm\/#breadcrumb","itemListElement":[{"@type":"ListItem","position":1,"name":"Home","item":"https:\/\/creativityshop.eu\/pl\/"},{"@type":"ListItem","position":2,"name":"Shop","item":"https:\/\/creativityshop.eu\/shop\/"},{"@type":"ListItem","position":3,"name":"4331 Raindrop Swarovski Fancy Stone, Crystal F, 30 mm"}]},{"@type":"WebSite","@id":"https:\/\/creativityshop.eu\/pl\/#website","url":"https:\/\/creativityshop.eu\/pl\/","name":"CreativityShopEU","description":"Embroidery and jewelry components","publisher":{"@id":"https:\/\/creativityshop.eu\/pl\/#organization"},"potentialAction":[{"@type":"SearchAction","target":{"@type":"EntryPoint","urlTemplate":"https:\/\/creativityshop.eu\/pl\/?s={search_term_string}"},"query-input":{"@type":"PropertyValueSpecification","valueRequired":true,"valueName":"search_term_string"}}],"inLanguage":"pl-PL"},{"@type":"Organization","@id":"https:\/\/creativityshop.eu\/pl\/#organization","name":"Creativity Shop OU","url":"https:\/\/creativityshop.eu\/pl\/","logo":{"@type":"ImageObject","inLanguage":"pl-PL","@id":"https:\/\/creativityshop.eu\/pl\/#\/schema\/logo\/image\/","url":"https:\/\/creativityshop.eu\/wp-content\/uploads\/2018\/11\/creativity_shop_logosite2.png","contentUrl":"https:\/\/creativityshop.eu\/wp-content\/uploads\/2018\/11\/creativity_shop_logosite2.png","width":2871,"height":1100,"caption":"Creativity Shop OU"},"image":{"@id":"https:\/\/creativityshop.eu\/pl\/#\/schema\/logo\/image\/"}}]},"product_price_amount":"3.08","product_price_currency":"EUR","og_availability":"instock","product_availability":"instock","product_retailer_item_id":"5159420","product_condition":"new"},"_links":{"self":[{"href":"https:\/\/creativityshop.eu\/pl\/wp-json\/wp\/v2\/product\/17464","targetHints":{"allow":["GET"]}}],"collection":[{"href":"https:\/\/creativityshop.eu\/pl\/wp-json\/wp\/v2\/product"}],"about":[{"href":"https:\/\/creativityshop.eu\/pl\/wp-json\/wp\/v2\/types\/product"}],"wp:featuredmedia":[{"embeddable":true,"href":"https:\/\/creativityshop.eu\/pl\/wp-json\/wp\/v2\/media\/17469"}],"wp:attachment":[{"href":"https:\/\/creativityshop.eu\/pl\/wp-json\/wp\/v2\/media?parent=17464"}],"wp:term":[{"taxonomy":"product_brand","embeddable":true,"href":"https:\/\/creativityshop.eu\/pl\/wp-json\/wp\/v2\/product_brand?post=17464"},{"taxonomy":"product_cat","embeddable":true,"href":"https:\/\/creativityshop.eu\/pl\/wp-json\/wp\/v2\/product_cat?post=17464"},{"taxonomy":"product_tag","embeddable":true,"href":"https:\/\/creativityshop.eu\/pl\/wp-json\/wp\/v2\/product_tag?post=17464"}],"curies":[{"name":"wp","href":"https:\/\/api.w.org\/{rel}","templated":true}]}}