{"id":17418,"date":"2020-05-15T01:01:31","date_gmt":"2020-05-14T22:01:31","guid":{"rendered":"https:\/\/creativityshop.eu\/?post_type=product&#038;p=17418"},"modified":"2024-02-14T00:54:43","modified_gmt":"2024-02-13T21:54:43","slug":"matubo-gemduo-beads-blue-turquoise-8x5mm-pb379-85-63030-2","status":"publish","type":"product","link":"https:\/\/creativityshop.eu\/pl\/product\/matubo-gemduo-beads-blue-turquoise-8x5mm-pb379-85-63030-2\/","title":{"rendered":"Matubo GEMDUO Beads Blue Turquoise, 8x5mm, PB379-85-63030"},"content":{"rendered":"<p>These Czech glass beads feature a fun diamond shape. The front of each bead has a domed dimension, so they will stand out in your jewelry designs. The back of each bead is smooth and flat, so they are comfortable to wear. You&#8217;ll love working with these beads because each one has two stringing holes, opening up endless bead weaving possibilities. Try them in multi-strand looks, too. These beads feature vibrant green and blue tones that gleam and glow from within the glass.<br \/>\nProduct images are for illustrative purposes only and may differ from the actual product. Due to differences in monitors and lightening, colors of products may also appear different to those shown on the site.<\/p>\n","protected":false},"excerpt":{"rendered":"<p><strong>Matubo GEMDUO Beads PB379-85-63030<\/strong><br \/>\nColor: Blue Turquoise<br \/>\nSize: 8x5mm<br \/>\nHoles size: 0.7mm<br \/>\nMade in: Czech Republic<br \/>\nPrice for 5 grams (app. 33 pcs)<\/p>\n","protected":false},"featured_media":17300,"template":"","meta":{"_acf_changed":false,"_exactmetrics_skip_tracking":false,"_exactmetrics_sitenote_active":false,"_exactmetrics_sitenote_note":"","_exactmetrics_sitenote_category":0},"product_brand":[],"product_cat":[420,554],"product_tag":[],"class_list":{"0":"post-17418","1":"product","2":"type-product","3":"status-publish","4":"has-post-thumbnail","6":"product_cat-beads","7":"product_cat-matubo-gemduo","9":"first","10":"outofstock","11":"taxable","12":"shipping-taxable","13":"purchasable","14":"product-type-simple","15":"add-to-wishlist-after_add_to_cart"},"acf":[],"yoast_head":"<!-- This site is optimized with the Yoast SEO Premium plugin v27.0 (Yoast SEO v27.0) - https:\/\/yoast.com\/product\/yoast-seo-premium-wordpress\/ -->\n<title>Matubo GEMDUO Beads Blue Turquoise, 8x5mm, PB379-85-63030 - CreativityShopEU<\/title>\n<meta name=\"robots\" content=\"noindex, follow\" \/>\n<meta property=\"og:locale\" content=\"pl_PL\" \/>\n<meta property=\"og:type\" content=\"article\" \/>\n<meta property=\"og:title\" content=\"Matubo GEMDUO Beads Blue Turquoise, 8x5mm, PB379-85-63030\" \/>\n<meta property=\"og:description\" content=\"Matubo GEMDUO Beads PB379-85-63030 Color: Blue Turquoise Size: 8x5mm Holes size: 0.7mm Made in: Czech Republic Price for 5 grams (app. 33 pcs)\" \/>\n<meta property=\"og:url\" content=\"https:\/\/creativityshop.eu\/pl\/product\/matubo-gemduo-beads-blue-turquoise-8x5mm-pb379-85-63030-2\/\" \/>\n<meta property=\"og:site_name\" content=\"CreativityShopEU\" \/>\n<meta property=\"article:modified_time\" content=\"2024-02-13T21:54:43+00:00\" \/>\n<meta property=\"og:image\" content=\"https:\/\/creativityshop.eu\/wp-content\/uploads\/2020\/05\/pb379-85-63030-gemduo-8-x-5mm-loose-blue-turquoise-2.jpg\" \/>\n\t<meta property=\"og:image:width\" content=\"768\" \/>\n\t<meta property=\"og:image:height\" content=\"768\" \/>\n\t<meta property=\"og:image:type\" content=\"image\/jpeg\" \/>\n<meta name=\"twitter:card\" content=\"summary_large_image\" \/>\n<meta name=\"twitter:label1\" content=\"Cena\" \/>\n\t<meta name=\"twitter:data1\" content=\"&#036;1.40\" \/>\n\t<meta name=\"twitter:label2\" content=\"Dost\u0119pno\u015b\u0107\" \/>\n\t<meta name=\"twitter:data2\" content=\"Brak w magazynie\" \/>\n<script type=\"application\/ld+json\" class=\"yoast-schema-graph\">{\"@context\":\"https:\/\/schema.org\",\"@graph\":[{\"@type\":\"WebPage\",\"@id\":\"https:\/\/creativityshop.eu\/pl\/product\/matubo-gemduo-beads-blue-turquoise-8x5mm-pb379-85-63030-2\/\",\"url\":\"https:\/\/creativityshop.eu\/pl\/product\/matubo-gemduo-beads-blue-turquoise-8x5mm-pb379-85-63030-2\/\",\"name\":\"Matubo GEMDUO Beads Blue Turquoise, 8x5mm, PB379-85-63030 - CreativityShopEU\",\"isPartOf\":{\"@id\":\"https:\/\/creativityshop.eu\/pl\/#website\"},\"primaryImageOfPage\":{\"@id\":\"https:\/\/creativityshop.eu\/pl\/product\/matubo-gemduo-beads-blue-turquoise-8x5mm-pb379-85-63030-2\/#primaryimage\"},\"image\":{\"@id\":\"https:\/\/creativityshop.eu\/pl\/product\/matubo-gemduo-beads-blue-turquoise-8x5mm-pb379-85-63030-2\/#primaryimage\"},\"thumbnailUrl\":\"https:\/\/creativityshop.eu\/wp-content\/uploads\/2020\/05\/pb379-85-63030-gemduo-8-x-5mm-loose-blue-turquoise-2.jpg\",\"datePublished\":\"2020-05-14T22:01:31+00:00\",\"dateModified\":\"2024-02-13T21:54:43+00:00\",\"breadcrumb\":{\"@id\":\"https:\/\/creativityshop.eu\/pl\/product\/matubo-gemduo-beads-blue-turquoise-8x5mm-pb379-85-63030-2\/#breadcrumb\"},\"inLanguage\":\"pl-PL\",\"potentialAction\":[{\"@type\":\"ReadAction\",\"target\":[\"https:\/\/creativityshop.eu\/pl\/product\/matubo-gemduo-beads-blue-turquoise-8x5mm-pb379-85-63030-2\/\"]}]},{\"@type\":\"ImageObject\",\"inLanguage\":\"pl-PL\",\"@id\":\"https:\/\/creativityshop.eu\/pl\/product\/matubo-gemduo-beads-blue-turquoise-8x5mm-pb379-85-63030-2\/#primaryimage\",\"url\":\"https:\/\/creativityshop.eu\/wp-content\/uploads\/2020\/05\/pb379-85-63030-gemduo-8-x-5mm-loose-blue-turquoise-2.jpg\",\"contentUrl\":\"https:\/\/creativityshop.eu\/wp-content\/uploads\/2020\/05\/pb379-85-63030-gemduo-8-x-5mm-loose-blue-turquoise-2.jpg\",\"width\":768,\"height\":768,\"caption\":\"Matubo GEMDUO pb379-85-63030\"},{\"@type\":\"BreadcrumbList\",\"@id\":\"https:\/\/creativityshop.eu\/pl\/product\/matubo-gemduo-beads-blue-turquoise-8x5mm-pb379-85-63030-2\/#breadcrumb\",\"itemListElement\":[{\"@type\":\"ListItem\",\"position\":1,\"name\":\"Home\",\"item\":\"https:\/\/creativityshop.eu\/pl\/\"},{\"@type\":\"ListItem\",\"position\":2,\"name\":\"Shop\",\"item\":\"https:\/\/creativityshop.eu\/shop\/\"},{\"@type\":\"ListItem\",\"position\":3,\"name\":\"Matubo GEMDUO Beads Blue Turquoise, 8x5mm, PB379-85-63030\"}]},{\"@type\":\"WebSite\",\"@id\":\"https:\/\/creativityshop.eu\/pl\/#website\",\"url\":\"https:\/\/creativityshop.eu\/pl\/\",\"name\":\"CreativityShopEU\",\"description\":\"Embroidery and jewelry components\",\"publisher\":{\"@id\":\"https:\/\/creativityshop.eu\/pl\/#organization\"},\"potentialAction\":[{\"@type\":\"SearchAction\",\"target\":{\"@type\":\"EntryPoint\",\"urlTemplate\":\"https:\/\/creativityshop.eu\/pl\/?s={search_term_string}\"},\"query-input\":{\"@type\":\"PropertyValueSpecification\",\"valueRequired\":true,\"valueName\":\"search_term_string\"}}],\"inLanguage\":\"pl-PL\"},{\"@type\":\"Organization\",\"@id\":\"https:\/\/creativityshop.eu\/pl\/#organization\",\"name\":\"Creativity Shop OU\",\"url\":\"https:\/\/creativityshop.eu\/pl\/\",\"logo\":{\"@type\":\"ImageObject\",\"inLanguage\":\"pl-PL\",\"@id\":\"https:\/\/creativityshop.eu\/pl\/#\/schema\/logo\/image\/\",\"url\":\"https:\/\/creativityshop.eu\/wp-content\/uploads\/2018\/11\/creativity_shop_logosite2.png\",\"contentUrl\":\"https:\/\/creativityshop.eu\/wp-content\/uploads\/2018\/11\/creativity_shop_logosite2.png\",\"width\":2871,\"height\":1100,\"caption\":\"Creativity Shop OU\"},\"image\":{\"@id\":\"https:\/\/creativityshop.eu\/pl\/#\/schema\/logo\/image\/\"}}]}<\/script>\n<meta property=\"product:price:amount\" content=\"1.40\" \/>\n<meta property=\"product:price:currency\" content=\"USD\" \/>\n<meta property=\"og:availability\" content=\"out of stock\" \/>\n<meta property=\"product:availability\" content=\"out of stock\" \/>\n<meta property=\"product:retailer_item_id\" content=\"PB379-85-63030\" \/>\n<meta property=\"product:condition\" content=\"new\" \/>\n<!-- \/ Yoast SEO Premium plugin. -->","yoast_head_json":{"title":"Matubo GEMDUO Beads Blue Turquoise, 8x5mm, PB379-85-63030 - CreativityShopEU","robots":{"index":"noindex","follow":"follow"},"og_locale":"pl_PL","og_type":"article","og_title":"Matubo GEMDUO Beads Blue Turquoise, 8x5mm, PB379-85-63030","og_description":"Matubo GEMDUO Beads PB379-85-63030 Color: Blue Turquoise Size: 8x5mm Holes size: 0.7mm Made in: Czech Republic Price for 5 grams (app. 33 pcs)","og_url":"https:\/\/creativityshop.eu\/pl\/product\/matubo-gemduo-beads-blue-turquoise-8x5mm-pb379-85-63030-2\/","og_site_name":"CreativityShopEU","article_modified_time":"2024-02-13T21:54:43+00:00","og_image":[{"width":768,"height":768,"url":"https:\/\/creativityshop.eu\/wp-content\/uploads\/2020\/05\/pb379-85-63030-gemduo-8-x-5mm-loose-blue-turquoise-2.jpg","type":"image\/jpeg"}],"twitter_card":"summary_large_image","twitter_misc":{"Cena":"&#36;1.40","Dost\u0119pno\u015b\u0107":"Brak w magazynie"},"schema":{"@context":"https:\/\/schema.org","@graph":[{"@type":"WebPage","@id":"https:\/\/creativityshop.eu\/pl\/product\/matubo-gemduo-beads-blue-turquoise-8x5mm-pb379-85-63030-2\/","url":"https:\/\/creativityshop.eu\/pl\/product\/matubo-gemduo-beads-blue-turquoise-8x5mm-pb379-85-63030-2\/","name":"Matubo GEMDUO Beads Blue Turquoise, 8x5mm, PB379-85-63030 - CreativityShopEU","isPartOf":{"@id":"https:\/\/creativityshop.eu\/pl\/#website"},"primaryImageOfPage":{"@id":"https:\/\/creativityshop.eu\/pl\/product\/matubo-gemduo-beads-blue-turquoise-8x5mm-pb379-85-63030-2\/#primaryimage"},"image":{"@id":"https:\/\/creativityshop.eu\/pl\/product\/matubo-gemduo-beads-blue-turquoise-8x5mm-pb379-85-63030-2\/#primaryimage"},"thumbnailUrl":"https:\/\/creativityshop.eu\/wp-content\/uploads\/2020\/05\/pb379-85-63030-gemduo-8-x-5mm-loose-blue-turquoise-2.jpg","datePublished":"2020-05-14T22:01:31+00:00","dateModified":"2024-02-13T21:54:43+00:00","breadcrumb":{"@id":"https:\/\/creativityshop.eu\/pl\/product\/matubo-gemduo-beads-blue-turquoise-8x5mm-pb379-85-63030-2\/#breadcrumb"},"inLanguage":"pl-PL","potentialAction":[{"@type":"ReadAction","target":["https:\/\/creativityshop.eu\/pl\/product\/matubo-gemduo-beads-blue-turquoise-8x5mm-pb379-85-63030-2\/"]}]},{"@type":"ImageObject","inLanguage":"pl-PL","@id":"https:\/\/creativityshop.eu\/pl\/product\/matubo-gemduo-beads-blue-turquoise-8x5mm-pb379-85-63030-2\/#primaryimage","url":"https:\/\/creativityshop.eu\/wp-content\/uploads\/2020\/05\/pb379-85-63030-gemduo-8-x-5mm-loose-blue-turquoise-2.jpg","contentUrl":"https:\/\/creativityshop.eu\/wp-content\/uploads\/2020\/05\/pb379-85-63030-gemduo-8-x-5mm-loose-blue-turquoise-2.jpg","width":768,"height":768,"caption":"Matubo GEMDUO pb379-85-63030"},{"@type":"BreadcrumbList","@id":"https:\/\/creativityshop.eu\/pl\/product\/matubo-gemduo-beads-blue-turquoise-8x5mm-pb379-85-63030-2\/#breadcrumb","itemListElement":[{"@type":"ListItem","position":1,"name":"Home","item":"https:\/\/creativityshop.eu\/pl\/"},{"@type":"ListItem","position":2,"name":"Shop","item":"https:\/\/creativityshop.eu\/shop\/"},{"@type":"ListItem","position":3,"name":"Matubo GEMDUO Beads Blue Turquoise, 8x5mm, PB379-85-63030"}]},{"@type":"WebSite","@id":"https:\/\/creativityshop.eu\/pl\/#website","url":"https:\/\/creativityshop.eu\/pl\/","name":"CreativityShopEU","description":"Embroidery and jewelry components","publisher":{"@id":"https:\/\/creativityshop.eu\/pl\/#organization"},"potentialAction":[{"@type":"SearchAction","target":{"@type":"EntryPoint","urlTemplate":"https:\/\/creativityshop.eu\/pl\/?s={search_term_string}"},"query-input":{"@type":"PropertyValueSpecification","valueRequired":true,"valueName":"search_term_string"}}],"inLanguage":"pl-PL"},{"@type":"Organization","@id":"https:\/\/creativityshop.eu\/pl\/#organization","name":"Creativity Shop OU","url":"https:\/\/creativityshop.eu\/pl\/","logo":{"@type":"ImageObject","inLanguage":"pl-PL","@id":"https:\/\/creativityshop.eu\/pl\/#\/schema\/logo\/image\/","url":"https:\/\/creativityshop.eu\/wp-content\/uploads\/2018\/11\/creativity_shop_logosite2.png","contentUrl":"https:\/\/creativityshop.eu\/wp-content\/uploads\/2018\/11\/creativity_shop_logosite2.png","width":2871,"height":1100,"caption":"Creativity Shop OU"},"image":{"@id":"https:\/\/creativityshop.eu\/pl\/#\/schema\/logo\/image\/"}}]},"product_price_amount":"1.40","product_price_currency":"USD","og_availability":"out of stock","product_availability":"out of stock","product_retailer_item_id":"PB379-85-63030","product_condition":"new"},"_links":{"self":[{"href":"https:\/\/creativityshop.eu\/pl\/wp-json\/wp\/v2\/product\/17418","targetHints":{"allow":["GET"]}}],"collection":[{"href":"https:\/\/creativityshop.eu\/pl\/wp-json\/wp\/v2\/product"}],"about":[{"href":"https:\/\/creativityshop.eu\/pl\/wp-json\/wp\/v2\/types\/product"}],"wp:featuredmedia":[{"embeddable":true,"href":"https:\/\/creativityshop.eu\/pl\/wp-json\/wp\/v2\/media\/17300"}],"wp:attachment":[{"href":"https:\/\/creativityshop.eu\/pl\/wp-json\/wp\/v2\/media?parent=17418"}],"wp:term":[{"taxonomy":"product_brand","embeddable":true,"href":"https:\/\/creativityshop.eu\/pl\/wp-json\/wp\/v2\/product_brand?post=17418"},{"taxonomy":"product_cat","embeddable":true,"href":"https:\/\/creativityshop.eu\/pl\/wp-json\/wp\/v2\/product_cat?post=17418"},{"taxonomy":"product_tag","embeddable":true,"href":"https:\/\/creativityshop.eu\/pl\/wp-json\/wp\/v2\/product_tag?post=17418"}],"curies":[{"name":"wp","href":"https:\/\/api.w.org\/{rel}","templated":true}]}}