{"id":17124,"date":"2020-04-26T21:55:13","date_gmt":"2020-04-26T18:55:13","guid":{"rendered":"https:\/\/creativityshop.eu\/?post_type=product&#038;p=17124"},"modified":"2024-02-14T01:15:48","modified_gmt":"2024-02-13T22:15:48","slug":"mouline-anchor-lame-green-color-322-8m","status":"publish","type":"product","link":"https:\/\/creativityshop.eu\/pl\/product\/mouline-anchor-lame-green-color-322-8m\/","title":{"rendered":"Mouline Anchor Lame, Green Color #322, 8m"},"content":{"rendered":"<p>Anchor Lam\u00e9 is a strandable metallic embroidery thread in 6 metallic colors, mainly used with Anchor Stranded Cotton for additional effects in embroidery.<\/p>\n<p>Anchor Lam\u00e9 has a viscose rayon\/ polyester metallic construction on 8 m skeins and can be divided into 12 individual strands depending on the thickness of thread required. In addition to combining Anchor Lam\u00e9 with Stranded Cotton for cross stitch, Anchor Lam\u00e9 is versatile and can be used for freestyle embroidery and goldwork.<br \/>\nWash at 30 degrees centigrade or dry clean, do not bleach or tumble dry, cool iron.<\/p>\n","protected":false},"excerpt":{"rendered":"<p><strong>Mouline Anchor Lame<\/strong><\/p>\n<p>Material: 65% Viscose \/ 35% Metallised polyester<br \/>\nSkein length: 8 m. \u0421an be divided into 12 individual strands depending on the thickness of the thread required<br \/>\nColor: Green #322<br \/>\nBrand origin: Germany<br \/>\nMade in Hungary<\/p>\n","protected":false},"featured_media":17095,"template":"","meta":{"_acf_changed":false,"_exactmetrics_skip_tracking":false,"_exactmetrics_sitenote_active":false,"_exactmetrics_sitenote_note":"","_exactmetrics_sitenote_category":0},"product_brand":[],"product_cat":[379,556],"product_tag":[],"class_list":{"0":"post-17124","1":"product","2":"type-product","3":"status-publish","4":"has-post-thumbnail","6":"product_cat-threads-cords","7":"product_cat-mouline","9":"first","10":"instock","11":"taxable","12":"shipping-taxable","13":"purchasable","14":"product-type-simple","15":"add-to-wishlist-after_add_to_cart"},"acf":[],"yoast_head":"<!-- This site is optimized with the Yoast SEO Premium plugin v27.0 (Yoast SEO v27.0) - https:\/\/yoast.com\/product\/yoast-seo-premium-wordpress\/ -->\n<title>Mouline Anchor Lame, Green Color #322, 8m - CreativityShopEU<\/title>\n<meta name=\"robots\" content=\"noindex, follow\" \/>\n<meta property=\"og:locale\" content=\"pl_PL\" \/>\n<meta property=\"og:type\" content=\"article\" \/>\n<meta property=\"og:title\" content=\"Mouline Anchor Lame, Green Color #322, 8m\" \/>\n<meta property=\"og:description\" content=\"Mouline Anchor Lame  Material: 65% Viscose \/ 35% Metallised polyester Skein length: 8 m. \u0421an be divided into 12 individual strands depending on the thickness of the thread required Color: Green #322 Brand origin: Germany Made in Hungary\" \/>\n<meta property=\"og:url\" content=\"https:\/\/creativityshop.eu\/pl\/product\/mouline-anchor-lame-green-color-322-8m\/\" \/>\n<meta property=\"og:site_name\" content=\"CreativityShopEU\" \/>\n<meta property=\"article:modified_time\" content=\"2024-02-13T22:15:48+00:00\" \/>\n<meta property=\"og:image\" content=\"https:\/\/creativityshop.eu\/wp-content\/uploads\/2020\/04\/lame-anchor-green-2h4180-322.jpg\" \/>\n\t<meta property=\"og:image:width\" content=\"768\" \/>\n\t<meta property=\"og:image:height\" content=\"768\" \/>\n\t<meta property=\"og:image:type\" content=\"image\/jpeg\" \/>\n<meta name=\"twitter:card\" content=\"summary_large_image\" \/>\n<meta name=\"twitter:label1\" content=\"Cena\" \/>\n\t<meta name=\"twitter:data1\" content=\"&euro;2.30\" \/>\n\t<meta name=\"twitter:label2\" content=\"Dost\u0119pno\u015b\u0107\" \/>\n\t<meta name=\"twitter:data2\" content=\"Dost\u0119pny\" \/>\n<script type=\"application\/ld+json\" class=\"yoast-schema-graph\">{\"@context\":\"https:\/\/schema.org\",\"@graph\":[{\"@type\":\"WebPage\",\"@id\":\"https:\/\/creativityshop.eu\/pl\/product\/mouline-anchor-lame-green-color-322-8m\/\",\"url\":\"https:\/\/creativityshop.eu\/pl\/product\/mouline-anchor-lame-green-color-322-8m\/\",\"name\":\"Mouline Anchor Lame, Green Color #322, 8m - CreativityShopEU\",\"isPartOf\":{\"@id\":\"https:\/\/creativityshop.eu\/pl\/#website\"},\"primaryImageOfPage\":{\"@id\":\"https:\/\/creativityshop.eu\/pl\/product\/mouline-anchor-lame-green-color-322-8m\/#primaryimage\"},\"image\":{\"@id\":\"https:\/\/creativityshop.eu\/pl\/product\/mouline-anchor-lame-green-color-322-8m\/#primaryimage\"},\"thumbnailUrl\":\"https:\/\/creativityshop.eu\/wp-content\/uploads\/2020\/04\/lame-anchor-green-2h4180-322.jpg\",\"datePublished\":\"2020-04-26T18:55:13+00:00\",\"dateModified\":\"2024-02-13T22:15:48+00:00\",\"breadcrumb\":{\"@id\":\"https:\/\/creativityshop.eu\/pl\/product\/mouline-anchor-lame-green-color-322-8m\/#breadcrumb\"},\"inLanguage\":\"pl-PL\",\"potentialAction\":[{\"@type\":\"ReadAction\",\"target\":[\"https:\/\/creativityshop.eu\/pl\/product\/mouline-anchor-lame-green-color-322-8m\/\"]}]},{\"@type\":\"ImageObject\",\"inLanguage\":\"pl-PL\",\"@id\":\"https:\/\/creativityshop.eu\/pl\/product\/mouline-anchor-lame-green-color-322-8m\/#primaryimage\",\"url\":\"https:\/\/creativityshop.eu\/wp-content\/uploads\/2020\/04\/lame-anchor-green-2h4180-322.jpg\",\"contentUrl\":\"https:\/\/creativityshop.eu\/wp-content\/uploads\/2020\/04\/lame-anchor-green-2h4180-322.jpg\",\"width\":768,\"height\":768,\"caption\":\"Mouline Anchor Lame Green\"},{\"@type\":\"BreadcrumbList\",\"@id\":\"https:\/\/creativityshop.eu\/pl\/product\/mouline-anchor-lame-green-color-322-8m\/#breadcrumb\",\"itemListElement\":[{\"@type\":\"ListItem\",\"position\":1,\"name\":\"Home\",\"item\":\"https:\/\/creativityshop.eu\/pl\/\"},{\"@type\":\"ListItem\",\"position\":2,\"name\":\"Shop\",\"item\":\"https:\/\/creativityshop.eu\/shop\/\"},{\"@type\":\"ListItem\",\"position\":3,\"name\":\"Mouline Anchor Lame, Green Color #322, 8m\"}]},{\"@type\":\"WebSite\",\"@id\":\"https:\/\/creativityshop.eu\/pl\/#website\",\"url\":\"https:\/\/creativityshop.eu\/pl\/\",\"name\":\"CreativityShopEU\",\"description\":\"Embroidery and jewelry components\",\"publisher\":{\"@id\":\"https:\/\/creativityshop.eu\/pl\/#organization\"},\"potentialAction\":[{\"@type\":\"SearchAction\",\"target\":{\"@type\":\"EntryPoint\",\"urlTemplate\":\"https:\/\/creativityshop.eu\/pl\/?s={search_term_string}\"},\"query-input\":{\"@type\":\"PropertyValueSpecification\",\"valueRequired\":true,\"valueName\":\"search_term_string\"}}],\"inLanguage\":\"pl-PL\"},{\"@type\":\"Organization\",\"@id\":\"https:\/\/creativityshop.eu\/pl\/#organization\",\"name\":\"Creativity Shop OU\",\"url\":\"https:\/\/creativityshop.eu\/pl\/\",\"logo\":{\"@type\":\"ImageObject\",\"inLanguage\":\"pl-PL\",\"@id\":\"https:\/\/creativityshop.eu\/pl\/#\/schema\/logo\/image\/\",\"url\":\"https:\/\/creativityshop.eu\/wp-content\/uploads\/2018\/11\/creativity_shop_logosite2.png\",\"contentUrl\":\"https:\/\/creativityshop.eu\/wp-content\/uploads\/2018\/11\/creativity_shop_logosite2.png\",\"width\":2871,\"height\":1100,\"caption\":\"Creativity Shop OU\"},\"image\":{\"@id\":\"https:\/\/creativityshop.eu\/pl\/#\/schema\/logo\/image\/\"}}]}<\/script>\n<meta property=\"product:price:amount\" content=\"2.30\" \/>\n<meta property=\"product:price:currency\" content=\"EUR\" \/>\n<meta property=\"og:availability\" content=\"instock\" \/>\n<meta property=\"product:availability\" content=\"instock\" \/>\n<meta property=\"product:retailer_item_id\" content=\"2H4180\\322\" \/>\n<meta property=\"product:condition\" content=\"new\" \/>\n<!-- \/ Yoast SEO Premium plugin. -->","yoast_head_json":{"title":"Mouline Anchor Lame, Green Color #322, 8m - CreativityShopEU","robots":{"index":"noindex","follow":"follow"},"og_locale":"pl_PL","og_type":"article","og_title":"Mouline Anchor Lame, Green Color #322, 8m","og_description":"Mouline Anchor Lame  Material: 65% Viscose \/ 35% Metallised polyester Skein length: 8 m. \u0421an be divided into 12 individual strands depending on the thickness of the thread required Color: Green #322 Brand origin: Germany Made in Hungary","og_url":"https:\/\/creativityshop.eu\/pl\/product\/mouline-anchor-lame-green-color-322-8m\/","og_site_name":"CreativityShopEU","article_modified_time":"2024-02-13T22:15:48+00:00","og_image":[{"width":768,"height":768,"url":"https:\/\/creativityshop.eu\/wp-content\/uploads\/2020\/04\/lame-anchor-green-2h4180-322.jpg","type":"image\/jpeg"}],"twitter_card":"summary_large_image","twitter_misc":{"Cena":"&euro;2.30","Dost\u0119pno\u015b\u0107":"Dost\u0119pny"},"schema":{"@context":"https:\/\/schema.org","@graph":[{"@type":"WebPage","@id":"https:\/\/creativityshop.eu\/pl\/product\/mouline-anchor-lame-green-color-322-8m\/","url":"https:\/\/creativityshop.eu\/pl\/product\/mouline-anchor-lame-green-color-322-8m\/","name":"Mouline Anchor Lame, Green Color #322, 8m - CreativityShopEU","isPartOf":{"@id":"https:\/\/creativityshop.eu\/pl\/#website"},"primaryImageOfPage":{"@id":"https:\/\/creativityshop.eu\/pl\/product\/mouline-anchor-lame-green-color-322-8m\/#primaryimage"},"image":{"@id":"https:\/\/creativityshop.eu\/pl\/product\/mouline-anchor-lame-green-color-322-8m\/#primaryimage"},"thumbnailUrl":"https:\/\/creativityshop.eu\/wp-content\/uploads\/2020\/04\/lame-anchor-green-2h4180-322.jpg","datePublished":"2020-04-26T18:55:13+00:00","dateModified":"2024-02-13T22:15:48+00:00","breadcrumb":{"@id":"https:\/\/creativityshop.eu\/pl\/product\/mouline-anchor-lame-green-color-322-8m\/#breadcrumb"},"inLanguage":"pl-PL","potentialAction":[{"@type":"ReadAction","target":["https:\/\/creativityshop.eu\/pl\/product\/mouline-anchor-lame-green-color-322-8m\/"]}]},{"@type":"ImageObject","inLanguage":"pl-PL","@id":"https:\/\/creativityshop.eu\/pl\/product\/mouline-anchor-lame-green-color-322-8m\/#primaryimage","url":"https:\/\/creativityshop.eu\/wp-content\/uploads\/2020\/04\/lame-anchor-green-2h4180-322.jpg","contentUrl":"https:\/\/creativityshop.eu\/wp-content\/uploads\/2020\/04\/lame-anchor-green-2h4180-322.jpg","width":768,"height":768,"caption":"Mouline Anchor Lame Green"},{"@type":"BreadcrumbList","@id":"https:\/\/creativityshop.eu\/pl\/product\/mouline-anchor-lame-green-color-322-8m\/#breadcrumb","itemListElement":[{"@type":"ListItem","position":1,"name":"Home","item":"https:\/\/creativityshop.eu\/pl\/"},{"@type":"ListItem","position":2,"name":"Shop","item":"https:\/\/creativityshop.eu\/shop\/"},{"@type":"ListItem","position":3,"name":"Mouline Anchor Lame, Green Color #322, 8m"}]},{"@type":"WebSite","@id":"https:\/\/creativityshop.eu\/pl\/#website","url":"https:\/\/creativityshop.eu\/pl\/","name":"CreativityShopEU","description":"Embroidery and jewelry components","publisher":{"@id":"https:\/\/creativityshop.eu\/pl\/#organization"},"potentialAction":[{"@type":"SearchAction","target":{"@type":"EntryPoint","urlTemplate":"https:\/\/creativityshop.eu\/pl\/?s={search_term_string}"},"query-input":{"@type":"PropertyValueSpecification","valueRequired":true,"valueName":"search_term_string"}}],"inLanguage":"pl-PL"},{"@type":"Organization","@id":"https:\/\/creativityshop.eu\/pl\/#organization","name":"Creativity Shop OU","url":"https:\/\/creativityshop.eu\/pl\/","logo":{"@type":"ImageObject","inLanguage":"pl-PL","@id":"https:\/\/creativityshop.eu\/pl\/#\/schema\/logo\/image\/","url":"https:\/\/creativityshop.eu\/wp-content\/uploads\/2018\/11\/creativity_shop_logosite2.png","contentUrl":"https:\/\/creativityshop.eu\/wp-content\/uploads\/2018\/11\/creativity_shop_logosite2.png","width":2871,"height":1100,"caption":"Creativity Shop OU"},"image":{"@id":"https:\/\/creativityshop.eu\/pl\/#\/schema\/logo\/image\/"}}]},"product_price_amount":"2.30","product_price_currency":"EUR","og_availability":"instock","product_availability":"instock","product_retailer_item_id":"2H4180\\322","product_condition":"new"},"_links":{"self":[{"href":"https:\/\/creativityshop.eu\/pl\/wp-json\/wp\/v2\/product\/17124","targetHints":{"allow":["GET"]}}],"collection":[{"href":"https:\/\/creativityshop.eu\/pl\/wp-json\/wp\/v2\/product"}],"about":[{"href":"https:\/\/creativityshop.eu\/pl\/wp-json\/wp\/v2\/types\/product"}],"wp:featuredmedia":[{"embeddable":true,"href":"https:\/\/creativityshop.eu\/pl\/wp-json\/wp\/v2\/media\/17095"}],"wp:attachment":[{"href":"https:\/\/creativityshop.eu\/pl\/wp-json\/wp\/v2\/media?parent=17124"}],"wp:term":[{"taxonomy":"product_brand","embeddable":true,"href":"https:\/\/creativityshop.eu\/pl\/wp-json\/wp\/v2\/product_brand?post=17124"},{"taxonomy":"product_cat","embeddable":true,"href":"https:\/\/creativityshop.eu\/pl\/wp-json\/wp\/v2\/product_cat?post=17124"},{"taxonomy":"product_tag","embeddable":true,"href":"https:\/\/creativityshop.eu\/pl\/wp-json\/wp\/v2\/product_tag?post=17124"}],"curies":[{"name":"wp","href":"https:\/\/api.w.org\/{rel}","templated":true}]}}