{"id":17107,"date":"2020-04-26T12:25:16","date_gmt":"2020-04-26T09:25:16","guid":{"rendered":"https:\/\/creativityshop.eu\/?post_type=product&#038;p=17107"},"modified":"2024-06-20T18:15:48","modified_gmt":"2024-06-20T15:15:48","slug":"metallic-embroidery-thread-anchor-red-color-318-50m","status":"publish","type":"product","link":"https:\/\/creativityshop.eu\/pl\/product\/metallic-embroidery-thread-anchor-red-color-318-50m\/","title":{"rendered":"Metallic Embroidery Thread Anchor, Red Color #318, 50m"},"content":{"rendered":"<p>Anchor Metallic embroidery threads add that extra sparkle to your embroidery crafts projects. Anchor Metallic is a fine hand embroidery thread with a chain construction, which is ideal for tassel-making, cord making and projects where longer lengths of thread are required.<\/p>\n<p>The construction is a single Ply thread on 50 m spools. The Anchor Metallic range is also suitable for freestyle embroidery, Goldwork, canvas work and different forms of counted thread embroidery. Anchor Metallic Embroidery thread highlights your creativity and adds an elegant and glamorous touch. Used alone or combined with other threads, Anchor Metallic embroidery thread provides a precious appearance and adds a touch of luxury to your special stitching project.<\/p>\n<p>Wash at 30 degrees centigrade or dryclean, do not bleach or tumble dry, cool iron.<\/p>\n","protected":false},"excerpt":{"rendered":"<p><strong>Anchor Metallic Embroidery Thread<\/strong><\/p>\n<p>Material: 58% Metallised polyester \/ 42% textured polyamide<br \/>\nSpool length: 50 m<br \/>\nColor: Red #318<br \/>\nBrand origin: Germany<br \/>\nMade in Hungary<\/p>\n","protected":false},"featured_media":17083,"template":"","meta":{"_acf_changed":false,"_exactmetrics_skip_tracking":false,"_exactmetrics_sitenote_active":false,"_exactmetrics_sitenote_note":"","_exactmetrics_sitenote_category":0},"product_brand":[],"product_cat":[379,526],"product_tag":[],"class_list":{"0":"post-17107","1":"product","2":"type-product","3":"status-publish","4":"has-post-thumbnail","6":"product_cat-threads-cords","7":"product_cat-embroidery-threads","9":"first","10":"instock","11":"taxable","12":"shipping-taxable","13":"purchasable","14":"product-type-simple","15":"add-to-wishlist-after_add_to_cart"},"acf":[],"yoast_head":"<!-- This site is optimized with the Yoast SEO Premium plugin v27.0 (Yoast SEO v27.0) - https:\/\/yoast.com\/product\/yoast-seo-premium-wordpress\/ -->\n<title>Metallic Embroidery Thread Anchor, Red Color #318, 50m - CreativityShopEU<\/title>\n<meta name=\"robots\" content=\"noindex, follow\" \/>\n<meta property=\"og:locale\" content=\"pl_PL\" \/>\n<meta property=\"og:type\" content=\"article\" \/>\n<meta property=\"og:title\" content=\"Metallic Embroidery Thread Anchor, Red Color #318, 50m\" \/>\n<meta property=\"og:description\" content=\"Anchor Metallic Embroidery Thread  Material: 58% Metallised polyester \/ 42% textured polyamide Spool length: 50 m Color: Red #318 Brand origin: Germany Made in Hungary\" \/>\n<meta property=\"og:url\" content=\"https:\/\/creativityshop.eu\/pl\/product\/metallic-embroidery-thread-anchor-red-color-318-50m\/\" \/>\n<meta property=\"og:site_name\" content=\"CreativityShopEU\" \/>\n<meta property=\"article:modified_time\" content=\"2024-06-20T15:15:48+00:00\" \/>\n<meta property=\"og:image\" content=\"https:\/\/creativityshop.eu\/wp-content\/uploads\/2020\/04\/anchor-metallic-hand-embroidery-thread-red-color-43160000-318.jpg\" \/>\n\t<meta property=\"og:image:width\" content=\"768\" \/>\n\t<meta property=\"og:image:height\" content=\"768\" \/>\n\t<meta property=\"og:image:type\" content=\"image\/jpeg\" \/>\n<meta name=\"twitter:card\" content=\"summary_large_image\" \/>\n<meta name=\"twitter:label1\" content=\"Cena\" \/>\n\t<meta name=\"twitter:data1\" content=\"&euro;3.95\" \/>\n\t<meta name=\"twitter:label2\" content=\"Dost\u0119pno\u015b\u0107\" \/>\n\t<meta name=\"twitter:data2\" content=\"Dost\u0119pny\" \/>\n<script type=\"application\/ld+json\" class=\"yoast-schema-graph\">{\"@context\":\"https:\/\/schema.org\",\"@graph\":[{\"@type\":\"WebPage\",\"@id\":\"https:\/\/creativityshop.eu\/pl\/product\/metallic-embroidery-thread-anchor-red-color-318-50m\/\",\"url\":\"https:\/\/creativityshop.eu\/pl\/product\/metallic-embroidery-thread-anchor-red-color-318-50m\/\",\"name\":\"Metallic Embroidery Thread Anchor, Red Color #318, 50m - CreativityShopEU\",\"isPartOf\":{\"@id\":\"https:\/\/creativityshop.eu\/pl\/#website\"},\"primaryImageOfPage\":{\"@id\":\"https:\/\/creativityshop.eu\/pl\/product\/metallic-embroidery-thread-anchor-red-color-318-50m\/#primaryimage\"},\"image\":{\"@id\":\"https:\/\/creativityshop.eu\/pl\/product\/metallic-embroidery-thread-anchor-red-color-318-50m\/#primaryimage\"},\"thumbnailUrl\":\"https:\/\/creativityshop.eu\/wp-content\/uploads\/2020\/04\/anchor-metallic-hand-embroidery-thread-red-color-43160000-318.jpg\",\"datePublished\":\"2020-04-26T09:25:16+00:00\",\"dateModified\":\"2024-06-20T15:15:48+00:00\",\"breadcrumb\":{\"@id\":\"https:\/\/creativityshop.eu\/pl\/product\/metallic-embroidery-thread-anchor-red-color-318-50m\/#breadcrumb\"},\"inLanguage\":\"pl-PL\",\"potentialAction\":[{\"@type\":\"ReadAction\",\"target\":[\"https:\/\/creativityshop.eu\/pl\/product\/metallic-embroidery-thread-anchor-red-color-318-50m\/\"]}]},{\"@type\":\"ImageObject\",\"inLanguage\":\"pl-PL\",\"@id\":\"https:\/\/creativityshop.eu\/pl\/product\/metallic-embroidery-thread-anchor-red-color-318-50m\/#primaryimage\",\"url\":\"https:\/\/creativityshop.eu\/wp-content\/uploads\/2020\/04\/anchor-metallic-hand-embroidery-thread-red-color-43160000-318.jpg\",\"contentUrl\":\"https:\/\/creativityshop.eu\/wp-content\/uploads\/2020\/04\/anchor-metallic-hand-embroidery-thread-red-color-43160000-318.jpg\",\"width\":768,\"height\":768,\"caption\":\"Anchor Metallic Thread Red\"},{\"@type\":\"BreadcrumbList\",\"@id\":\"https:\/\/creativityshop.eu\/pl\/product\/metallic-embroidery-thread-anchor-red-color-318-50m\/#breadcrumb\",\"itemListElement\":[{\"@type\":\"ListItem\",\"position\":1,\"name\":\"Home\",\"item\":\"https:\/\/creativityshop.eu\/pl\/\"},{\"@type\":\"ListItem\",\"position\":2,\"name\":\"Shop\",\"item\":\"https:\/\/creativityshop.eu\/shop\/\"},{\"@type\":\"ListItem\",\"position\":3,\"name\":\"Metallic Embroidery Thread Anchor, Red Color #318, 50m\"}]},{\"@type\":\"WebSite\",\"@id\":\"https:\/\/creativityshop.eu\/pl\/#website\",\"url\":\"https:\/\/creativityshop.eu\/pl\/\",\"name\":\"CreativityShopEU\",\"description\":\"Embroidery and jewelry components\",\"publisher\":{\"@id\":\"https:\/\/creativityshop.eu\/pl\/#organization\"},\"potentialAction\":[{\"@type\":\"SearchAction\",\"target\":{\"@type\":\"EntryPoint\",\"urlTemplate\":\"https:\/\/creativityshop.eu\/pl\/?s={search_term_string}\"},\"query-input\":{\"@type\":\"PropertyValueSpecification\",\"valueRequired\":true,\"valueName\":\"search_term_string\"}}],\"inLanguage\":\"pl-PL\"},{\"@type\":\"Organization\",\"@id\":\"https:\/\/creativityshop.eu\/pl\/#organization\",\"name\":\"Creativity Shop OU\",\"url\":\"https:\/\/creativityshop.eu\/pl\/\",\"logo\":{\"@type\":\"ImageObject\",\"inLanguage\":\"pl-PL\",\"@id\":\"https:\/\/creativityshop.eu\/pl\/#\/schema\/logo\/image\/\",\"url\":\"https:\/\/creativityshop.eu\/wp-content\/uploads\/2018\/11\/creativity_shop_logosite2.png\",\"contentUrl\":\"https:\/\/creativityshop.eu\/wp-content\/uploads\/2018\/11\/creativity_shop_logosite2.png\",\"width\":2871,\"height\":1100,\"caption\":\"Creativity Shop OU\"},\"image\":{\"@id\":\"https:\/\/creativityshop.eu\/pl\/#\/schema\/logo\/image\/\"}}]}<\/script>\n<meta property=\"product:price:amount\" content=\"3.95\" \/>\n<meta property=\"product:price:currency\" content=\"EUR\" \/>\n<meta property=\"og:availability\" content=\"instock\" \/>\n<meta property=\"product:availability\" content=\"instock\" \/>\n<meta property=\"product:retailer_item_id\" content=\"4316000\\0318\" \/>\n<meta property=\"product:condition\" content=\"new\" \/>\n<!-- \/ Yoast SEO Premium plugin. -->","yoast_head_json":{"title":"Metallic Embroidery Thread Anchor, Red Color #318, 50m - CreativityShopEU","robots":{"index":"noindex","follow":"follow"},"og_locale":"pl_PL","og_type":"article","og_title":"Metallic Embroidery Thread Anchor, Red Color #318, 50m","og_description":"Anchor Metallic Embroidery Thread  Material: 58% Metallised polyester \/ 42% textured polyamide Spool length: 50 m Color: Red #318 Brand origin: Germany Made in Hungary","og_url":"https:\/\/creativityshop.eu\/pl\/product\/metallic-embroidery-thread-anchor-red-color-318-50m\/","og_site_name":"CreativityShopEU","article_modified_time":"2024-06-20T15:15:48+00:00","og_image":[{"width":768,"height":768,"url":"https:\/\/creativityshop.eu\/wp-content\/uploads\/2020\/04\/anchor-metallic-hand-embroidery-thread-red-color-43160000-318.jpg","type":"image\/jpeg"}],"twitter_card":"summary_large_image","twitter_misc":{"Cena":"&euro;3.95","Dost\u0119pno\u015b\u0107":"Dost\u0119pny"},"schema":{"@context":"https:\/\/schema.org","@graph":[{"@type":"WebPage","@id":"https:\/\/creativityshop.eu\/pl\/product\/metallic-embroidery-thread-anchor-red-color-318-50m\/","url":"https:\/\/creativityshop.eu\/pl\/product\/metallic-embroidery-thread-anchor-red-color-318-50m\/","name":"Metallic Embroidery Thread Anchor, Red Color #318, 50m - CreativityShopEU","isPartOf":{"@id":"https:\/\/creativityshop.eu\/pl\/#website"},"primaryImageOfPage":{"@id":"https:\/\/creativityshop.eu\/pl\/product\/metallic-embroidery-thread-anchor-red-color-318-50m\/#primaryimage"},"image":{"@id":"https:\/\/creativityshop.eu\/pl\/product\/metallic-embroidery-thread-anchor-red-color-318-50m\/#primaryimage"},"thumbnailUrl":"https:\/\/creativityshop.eu\/wp-content\/uploads\/2020\/04\/anchor-metallic-hand-embroidery-thread-red-color-43160000-318.jpg","datePublished":"2020-04-26T09:25:16+00:00","dateModified":"2024-06-20T15:15:48+00:00","breadcrumb":{"@id":"https:\/\/creativityshop.eu\/pl\/product\/metallic-embroidery-thread-anchor-red-color-318-50m\/#breadcrumb"},"inLanguage":"pl-PL","potentialAction":[{"@type":"ReadAction","target":["https:\/\/creativityshop.eu\/pl\/product\/metallic-embroidery-thread-anchor-red-color-318-50m\/"]}]},{"@type":"ImageObject","inLanguage":"pl-PL","@id":"https:\/\/creativityshop.eu\/pl\/product\/metallic-embroidery-thread-anchor-red-color-318-50m\/#primaryimage","url":"https:\/\/creativityshop.eu\/wp-content\/uploads\/2020\/04\/anchor-metallic-hand-embroidery-thread-red-color-43160000-318.jpg","contentUrl":"https:\/\/creativityshop.eu\/wp-content\/uploads\/2020\/04\/anchor-metallic-hand-embroidery-thread-red-color-43160000-318.jpg","width":768,"height":768,"caption":"Anchor Metallic Thread Red"},{"@type":"BreadcrumbList","@id":"https:\/\/creativityshop.eu\/pl\/product\/metallic-embroidery-thread-anchor-red-color-318-50m\/#breadcrumb","itemListElement":[{"@type":"ListItem","position":1,"name":"Home","item":"https:\/\/creativityshop.eu\/pl\/"},{"@type":"ListItem","position":2,"name":"Shop","item":"https:\/\/creativityshop.eu\/shop\/"},{"@type":"ListItem","position":3,"name":"Metallic Embroidery Thread Anchor, Red Color #318, 50m"}]},{"@type":"WebSite","@id":"https:\/\/creativityshop.eu\/pl\/#website","url":"https:\/\/creativityshop.eu\/pl\/","name":"CreativityShopEU","description":"Embroidery and jewelry components","publisher":{"@id":"https:\/\/creativityshop.eu\/pl\/#organization"},"potentialAction":[{"@type":"SearchAction","target":{"@type":"EntryPoint","urlTemplate":"https:\/\/creativityshop.eu\/pl\/?s={search_term_string}"},"query-input":{"@type":"PropertyValueSpecification","valueRequired":true,"valueName":"search_term_string"}}],"inLanguage":"pl-PL"},{"@type":"Organization","@id":"https:\/\/creativityshop.eu\/pl\/#organization","name":"Creativity Shop OU","url":"https:\/\/creativityshop.eu\/pl\/","logo":{"@type":"ImageObject","inLanguage":"pl-PL","@id":"https:\/\/creativityshop.eu\/pl\/#\/schema\/logo\/image\/","url":"https:\/\/creativityshop.eu\/wp-content\/uploads\/2018\/11\/creativity_shop_logosite2.png","contentUrl":"https:\/\/creativityshop.eu\/wp-content\/uploads\/2018\/11\/creativity_shop_logosite2.png","width":2871,"height":1100,"caption":"Creativity Shop OU"},"image":{"@id":"https:\/\/creativityshop.eu\/pl\/#\/schema\/logo\/image\/"}}]},"product_price_amount":"3.95","product_price_currency":"EUR","og_availability":"instock","product_availability":"instock","product_retailer_item_id":"4316000\\0318","product_condition":"new"},"_links":{"self":[{"href":"https:\/\/creativityshop.eu\/pl\/wp-json\/wp\/v2\/product\/17107","targetHints":{"allow":["GET"]}}],"collection":[{"href":"https:\/\/creativityshop.eu\/pl\/wp-json\/wp\/v2\/product"}],"about":[{"href":"https:\/\/creativityshop.eu\/pl\/wp-json\/wp\/v2\/types\/product"}],"wp:featuredmedia":[{"embeddable":true,"href":"https:\/\/creativityshop.eu\/pl\/wp-json\/wp\/v2\/media\/17083"}],"wp:attachment":[{"href":"https:\/\/creativityshop.eu\/pl\/wp-json\/wp\/v2\/media?parent=17107"}],"wp:term":[{"taxonomy":"product_brand","embeddable":true,"href":"https:\/\/creativityshop.eu\/pl\/wp-json\/wp\/v2\/product_brand?post=17107"},{"taxonomy":"product_cat","embeddable":true,"href":"https:\/\/creativityshop.eu\/pl\/wp-json\/wp\/v2\/product_cat?post=17107"},{"taxonomy":"product_tag","embeddable":true,"href":"https:\/\/creativityshop.eu\/pl\/wp-json\/wp\/v2\/product_tag?post=17107"}],"curies":[{"name":"wp","href":"https:\/\/api.w.org\/{rel}","templated":true}]}}