{"id":14870,"date":"2020-02-12T23:59:15","date_gmt":"2020-02-12T20:59:15","guid":{"rendered":"https:\/\/creativityshop.eu\/?post_type=product&#038;p=14870"},"modified":"2024-02-13T21:53:44","modified_gmt":"2024-02-13T18:53:44","slug":"embroidery-scissors-hemline-black-gold-handles-11cm-4-25-in","status":"publish","type":"product","link":"https:\/\/creativityshop.eu\/pl\/product\/embroidery-scissors-hemline-black-gold-handles-11cm-4-25-in\/","title":{"rendered":"Embroidery Scissors Hemline, Black\/Gold Handles 11cm\/4.25 in"},"content":{"rendered":"<p>Product images are for illustrative purposes only and may differ from the actual product. Due to differences in monitors and lightening, colors of products may also appear different to those shown on the site.<\/p>\n","protected":false},"excerpt":{"rendered":"<p><strong>Deluxe Quality Embroidery Scissors with Black\/Gold Handles<\/strong><br \/>\nStylish and geniune; Fine and sharp tip for detailed hand needle works; Quality stainless steel blades that remain their sharpness for years.<br \/>\nSize: 4.25 inches (10.71 cm)<br \/>\nMaterial: Stainless Steel<br \/>\nBrand: Hemline<br \/>\nPrice for 1 piece<\/p>\n","protected":false},"featured_media":14818,"template":"","meta":{"_acf_changed":false,"_exactmetrics_skip_tracking":false,"_exactmetrics_sitenote_active":false,"_exactmetrics_sitenote_note":"","_exactmetrics_sitenote_category":0},"product_brand":[],"product_cat":[404,412],"product_tag":[],"class_list":{"0":"post-14870","1":"product","2":"type-product","3":"status-publish","4":"has-post-thumbnail","6":"product_cat-tools","7":"product_cat-scissors","9":"first","10":"outofstock","11":"taxable","12":"shipping-taxable","13":"purchasable","14":"product-type-simple","15":"add-to-wishlist-after_add_to_cart"},"acf":[],"yoast_head":"<!-- This site is optimized with the Yoast SEO Premium plugin v27.0 (Yoast SEO v27.0) - https:\/\/yoast.com\/product\/yoast-seo-premium-wordpress\/ -->\n<title>Embroidery Scissors Hemline, Black\/Gold Handles 11cm\/4.25 in - CreativityShopEU<\/title>\n<meta name=\"robots\" content=\"noindex, follow\" \/>\n<meta property=\"og:locale\" content=\"pl_PL\" \/>\n<meta property=\"og:type\" content=\"article\" \/>\n<meta property=\"og:title\" content=\"Embroidery Scissors Hemline, Black\/Gold Handles 11cm\/4.25 in\" \/>\n<meta property=\"og:description\" content=\"Deluxe Quality Embroidery Scissors with Black\/Gold Handles Stylish and geniune; Fine and sharp tip for detailed hand needle works; Quality stainless steel blades that remain their sharpness for years.  Size: 4.25 inches (10.71 cm) Material: Stainless Steel Brand: Hemline Price for 1 piece\" \/>\n<meta property=\"og:url\" content=\"https:\/\/creativityshop.eu\/pl\/product\/embroidery-scissors-hemline-black-gold-handles-11cm-4-25-in\/\" \/>\n<meta property=\"og:site_name\" content=\"CreativityShopEU\" \/>\n<meta property=\"article:modified_time\" content=\"2024-02-13T18:53:44+00:00\" \/>\n<meta property=\"og:image\" content=\"https:\/\/creativityshop.eu\/wp-content\/uploads\/2020\/02\/hemline-embroidery-scissors-black-110mm.jpg\" \/>\n\t<meta property=\"og:image:width\" content=\"768\" \/>\n\t<meta property=\"og:image:height\" content=\"768\" \/>\n\t<meta property=\"og:image:type\" content=\"image\/jpeg\" \/>\n<meta name=\"twitter:card\" content=\"summary_large_image\" \/>\n<meta name=\"twitter:label1\" content=\"Cena\" \/>\n\t<meta name=\"twitter:data1\" content=\"&#036;11.00\" \/>\n\t<meta name=\"twitter:label2\" content=\"Dost\u0119pno\u015b\u0107\" \/>\n\t<meta name=\"twitter:data2\" content=\"Brak w magazynie\" \/>\n<script type=\"application\/ld+json\" class=\"yoast-schema-graph\">{\"@context\":\"https:\/\/schema.org\",\"@graph\":[{\"@type\":\"WebPage\",\"@id\":\"https:\/\/creativityshop.eu\/pl\/product\/embroidery-scissors-hemline-black-gold-handles-11cm-4-25-in\/\",\"url\":\"https:\/\/creativityshop.eu\/pl\/product\/embroidery-scissors-hemline-black-gold-handles-11cm-4-25-in\/\",\"name\":\"Embroidery Scissors Hemline, Black\/Gold Handles 11cm\/4.25 in - CreativityShopEU\",\"isPartOf\":{\"@id\":\"https:\/\/creativityshop.eu\/pl\/#website\"},\"primaryImageOfPage\":{\"@id\":\"https:\/\/creativityshop.eu\/pl\/product\/embroidery-scissors-hemline-black-gold-handles-11cm-4-25-in\/#primaryimage\"},\"image\":{\"@id\":\"https:\/\/creativityshop.eu\/pl\/product\/embroidery-scissors-hemline-black-gold-handles-11cm-4-25-in\/#primaryimage\"},\"thumbnailUrl\":\"https:\/\/creativityshop.eu\/wp-content\/uploads\/2020\/02\/hemline-embroidery-scissors-black-110mm.jpg\",\"datePublished\":\"2020-02-12T20:59:15+00:00\",\"dateModified\":\"2024-02-13T18:53:44+00:00\",\"breadcrumb\":{\"@id\":\"https:\/\/creativityshop.eu\/pl\/product\/embroidery-scissors-hemline-black-gold-handles-11cm-4-25-in\/#breadcrumb\"},\"inLanguage\":\"pl-PL\",\"potentialAction\":[{\"@type\":\"ReadAction\",\"target\":[\"https:\/\/creativityshop.eu\/pl\/product\/embroidery-scissors-hemline-black-gold-handles-11cm-4-25-in\/\"]}]},{\"@type\":\"ImageObject\",\"inLanguage\":\"pl-PL\",\"@id\":\"https:\/\/creativityshop.eu\/pl\/product\/embroidery-scissors-hemline-black-gold-handles-11cm-4-25-in\/#primaryimage\",\"url\":\"https:\/\/creativityshop.eu\/wp-content\/uploads\/2020\/02\/hemline-embroidery-scissors-black-110mm.jpg\",\"contentUrl\":\"https:\/\/creativityshop.eu\/wp-content\/uploads\/2020\/02\/hemline-embroidery-scissors-black-110mm.jpg\",\"width\":768,\"height\":768},{\"@type\":\"BreadcrumbList\",\"@id\":\"https:\/\/creativityshop.eu\/pl\/product\/embroidery-scissors-hemline-black-gold-handles-11cm-4-25-in\/#breadcrumb\",\"itemListElement\":[{\"@type\":\"ListItem\",\"position\":1,\"name\":\"Home\",\"item\":\"https:\/\/creativityshop.eu\/pl\/\"},{\"@type\":\"ListItem\",\"position\":2,\"name\":\"Shop\",\"item\":\"https:\/\/creativityshop.eu\/shop\/\"},{\"@type\":\"ListItem\",\"position\":3,\"name\":\"Embroidery Scissors Hemline, Black\/Gold Handles 11cm\/4.25 in\"}]},{\"@type\":\"WebSite\",\"@id\":\"https:\/\/creativityshop.eu\/pl\/#website\",\"url\":\"https:\/\/creativityshop.eu\/pl\/\",\"name\":\"CreativityShopEU\",\"description\":\"Embroidery and jewelry components\",\"publisher\":{\"@id\":\"https:\/\/creativityshop.eu\/pl\/#organization\"},\"potentialAction\":[{\"@type\":\"SearchAction\",\"target\":{\"@type\":\"EntryPoint\",\"urlTemplate\":\"https:\/\/creativityshop.eu\/pl\/?s={search_term_string}\"},\"query-input\":{\"@type\":\"PropertyValueSpecification\",\"valueRequired\":true,\"valueName\":\"search_term_string\"}}],\"inLanguage\":\"pl-PL\"},{\"@type\":\"Organization\",\"@id\":\"https:\/\/creativityshop.eu\/pl\/#organization\",\"name\":\"Creativity Shop OU\",\"url\":\"https:\/\/creativityshop.eu\/pl\/\",\"logo\":{\"@type\":\"ImageObject\",\"inLanguage\":\"pl-PL\",\"@id\":\"https:\/\/creativityshop.eu\/pl\/#\/schema\/logo\/image\/\",\"url\":\"https:\/\/creativityshop.eu\/wp-content\/uploads\/2018\/11\/creativity_shop_logosite2.png\",\"contentUrl\":\"https:\/\/creativityshop.eu\/wp-content\/uploads\/2018\/11\/creativity_shop_logosite2.png\",\"width\":2871,\"height\":1100,\"caption\":\"Creativity Shop OU\"},\"image\":{\"@id\":\"https:\/\/creativityshop.eu\/pl\/#\/schema\/logo\/image\/\"}}]}<\/script>\n<meta property=\"product:price:amount\" content=\"11.00\" \/>\n<meta property=\"product:price:currency\" content=\"USD\" \/>\n<meta property=\"og:availability\" content=\"out of stock\" \/>\n<meta property=\"product:availability\" content=\"out of stock\" \/>\n<meta property=\"product:retailer_item_id\" content=\"H342\" \/>\n<meta property=\"product:condition\" content=\"new\" \/>\n<!-- \/ Yoast SEO Premium plugin. -->","yoast_head_json":{"title":"Embroidery Scissors Hemline, Black\/Gold Handles 11cm\/4.25 in - CreativityShopEU","robots":{"index":"noindex","follow":"follow"},"og_locale":"pl_PL","og_type":"article","og_title":"Embroidery Scissors Hemline, Black\/Gold Handles 11cm\/4.25 in","og_description":"Deluxe Quality Embroidery Scissors with Black\/Gold Handles Stylish and geniune; Fine and sharp tip for detailed hand needle works; Quality stainless steel blades that remain their sharpness for years.  Size: 4.25 inches (10.71 cm) Material: Stainless Steel Brand: Hemline Price for 1 piece","og_url":"https:\/\/creativityshop.eu\/pl\/product\/embroidery-scissors-hemline-black-gold-handles-11cm-4-25-in\/","og_site_name":"CreativityShopEU","article_modified_time":"2024-02-13T18:53:44+00:00","og_image":[{"width":768,"height":768,"url":"https:\/\/creativityshop.eu\/wp-content\/uploads\/2020\/02\/hemline-embroidery-scissors-black-110mm.jpg","type":"image\/jpeg"}],"twitter_card":"summary_large_image","twitter_misc":{"Cena":"&#36;11.00","Dost\u0119pno\u015b\u0107":"Brak w magazynie"},"schema":{"@context":"https:\/\/schema.org","@graph":[{"@type":"WebPage","@id":"https:\/\/creativityshop.eu\/pl\/product\/embroidery-scissors-hemline-black-gold-handles-11cm-4-25-in\/","url":"https:\/\/creativityshop.eu\/pl\/product\/embroidery-scissors-hemline-black-gold-handles-11cm-4-25-in\/","name":"Embroidery Scissors Hemline, Black\/Gold Handles 11cm\/4.25 in - CreativityShopEU","isPartOf":{"@id":"https:\/\/creativityshop.eu\/pl\/#website"},"primaryImageOfPage":{"@id":"https:\/\/creativityshop.eu\/pl\/product\/embroidery-scissors-hemline-black-gold-handles-11cm-4-25-in\/#primaryimage"},"image":{"@id":"https:\/\/creativityshop.eu\/pl\/product\/embroidery-scissors-hemline-black-gold-handles-11cm-4-25-in\/#primaryimage"},"thumbnailUrl":"https:\/\/creativityshop.eu\/wp-content\/uploads\/2020\/02\/hemline-embroidery-scissors-black-110mm.jpg","datePublished":"2020-02-12T20:59:15+00:00","dateModified":"2024-02-13T18:53:44+00:00","breadcrumb":{"@id":"https:\/\/creativityshop.eu\/pl\/product\/embroidery-scissors-hemline-black-gold-handles-11cm-4-25-in\/#breadcrumb"},"inLanguage":"pl-PL","potentialAction":[{"@type":"ReadAction","target":["https:\/\/creativityshop.eu\/pl\/product\/embroidery-scissors-hemline-black-gold-handles-11cm-4-25-in\/"]}]},{"@type":"ImageObject","inLanguage":"pl-PL","@id":"https:\/\/creativityshop.eu\/pl\/product\/embroidery-scissors-hemline-black-gold-handles-11cm-4-25-in\/#primaryimage","url":"https:\/\/creativityshop.eu\/wp-content\/uploads\/2020\/02\/hemline-embroidery-scissors-black-110mm.jpg","contentUrl":"https:\/\/creativityshop.eu\/wp-content\/uploads\/2020\/02\/hemline-embroidery-scissors-black-110mm.jpg","width":768,"height":768},{"@type":"BreadcrumbList","@id":"https:\/\/creativityshop.eu\/pl\/product\/embroidery-scissors-hemline-black-gold-handles-11cm-4-25-in\/#breadcrumb","itemListElement":[{"@type":"ListItem","position":1,"name":"Home","item":"https:\/\/creativityshop.eu\/pl\/"},{"@type":"ListItem","position":2,"name":"Shop","item":"https:\/\/creativityshop.eu\/shop\/"},{"@type":"ListItem","position":3,"name":"Embroidery Scissors Hemline, Black\/Gold Handles 11cm\/4.25 in"}]},{"@type":"WebSite","@id":"https:\/\/creativityshop.eu\/pl\/#website","url":"https:\/\/creativityshop.eu\/pl\/","name":"CreativityShopEU","description":"Embroidery and jewelry components","publisher":{"@id":"https:\/\/creativityshop.eu\/pl\/#organization"},"potentialAction":[{"@type":"SearchAction","target":{"@type":"EntryPoint","urlTemplate":"https:\/\/creativityshop.eu\/pl\/?s={search_term_string}"},"query-input":{"@type":"PropertyValueSpecification","valueRequired":true,"valueName":"search_term_string"}}],"inLanguage":"pl-PL"},{"@type":"Organization","@id":"https:\/\/creativityshop.eu\/pl\/#organization","name":"Creativity Shop OU","url":"https:\/\/creativityshop.eu\/pl\/","logo":{"@type":"ImageObject","inLanguage":"pl-PL","@id":"https:\/\/creativityshop.eu\/pl\/#\/schema\/logo\/image\/","url":"https:\/\/creativityshop.eu\/wp-content\/uploads\/2018\/11\/creativity_shop_logosite2.png","contentUrl":"https:\/\/creativityshop.eu\/wp-content\/uploads\/2018\/11\/creativity_shop_logosite2.png","width":2871,"height":1100,"caption":"Creativity Shop OU"},"image":{"@id":"https:\/\/creativityshop.eu\/pl\/#\/schema\/logo\/image\/"}}]},"product_price_amount":"11.00","product_price_currency":"USD","og_availability":"out of stock","product_availability":"out of stock","product_retailer_item_id":"H342","product_condition":"new"},"_links":{"self":[{"href":"https:\/\/creativityshop.eu\/pl\/wp-json\/wp\/v2\/product\/14870","targetHints":{"allow":["GET"]}}],"collection":[{"href":"https:\/\/creativityshop.eu\/pl\/wp-json\/wp\/v2\/product"}],"about":[{"href":"https:\/\/creativityshop.eu\/pl\/wp-json\/wp\/v2\/types\/product"}],"wp:featuredmedia":[{"embeddable":true,"href":"https:\/\/creativityshop.eu\/pl\/wp-json\/wp\/v2\/media\/14818"}],"wp:attachment":[{"href":"https:\/\/creativityshop.eu\/pl\/wp-json\/wp\/v2\/media?parent=14870"}],"wp:term":[{"taxonomy":"product_brand","embeddable":true,"href":"https:\/\/creativityshop.eu\/pl\/wp-json\/wp\/v2\/product_brand?post=14870"},{"taxonomy":"product_cat","embeddable":true,"href":"https:\/\/creativityshop.eu\/pl\/wp-json\/wp\/v2\/product_cat?post=14870"},{"taxonomy":"product_tag","embeddable":true,"href":"https:\/\/creativityshop.eu\/pl\/wp-json\/wp\/v2\/product_tag?post=14870"}],"curies":[{"name":"wp","href":"https:\/\/api.w.org\/{rel}","templated":true}]}}