{"id":14812,"date":"2020-02-12T22:17:57","date_gmt":"2020-02-12T19:17:57","guid":{"rendered":"https:\/\/creativityshop.eu\/?post_type=product&#038;p=14812"},"modified":"2024-02-14T01:42:17","modified_gmt":"2024-02-13T22:42:17","slug":"precision-cut-embroidery-scissors-madeira-straight-quality-scissors-12-cm-4-5-in","status":"publish","type":"product","link":"https:\/\/creativityshop.eu\/pl\/product\/precision-cut-embroidery-scissors-madeira-straight-quality-scissors-12-cm-4-5-in\/","title":{"rendered":"Precision Cut Embroidery Scissors, Madeira, Straight Quality Scissors, 12 cm\/4.5 in"},"content":{"rendered":"<p>Precise cutting along the entire blade to the points. Madeira straight embroidery scissors will cope with the most demanding projects and are made to last.<\/p>\n<p>Product images are for illustrative purposes only and may differ from the actual product. Due to differences in monitors and lighting, the colors of products may also appear different from those shown on the site.<\/p>\n","protected":false},"excerpt":{"rendered":"<p><strong>Precision Cut Embroidery Scissors<\/strong><\/p>\n<p>Perfect for all types of needlework, precise cutting to the points<br \/>\nSize: 4.5 inches (11,43 cm)<br \/>\nMaterial: Stainless Steel, 24k gold plating<br \/>\nBrand: Madeira (Made in Italy)<br \/>\nPrice for 1 piece<\/p>\n","protected":false},"featured_media":14839,"template":"","meta":{"_acf_changed":false,"_exactmetrics_skip_tracking":false,"_exactmetrics_sitenote_active":false,"_exactmetrics_sitenote_note":"","_exactmetrics_sitenote_category":0},"product_brand":[],"product_cat":[404,412],"product_tag":[],"class_list":{"0":"post-14812","1":"product","2":"type-product","3":"status-publish","4":"has-post-thumbnail","6":"product_cat-tools","7":"product_cat-scissors","9":"first","10":"instock","11":"taxable","12":"shipping-taxable","13":"purchasable","14":"product-type-simple","15":"add-to-wishlist-after_add_to_cart"},"acf":[],"yoast_head":"<!-- This site is optimized with the Yoast SEO Premium plugin v27.0 (Yoast SEO v27.0) - https:\/\/yoast.com\/product\/yoast-seo-premium-wordpress\/ -->\n<title>Precision Cut Embroidery Scissors, Madeira, Straight Quality Scissors, 12 cm\/4.5 in - CreativityShopEU<\/title>\n<meta name=\"robots\" content=\"noindex, follow\" \/>\n<meta property=\"og:locale\" content=\"pl_PL\" \/>\n<meta property=\"og:type\" content=\"article\" \/>\n<meta property=\"og:title\" content=\"Precision Cut Embroidery Scissors, Madeira, Straight Quality Scissors, 12 cm\/4.5 in\" \/>\n<meta property=\"og:description\" content=\"Precision Cut Embroidery Scissors  Perfect for all types of needlework, precise cutting to the points Size: 4.5 inches (11,43 cm) Material: Stainless Steel, 24k gold plating Brand: Madeira (Made in Italy) Price for 1 piece\" \/>\n<meta property=\"og:url\" content=\"https:\/\/creativityshop.eu\/pl\/product\/precision-cut-embroidery-scissors-madeira-straight-quality-scissors-12-cm-4-5-in\/\" \/>\n<meta property=\"og:site_name\" content=\"CreativityShopEU\" \/>\n<meta property=\"article:modified_time\" content=\"2024-02-13T22:42:17+00:00\" \/>\n<meta property=\"og:image\" content=\"https:\/\/creativityshop.eu\/wp-content\/uploads\/2020\/02\/madeira-precision-cut-embroidery-scissors-24k-gold-plated-straight.jpg\" \/>\n\t<meta property=\"og:image:width\" content=\"768\" \/>\n\t<meta property=\"og:image:height\" content=\"768\" \/>\n\t<meta property=\"og:image:type\" content=\"image\/jpeg\" \/>\n<meta name=\"twitter:card\" content=\"summary_large_image\" \/>\n<meta name=\"twitter:label1\" content=\"Cena\" \/>\n\t<meta name=\"twitter:data1\" content=\"&euro;12.63\" \/>\n\t<meta name=\"twitter:label2\" content=\"Dost\u0119pno\u015b\u0107\" \/>\n\t<meta name=\"twitter:data2\" content=\"Dost\u0119pny\" \/>\n<script type=\"application\/ld+json\" class=\"yoast-schema-graph\">{\"@context\":\"https:\/\/schema.org\",\"@graph\":[{\"@type\":\"WebPage\",\"@id\":\"https:\/\/creativityshop.eu\/pl\/product\/precision-cut-embroidery-scissors-madeira-straight-quality-scissors-12-cm-4-5-in\/\",\"url\":\"https:\/\/creativityshop.eu\/pl\/product\/precision-cut-embroidery-scissors-madeira-straight-quality-scissors-12-cm-4-5-in\/\",\"name\":\"Precision Cut Embroidery Scissors, Madeira, Straight Quality Scissors, 12 cm\/4.5 in - CreativityShopEU\",\"isPartOf\":{\"@id\":\"https:\/\/creativityshop.eu\/pl\/#website\"},\"primaryImageOfPage\":{\"@id\":\"https:\/\/creativityshop.eu\/pl\/product\/precision-cut-embroidery-scissors-madeira-straight-quality-scissors-12-cm-4-5-in\/#primaryimage\"},\"image\":{\"@id\":\"https:\/\/creativityshop.eu\/pl\/product\/precision-cut-embroidery-scissors-madeira-straight-quality-scissors-12-cm-4-5-in\/#primaryimage\"},\"thumbnailUrl\":\"https:\/\/creativityshop.eu\/wp-content\/uploads\/2020\/02\/madeira-precision-cut-embroidery-scissors-24k-gold-plated-straight.jpg\",\"datePublished\":\"2020-02-12T19:17:57+00:00\",\"dateModified\":\"2024-02-13T22:42:17+00:00\",\"breadcrumb\":{\"@id\":\"https:\/\/creativityshop.eu\/pl\/product\/precision-cut-embroidery-scissors-madeira-straight-quality-scissors-12-cm-4-5-in\/#breadcrumb\"},\"inLanguage\":\"pl-PL\",\"potentialAction\":[{\"@type\":\"ReadAction\",\"target\":[\"https:\/\/creativityshop.eu\/pl\/product\/precision-cut-embroidery-scissors-madeira-straight-quality-scissors-12-cm-4-5-in\/\"]}]},{\"@type\":\"ImageObject\",\"inLanguage\":\"pl-PL\",\"@id\":\"https:\/\/creativityshop.eu\/pl\/product\/precision-cut-embroidery-scissors-madeira-straight-quality-scissors-12-cm-4-5-in\/#primaryimage\",\"url\":\"https:\/\/creativityshop.eu\/wp-content\/uploads\/2020\/02\/madeira-precision-cut-embroidery-scissors-24k-gold-plated-straight.jpg\",\"contentUrl\":\"https:\/\/creativityshop.eu\/wp-content\/uploads\/2020\/02\/madeira-precision-cut-embroidery-scissors-24k-gold-plated-straight.jpg\",\"width\":768,\"height\":768},{\"@type\":\"BreadcrumbList\",\"@id\":\"https:\/\/creativityshop.eu\/pl\/product\/precision-cut-embroidery-scissors-madeira-straight-quality-scissors-12-cm-4-5-in\/#breadcrumb\",\"itemListElement\":[{\"@type\":\"ListItem\",\"position\":1,\"name\":\"Home\",\"item\":\"https:\/\/creativityshop.eu\/pl\/\"},{\"@type\":\"ListItem\",\"position\":2,\"name\":\"Shop\",\"item\":\"https:\/\/creativityshop.eu\/shop\/\"},{\"@type\":\"ListItem\",\"position\":3,\"name\":\"Precision Cut Embroidery Scissors, Madeira, Straight Quality Scissors, 12 cm\/4.5 in\"}]},{\"@type\":\"WebSite\",\"@id\":\"https:\/\/creativityshop.eu\/pl\/#website\",\"url\":\"https:\/\/creativityshop.eu\/pl\/\",\"name\":\"CreativityShopEU\",\"description\":\"Embroidery and jewelry components\",\"publisher\":{\"@id\":\"https:\/\/creativityshop.eu\/pl\/#organization\"},\"potentialAction\":[{\"@type\":\"SearchAction\",\"target\":{\"@type\":\"EntryPoint\",\"urlTemplate\":\"https:\/\/creativityshop.eu\/pl\/?s={search_term_string}\"},\"query-input\":{\"@type\":\"PropertyValueSpecification\",\"valueRequired\":true,\"valueName\":\"search_term_string\"}}],\"inLanguage\":\"pl-PL\"},{\"@type\":\"Organization\",\"@id\":\"https:\/\/creativityshop.eu\/pl\/#organization\",\"name\":\"Creativity Shop OU\",\"url\":\"https:\/\/creativityshop.eu\/pl\/\",\"logo\":{\"@type\":\"ImageObject\",\"inLanguage\":\"pl-PL\",\"@id\":\"https:\/\/creativityshop.eu\/pl\/#\/schema\/logo\/image\/\",\"url\":\"https:\/\/creativityshop.eu\/wp-content\/uploads\/2018\/11\/creativity_shop_logosite2.png\",\"contentUrl\":\"https:\/\/creativityshop.eu\/wp-content\/uploads\/2018\/11\/creativity_shop_logosite2.png\",\"width\":2871,\"height\":1100,\"caption\":\"Creativity Shop OU\"},\"image\":{\"@id\":\"https:\/\/creativityshop.eu\/pl\/#\/schema\/logo\/image\/\"}}]}<\/script>\n<meta property=\"product:price:amount\" content=\"12.63\" \/>\n<meta property=\"product:price:currency\" content=\"EUR\" \/>\n<meta property=\"og:availability\" content=\"instock\" \/>\n<meta property=\"product:availability\" content=\"instock\" \/>\n<meta property=\"product:retailer_item_id\" content=\"9477\" \/>\n<meta property=\"product:condition\" content=\"new\" \/>\n<!-- \/ Yoast SEO Premium plugin. -->","yoast_head_json":{"title":"Precision Cut Embroidery Scissors, Madeira, Straight Quality Scissors, 12 cm\/4.5 in - CreativityShopEU","robots":{"index":"noindex","follow":"follow"},"og_locale":"pl_PL","og_type":"article","og_title":"Precision Cut Embroidery Scissors, Madeira, Straight Quality Scissors, 12 cm\/4.5 in","og_description":"Precision Cut Embroidery Scissors  Perfect for all types of needlework, precise cutting to the points Size: 4.5 inches (11,43 cm) Material: Stainless Steel, 24k gold plating Brand: Madeira (Made in Italy) Price for 1 piece","og_url":"https:\/\/creativityshop.eu\/pl\/product\/precision-cut-embroidery-scissors-madeira-straight-quality-scissors-12-cm-4-5-in\/","og_site_name":"CreativityShopEU","article_modified_time":"2024-02-13T22:42:17+00:00","og_image":[{"width":768,"height":768,"url":"https:\/\/creativityshop.eu\/wp-content\/uploads\/2020\/02\/madeira-precision-cut-embroidery-scissors-24k-gold-plated-straight.jpg","type":"image\/jpeg"}],"twitter_card":"summary_large_image","twitter_misc":{"Cena":"&euro;12.63","Dost\u0119pno\u015b\u0107":"Dost\u0119pny"},"schema":{"@context":"https:\/\/schema.org","@graph":[{"@type":"WebPage","@id":"https:\/\/creativityshop.eu\/pl\/product\/precision-cut-embroidery-scissors-madeira-straight-quality-scissors-12-cm-4-5-in\/","url":"https:\/\/creativityshop.eu\/pl\/product\/precision-cut-embroidery-scissors-madeira-straight-quality-scissors-12-cm-4-5-in\/","name":"Precision Cut Embroidery Scissors, Madeira, Straight Quality Scissors, 12 cm\/4.5 in - CreativityShopEU","isPartOf":{"@id":"https:\/\/creativityshop.eu\/pl\/#website"},"primaryImageOfPage":{"@id":"https:\/\/creativityshop.eu\/pl\/product\/precision-cut-embroidery-scissors-madeira-straight-quality-scissors-12-cm-4-5-in\/#primaryimage"},"image":{"@id":"https:\/\/creativityshop.eu\/pl\/product\/precision-cut-embroidery-scissors-madeira-straight-quality-scissors-12-cm-4-5-in\/#primaryimage"},"thumbnailUrl":"https:\/\/creativityshop.eu\/wp-content\/uploads\/2020\/02\/madeira-precision-cut-embroidery-scissors-24k-gold-plated-straight.jpg","datePublished":"2020-02-12T19:17:57+00:00","dateModified":"2024-02-13T22:42:17+00:00","breadcrumb":{"@id":"https:\/\/creativityshop.eu\/pl\/product\/precision-cut-embroidery-scissors-madeira-straight-quality-scissors-12-cm-4-5-in\/#breadcrumb"},"inLanguage":"pl-PL","potentialAction":[{"@type":"ReadAction","target":["https:\/\/creativityshop.eu\/pl\/product\/precision-cut-embroidery-scissors-madeira-straight-quality-scissors-12-cm-4-5-in\/"]}]},{"@type":"ImageObject","inLanguage":"pl-PL","@id":"https:\/\/creativityshop.eu\/pl\/product\/precision-cut-embroidery-scissors-madeira-straight-quality-scissors-12-cm-4-5-in\/#primaryimage","url":"https:\/\/creativityshop.eu\/wp-content\/uploads\/2020\/02\/madeira-precision-cut-embroidery-scissors-24k-gold-plated-straight.jpg","contentUrl":"https:\/\/creativityshop.eu\/wp-content\/uploads\/2020\/02\/madeira-precision-cut-embroidery-scissors-24k-gold-plated-straight.jpg","width":768,"height":768},{"@type":"BreadcrumbList","@id":"https:\/\/creativityshop.eu\/pl\/product\/precision-cut-embroidery-scissors-madeira-straight-quality-scissors-12-cm-4-5-in\/#breadcrumb","itemListElement":[{"@type":"ListItem","position":1,"name":"Home","item":"https:\/\/creativityshop.eu\/pl\/"},{"@type":"ListItem","position":2,"name":"Shop","item":"https:\/\/creativityshop.eu\/shop\/"},{"@type":"ListItem","position":3,"name":"Precision Cut Embroidery Scissors, Madeira, Straight Quality Scissors, 12 cm\/4.5 in"}]},{"@type":"WebSite","@id":"https:\/\/creativityshop.eu\/pl\/#website","url":"https:\/\/creativityshop.eu\/pl\/","name":"CreativityShopEU","description":"Embroidery and jewelry components","publisher":{"@id":"https:\/\/creativityshop.eu\/pl\/#organization"},"potentialAction":[{"@type":"SearchAction","target":{"@type":"EntryPoint","urlTemplate":"https:\/\/creativityshop.eu\/pl\/?s={search_term_string}"},"query-input":{"@type":"PropertyValueSpecification","valueRequired":true,"valueName":"search_term_string"}}],"inLanguage":"pl-PL"},{"@type":"Organization","@id":"https:\/\/creativityshop.eu\/pl\/#organization","name":"Creativity Shop OU","url":"https:\/\/creativityshop.eu\/pl\/","logo":{"@type":"ImageObject","inLanguage":"pl-PL","@id":"https:\/\/creativityshop.eu\/pl\/#\/schema\/logo\/image\/","url":"https:\/\/creativityshop.eu\/wp-content\/uploads\/2018\/11\/creativity_shop_logosite2.png","contentUrl":"https:\/\/creativityshop.eu\/wp-content\/uploads\/2018\/11\/creativity_shop_logosite2.png","width":2871,"height":1100,"caption":"Creativity Shop OU"},"image":{"@id":"https:\/\/creativityshop.eu\/pl\/#\/schema\/logo\/image\/"}}]},"product_price_amount":"12.63","product_price_currency":"EUR","og_availability":"instock","product_availability":"instock","product_retailer_item_id":"9477","product_condition":"new"},"_links":{"self":[{"href":"https:\/\/creativityshop.eu\/pl\/wp-json\/wp\/v2\/product\/14812","targetHints":{"allow":["GET"]}}],"collection":[{"href":"https:\/\/creativityshop.eu\/pl\/wp-json\/wp\/v2\/product"}],"about":[{"href":"https:\/\/creativityshop.eu\/pl\/wp-json\/wp\/v2\/types\/product"}],"wp:featuredmedia":[{"embeddable":true,"href":"https:\/\/creativityshop.eu\/pl\/wp-json\/wp\/v2\/media\/14839"}],"wp:attachment":[{"href":"https:\/\/creativityshop.eu\/pl\/wp-json\/wp\/v2\/media?parent=14812"}],"wp:term":[{"taxonomy":"product_brand","embeddable":true,"href":"https:\/\/creativityshop.eu\/pl\/wp-json\/wp\/v2\/product_brand?post=14812"},{"taxonomy":"product_cat","embeddable":true,"href":"https:\/\/creativityshop.eu\/pl\/wp-json\/wp\/v2\/product_cat?post=14812"},{"taxonomy":"product_tag","embeddable":true,"href":"https:\/\/creativityshop.eu\/pl\/wp-json\/wp\/v2\/product_tag?post=14812"}],"curies":[{"name":"wp","href":"https:\/\/api.w.org\/{rel}","templated":true}]}}