{"id":13507,"date":"2019-12-29T18:32:51","date_gmt":"2019-12-29T15:32:51","guid":{"rendered":"https:\/\/creativityshop.eu\/?post_type=product&#038;p=13507"},"modified":"2024-06-12T18:10:41","modified_gmt":"2024-06-12T15:10:41","slug":"4745-swarovski-rivoli-star-fancy-stone-crystal-10-mm","status":"publish","type":"product","link":"https:\/\/creativityshop.eu\/pl\/product\/4745-swarovski-rivoli-star-fancy-stone-crystal-10-mm\/","title":{"rendered":"4745 Swarovski Rivoli Star Fancy Stone, Crystal 10 mm"},"content":{"rendered":"<p>With its geometric Rivoli cut, popular star shape, pointed top, and rounded edges, the Rivoli Star Fancy Stone features a minimalist, modern brilliance. Add a touch of nighttime romance or mystical appeal with its universal shape, which is equally suitable for feminine and masculine pieces alike.<br \/>\nProduct images are for illustrative purposes only and may differ from the actual product. Due to differences in monitors and lightening, colours of products may also appear different to those shown on the site.<\/p>\n","protected":false},"excerpt":{"rendered":"<p><strong>4745 Swarovski Rivoli Fancy Stone<\/strong><br \/>\nShape: Star<br \/>\nType: Crystal<br \/>\nColor: Crystal F<br \/>\nSize: 10 mm<br \/>\nFoiling: Platinum-colored Pro Foiling<br \/>\nManufactured in: Austria<br \/>\nPrice for 1 piece<\/p>\n","protected":false},"featured_media":13513,"template":"","meta":{"_acf_changed":false,"_exactmetrics_skip_tracking":false,"_exactmetrics_sitenote_active":false,"_exactmetrics_sitenote_note":"","_exactmetrics_sitenote_category":0},"product_brand":[],"product_cat":[471],"product_tag":[],"class_list":{"0":"post-13507","1":"product","2":"type-product","3":"status-publish","4":"has-post-thumbnail","6":"product_cat-4745-rivoli-star","8":"first","9":"instock","10":"taxable","11":"shipping-taxable","12":"purchasable","13":"product-type-simple","14":"add-to-wishlist-after_add_to_cart"},"acf":[],"yoast_head":"<!-- This site is optimized with the Yoast SEO Premium plugin v27.0 (Yoast SEO v27.0) - https:\/\/yoast.com\/product\/yoast-seo-premium-wordpress\/ -->\n<title>4745 Swarovski Rivoli Star Fancy Stone, Crystal 10 mm - CreativityShopEU<\/title>\n<meta name=\"robots\" content=\"noindex, follow\" \/>\n<meta property=\"og:locale\" content=\"pl_PL\" \/>\n<meta property=\"og:type\" content=\"article\" \/>\n<meta property=\"og:title\" content=\"4745 Swarovski Rivoli Star Fancy Stone, Crystal 10 mm\" \/>\n<meta property=\"og:description\" content=\"4745 Swarovski Rivoli Fancy Stone Shape: Star Type: Crystal Color: Crystal F Size: 10 mm Foiling: Platinum-colored Pro Foiling Manufactured in: Austria Price for 1 piece\" \/>\n<meta property=\"og:url\" content=\"https:\/\/creativityshop.eu\/pl\/product\/4745-swarovski-rivoli-star-fancy-stone-crystal-10-mm\/\" \/>\n<meta property=\"og:site_name\" content=\"CreativityShopEU\" \/>\n<meta property=\"article:modified_time\" content=\"2024-06-12T15:10:41+00:00\" \/>\n<meta property=\"og:image\" content=\"https:\/\/creativityshop.eu\/wp-content\/uploads\/2019\/12\/4745-swarovski-fancy-stone-rivoli-star-crystal-f-10mm.jpg\" \/>\n\t<meta property=\"og:image:width\" content=\"768\" \/>\n\t<meta property=\"og:image:height\" content=\"768\" \/>\n\t<meta property=\"og:image:type\" content=\"image\/jpeg\" \/>\n<meta name=\"twitter:card\" content=\"summary_large_image\" \/>\n<meta name=\"twitter:label1\" content=\"Cena\" \/>\n\t<meta name=\"twitter:data1\" content=\"&euro;0.67\" \/>\n\t<meta name=\"twitter:label2\" content=\"Dost\u0119pno\u015b\u0107\" \/>\n\t<meta name=\"twitter:data2\" content=\"Dost\u0119pny\" \/>\n<script type=\"application\/ld+json\" class=\"yoast-schema-graph\">{\"@context\":\"https:\/\/schema.org\",\"@graph\":[{\"@type\":\"WebPage\",\"@id\":\"https:\/\/creativityshop.eu\/pl\/product\/4745-swarovski-rivoli-star-fancy-stone-crystal-10-mm\/\",\"url\":\"https:\/\/creativityshop.eu\/pl\/product\/4745-swarovski-rivoli-star-fancy-stone-crystal-10-mm\/\",\"name\":\"4745 Swarovski Rivoli Star Fancy Stone, Crystal 10 mm - CreativityShopEU\",\"isPartOf\":{\"@id\":\"https:\/\/creativityshop.eu\/pl\/#website\"},\"primaryImageOfPage\":{\"@id\":\"https:\/\/creativityshop.eu\/pl\/product\/4745-swarovski-rivoli-star-fancy-stone-crystal-10-mm\/#primaryimage\"},\"image\":{\"@id\":\"https:\/\/creativityshop.eu\/pl\/product\/4745-swarovski-rivoli-star-fancy-stone-crystal-10-mm\/#primaryimage\"},\"thumbnailUrl\":\"https:\/\/creativityshop.eu\/wp-content\/uploads\/2019\/12\/4745-swarovski-fancy-stone-rivoli-star-crystal-f-10mm.jpg\",\"datePublished\":\"2019-12-29T15:32:51+00:00\",\"dateModified\":\"2024-06-12T15:10:41+00:00\",\"breadcrumb\":{\"@id\":\"https:\/\/creativityshop.eu\/pl\/product\/4745-swarovski-rivoli-star-fancy-stone-crystal-10-mm\/#breadcrumb\"},\"inLanguage\":\"pl-PL\",\"potentialAction\":[{\"@type\":\"ReadAction\",\"target\":[\"https:\/\/creativityshop.eu\/pl\/product\/4745-swarovski-rivoli-star-fancy-stone-crystal-10-mm\/\"]}]},{\"@type\":\"ImageObject\",\"inLanguage\":\"pl-PL\",\"@id\":\"https:\/\/creativityshop.eu\/pl\/product\/4745-swarovski-rivoli-star-fancy-stone-crystal-10-mm\/#primaryimage\",\"url\":\"https:\/\/creativityshop.eu\/wp-content\/uploads\/2019\/12\/4745-swarovski-fancy-stone-rivoli-star-crystal-f-10mm.jpg\",\"contentUrl\":\"https:\/\/creativityshop.eu\/wp-content\/uploads\/2019\/12\/4745-swarovski-fancy-stone-rivoli-star-crystal-f-10mm.jpg\",\"width\":768,\"height\":768},{\"@type\":\"BreadcrumbList\",\"@id\":\"https:\/\/creativityshop.eu\/pl\/product\/4745-swarovski-rivoli-star-fancy-stone-crystal-10-mm\/#breadcrumb\",\"itemListElement\":[{\"@type\":\"ListItem\",\"position\":1,\"name\":\"Home\",\"item\":\"https:\/\/creativityshop.eu\/pl\/\"},{\"@type\":\"ListItem\",\"position\":2,\"name\":\"Shop\",\"item\":\"https:\/\/creativityshop.eu\/shop\/\"},{\"@type\":\"ListItem\",\"position\":3,\"name\":\"4745 Swarovski Rivoli Star Fancy Stone, Crystal 10 mm\"}]},{\"@type\":\"WebSite\",\"@id\":\"https:\/\/creativityshop.eu\/pl\/#website\",\"url\":\"https:\/\/creativityshop.eu\/pl\/\",\"name\":\"CreativityShopEU\",\"description\":\"Embroidery and jewelry components\",\"publisher\":{\"@id\":\"https:\/\/creativityshop.eu\/pl\/#organization\"},\"potentialAction\":[{\"@type\":\"SearchAction\",\"target\":{\"@type\":\"EntryPoint\",\"urlTemplate\":\"https:\/\/creativityshop.eu\/pl\/?s={search_term_string}\"},\"query-input\":{\"@type\":\"PropertyValueSpecification\",\"valueRequired\":true,\"valueName\":\"search_term_string\"}}],\"inLanguage\":\"pl-PL\"},{\"@type\":\"Organization\",\"@id\":\"https:\/\/creativityshop.eu\/pl\/#organization\",\"name\":\"Creativity Shop OU\",\"url\":\"https:\/\/creativityshop.eu\/pl\/\",\"logo\":{\"@type\":\"ImageObject\",\"inLanguage\":\"pl-PL\",\"@id\":\"https:\/\/creativityshop.eu\/pl\/#\/schema\/logo\/image\/\",\"url\":\"https:\/\/creativityshop.eu\/wp-content\/uploads\/2018\/11\/creativity_shop_logosite2.png\",\"contentUrl\":\"https:\/\/creativityshop.eu\/wp-content\/uploads\/2018\/11\/creativity_shop_logosite2.png\",\"width\":2871,\"height\":1100,\"caption\":\"Creativity Shop OU\"},\"image\":{\"@id\":\"https:\/\/creativityshop.eu\/pl\/#\/schema\/logo\/image\/\"}}]}<\/script>\n<meta property=\"product:price:amount\" content=\"0.67\" \/>\n<meta property=\"product:price:currency\" content=\"EUR\" \/>\n<meta property=\"og:availability\" content=\"instock\" \/>\n<meta property=\"product:availability\" content=\"instock\" \/>\n<meta property=\"product:retailer_item_id\" content=\"856448\" \/>\n<meta property=\"product:condition\" content=\"new\" \/>\n<!-- \/ Yoast SEO Premium plugin. -->","yoast_head_json":{"title":"4745 Swarovski Rivoli Star Fancy Stone, Crystal 10 mm - CreativityShopEU","robots":{"index":"noindex","follow":"follow"},"og_locale":"pl_PL","og_type":"article","og_title":"4745 Swarovski Rivoli Star Fancy Stone, Crystal 10 mm","og_description":"4745 Swarovski Rivoli Fancy Stone Shape: Star Type: Crystal Color: Crystal F Size: 10 mm Foiling: Platinum-colored Pro Foiling Manufactured in: Austria Price for 1 piece","og_url":"https:\/\/creativityshop.eu\/pl\/product\/4745-swarovski-rivoli-star-fancy-stone-crystal-10-mm\/","og_site_name":"CreativityShopEU","article_modified_time":"2024-06-12T15:10:41+00:00","og_image":[{"width":768,"height":768,"url":"https:\/\/creativityshop.eu\/wp-content\/uploads\/2019\/12\/4745-swarovski-fancy-stone-rivoli-star-crystal-f-10mm.jpg","type":"image\/jpeg"}],"twitter_card":"summary_large_image","twitter_misc":{"Cena":"&euro;0.67","Dost\u0119pno\u015b\u0107":"Dost\u0119pny"},"schema":{"@context":"https:\/\/schema.org","@graph":[{"@type":"WebPage","@id":"https:\/\/creativityshop.eu\/pl\/product\/4745-swarovski-rivoli-star-fancy-stone-crystal-10-mm\/","url":"https:\/\/creativityshop.eu\/pl\/product\/4745-swarovski-rivoli-star-fancy-stone-crystal-10-mm\/","name":"4745 Swarovski Rivoli Star Fancy Stone, Crystal 10 mm - CreativityShopEU","isPartOf":{"@id":"https:\/\/creativityshop.eu\/pl\/#website"},"primaryImageOfPage":{"@id":"https:\/\/creativityshop.eu\/pl\/product\/4745-swarovski-rivoli-star-fancy-stone-crystal-10-mm\/#primaryimage"},"image":{"@id":"https:\/\/creativityshop.eu\/pl\/product\/4745-swarovski-rivoli-star-fancy-stone-crystal-10-mm\/#primaryimage"},"thumbnailUrl":"https:\/\/creativityshop.eu\/wp-content\/uploads\/2019\/12\/4745-swarovski-fancy-stone-rivoli-star-crystal-f-10mm.jpg","datePublished":"2019-12-29T15:32:51+00:00","dateModified":"2024-06-12T15:10:41+00:00","breadcrumb":{"@id":"https:\/\/creativityshop.eu\/pl\/product\/4745-swarovski-rivoli-star-fancy-stone-crystal-10-mm\/#breadcrumb"},"inLanguage":"pl-PL","potentialAction":[{"@type":"ReadAction","target":["https:\/\/creativityshop.eu\/pl\/product\/4745-swarovski-rivoli-star-fancy-stone-crystal-10-mm\/"]}]},{"@type":"ImageObject","inLanguage":"pl-PL","@id":"https:\/\/creativityshop.eu\/pl\/product\/4745-swarovski-rivoli-star-fancy-stone-crystal-10-mm\/#primaryimage","url":"https:\/\/creativityshop.eu\/wp-content\/uploads\/2019\/12\/4745-swarovski-fancy-stone-rivoli-star-crystal-f-10mm.jpg","contentUrl":"https:\/\/creativityshop.eu\/wp-content\/uploads\/2019\/12\/4745-swarovski-fancy-stone-rivoli-star-crystal-f-10mm.jpg","width":768,"height":768},{"@type":"BreadcrumbList","@id":"https:\/\/creativityshop.eu\/pl\/product\/4745-swarovski-rivoli-star-fancy-stone-crystal-10-mm\/#breadcrumb","itemListElement":[{"@type":"ListItem","position":1,"name":"Home","item":"https:\/\/creativityshop.eu\/pl\/"},{"@type":"ListItem","position":2,"name":"Shop","item":"https:\/\/creativityshop.eu\/shop\/"},{"@type":"ListItem","position":3,"name":"4745 Swarovski Rivoli Star Fancy Stone, Crystal 10 mm"}]},{"@type":"WebSite","@id":"https:\/\/creativityshop.eu\/pl\/#website","url":"https:\/\/creativityshop.eu\/pl\/","name":"CreativityShopEU","description":"Embroidery and jewelry components","publisher":{"@id":"https:\/\/creativityshop.eu\/pl\/#organization"},"potentialAction":[{"@type":"SearchAction","target":{"@type":"EntryPoint","urlTemplate":"https:\/\/creativityshop.eu\/pl\/?s={search_term_string}"},"query-input":{"@type":"PropertyValueSpecification","valueRequired":true,"valueName":"search_term_string"}}],"inLanguage":"pl-PL"},{"@type":"Organization","@id":"https:\/\/creativityshop.eu\/pl\/#organization","name":"Creativity Shop OU","url":"https:\/\/creativityshop.eu\/pl\/","logo":{"@type":"ImageObject","inLanguage":"pl-PL","@id":"https:\/\/creativityshop.eu\/pl\/#\/schema\/logo\/image\/","url":"https:\/\/creativityshop.eu\/wp-content\/uploads\/2018\/11\/creativity_shop_logosite2.png","contentUrl":"https:\/\/creativityshop.eu\/wp-content\/uploads\/2018\/11\/creativity_shop_logosite2.png","width":2871,"height":1100,"caption":"Creativity Shop OU"},"image":{"@id":"https:\/\/creativityshop.eu\/pl\/#\/schema\/logo\/image\/"}}]},"product_price_amount":"0.67","product_price_currency":"EUR","og_availability":"instock","product_availability":"instock","product_retailer_item_id":"856448","product_condition":"new"},"_links":{"self":[{"href":"https:\/\/creativityshop.eu\/pl\/wp-json\/wp\/v2\/product\/13507","targetHints":{"allow":["GET"]}}],"collection":[{"href":"https:\/\/creativityshop.eu\/pl\/wp-json\/wp\/v2\/product"}],"about":[{"href":"https:\/\/creativityshop.eu\/pl\/wp-json\/wp\/v2\/types\/product"}],"wp:featuredmedia":[{"embeddable":true,"href":"https:\/\/creativityshop.eu\/pl\/wp-json\/wp\/v2\/media\/13513"}],"wp:attachment":[{"href":"https:\/\/creativityshop.eu\/pl\/wp-json\/wp\/v2\/media?parent=13507"}],"wp:term":[{"taxonomy":"product_brand","embeddable":true,"href":"https:\/\/creativityshop.eu\/pl\/wp-json\/wp\/v2\/product_brand?post=13507"},{"taxonomy":"product_cat","embeddable":true,"href":"https:\/\/creativityshop.eu\/pl\/wp-json\/wp\/v2\/product_cat?post=13507"},{"taxonomy":"product_tag","embeddable":true,"href":"https:\/\/creativityshop.eu\/pl\/wp-json\/wp\/v2\/product_tag?post=13507"}],"curies":[{"name":"wp","href":"https:\/\/api.w.org\/{rel}","templated":true}]}}