{"id":12701,"date":"2019-11-05T15:47:58","date_gmt":"2019-11-05T12:47:58","guid":{"rendered":"https:\/\/creativityshop.eu\/?post_type=product&#038;p=12701"},"modified":"2026-01-28T01:56:20","modified_gmt":"2026-01-27T22:56:20","slug":"bamboo-embroidery-hoop-milward-sizes-7-8-17-20-cm","status":"publish","type":"product","link":"https:\/\/creativityshop.eu\/pl\/product\/bamboo-embroidery-hoop-milward-sizes-7-8-17-20-cm\/","title":{"rendered":"Bamboo Embroidery Hoop, Milward, Sizes: 6&#8243;, 7&#8243;, 8&#8243; (15, 17, 20 cm)"},"content":{"rendered":"","protected":false},"excerpt":{"rendered":"<p><strong>Bamboo Embroidery Hoop<\/strong><br \/>\nAvailable Sizes: 6 inches (15 cm), 7 inches (17 cm), 8 inches (20 cm)<br \/>\nMaterial: Bamboo<br \/>\nBrand: Milward<br \/>\nSold per: 1 piece<\/p>\n","protected":false},"featured_media":12704,"template":"","meta":{"_acf_changed":false,"_exactmetrics_skip_tracking":false,"_exactmetrics_sitenote_active":false,"_exactmetrics_sitenote_note":"","_exactmetrics_sitenote_category":0},"product_brand":[],"product_cat":[404,408],"product_tag":[],"class_list":{"0":"post-12701","1":"product","2":"type-product","3":"status-publish","4":"has-post-thumbnail","6":"product_cat-tools","7":"product_cat-embroidery-hoops","9":"first","10":"instock","11":"taxable","12":"shipping-taxable","13":"purchasable","14":"product-type-variable","15":"wvs-archive-product-wrapper","16":"add-to-wishlist-after_add_to_cart"},"acf":[],"yoast_head":"<!-- This site is optimized with the Yoast SEO Premium plugin v27.0 (Yoast SEO v27.0) - https:\/\/yoast.com\/product\/yoast-seo-premium-wordpress\/ -->\n<title>Bamboo Embroidery Hoop, Milward, Sizes: 6&quot;, 7&quot;, 8&quot; (15, 17, 20 cm) - CreativityShopEU<\/title>\n<meta name=\"robots\" content=\"noindex, follow\" \/>\n<meta property=\"og:locale\" content=\"pl_PL\" \/>\n<meta property=\"og:type\" content=\"article\" \/>\n<meta property=\"og:title\" content=\"Bamboo Embroidery Hoop, Milward, Sizes: 6&quot;, 7&quot;, 8&quot; (15, 17, 20 cm)\" \/>\n<meta property=\"og:description\" content=\"Bamboo Embroidery Hoop Available Sizes: 6 inches (15 cm), 7 inches (17 cm), 8 inches (20 cm) Material: Bamboo Brand: Milward Sold per: 1 piece\" \/>\n<meta property=\"og:url\" content=\"https:\/\/creativityshop.eu\/pl\/product\/bamboo-embroidery-hoop-milward-sizes-7-8-17-20-cm\/\" \/>\n<meta property=\"og:site_name\" content=\"CreativityShopEU\" \/>\n<meta property=\"article:modified_time\" content=\"2026-01-27T22:56:20+00:00\" \/>\n<meta property=\"og:image\" content=\"https:\/\/creativityshop.eu\/wp-content\/uploads\/2019\/11\/bamboo-embroidery-hoops-17-20cm-milward-2.jpg\" \/>\n\t<meta property=\"og:image:width\" content=\"768\" \/>\n\t<meta property=\"og:image:height\" content=\"819\" \/>\n\t<meta property=\"og:image:type\" content=\"image\/jpeg\" \/>\n<meta name=\"twitter:card\" content=\"summary_large_image\" \/>\n<meta name=\"twitter:label1\" content=\"Dost\u0119pno\u015b\u0107\" \/>\n\t<meta name=\"twitter:data1\" content=\"Dost\u0119pny\" \/>\n<script type=\"application\/ld+json\" class=\"yoast-schema-graph\">{\"@context\":\"https:\/\/schema.org\",\"@graph\":[{\"@type\":\"WebPage\",\"@id\":\"https:\/\/creativityshop.eu\/pl\/product\/bamboo-embroidery-hoop-milward-sizes-7-8-17-20-cm\/\",\"url\":\"https:\/\/creativityshop.eu\/pl\/product\/bamboo-embroidery-hoop-milward-sizes-7-8-17-20-cm\/\",\"name\":\"Bamboo Embroidery Hoop, Milward, Sizes: 6\\\", 7\\\", 8\\\" (15, 17, 20 cm) - CreativityShopEU\",\"isPartOf\":{\"@id\":\"https:\/\/creativityshop.eu\/pl\/#website\"},\"primaryImageOfPage\":{\"@id\":\"https:\/\/creativityshop.eu\/pl\/product\/bamboo-embroidery-hoop-milward-sizes-7-8-17-20-cm\/#primaryimage\"},\"image\":{\"@id\":\"https:\/\/creativityshop.eu\/pl\/product\/bamboo-embroidery-hoop-milward-sizes-7-8-17-20-cm\/#primaryimage\"},\"thumbnailUrl\":\"https:\/\/creativityshop.eu\/wp-content\/uploads\/2019\/11\/bamboo-embroidery-hoops-17-20cm-milward-2.jpg\",\"datePublished\":\"2019-11-05T12:47:58+00:00\",\"dateModified\":\"2026-01-27T22:56:20+00:00\",\"breadcrumb\":{\"@id\":\"https:\/\/creativityshop.eu\/pl\/product\/bamboo-embroidery-hoop-milward-sizes-7-8-17-20-cm\/#breadcrumb\"},\"inLanguage\":\"pl-PL\",\"potentialAction\":[{\"@type\":\"ReadAction\",\"target\":[\"https:\/\/creativityshop.eu\/pl\/product\/bamboo-embroidery-hoop-milward-sizes-7-8-17-20-cm\/\"]}]},{\"@type\":\"ImageObject\",\"inLanguage\":\"pl-PL\",\"@id\":\"https:\/\/creativityshop.eu\/pl\/product\/bamboo-embroidery-hoop-milward-sizes-7-8-17-20-cm\/#primaryimage\",\"url\":\"https:\/\/creativityshop.eu\/wp-content\/uploads\/2019\/11\/bamboo-embroidery-hoops-17-20cm-milward-2.jpg\",\"contentUrl\":\"https:\/\/creativityshop.eu\/wp-content\/uploads\/2019\/11\/bamboo-embroidery-hoops-17-20cm-milward-2.jpg\",\"width\":768,\"height\":819},{\"@type\":\"BreadcrumbList\",\"@id\":\"https:\/\/creativityshop.eu\/pl\/product\/bamboo-embroidery-hoop-milward-sizes-7-8-17-20-cm\/#breadcrumb\",\"itemListElement\":[{\"@type\":\"ListItem\",\"position\":1,\"name\":\"Home\",\"item\":\"https:\/\/creativityshop.eu\/pl\/\"},{\"@type\":\"ListItem\",\"position\":2,\"name\":\"Shop\",\"item\":\"https:\/\/creativityshop.eu\/shop\/\"},{\"@type\":\"ListItem\",\"position\":3,\"name\":\"Bamboo Embroidery Hoop, Milward, Sizes: 6&#8243;, 7&#8243;, 8&#8243; (15, 17, 20 cm)\"}]},{\"@type\":\"WebSite\",\"@id\":\"https:\/\/creativityshop.eu\/pl\/#website\",\"url\":\"https:\/\/creativityshop.eu\/pl\/\",\"name\":\"CreativityShopEU\",\"description\":\"Embroidery and jewelry components\",\"publisher\":{\"@id\":\"https:\/\/creativityshop.eu\/pl\/#organization\"},\"potentialAction\":[{\"@type\":\"SearchAction\",\"target\":{\"@type\":\"EntryPoint\",\"urlTemplate\":\"https:\/\/creativityshop.eu\/pl\/?s={search_term_string}\"},\"query-input\":{\"@type\":\"PropertyValueSpecification\",\"valueRequired\":true,\"valueName\":\"search_term_string\"}}],\"inLanguage\":\"pl-PL\"},{\"@type\":\"Organization\",\"@id\":\"https:\/\/creativityshop.eu\/pl\/#organization\",\"name\":\"Creativity Shop OU\",\"url\":\"https:\/\/creativityshop.eu\/pl\/\",\"logo\":{\"@type\":\"ImageObject\",\"inLanguage\":\"pl-PL\",\"@id\":\"https:\/\/creativityshop.eu\/pl\/#\/schema\/logo\/image\/\",\"url\":\"https:\/\/creativityshop.eu\/wp-content\/uploads\/2018\/11\/creativity_shop_logosite2.png\",\"contentUrl\":\"https:\/\/creativityshop.eu\/wp-content\/uploads\/2018\/11\/creativity_shop_logosite2.png\",\"width\":2871,\"height\":1100,\"caption\":\"Creativity Shop OU\"},\"image\":{\"@id\":\"https:\/\/creativityshop.eu\/pl\/#\/schema\/logo\/image\/\"}}]}<\/script>\n<meta property=\"og:availability\" content=\"instock\" \/>\n<meta property=\"product:availability\" content=\"instock\" \/>\n<meta property=\"product:condition\" content=\"new\" \/>\n<!-- \/ Yoast SEO Premium plugin. -->","yoast_head_json":{"title":"Bamboo Embroidery Hoop, Milward, Sizes: 6\", 7\", 8\" (15, 17, 20 cm) - CreativityShopEU","robots":{"index":"noindex","follow":"follow"},"og_locale":"pl_PL","og_type":"article","og_title":"Bamboo Embroidery Hoop, Milward, Sizes: 6\", 7\", 8\" (15, 17, 20 cm)","og_description":"Bamboo Embroidery Hoop Available Sizes: 6 inches (15 cm), 7 inches (17 cm), 8 inches (20 cm) Material: Bamboo Brand: Milward Sold per: 1 piece","og_url":"https:\/\/creativityshop.eu\/pl\/product\/bamboo-embroidery-hoop-milward-sizes-7-8-17-20-cm\/","og_site_name":"CreativityShopEU","article_modified_time":"2026-01-27T22:56:20+00:00","og_image":[{"width":768,"height":819,"url":"https:\/\/creativityshop.eu\/wp-content\/uploads\/2019\/11\/bamboo-embroidery-hoops-17-20cm-milward-2.jpg","type":"image\/jpeg"}],"twitter_card":"summary_large_image","twitter_misc":{"Dost\u0119pno\u015b\u0107":"Dost\u0119pny"},"schema":{"@context":"https:\/\/schema.org","@graph":[{"@type":"WebPage","@id":"https:\/\/creativityshop.eu\/pl\/product\/bamboo-embroidery-hoop-milward-sizes-7-8-17-20-cm\/","url":"https:\/\/creativityshop.eu\/pl\/product\/bamboo-embroidery-hoop-milward-sizes-7-8-17-20-cm\/","name":"Bamboo Embroidery Hoop, Milward, Sizes: 6\", 7\", 8\" (15, 17, 20 cm) - CreativityShopEU","isPartOf":{"@id":"https:\/\/creativityshop.eu\/pl\/#website"},"primaryImageOfPage":{"@id":"https:\/\/creativityshop.eu\/pl\/product\/bamboo-embroidery-hoop-milward-sizes-7-8-17-20-cm\/#primaryimage"},"image":{"@id":"https:\/\/creativityshop.eu\/pl\/product\/bamboo-embroidery-hoop-milward-sizes-7-8-17-20-cm\/#primaryimage"},"thumbnailUrl":"https:\/\/creativityshop.eu\/wp-content\/uploads\/2019\/11\/bamboo-embroidery-hoops-17-20cm-milward-2.jpg","datePublished":"2019-11-05T12:47:58+00:00","dateModified":"2026-01-27T22:56:20+00:00","breadcrumb":{"@id":"https:\/\/creativityshop.eu\/pl\/product\/bamboo-embroidery-hoop-milward-sizes-7-8-17-20-cm\/#breadcrumb"},"inLanguage":"pl-PL","potentialAction":[{"@type":"ReadAction","target":["https:\/\/creativityshop.eu\/pl\/product\/bamboo-embroidery-hoop-milward-sizes-7-8-17-20-cm\/"]}]},{"@type":"ImageObject","inLanguage":"pl-PL","@id":"https:\/\/creativityshop.eu\/pl\/product\/bamboo-embroidery-hoop-milward-sizes-7-8-17-20-cm\/#primaryimage","url":"https:\/\/creativityshop.eu\/wp-content\/uploads\/2019\/11\/bamboo-embroidery-hoops-17-20cm-milward-2.jpg","contentUrl":"https:\/\/creativityshop.eu\/wp-content\/uploads\/2019\/11\/bamboo-embroidery-hoops-17-20cm-milward-2.jpg","width":768,"height":819},{"@type":"BreadcrumbList","@id":"https:\/\/creativityshop.eu\/pl\/product\/bamboo-embroidery-hoop-milward-sizes-7-8-17-20-cm\/#breadcrumb","itemListElement":[{"@type":"ListItem","position":1,"name":"Home","item":"https:\/\/creativityshop.eu\/pl\/"},{"@type":"ListItem","position":2,"name":"Shop","item":"https:\/\/creativityshop.eu\/shop\/"},{"@type":"ListItem","position":3,"name":"Bamboo Embroidery Hoop, Milward, Sizes: 6&#8243;, 7&#8243;, 8&#8243; (15, 17, 20 cm)"}]},{"@type":"WebSite","@id":"https:\/\/creativityshop.eu\/pl\/#website","url":"https:\/\/creativityshop.eu\/pl\/","name":"CreativityShopEU","description":"Embroidery and jewelry components","publisher":{"@id":"https:\/\/creativityshop.eu\/pl\/#organization"},"potentialAction":[{"@type":"SearchAction","target":{"@type":"EntryPoint","urlTemplate":"https:\/\/creativityshop.eu\/pl\/?s={search_term_string}"},"query-input":{"@type":"PropertyValueSpecification","valueRequired":true,"valueName":"search_term_string"}}],"inLanguage":"pl-PL"},{"@type":"Organization","@id":"https:\/\/creativityshop.eu\/pl\/#organization","name":"Creativity Shop OU","url":"https:\/\/creativityshop.eu\/pl\/","logo":{"@type":"ImageObject","inLanguage":"pl-PL","@id":"https:\/\/creativityshop.eu\/pl\/#\/schema\/logo\/image\/","url":"https:\/\/creativityshop.eu\/wp-content\/uploads\/2018\/11\/creativity_shop_logosite2.png","contentUrl":"https:\/\/creativityshop.eu\/wp-content\/uploads\/2018\/11\/creativity_shop_logosite2.png","width":2871,"height":1100,"caption":"Creativity Shop OU"},"image":{"@id":"https:\/\/creativityshop.eu\/pl\/#\/schema\/logo\/image\/"}}]},"og_availability":"instock","product_availability":"instock","product_condition":"new"},"_links":{"self":[{"href":"https:\/\/creativityshop.eu\/pl\/wp-json\/wp\/v2\/product\/12701","targetHints":{"allow":["GET"]}}],"collection":[{"href":"https:\/\/creativityshop.eu\/pl\/wp-json\/wp\/v2\/product"}],"about":[{"href":"https:\/\/creativityshop.eu\/pl\/wp-json\/wp\/v2\/types\/product"}],"wp:featuredmedia":[{"embeddable":true,"href":"https:\/\/creativityshop.eu\/pl\/wp-json\/wp\/v2\/media\/12704"}],"wp:attachment":[{"href":"https:\/\/creativityshop.eu\/pl\/wp-json\/wp\/v2\/media?parent=12701"}],"wp:term":[{"taxonomy":"product_brand","embeddable":true,"href":"https:\/\/creativityshop.eu\/pl\/wp-json\/wp\/v2\/product_brand?post=12701"},{"taxonomy":"product_cat","embeddable":true,"href":"https:\/\/creativityshop.eu\/pl\/wp-json\/wp\/v2\/product_cat?post=12701"},{"taxonomy":"product_tag","embeddable":true,"href":"https:\/\/creativityshop.eu\/pl\/wp-json\/wp\/v2\/product_tag?post=12701"}],"curies":[{"name":"wp","href":"https:\/\/api.w.org\/{rel}","templated":true}]}}