{"id":12183,"date":"2019-11-01T02:35:11","date_gmt":"2019-10-31T23:35:11","guid":{"rendered":"https:\/\/creativityshop.eu\/?post_type=product&#038;p=12183"},"modified":"2024-02-13T19:23:54","modified_gmt":"2024-02-13T16:23:54","slug":"4499-kaleidoscope-square-swarovski-fancy-stone-emerald-10-mm","status":"publish","type":"product","link":"https:\/\/creativityshop.eu\/pl\/product\/4499-kaleidoscope-square-swarovski-fancy-stone-emerald-10-mm\/","title":{"rendered":"4499 Kaleidoscope Square Swarovski Fancy Stone, Emerald, 10 mm"},"content":{"rendered":"<p>Wonderful for cool jewelry and statement party accessories, it\u2019s one of three classic shapes with a stunning new kaleidoscopic optic generated by Rivoli faceting on the reverse combined with generous facets on the front. The reduced height and weight make this crystal well suited to contemporary designs in fashion and bridge jewelry.<\/p>\n<p>Creativity Shop is a direct reseller of Swarovski in EU. You can buy online a wide range of fancy stones on www.creativityshop.eu.<br \/>\nProduct images are for illustrative purposes only and may differ from the actual product. Due to differences in monitors and lightening, colors of products may also appear different to those shown on the site.<\/p>\n","protected":false},"excerpt":{"rendered":"<p><strong>4499 Kaleidoscope Square Swarovski Crystal<\/strong><br \/>\nShape: Kaleidoscope square<br \/>\nType: Crystal<br \/>\nColor: Emerald<br \/>\nSize: 10 mm<br \/>\nManufactured in: Austria<br \/>\nPrice for 1 piece<\/p>\n","protected":false},"featured_media":12131,"template":"","meta":{"_acf_changed":false,"_exactmetrics_skip_tracking":false,"_exactmetrics_sitenote_active":false,"_exactmetrics_sitenote_note":"","_exactmetrics_sitenote_category":0},"product_brand":[],"product_cat":[467],"product_tag":[],"class_list":{"0":"post-12183","1":"product","2":"type-product","3":"status-publish","4":"has-post-thumbnail","6":"product_cat-4499-kaleidoscope","8":"first","9":"outofstock","10":"taxable","11":"shipping-taxable","12":"purchasable","13":"product-type-simple","14":"add-to-wishlist-after_add_to_cart"},"acf":[],"yoast_head":"<!-- This site is optimized with the Yoast SEO Premium plugin v27.0 (Yoast SEO v27.0) - https:\/\/yoast.com\/product\/yoast-seo-premium-wordpress\/ -->\n<title>4499 Kaleidoscope Square Swarovski Fancy Stone, Emerald, 10 mm - CreativityShopEU<\/title>\n<meta name=\"robots\" content=\"noindex, follow\" \/>\n<meta property=\"og:locale\" content=\"pl_PL\" \/>\n<meta property=\"og:type\" content=\"article\" \/>\n<meta property=\"og:title\" content=\"4499 Kaleidoscope Square Swarovski Fancy Stone, Emerald, 10 mm\" \/>\n<meta property=\"og:description\" content=\"4499 Kaleidoscope Square Swarovski Crystal Shape: Kaleidoscope square Type: Crystal Color: Emerald Size: 10 mm Manufactured in: Austria Price for 1 piece\" \/>\n<meta property=\"og:url\" content=\"https:\/\/creativityshop.eu\/pl\/product\/4499-kaleidoscope-square-swarovski-fancy-stone-emerald-10-mm\/\" \/>\n<meta property=\"og:site_name\" content=\"CreativityShopEU\" \/>\n<meta property=\"article:modified_time\" content=\"2024-02-13T16:23:54+00:00\" \/>\n<meta property=\"og:image\" content=\"https:\/\/creativityshop.eu\/wp-content\/uploads\/2019\/11\/4499-kaleidoscope-square-swarovski-fancy-stone-10mm-emerald.jpg\" \/>\n\t<meta property=\"og:image:width\" content=\"768\" \/>\n\t<meta property=\"og:image:height\" content=\"768\" \/>\n\t<meta property=\"og:image:type\" content=\"image\/jpeg\" \/>\n<meta name=\"twitter:card\" content=\"summary_large_image\" \/>\n<meta name=\"twitter:label1\" content=\"Cena\" \/>\n\t<meta name=\"twitter:data1\" content=\"&euro;1.82\" \/>\n\t<meta name=\"twitter:label2\" content=\"Dost\u0119pno\u015b\u0107\" \/>\n\t<meta name=\"twitter:data2\" content=\"Brak w magazynie\" \/>\n<script type=\"application\/ld+json\" class=\"yoast-schema-graph\">{\"@context\":\"https:\/\/schema.org\",\"@graph\":[{\"@type\":\"WebPage\",\"@id\":\"https:\/\/creativityshop.eu\/pl\/product\/4499-kaleidoscope-square-swarovski-fancy-stone-emerald-10-mm\/\",\"url\":\"https:\/\/creativityshop.eu\/pl\/product\/4499-kaleidoscope-square-swarovski-fancy-stone-emerald-10-mm\/\",\"name\":\"4499 Kaleidoscope Square Swarovski Fancy Stone, Emerald, 10 mm - CreativityShopEU\",\"isPartOf\":{\"@id\":\"https:\/\/creativityshop.eu\/pl\/#website\"},\"primaryImageOfPage\":{\"@id\":\"https:\/\/creativityshop.eu\/pl\/product\/4499-kaleidoscope-square-swarovski-fancy-stone-emerald-10-mm\/#primaryimage\"},\"image\":{\"@id\":\"https:\/\/creativityshop.eu\/pl\/product\/4499-kaleidoscope-square-swarovski-fancy-stone-emerald-10-mm\/#primaryimage\"},\"thumbnailUrl\":\"https:\/\/creativityshop.eu\/wp-content\/uploads\/2019\/11\/4499-kaleidoscope-square-swarovski-fancy-stone-10mm-emerald.jpg\",\"datePublished\":\"2019-10-31T23:35:11+00:00\",\"dateModified\":\"2024-02-13T16:23:54+00:00\",\"breadcrumb\":{\"@id\":\"https:\/\/creativityshop.eu\/pl\/product\/4499-kaleidoscope-square-swarovski-fancy-stone-emerald-10-mm\/#breadcrumb\"},\"inLanguage\":\"pl-PL\",\"potentialAction\":[{\"@type\":\"ReadAction\",\"target\":[\"https:\/\/creativityshop.eu\/pl\/product\/4499-kaleidoscope-square-swarovski-fancy-stone-emerald-10-mm\/\"]}]},{\"@type\":\"ImageObject\",\"inLanguage\":\"pl-PL\",\"@id\":\"https:\/\/creativityshop.eu\/pl\/product\/4499-kaleidoscope-square-swarovski-fancy-stone-emerald-10-mm\/#primaryimage\",\"url\":\"https:\/\/creativityshop.eu\/wp-content\/uploads\/2019\/11\/4499-kaleidoscope-square-swarovski-fancy-stone-10mm-emerald.jpg\",\"contentUrl\":\"https:\/\/creativityshop.eu\/wp-content\/uploads\/2019\/11\/4499-kaleidoscope-square-swarovski-fancy-stone-10mm-emerald.jpg\",\"width\":768,\"height\":768},{\"@type\":\"BreadcrumbList\",\"@id\":\"https:\/\/creativityshop.eu\/pl\/product\/4499-kaleidoscope-square-swarovski-fancy-stone-emerald-10-mm\/#breadcrumb\",\"itemListElement\":[{\"@type\":\"ListItem\",\"position\":1,\"name\":\"Home\",\"item\":\"https:\/\/creativityshop.eu\/pl\/\"},{\"@type\":\"ListItem\",\"position\":2,\"name\":\"Shop\",\"item\":\"https:\/\/creativityshop.eu\/shop\/\"},{\"@type\":\"ListItem\",\"position\":3,\"name\":\"4499 Kaleidoscope Square Swarovski Fancy Stone, Emerald, 10 mm\"}]},{\"@type\":\"WebSite\",\"@id\":\"https:\/\/creativityshop.eu\/pl\/#website\",\"url\":\"https:\/\/creativityshop.eu\/pl\/\",\"name\":\"CreativityShopEU\",\"description\":\"Embroidery and jewelry components\",\"publisher\":{\"@id\":\"https:\/\/creativityshop.eu\/pl\/#organization\"},\"potentialAction\":[{\"@type\":\"SearchAction\",\"target\":{\"@type\":\"EntryPoint\",\"urlTemplate\":\"https:\/\/creativityshop.eu\/pl\/?s={search_term_string}\"},\"query-input\":{\"@type\":\"PropertyValueSpecification\",\"valueRequired\":true,\"valueName\":\"search_term_string\"}}],\"inLanguage\":\"pl-PL\"},{\"@type\":\"Organization\",\"@id\":\"https:\/\/creativityshop.eu\/pl\/#organization\",\"name\":\"Creativity Shop OU\",\"url\":\"https:\/\/creativityshop.eu\/pl\/\",\"logo\":{\"@type\":\"ImageObject\",\"inLanguage\":\"pl-PL\",\"@id\":\"https:\/\/creativityshop.eu\/pl\/#\/schema\/logo\/image\/\",\"url\":\"https:\/\/creativityshop.eu\/wp-content\/uploads\/2018\/11\/creativity_shop_logosite2.png\",\"contentUrl\":\"https:\/\/creativityshop.eu\/wp-content\/uploads\/2018\/11\/creativity_shop_logosite2.png\",\"width\":2871,\"height\":1100,\"caption\":\"Creativity Shop OU\"},\"image\":{\"@id\":\"https:\/\/creativityshop.eu\/pl\/#\/schema\/logo\/image\/\"}}]}<\/script>\n<meta property=\"product:price:amount\" content=\"1.82\" \/>\n<meta property=\"product:price:currency\" content=\"EUR\" \/>\n<meta property=\"og:availability\" content=\"out of stock\" \/>\n<meta property=\"product:availability\" content=\"out of stock\" \/>\n<meta property=\"product:retailer_item_id\" content=\"5492975\" \/>\n<meta property=\"product:condition\" content=\"new\" \/>\n<!-- \/ Yoast SEO Premium plugin. -->","yoast_head_json":{"title":"4499 Kaleidoscope Square Swarovski Fancy Stone, Emerald, 10 mm - CreativityShopEU","robots":{"index":"noindex","follow":"follow"},"og_locale":"pl_PL","og_type":"article","og_title":"4499 Kaleidoscope Square Swarovski Fancy Stone, Emerald, 10 mm","og_description":"4499 Kaleidoscope Square Swarovski Crystal Shape: Kaleidoscope square Type: Crystal Color: Emerald Size: 10 mm Manufactured in: Austria Price for 1 piece","og_url":"https:\/\/creativityshop.eu\/pl\/product\/4499-kaleidoscope-square-swarovski-fancy-stone-emerald-10-mm\/","og_site_name":"CreativityShopEU","article_modified_time":"2024-02-13T16:23:54+00:00","og_image":[{"width":768,"height":768,"url":"https:\/\/creativityshop.eu\/wp-content\/uploads\/2019\/11\/4499-kaleidoscope-square-swarovski-fancy-stone-10mm-emerald.jpg","type":"image\/jpeg"}],"twitter_card":"summary_large_image","twitter_misc":{"Cena":"&euro;1.82","Dost\u0119pno\u015b\u0107":"Brak w magazynie"},"schema":{"@context":"https:\/\/schema.org","@graph":[{"@type":"WebPage","@id":"https:\/\/creativityshop.eu\/pl\/product\/4499-kaleidoscope-square-swarovski-fancy-stone-emerald-10-mm\/","url":"https:\/\/creativityshop.eu\/pl\/product\/4499-kaleidoscope-square-swarovski-fancy-stone-emerald-10-mm\/","name":"4499 Kaleidoscope Square Swarovski Fancy Stone, Emerald, 10 mm - CreativityShopEU","isPartOf":{"@id":"https:\/\/creativityshop.eu\/pl\/#website"},"primaryImageOfPage":{"@id":"https:\/\/creativityshop.eu\/pl\/product\/4499-kaleidoscope-square-swarovski-fancy-stone-emerald-10-mm\/#primaryimage"},"image":{"@id":"https:\/\/creativityshop.eu\/pl\/product\/4499-kaleidoscope-square-swarovski-fancy-stone-emerald-10-mm\/#primaryimage"},"thumbnailUrl":"https:\/\/creativityshop.eu\/wp-content\/uploads\/2019\/11\/4499-kaleidoscope-square-swarovski-fancy-stone-10mm-emerald.jpg","datePublished":"2019-10-31T23:35:11+00:00","dateModified":"2024-02-13T16:23:54+00:00","breadcrumb":{"@id":"https:\/\/creativityshop.eu\/pl\/product\/4499-kaleidoscope-square-swarovski-fancy-stone-emerald-10-mm\/#breadcrumb"},"inLanguage":"pl-PL","potentialAction":[{"@type":"ReadAction","target":["https:\/\/creativityshop.eu\/pl\/product\/4499-kaleidoscope-square-swarovski-fancy-stone-emerald-10-mm\/"]}]},{"@type":"ImageObject","inLanguage":"pl-PL","@id":"https:\/\/creativityshop.eu\/pl\/product\/4499-kaleidoscope-square-swarovski-fancy-stone-emerald-10-mm\/#primaryimage","url":"https:\/\/creativityshop.eu\/wp-content\/uploads\/2019\/11\/4499-kaleidoscope-square-swarovski-fancy-stone-10mm-emerald.jpg","contentUrl":"https:\/\/creativityshop.eu\/wp-content\/uploads\/2019\/11\/4499-kaleidoscope-square-swarovski-fancy-stone-10mm-emerald.jpg","width":768,"height":768},{"@type":"BreadcrumbList","@id":"https:\/\/creativityshop.eu\/pl\/product\/4499-kaleidoscope-square-swarovski-fancy-stone-emerald-10-mm\/#breadcrumb","itemListElement":[{"@type":"ListItem","position":1,"name":"Home","item":"https:\/\/creativityshop.eu\/pl\/"},{"@type":"ListItem","position":2,"name":"Shop","item":"https:\/\/creativityshop.eu\/shop\/"},{"@type":"ListItem","position":3,"name":"4499 Kaleidoscope Square Swarovski Fancy Stone, Emerald, 10 mm"}]},{"@type":"WebSite","@id":"https:\/\/creativityshop.eu\/pl\/#website","url":"https:\/\/creativityshop.eu\/pl\/","name":"CreativityShopEU","description":"Embroidery and jewelry components","publisher":{"@id":"https:\/\/creativityshop.eu\/pl\/#organization"},"potentialAction":[{"@type":"SearchAction","target":{"@type":"EntryPoint","urlTemplate":"https:\/\/creativityshop.eu\/pl\/?s={search_term_string}"},"query-input":{"@type":"PropertyValueSpecification","valueRequired":true,"valueName":"search_term_string"}}],"inLanguage":"pl-PL"},{"@type":"Organization","@id":"https:\/\/creativityshop.eu\/pl\/#organization","name":"Creativity Shop OU","url":"https:\/\/creativityshop.eu\/pl\/","logo":{"@type":"ImageObject","inLanguage":"pl-PL","@id":"https:\/\/creativityshop.eu\/pl\/#\/schema\/logo\/image\/","url":"https:\/\/creativityshop.eu\/wp-content\/uploads\/2018\/11\/creativity_shop_logosite2.png","contentUrl":"https:\/\/creativityshop.eu\/wp-content\/uploads\/2018\/11\/creativity_shop_logosite2.png","width":2871,"height":1100,"caption":"Creativity Shop OU"},"image":{"@id":"https:\/\/creativityshop.eu\/pl\/#\/schema\/logo\/image\/"}}]},"product_price_amount":"1.82","product_price_currency":"EUR","og_availability":"out of stock","product_availability":"out of stock","product_retailer_item_id":"5492975","product_condition":"new"},"_links":{"self":[{"href":"https:\/\/creativityshop.eu\/pl\/wp-json\/wp\/v2\/product\/12183","targetHints":{"allow":["GET"]}}],"collection":[{"href":"https:\/\/creativityshop.eu\/pl\/wp-json\/wp\/v2\/product"}],"about":[{"href":"https:\/\/creativityshop.eu\/pl\/wp-json\/wp\/v2\/types\/product"}],"wp:featuredmedia":[{"embeddable":true,"href":"https:\/\/creativityshop.eu\/pl\/wp-json\/wp\/v2\/media\/12131"}],"wp:attachment":[{"href":"https:\/\/creativityshop.eu\/pl\/wp-json\/wp\/v2\/media?parent=12183"}],"wp:term":[{"taxonomy":"product_brand","embeddable":true,"href":"https:\/\/creativityshop.eu\/pl\/wp-json\/wp\/v2\/product_brand?post=12183"},{"taxonomy":"product_cat","embeddable":true,"href":"https:\/\/creativityshop.eu\/pl\/wp-json\/wp\/v2\/product_cat?post=12183"},{"taxonomy":"product_tag","embeddable":true,"href":"https:\/\/creativityshop.eu\/pl\/wp-json\/wp\/v2\/product_tag?post=12183"}],"curies":[{"name":"wp","href":"https:\/\/api.w.org\/{rel}","templated":true}]}}