{"id":11796,"date":"2019-10-25T22:39:04","date_gmt":"2019-10-25T19:39:04","guid":{"rendered":"https:\/\/creativityshop.eu\/?post_type=product&#038;p=11796"},"modified":"2024-02-13T19:27:28","modified_gmt":"2024-02-13T16:27:28","slug":"53200-chaton-montees-swarovski-crystal-peridot-5-pcs","status":"publish","type":"product","link":"https:\/\/creativityshop.eu\/pl\/product\/53200-chaton-montees-swarovski-crystal-peridot-5-pcs\/","title":{"rendered":"53200 Chaton Montees Swarovski Crystal Peridot, 5 pcs"},"content":{"rendered":"<p>Absolutely amazing 53200 Chaton Mont\u00e9es boasts a brilliant PP31 Xirius Chaton, which is available in a wide range of Swarovski crystal colors and effects, and set in a silver cup.\u00a0Chaton Montees are one of the most popular product lines of Swarovski which includes a wide range of colors. They are widely used in jewelry, and embroidery.<\/p>\n<p>Creativity Shop is a direct reseller of Swarovski in EU. You can buy online a wide range of fancy stones on www.creativityshop.eu.<br \/>\nProduct images are for illustrative purposes only and may differ from the actual product. Due to differences in monitors and lightening, colors of products may also appear different to those shown on the site.<\/p>\n","protected":false},"excerpt":{"rendered":"<p><strong>53200 Swarovski Chaton Montees. Price for 5 pieces.<\/strong><br \/>\nShape: Round<br \/>\nType: Xirius Chaton<br \/>\nColor: Peridot<br \/>\nSize: PP31 (3.8-4 mm)<br \/>\nCup: Silver plated<br \/>\nManufactured in: Austria<br \/>\nPrice for 5 pieces<\/p>\n","protected":false},"featured_media":11776,"template":"","meta":{"_acf_changed":false,"_exactmetrics_skip_tracking":false,"_exactmetrics_sitenote_active":false,"_exactmetrics_sitenote_note":"","_exactmetrics_sitenote_category":0},"product_brand":[],"product_cat":[391],"product_tag":[],"class_list":{"0":"post-11796","1":"product","2":"type-product","3":"status-publish","4":"has-post-thumbnail","6":"product_cat-1088-chaton-montees-53200","8":"first","9":"outofstock","10":"taxable","11":"shipping-taxable","12":"purchasable","13":"product-type-simple","14":"add-to-wishlist-after_add_to_cart"},"acf":[],"yoast_head":"<!-- This site is optimized with the Yoast SEO Premium plugin v27.0 (Yoast SEO v27.0) - https:\/\/yoast.com\/product\/yoast-seo-premium-wordpress\/ -->\n<title>53200 Chaton Montees Swarovski Crystal Peridot, 5 pcs - CreativityShopEU<\/title>\n<meta name=\"robots\" content=\"noindex, follow\" \/>\n<meta property=\"og:locale\" content=\"pl_PL\" \/>\n<meta property=\"og:type\" content=\"article\" \/>\n<meta property=\"og:title\" content=\"53200 Chaton Montees Swarovski Crystal Peridot, 5 pcs\" \/>\n<meta property=\"og:description\" content=\"53200 Swarovski Chaton Montees. Price for 5 pieces. Shape: Round Type: Xirius Chaton Color: Peridot Size: PP31 (3.8-4 mm) Cup: Silver plated Manufactured in: Austria Price for 5 pieces\" \/>\n<meta property=\"og:url\" content=\"https:\/\/creativityshop.eu\/pl\/product\/53200-chaton-montees-swarovski-crystal-peridot-5-pcs\/\" \/>\n<meta property=\"og:site_name\" content=\"CreativityShopEU\" \/>\n<meta property=\"article:modified_time\" content=\"2024-02-13T16:27:28+00:00\" \/>\n<meta property=\"og:image\" content=\"https:\/\/creativityshop.eu\/wp-content\/uploads\/2019\/10\/swarovski-chaton-montees-peridot-53200-2.jpg\" \/>\n\t<meta property=\"og:image:width\" content=\"768\" \/>\n\t<meta property=\"og:image:height\" content=\"768\" \/>\n\t<meta property=\"og:image:type\" content=\"image\/jpeg\" \/>\n<meta name=\"twitter:card\" content=\"summary_large_image\" \/>\n<meta name=\"twitter:label1\" content=\"Cena\" \/>\n\t<meta name=\"twitter:data1\" content=\"&euro;0.61\" \/>\n\t<meta name=\"twitter:label2\" content=\"Dost\u0119pno\u015b\u0107\" \/>\n\t<meta name=\"twitter:data2\" content=\"Brak w magazynie\" \/>\n<script type=\"application\/ld+json\" class=\"yoast-schema-graph\">{\"@context\":\"https:\/\/schema.org\",\"@graph\":[{\"@type\":\"WebPage\",\"@id\":\"https:\/\/creativityshop.eu\/pl\/product\/53200-chaton-montees-swarovski-crystal-peridot-5-pcs\/\",\"url\":\"https:\/\/creativityshop.eu\/pl\/product\/53200-chaton-montees-swarovski-crystal-peridot-5-pcs\/\",\"name\":\"53200 Chaton Montees Swarovski Crystal Peridot, 5 pcs - CreativityShopEU\",\"isPartOf\":{\"@id\":\"https:\/\/creativityshop.eu\/pl\/#website\"},\"primaryImageOfPage\":{\"@id\":\"https:\/\/creativityshop.eu\/pl\/product\/53200-chaton-montees-swarovski-crystal-peridot-5-pcs\/#primaryimage\"},\"image\":{\"@id\":\"https:\/\/creativityshop.eu\/pl\/product\/53200-chaton-montees-swarovski-crystal-peridot-5-pcs\/#primaryimage\"},\"thumbnailUrl\":\"https:\/\/creativityshop.eu\/wp-content\/uploads\/2019\/10\/swarovski-chaton-montees-peridot-53200-2.jpg\",\"datePublished\":\"2019-10-25T19:39:04+00:00\",\"dateModified\":\"2024-02-13T16:27:28+00:00\",\"breadcrumb\":{\"@id\":\"https:\/\/creativityshop.eu\/pl\/product\/53200-chaton-montees-swarovski-crystal-peridot-5-pcs\/#breadcrumb\"},\"inLanguage\":\"pl-PL\",\"potentialAction\":[{\"@type\":\"ReadAction\",\"target\":[\"https:\/\/creativityshop.eu\/pl\/product\/53200-chaton-montees-swarovski-crystal-peridot-5-pcs\/\"]}]},{\"@type\":\"ImageObject\",\"inLanguage\":\"pl-PL\",\"@id\":\"https:\/\/creativityshop.eu\/pl\/product\/53200-chaton-montees-swarovski-crystal-peridot-5-pcs\/#primaryimage\",\"url\":\"https:\/\/creativityshop.eu\/wp-content\/uploads\/2019\/10\/swarovski-chaton-montees-peridot-53200-2.jpg\",\"contentUrl\":\"https:\/\/creativityshop.eu\/wp-content\/uploads\/2019\/10\/swarovski-chaton-montees-peridot-53200-2.jpg\",\"width\":768,\"height\":768},{\"@type\":\"BreadcrumbList\",\"@id\":\"https:\/\/creativityshop.eu\/pl\/product\/53200-chaton-montees-swarovski-crystal-peridot-5-pcs\/#breadcrumb\",\"itemListElement\":[{\"@type\":\"ListItem\",\"position\":1,\"name\":\"Home\",\"item\":\"https:\/\/creativityshop.eu\/pl\/\"},{\"@type\":\"ListItem\",\"position\":2,\"name\":\"Shop\",\"item\":\"https:\/\/creativityshop.eu\/shop\/\"},{\"@type\":\"ListItem\",\"position\":3,\"name\":\"53200 Chaton Montees Swarovski Crystal Peridot, 5 pcs\"}]},{\"@type\":\"WebSite\",\"@id\":\"https:\/\/creativityshop.eu\/pl\/#website\",\"url\":\"https:\/\/creativityshop.eu\/pl\/\",\"name\":\"CreativityShopEU\",\"description\":\"Embroidery and jewelry components\",\"publisher\":{\"@id\":\"https:\/\/creativityshop.eu\/pl\/#organization\"},\"potentialAction\":[{\"@type\":\"SearchAction\",\"target\":{\"@type\":\"EntryPoint\",\"urlTemplate\":\"https:\/\/creativityshop.eu\/pl\/?s={search_term_string}\"},\"query-input\":{\"@type\":\"PropertyValueSpecification\",\"valueRequired\":true,\"valueName\":\"search_term_string\"}}],\"inLanguage\":\"pl-PL\"},{\"@type\":\"Organization\",\"@id\":\"https:\/\/creativityshop.eu\/pl\/#organization\",\"name\":\"Creativity Shop OU\",\"url\":\"https:\/\/creativityshop.eu\/pl\/\",\"logo\":{\"@type\":\"ImageObject\",\"inLanguage\":\"pl-PL\",\"@id\":\"https:\/\/creativityshop.eu\/pl\/#\/schema\/logo\/image\/\",\"url\":\"https:\/\/creativityshop.eu\/wp-content\/uploads\/2018\/11\/creativity_shop_logosite2.png\",\"contentUrl\":\"https:\/\/creativityshop.eu\/wp-content\/uploads\/2018\/11\/creativity_shop_logosite2.png\",\"width\":2871,\"height\":1100,\"caption\":\"Creativity Shop OU\"},\"image\":{\"@id\":\"https:\/\/creativityshop.eu\/pl\/#\/schema\/logo\/image\/\"}}]}<\/script>\n<meta property=\"product:price:amount\" content=\"0.61\" \/>\n<meta property=\"product:price:currency\" content=\"EUR\" \/>\n<meta property=\"og:availability\" content=\"out of stock\" \/>\n<meta property=\"product:availability\" content=\"out of stock\" \/>\n<meta property=\"product:retailer_item_id\" content=\"250431\" \/>\n<meta property=\"product:condition\" content=\"new\" \/>\n<!-- \/ Yoast SEO Premium plugin. -->","yoast_head_json":{"title":"53200 Chaton Montees Swarovski Crystal Peridot, 5 pcs - CreativityShopEU","robots":{"index":"noindex","follow":"follow"},"og_locale":"pl_PL","og_type":"article","og_title":"53200 Chaton Montees Swarovski Crystal Peridot, 5 pcs","og_description":"53200 Swarovski Chaton Montees. Price for 5 pieces. Shape: Round Type: Xirius Chaton Color: Peridot Size: PP31 (3.8-4 mm) Cup: Silver plated Manufactured in: Austria Price for 5 pieces","og_url":"https:\/\/creativityshop.eu\/pl\/product\/53200-chaton-montees-swarovski-crystal-peridot-5-pcs\/","og_site_name":"CreativityShopEU","article_modified_time":"2024-02-13T16:27:28+00:00","og_image":[{"width":768,"height":768,"url":"https:\/\/creativityshop.eu\/wp-content\/uploads\/2019\/10\/swarovski-chaton-montees-peridot-53200-2.jpg","type":"image\/jpeg"}],"twitter_card":"summary_large_image","twitter_misc":{"Cena":"&euro;0.61","Dost\u0119pno\u015b\u0107":"Brak w magazynie"},"schema":{"@context":"https:\/\/schema.org","@graph":[{"@type":"WebPage","@id":"https:\/\/creativityshop.eu\/pl\/product\/53200-chaton-montees-swarovski-crystal-peridot-5-pcs\/","url":"https:\/\/creativityshop.eu\/pl\/product\/53200-chaton-montees-swarovski-crystal-peridot-5-pcs\/","name":"53200 Chaton Montees Swarovski Crystal Peridot, 5 pcs - CreativityShopEU","isPartOf":{"@id":"https:\/\/creativityshop.eu\/pl\/#website"},"primaryImageOfPage":{"@id":"https:\/\/creativityshop.eu\/pl\/product\/53200-chaton-montees-swarovski-crystal-peridot-5-pcs\/#primaryimage"},"image":{"@id":"https:\/\/creativityshop.eu\/pl\/product\/53200-chaton-montees-swarovski-crystal-peridot-5-pcs\/#primaryimage"},"thumbnailUrl":"https:\/\/creativityshop.eu\/wp-content\/uploads\/2019\/10\/swarovski-chaton-montees-peridot-53200-2.jpg","datePublished":"2019-10-25T19:39:04+00:00","dateModified":"2024-02-13T16:27:28+00:00","breadcrumb":{"@id":"https:\/\/creativityshop.eu\/pl\/product\/53200-chaton-montees-swarovski-crystal-peridot-5-pcs\/#breadcrumb"},"inLanguage":"pl-PL","potentialAction":[{"@type":"ReadAction","target":["https:\/\/creativityshop.eu\/pl\/product\/53200-chaton-montees-swarovski-crystal-peridot-5-pcs\/"]}]},{"@type":"ImageObject","inLanguage":"pl-PL","@id":"https:\/\/creativityshop.eu\/pl\/product\/53200-chaton-montees-swarovski-crystal-peridot-5-pcs\/#primaryimage","url":"https:\/\/creativityshop.eu\/wp-content\/uploads\/2019\/10\/swarovski-chaton-montees-peridot-53200-2.jpg","contentUrl":"https:\/\/creativityshop.eu\/wp-content\/uploads\/2019\/10\/swarovski-chaton-montees-peridot-53200-2.jpg","width":768,"height":768},{"@type":"BreadcrumbList","@id":"https:\/\/creativityshop.eu\/pl\/product\/53200-chaton-montees-swarovski-crystal-peridot-5-pcs\/#breadcrumb","itemListElement":[{"@type":"ListItem","position":1,"name":"Home","item":"https:\/\/creativityshop.eu\/pl\/"},{"@type":"ListItem","position":2,"name":"Shop","item":"https:\/\/creativityshop.eu\/shop\/"},{"@type":"ListItem","position":3,"name":"53200 Chaton Montees Swarovski Crystal Peridot, 5 pcs"}]},{"@type":"WebSite","@id":"https:\/\/creativityshop.eu\/pl\/#website","url":"https:\/\/creativityshop.eu\/pl\/","name":"CreativityShopEU","description":"Embroidery and jewelry components","publisher":{"@id":"https:\/\/creativityshop.eu\/pl\/#organization"},"potentialAction":[{"@type":"SearchAction","target":{"@type":"EntryPoint","urlTemplate":"https:\/\/creativityshop.eu\/pl\/?s={search_term_string}"},"query-input":{"@type":"PropertyValueSpecification","valueRequired":true,"valueName":"search_term_string"}}],"inLanguage":"pl-PL"},{"@type":"Organization","@id":"https:\/\/creativityshop.eu\/pl\/#organization","name":"Creativity Shop OU","url":"https:\/\/creativityshop.eu\/pl\/","logo":{"@type":"ImageObject","inLanguage":"pl-PL","@id":"https:\/\/creativityshop.eu\/pl\/#\/schema\/logo\/image\/","url":"https:\/\/creativityshop.eu\/wp-content\/uploads\/2018\/11\/creativity_shop_logosite2.png","contentUrl":"https:\/\/creativityshop.eu\/wp-content\/uploads\/2018\/11\/creativity_shop_logosite2.png","width":2871,"height":1100,"caption":"Creativity Shop OU"},"image":{"@id":"https:\/\/creativityshop.eu\/pl\/#\/schema\/logo\/image\/"}}]},"product_price_amount":"0.61","product_price_currency":"EUR","og_availability":"out of stock","product_availability":"out of stock","product_retailer_item_id":"250431","product_condition":"new"},"_links":{"self":[{"href":"https:\/\/creativityshop.eu\/pl\/wp-json\/wp\/v2\/product\/11796","targetHints":{"allow":["GET"]}}],"collection":[{"href":"https:\/\/creativityshop.eu\/pl\/wp-json\/wp\/v2\/product"}],"about":[{"href":"https:\/\/creativityshop.eu\/pl\/wp-json\/wp\/v2\/types\/product"}],"wp:featuredmedia":[{"embeddable":true,"href":"https:\/\/creativityshop.eu\/pl\/wp-json\/wp\/v2\/media\/11776"}],"wp:attachment":[{"href":"https:\/\/creativityshop.eu\/pl\/wp-json\/wp\/v2\/media?parent=11796"}],"wp:term":[{"taxonomy":"product_brand","embeddable":true,"href":"https:\/\/creativityshop.eu\/pl\/wp-json\/wp\/v2\/product_brand?post=11796"},{"taxonomy":"product_cat","embeddable":true,"href":"https:\/\/creativityshop.eu\/pl\/wp-json\/wp\/v2\/product_cat?post=11796"},{"taxonomy":"product_tag","embeddable":true,"href":"https:\/\/creativityshop.eu\/pl\/wp-json\/wp\/v2\/product_tag?post=11796"}],"curies":[{"name":"wp","href":"https:\/\/api.w.org\/{rel}","templated":true}]}}