{"id":11496,"date":"2019-10-09T00:36:28","date_gmt":"2019-10-08T21:36:28","guid":{"rendered":"https:\/\/creativityshop.eu\/?post_type=product&#038;p=11496"},"modified":"2024-02-13T20:06:17","modified_gmt":"2024-02-13T17:06:17","slug":"book-in-russian-zolotoe-shite-tehnika-proekty-tonkosti","status":"publish","type":"product","link":"https:\/\/creativityshop.eu\/pl\/product\/book-in-russian-zolotoe-shite-tehnika-proekty-tonkosti\/","title":{"rendered":"Book in Russian: \u0417\u043e\u043b\u043e\u0442\u043e\u0435 \u0448\u0438\u0442\u044c\u0435: \u0442\u0435\u0445\u043d\u0438\u043a\u0430, \u043f\u0440\u043e\u0435\u043a\u0442\u044b, \u0442\u043e\u043d\u043a\u043e\u0441\u0442\u0438"},"content":{"rendered":"<p>Exquisite jewelry made of gold and silver threads has always been a sign of wealth and a high position in society &#8211; they are used to decorate clothes and accessories from the Middle Ages to the present day. However, today, when the art of gold embroidery is undergoing a rebirth thanks to the popularity of embroidery, this technique has become more accessible and easier.<br \/>\nIn this book you will find all the information you need about gold embroidery: materials, techniques, embroidery techniques, as well as wonderful projects that you can easily do on your own.<\/p>\n","protected":false},"excerpt":{"rendered":"<p>Book in Russian: \u0417\u043e\u043b\u043e\u0442\u043e\u0435 \u0448\u0438\u0442\u044c\u0435: \u0442\u0435\u0445\u043d\u0438\u043a\u0430, \u043f\u0440\u043e\u0435\u043a\u0442\u044b, \u0442\u043e\u043d\u043a\u043e\u0441\u0442\u0438<br \/>\nLanguage: Russian<br \/>\nNumber of pages: 130<\/p>\n","protected":false},"featured_media":11507,"template":"","meta":{"_acf_changed":false,"_exactmetrics_skip_tracking":false,"_exactmetrics_sitenote_active":false,"_exactmetrics_sitenote_note":"","_exactmetrics_sitenote_category":0},"product_brand":[],"product_cat":[459],"product_tag":[],"class_list":{"0":"post-11496","1":"product","2":"type-product","3":"status-publish","4":"has-post-thumbnail","6":"product_cat-books","8":"first","9":"outofstock","10":"taxable","11":"shipping-taxable","12":"purchasable","13":"product-type-simple","14":"add-to-wishlist-after_add_to_cart"},"acf":[],"yoast_head":"<!-- This site is optimized with the Yoast SEO Premium plugin v27.0 (Yoast SEO v27.0) - https:\/\/yoast.com\/product\/yoast-seo-premium-wordpress\/ -->\n<title>Book in Russian: \u0417\u043e\u043b\u043e\u0442\u043e\u0435 \u0448\u0438\u0442\u044c\u0435: \u0442\u0435\u0445\u043d\u0438\u043a\u0430, \u043f\u0440\u043e\u0435\u043a\u0442\u044b, \u0442\u043e\u043d\u043a\u043e\u0441\u0442\u0438 - CreativityShopEU<\/title>\n<meta name=\"robots\" content=\"noindex, follow\" \/>\n<meta property=\"og:locale\" content=\"pl_PL\" \/>\n<meta property=\"og:type\" content=\"article\" \/>\n<meta property=\"og:title\" content=\"Book in Russian: \u0417\u043e\u043b\u043e\u0442\u043e\u0435 \u0448\u0438\u0442\u044c\u0435: \u0442\u0435\u0445\u043d\u0438\u043a\u0430, \u043f\u0440\u043e\u0435\u043a\u0442\u044b, \u0442\u043e\u043d\u043a\u043e\u0441\u0442\u0438\" \/>\n<meta property=\"og:description\" content=\"Book in Russian: \u0417\u043e\u043b\u043e\u0442\u043e\u0435 \u0448\u0438\u0442\u044c\u0435: \u0442\u0435\u0445\u043d\u0438\u043a\u0430, \u043f\u0440\u043e\u0435\u043a\u0442\u044b, \u0442\u043e\u043d\u043a\u043e\u0441\u0442\u0438 Language: Russian Number of pages: 130\" \/>\n<meta property=\"og:url\" content=\"https:\/\/creativityshop.eu\/pl\/product\/book-in-russian-zolotoe-shite-tehnika-proekty-tonkosti\/\" \/>\n<meta property=\"og:site_name\" content=\"CreativityShopEU\" \/>\n<meta property=\"article:modified_time\" content=\"2024-02-13T17:06:17+00:00\" \/>\n<meta property=\"og:image\" content=\"https:\/\/creativityshop.eu\/wp-content\/uploads\/2019\/10\/zolotoe-shitye-kniga.jpg\" \/>\n\t<meta property=\"og:image:width\" content=\"768\" \/>\n\t<meta property=\"og:image:height\" content=\"768\" \/>\n\t<meta property=\"og:image:type\" content=\"image\/jpeg\" \/>\n<meta name=\"twitter:card\" content=\"summary_large_image\" \/>\n<meta name=\"twitter:label1\" content=\"Cena\" \/>\n\t<meta name=\"twitter:data1\" content=\"&#036;25.00\" \/>\n\t<meta name=\"twitter:label2\" content=\"Dost\u0119pno\u015b\u0107\" \/>\n\t<meta name=\"twitter:data2\" content=\"Brak w magazynie\" \/>\n<script type=\"application\/ld+json\" class=\"yoast-schema-graph\">{\"@context\":\"https:\/\/schema.org\",\"@graph\":[{\"@type\":\"WebPage\",\"@id\":\"https:\/\/creativityshop.eu\/pl\/product\/book-in-russian-zolotoe-shite-tehnika-proekty-tonkosti\/\",\"url\":\"https:\/\/creativityshop.eu\/pl\/product\/book-in-russian-zolotoe-shite-tehnika-proekty-tonkosti\/\",\"name\":\"Book in Russian: \u0417\u043e\u043b\u043e\u0442\u043e\u0435 \u0448\u0438\u0442\u044c\u0435: \u0442\u0435\u0445\u043d\u0438\u043a\u0430, \u043f\u0440\u043e\u0435\u043a\u0442\u044b, \u0442\u043e\u043d\u043a\u043e\u0441\u0442\u0438 - CreativityShopEU\",\"isPartOf\":{\"@id\":\"https:\/\/creativityshop.eu\/pl\/#website\"},\"primaryImageOfPage\":{\"@id\":\"https:\/\/creativityshop.eu\/pl\/product\/book-in-russian-zolotoe-shite-tehnika-proekty-tonkosti\/#primaryimage\"},\"image\":{\"@id\":\"https:\/\/creativityshop.eu\/pl\/product\/book-in-russian-zolotoe-shite-tehnika-proekty-tonkosti\/#primaryimage\"},\"thumbnailUrl\":\"https:\/\/creativityshop.eu\/wp-content\/uploads\/2019\/10\/zolotoe-shitye-kniga.jpg\",\"datePublished\":\"2019-10-08T21:36:28+00:00\",\"dateModified\":\"2024-02-13T17:06:17+00:00\",\"breadcrumb\":{\"@id\":\"https:\/\/creativityshop.eu\/pl\/product\/book-in-russian-zolotoe-shite-tehnika-proekty-tonkosti\/#breadcrumb\"},\"inLanguage\":\"pl-PL\",\"potentialAction\":[{\"@type\":\"ReadAction\",\"target\":[\"https:\/\/creativityshop.eu\/pl\/product\/book-in-russian-zolotoe-shite-tehnika-proekty-tonkosti\/\"]}]},{\"@type\":\"ImageObject\",\"inLanguage\":\"pl-PL\",\"@id\":\"https:\/\/creativityshop.eu\/pl\/product\/book-in-russian-zolotoe-shite-tehnika-proekty-tonkosti\/#primaryimage\",\"url\":\"https:\/\/creativityshop.eu\/wp-content\/uploads\/2019\/10\/zolotoe-shitye-kniga.jpg\",\"contentUrl\":\"https:\/\/creativityshop.eu\/wp-content\/uploads\/2019\/10\/zolotoe-shitye-kniga.jpg\",\"width\":768,\"height\":768},{\"@type\":\"BreadcrumbList\",\"@id\":\"https:\/\/creativityshop.eu\/pl\/product\/book-in-russian-zolotoe-shite-tehnika-proekty-tonkosti\/#breadcrumb\",\"itemListElement\":[{\"@type\":\"ListItem\",\"position\":1,\"name\":\"Home\",\"item\":\"https:\/\/creativityshop.eu\/pl\/\"},{\"@type\":\"ListItem\",\"position\":2,\"name\":\"Shop\",\"item\":\"https:\/\/creativityshop.eu\/shop\/\"},{\"@type\":\"ListItem\",\"position\":3,\"name\":\"Book in Russian: \u0417\u043e\u043b\u043e\u0442\u043e\u0435 \u0448\u0438\u0442\u044c\u0435: \u0442\u0435\u0445\u043d\u0438\u043a\u0430, \u043f\u0440\u043e\u0435\u043a\u0442\u044b, \u0442\u043e\u043d\u043a\u043e\u0441\u0442\u0438\"}]},{\"@type\":\"WebSite\",\"@id\":\"https:\/\/creativityshop.eu\/pl\/#website\",\"url\":\"https:\/\/creativityshop.eu\/pl\/\",\"name\":\"CreativityShopEU\",\"description\":\"Embroidery and jewelry components\",\"publisher\":{\"@id\":\"https:\/\/creativityshop.eu\/pl\/#organization\"},\"potentialAction\":[{\"@type\":\"SearchAction\",\"target\":{\"@type\":\"EntryPoint\",\"urlTemplate\":\"https:\/\/creativityshop.eu\/pl\/?s={search_term_string}\"},\"query-input\":{\"@type\":\"PropertyValueSpecification\",\"valueRequired\":true,\"valueName\":\"search_term_string\"}}],\"inLanguage\":\"pl-PL\"},{\"@type\":\"Organization\",\"@id\":\"https:\/\/creativityshop.eu\/pl\/#organization\",\"name\":\"Creativity Shop OU\",\"url\":\"https:\/\/creativityshop.eu\/pl\/\",\"logo\":{\"@type\":\"ImageObject\",\"inLanguage\":\"pl-PL\",\"@id\":\"https:\/\/creativityshop.eu\/pl\/#\/schema\/logo\/image\/\",\"url\":\"https:\/\/creativityshop.eu\/wp-content\/uploads\/2018\/11\/creativity_shop_logosite2.png\",\"contentUrl\":\"https:\/\/creativityshop.eu\/wp-content\/uploads\/2018\/11\/creativity_shop_logosite2.png\",\"width\":2871,\"height\":1100,\"caption\":\"Creativity Shop OU\"},\"image\":{\"@id\":\"https:\/\/creativityshop.eu\/pl\/#\/schema\/logo\/image\/\"}}]}<\/script>\n<meta property=\"product:price:amount\" content=\"25.00\" \/>\n<meta property=\"product:price:currency\" content=\"USD\" \/>\n<meta property=\"og:availability\" content=\"out of stock\" \/>\n<meta property=\"product:availability\" content=\"out of stock\" \/>\n<meta property=\"product:retailer_item_id\" content=\"B001\" \/>\n<meta property=\"product:condition\" content=\"new\" \/>\n<!-- \/ Yoast SEO Premium plugin. -->","yoast_head_json":{"title":"Book in Russian: \u0417\u043e\u043b\u043e\u0442\u043e\u0435 \u0448\u0438\u0442\u044c\u0435: \u0442\u0435\u0445\u043d\u0438\u043a\u0430, \u043f\u0440\u043e\u0435\u043a\u0442\u044b, \u0442\u043e\u043d\u043a\u043e\u0441\u0442\u0438 - CreativityShopEU","robots":{"index":"noindex","follow":"follow"},"og_locale":"pl_PL","og_type":"article","og_title":"Book in Russian: \u0417\u043e\u043b\u043e\u0442\u043e\u0435 \u0448\u0438\u0442\u044c\u0435: \u0442\u0435\u0445\u043d\u0438\u043a\u0430, \u043f\u0440\u043e\u0435\u043a\u0442\u044b, \u0442\u043e\u043d\u043a\u043e\u0441\u0442\u0438","og_description":"Book in Russian: \u0417\u043e\u043b\u043e\u0442\u043e\u0435 \u0448\u0438\u0442\u044c\u0435: \u0442\u0435\u0445\u043d\u0438\u043a\u0430, \u043f\u0440\u043e\u0435\u043a\u0442\u044b, \u0442\u043e\u043d\u043a\u043e\u0441\u0442\u0438 Language: Russian Number of pages: 130","og_url":"https:\/\/creativityshop.eu\/pl\/product\/book-in-russian-zolotoe-shite-tehnika-proekty-tonkosti\/","og_site_name":"CreativityShopEU","article_modified_time":"2024-02-13T17:06:17+00:00","og_image":[{"width":768,"height":768,"url":"https:\/\/creativityshop.eu\/wp-content\/uploads\/2019\/10\/zolotoe-shitye-kniga.jpg","type":"image\/jpeg"}],"twitter_card":"summary_large_image","twitter_misc":{"Cena":"&#36;25.00","Dost\u0119pno\u015b\u0107":"Brak w magazynie"},"schema":{"@context":"https:\/\/schema.org","@graph":[{"@type":"WebPage","@id":"https:\/\/creativityshop.eu\/pl\/product\/book-in-russian-zolotoe-shite-tehnika-proekty-tonkosti\/","url":"https:\/\/creativityshop.eu\/pl\/product\/book-in-russian-zolotoe-shite-tehnika-proekty-tonkosti\/","name":"Book in Russian: \u0417\u043e\u043b\u043e\u0442\u043e\u0435 \u0448\u0438\u0442\u044c\u0435: \u0442\u0435\u0445\u043d\u0438\u043a\u0430, \u043f\u0440\u043e\u0435\u043a\u0442\u044b, \u0442\u043e\u043d\u043a\u043e\u0441\u0442\u0438 - CreativityShopEU","isPartOf":{"@id":"https:\/\/creativityshop.eu\/pl\/#website"},"primaryImageOfPage":{"@id":"https:\/\/creativityshop.eu\/pl\/product\/book-in-russian-zolotoe-shite-tehnika-proekty-tonkosti\/#primaryimage"},"image":{"@id":"https:\/\/creativityshop.eu\/pl\/product\/book-in-russian-zolotoe-shite-tehnika-proekty-tonkosti\/#primaryimage"},"thumbnailUrl":"https:\/\/creativityshop.eu\/wp-content\/uploads\/2019\/10\/zolotoe-shitye-kniga.jpg","datePublished":"2019-10-08T21:36:28+00:00","dateModified":"2024-02-13T17:06:17+00:00","breadcrumb":{"@id":"https:\/\/creativityshop.eu\/pl\/product\/book-in-russian-zolotoe-shite-tehnika-proekty-tonkosti\/#breadcrumb"},"inLanguage":"pl-PL","potentialAction":[{"@type":"ReadAction","target":["https:\/\/creativityshop.eu\/pl\/product\/book-in-russian-zolotoe-shite-tehnika-proekty-tonkosti\/"]}]},{"@type":"ImageObject","inLanguage":"pl-PL","@id":"https:\/\/creativityshop.eu\/pl\/product\/book-in-russian-zolotoe-shite-tehnika-proekty-tonkosti\/#primaryimage","url":"https:\/\/creativityshop.eu\/wp-content\/uploads\/2019\/10\/zolotoe-shitye-kniga.jpg","contentUrl":"https:\/\/creativityshop.eu\/wp-content\/uploads\/2019\/10\/zolotoe-shitye-kniga.jpg","width":768,"height":768},{"@type":"BreadcrumbList","@id":"https:\/\/creativityshop.eu\/pl\/product\/book-in-russian-zolotoe-shite-tehnika-proekty-tonkosti\/#breadcrumb","itemListElement":[{"@type":"ListItem","position":1,"name":"Home","item":"https:\/\/creativityshop.eu\/pl\/"},{"@type":"ListItem","position":2,"name":"Shop","item":"https:\/\/creativityshop.eu\/shop\/"},{"@type":"ListItem","position":3,"name":"Book in Russian: \u0417\u043e\u043b\u043e\u0442\u043e\u0435 \u0448\u0438\u0442\u044c\u0435: \u0442\u0435\u0445\u043d\u0438\u043a\u0430, \u043f\u0440\u043e\u0435\u043a\u0442\u044b, \u0442\u043e\u043d\u043a\u043e\u0441\u0442\u0438"}]},{"@type":"WebSite","@id":"https:\/\/creativityshop.eu\/pl\/#website","url":"https:\/\/creativityshop.eu\/pl\/","name":"CreativityShopEU","description":"Embroidery and jewelry components","publisher":{"@id":"https:\/\/creativityshop.eu\/pl\/#organization"},"potentialAction":[{"@type":"SearchAction","target":{"@type":"EntryPoint","urlTemplate":"https:\/\/creativityshop.eu\/pl\/?s={search_term_string}"},"query-input":{"@type":"PropertyValueSpecification","valueRequired":true,"valueName":"search_term_string"}}],"inLanguage":"pl-PL"},{"@type":"Organization","@id":"https:\/\/creativityshop.eu\/pl\/#organization","name":"Creativity Shop OU","url":"https:\/\/creativityshop.eu\/pl\/","logo":{"@type":"ImageObject","inLanguage":"pl-PL","@id":"https:\/\/creativityshop.eu\/pl\/#\/schema\/logo\/image\/","url":"https:\/\/creativityshop.eu\/wp-content\/uploads\/2018\/11\/creativity_shop_logosite2.png","contentUrl":"https:\/\/creativityshop.eu\/wp-content\/uploads\/2018\/11\/creativity_shop_logosite2.png","width":2871,"height":1100,"caption":"Creativity Shop OU"},"image":{"@id":"https:\/\/creativityshop.eu\/pl\/#\/schema\/logo\/image\/"}}]},"product_price_amount":"25.00","product_price_currency":"USD","og_availability":"out of stock","product_availability":"out of stock","product_retailer_item_id":"B001","product_condition":"new"},"_links":{"self":[{"href":"https:\/\/creativityshop.eu\/pl\/wp-json\/wp\/v2\/product\/11496","targetHints":{"allow":["GET"]}}],"collection":[{"href":"https:\/\/creativityshop.eu\/pl\/wp-json\/wp\/v2\/product"}],"about":[{"href":"https:\/\/creativityshop.eu\/pl\/wp-json\/wp\/v2\/types\/product"}],"wp:featuredmedia":[{"embeddable":true,"href":"https:\/\/creativityshop.eu\/pl\/wp-json\/wp\/v2\/media\/11507"}],"wp:attachment":[{"href":"https:\/\/creativityshop.eu\/pl\/wp-json\/wp\/v2\/media?parent=11496"}],"wp:term":[{"taxonomy":"product_brand","embeddable":true,"href":"https:\/\/creativityshop.eu\/pl\/wp-json\/wp\/v2\/product_brand?post=11496"},{"taxonomy":"product_cat","embeddable":true,"href":"https:\/\/creativityshop.eu\/pl\/wp-json\/wp\/v2\/product_cat?post=11496"},{"taxonomy":"product_tag","embeddable":true,"href":"https:\/\/creativityshop.eu\/pl\/wp-json\/wp\/v2\/product_tag?post=11496"}],"curies":[{"name":"wp","href":"https:\/\/api.w.org\/{rel}","templated":true}]}}