{"id":11068,"date":"2019-09-28T16:17:51","date_gmt":"2019-09-28T13:17:51","guid":{"rendered":"https:\/\/creativityshop.eu\/?post_type=product&#038;p=11068"},"modified":"2026-01-28T02:22:00","modified_gmt":"2026-01-27T23:22:00","slug":"4142-s-swarovski-tombac-settings-rhodium-plated-14x11mm","status":"publish","type":"product","link":"https:\/\/creativityshop.eu\/pl\/product\/4142-s-swarovski-tombac-settings-rhodium-plated-14x11mm\/","title":{"rendered":"4142\/S Swarovski Tombac Settings Rhodium Plated 14x11mm"},"content":{"rendered":"<p>The Swarovski Baroque Mirror Fancy Stone works well in romantic vintage looks and adds momentum and meaning to modern designs. The flat fancy stone features a multilayered cut with a large table that lends itself to customized laser engravings. Its classic oval shape adds to its versatility, and the bigger versions make beautiful centerpieces. Its reduced weight and height have made the Baroque Mirror Fancy Stone very popular in the jewelry and fashion segments, working particularly well in earrings, rings, and textile applications.<\/p>\n<p>Product images are for illustrative purposes only and may differ from the actual product. Due to differences in monitors and lighting, the colors of products may also appear different from those shown on the site.<\/p>\n","protected":false},"excerpt":{"rendered":"<p><strong> 4142\/S Swarovski Fancy Stone Setting<\/strong><\/p>\n<p>Shape: Oval (Baroque mirror)<br \/>\nType: Tombac, open with 4 holes<br \/>\nMaterial: Brass<br \/>\nSize: 14 mm x 11 mm<br \/>\nPlating: Rhodium<br \/>\nManufactured in: Austria<\/p>\n","protected":false},"featured_media":11073,"template":"","meta":{"_acf_changed":false,"_exactmetrics_skip_tracking":false,"_exactmetrics_sitenote_active":false,"_exactmetrics_sitenote_note":"","_exactmetrics_sitenote_category":0},"product_brand":[],"product_cat":[447],"product_tag":[],"class_list":{"0":"post-11068","1":"product","2":"type-product","3":"status-publish","4":"has-post-thumbnail","6":"product_cat-4142-baroque-mirror","8":"first","9":"outofstock","10":"taxable","11":"shipping-taxable","12":"purchasable","13":"product-type-simple","14":"add-to-wishlist-after_add_to_cart"},"acf":[],"yoast_head":"<!-- This site is optimized with the Yoast SEO Premium plugin v27.0 (Yoast SEO v27.0) - https:\/\/yoast.com\/product\/yoast-seo-premium-wordpress\/ -->\n<title>4142\/S Swarovski Tombac Settings Rhodium Plated 14x11mm - CreativityShopEU<\/title>\n<meta name=\"robots\" content=\"noindex, follow\" \/>\n<meta property=\"og:locale\" content=\"pl_PL\" \/>\n<meta property=\"og:type\" content=\"article\" \/>\n<meta property=\"og:title\" content=\"4142\/S Swarovski Tombac Settings Rhodium Plated 14x11mm\" \/>\n<meta property=\"og:description\" content=\"4142\/S Swarovski Fancy Stone Setting  Shape: Oval (Baroque mirror) Type: Tombac, open with 4 holes Material: Brass Size: 14 mm x 11 mm Plating: Rhodium Manufactured in: Austria\" \/>\n<meta property=\"og:url\" content=\"https:\/\/creativityshop.eu\/pl\/product\/4142-s-swarovski-tombac-settings-rhodium-plated-14x11mm\/\" \/>\n<meta property=\"og:site_name\" content=\"CreativityShopEU\" \/>\n<meta property=\"article:modified_time\" content=\"2026-01-27T23:22:00+00:00\" \/>\n<meta property=\"og:image\" content=\"https:\/\/creativityshop.eu\/wp-content\/uploads\/2019\/09\/5414014-swpmaterial-fvpl-420x420.png\" \/>\n\t<meta property=\"og:image:width\" content=\"420\" \/>\n\t<meta property=\"og:image:height\" content=\"420\" \/>\n\t<meta property=\"og:image:type\" content=\"image\/png\" \/>\n<meta name=\"twitter:card\" content=\"summary_large_image\" \/>\n<meta name=\"twitter:label1\" content=\"Cena\" \/>\n\t<meta name=\"twitter:data1\" content=\"&#036;0.83\" \/>\n\t<meta name=\"twitter:label2\" content=\"Dost\u0119pno\u015b\u0107\" \/>\n\t<meta name=\"twitter:data2\" content=\"Brak w magazynie\" \/>\n<script type=\"application\/ld+json\" class=\"yoast-schema-graph\">{\"@context\":\"https:\/\/schema.org\",\"@graph\":[{\"@type\":\"WebPage\",\"@id\":\"https:\/\/creativityshop.eu\/pl\/product\/4142-s-swarovski-tombac-settings-rhodium-plated-14x11mm\/\",\"url\":\"https:\/\/creativityshop.eu\/pl\/product\/4142-s-swarovski-tombac-settings-rhodium-plated-14x11mm\/\",\"name\":\"4142\/S Swarovski Tombac Settings Rhodium Plated 14x11mm - CreativityShopEU\",\"isPartOf\":{\"@id\":\"https:\/\/creativityshop.eu\/pl\/#website\"},\"primaryImageOfPage\":{\"@id\":\"https:\/\/creativityshop.eu\/pl\/product\/4142-s-swarovski-tombac-settings-rhodium-plated-14x11mm\/#primaryimage\"},\"image\":{\"@id\":\"https:\/\/creativityshop.eu\/pl\/product\/4142-s-swarovski-tombac-settings-rhodium-plated-14x11mm\/#primaryimage\"},\"thumbnailUrl\":\"https:\/\/creativityshop.eu\/wp-content\/uploads\/2019\/09\/5414014-swpmaterial-fvpl-420x420.png\",\"datePublished\":\"2019-09-28T13:17:51+00:00\",\"dateModified\":\"2026-01-27T23:22:00+00:00\",\"breadcrumb\":{\"@id\":\"https:\/\/creativityshop.eu\/pl\/product\/4142-s-swarovski-tombac-settings-rhodium-plated-14x11mm\/#breadcrumb\"},\"inLanguage\":\"pl-PL\",\"potentialAction\":[{\"@type\":\"ReadAction\",\"target\":[\"https:\/\/creativityshop.eu\/pl\/product\/4142-s-swarovski-tombac-settings-rhodium-plated-14x11mm\/\"]}]},{\"@type\":\"ImageObject\",\"inLanguage\":\"pl-PL\",\"@id\":\"https:\/\/creativityshop.eu\/pl\/product\/4142-s-swarovski-tombac-settings-rhodium-plated-14x11mm\/#primaryimage\",\"url\":\"https:\/\/creativityshop.eu\/wp-content\/uploads\/2019\/09\/5414014-swpmaterial-fvpl-420x420.png\",\"contentUrl\":\"https:\/\/creativityshop.eu\/wp-content\/uploads\/2019\/09\/5414014-swpmaterial-fvpl-420x420.png\",\"width\":420,\"height\":420},{\"@type\":\"BreadcrumbList\",\"@id\":\"https:\/\/creativityshop.eu\/pl\/product\/4142-s-swarovski-tombac-settings-rhodium-plated-14x11mm\/#breadcrumb\",\"itemListElement\":[{\"@type\":\"ListItem\",\"position\":1,\"name\":\"Home\",\"item\":\"https:\/\/creativityshop.eu\/pl\/\"},{\"@type\":\"ListItem\",\"position\":2,\"name\":\"Shop\",\"item\":\"https:\/\/creativityshop.eu\/shop\/\"},{\"@type\":\"ListItem\",\"position\":3,\"name\":\"4142\/S Swarovski Tombac Settings Rhodium Plated 14x11mm\"}]},{\"@type\":\"WebSite\",\"@id\":\"https:\/\/creativityshop.eu\/pl\/#website\",\"url\":\"https:\/\/creativityshop.eu\/pl\/\",\"name\":\"CreativityShopEU\",\"description\":\"Embroidery and jewelry components\",\"publisher\":{\"@id\":\"https:\/\/creativityshop.eu\/pl\/#organization\"},\"potentialAction\":[{\"@type\":\"SearchAction\",\"target\":{\"@type\":\"EntryPoint\",\"urlTemplate\":\"https:\/\/creativityshop.eu\/pl\/?s={search_term_string}\"},\"query-input\":{\"@type\":\"PropertyValueSpecification\",\"valueRequired\":true,\"valueName\":\"search_term_string\"}}],\"inLanguage\":\"pl-PL\"},{\"@type\":\"Organization\",\"@id\":\"https:\/\/creativityshop.eu\/pl\/#organization\",\"name\":\"Creativity Shop OU\",\"url\":\"https:\/\/creativityshop.eu\/pl\/\",\"logo\":{\"@type\":\"ImageObject\",\"inLanguage\":\"pl-PL\",\"@id\":\"https:\/\/creativityshop.eu\/pl\/#\/schema\/logo\/image\/\",\"url\":\"https:\/\/creativityshop.eu\/wp-content\/uploads\/2018\/11\/creativity_shop_logosite2.png\",\"contentUrl\":\"https:\/\/creativityshop.eu\/wp-content\/uploads\/2018\/11\/creativity_shop_logosite2.png\",\"width\":2871,\"height\":1100,\"caption\":\"Creativity Shop OU\"},\"image\":{\"@id\":\"https:\/\/creativityshop.eu\/pl\/#\/schema\/logo\/image\/\"}}]}<\/script>\n<meta property=\"product:price:amount\" content=\"0.83\" \/>\n<meta property=\"product:price:currency\" content=\"USD\" \/>\n<meta property=\"og:availability\" content=\"out of stock\" \/>\n<meta property=\"product:availability\" content=\"out of stock\" \/>\n<meta property=\"product:retailer_item_id\" content=\"5414010\" \/>\n<meta property=\"product:condition\" content=\"new\" \/>\n<!-- \/ Yoast SEO Premium plugin. -->","yoast_head_json":{"title":"4142\/S Swarovski Tombac Settings Rhodium Plated 14x11mm - CreativityShopEU","robots":{"index":"noindex","follow":"follow"},"og_locale":"pl_PL","og_type":"article","og_title":"4142\/S Swarovski Tombac Settings Rhodium Plated 14x11mm","og_description":"4142\/S Swarovski Fancy Stone Setting  Shape: Oval (Baroque mirror) Type: Tombac, open with 4 holes Material: Brass Size: 14 mm x 11 mm Plating: Rhodium Manufactured in: Austria","og_url":"https:\/\/creativityshop.eu\/pl\/product\/4142-s-swarovski-tombac-settings-rhodium-plated-14x11mm\/","og_site_name":"CreativityShopEU","article_modified_time":"2026-01-27T23:22:00+00:00","og_image":[{"width":420,"height":420,"url":"https:\/\/creativityshop.eu\/wp-content\/uploads\/2019\/09\/5414014-swpmaterial-fvpl-420x420.png","type":"image\/png"}],"twitter_card":"summary_large_image","twitter_misc":{"Cena":"&#36;0.83","Dost\u0119pno\u015b\u0107":"Brak w magazynie"},"schema":{"@context":"https:\/\/schema.org","@graph":[{"@type":"WebPage","@id":"https:\/\/creativityshop.eu\/pl\/product\/4142-s-swarovski-tombac-settings-rhodium-plated-14x11mm\/","url":"https:\/\/creativityshop.eu\/pl\/product\/4142-s-swarovski-tombac-settings-rhodium-plated-14x11mm\/","name":"4142\/S Swarovski Tombac Settings Rhodium Plated 14x11mm - CreativityShopEU","isPartOf":{"@id":"https:\/\/creativityshop.eu\/pl\/#website"},"primaryImageOfPage":{"@id":"https:\/\/creativityshop.eu\/pl\/product\/4142-s-swarovski-tombac-settings-rhodium-plated-14x11mm\/#primaryimage"},"image":{"@id":"https:\/\/creativityshop.eu\/pl\/product\/4142-s-swarovski-tombac-settings-rhodium-plated-14x11mm\/#primaryimage"},"thumbnailUrl":"https:\/\/creativityshop.eu\/wp-content\/uploads\/2019\/09\/5414014-swpmaterial-fvpl-420x420.png","datePublished":"2019-09-28T13:17:51+00:00","dateModified":"2026-01-27T23:22:00+00:00","breadcrumb":{"@id":"https:\/\/creativityshop.eu\/pl\/product\/4142-s-swarovski-tombac-settings-rhodium-plated-14x11mm\/#breadcrumb"},"inLanguage":"pl-PL","potentialAction":[{"@type":"ReadAction","target":["https:\/\/creativityshop.eu\/pl\/product\/4142-s-swarovski-tombac-settings-rhodium-plated-14x11mm\/"]}]},{"@type":"ImageObject","inLanguage":"pl-PL","@id":"https:\/\/creativityshop.eu\/pl\/product\/4142-s-swarovski-tombac-settings-rhodium-plated-14x11mm\/#primaryimage","url":"https:\/\/creativityshop.eu\/wp-content\/uploads\/2019\/09\/5414014-swpmaterial-fvpl-420x420.png","contentUrl":"https:\/\/creativityshop.eu\/wp-content\/uploads\/2019\/09\/5414014-swpmaterial-fvpl-420x420.png","width":420,"height":420},{"@type":"BreadcrumbList","@id":"https:\/\/creativityshop.eu\/pl\/product\/4142-s-swarovski-tombac-settings-rhodium-plated-14x11mm\/#breadcrumb","itemListElement":[{"@type":"ListItem","position":1,"name":"Home","item":"https:\/\/creativityshop.eu\/pl\/"},{"@type":"ListItem","position":2,"name":"Shop","item":"https:\/\/creativityshop.eu\/shop\/"},{"@type":"ListItem","position":3,"name":"4142\/S Swarovski Tombac Settings Rhodium Plated 14x11mm"}]},{"@type":"WebSite","@id":"https:\/\/creativityshop.eu\/pl\/#website","url":"https:\/\/creativityshop.eu\/pl\/","name":"CreativityShopEU","description":"Embroidery and jewelry components","publisher":{"@id":"https:\/\/creativityshop.eu\/pl\/#organization"},"potentialAction":[{"@type":"SearchAction","target":{"@type":"EntryPoint","urlTemplate":"https:\/\/creativityshop.eu\/pl\/?s={search_term_string}"},"query-input":{"@type":"PropertyValueSpecification","valueRequired":true,"valueName":"search_term_string"}}],"inLanguage":"pl-PL"},{"@type":"Organization","@id":"https:\/\/creativityshop.eu\/pl\/#organization","name":"Creativity Shop OU","url":"https:\/\/creativityshop.eu\/pl\/","logo":{"@type":"ImageObject","inLanguage":"pl-PL","@id":"https:\/\/creativityshop.eu\/pl\/#\/schema\/logo\/image\/","url":"https:\/\/creativityshop.eu\/wp-content\/uploads\/2018\/11\/creativity_shop_logosite2.png","contentUrl":"https:\/\/creativityshop.eu\/wp-content\/uploads\/2018\/11\/creativity_shop_logosite2.png","width":2871,"height":1100,"caption":"Creativity Shop OU"},"image":{"@id":"https:\/\/creativityshop.eu\/pl\/#\/schema\/logo\/image\/"}}]},"product_price_amount":"0.83","product_price_currency":"USD","og_availability":"out of stock","product_availability":"out of stock","product_retailer_item_id":"5414010","product_condition":"new"},"_links":{"self":[{"href":"https:\/\/creativityshop.eu\/pl\/wp-json\/wp\/v2\/product\/11068","targetHints":{"allow":["GET"]}}],"collection":[{"href":"https:\/\/creativityshop.eu\/pl\/wp-json\/wp\/v2\/product"}],"about":[{"href":"https:\/\/creativityshop.eu\/pl\/wp-json\/wp\/v2\/types\/product"}],"wp:featuredmedia":[{"embeddable":true,"href":"https:\/\/creativityshop.eu\/pl\/wp-json\/wp\/v2\/media\/11073"}],"wp:attachment":[{"href":"https:\/\/creativityshop.eu\/pl\/wp-json\/wp\/v2\/media?parent=11068"}],"wp:term":[{"taxonomy":"product_brand","embeddable":true,"href":"https:\/\/creativityshop.eu\/pl\/wp-json\/wp\/v2\/product_brand?post=11068"},{"taxonomy":"product_cat","embeddable":true,"href":"https:\/\/creativityshop.eu\/pl\/wp-json\/wp\/v2\/product_cat?post=11068"},{"taxonomy":"product_tag","embeddable":true,"href":"https:\/\/creativityshop.eu\/pl\/wp-json\/wp\/v2\/product_tag?post=11068"}],"curies":[{"name":"wp","href":"https:\/\/api.w.org\/{rel}","templated":true}]}}